{"id":48,"date":"2018-06-21T07:55:56","date_gmt":"2018-06-21T10:55:56","guid":{"rendered":"http:\/\/uenf.br\/posgraduacao\/engenharia-exploracao-de-petroleo\/?page_id=48"},"modified":"2026-02-06T10:24:12","modified_gmt":"2026-02-06T13:24:12","slug":"calendario-da-pos-graduacao","status":"publish","type":"page","link":"https:\/\/uenf.br\/posgraduacao\/engenharia-exploracao-de-petroleo\/agenda\/calendario-da-pos-graduacao\/","title":{"rendered":"Calend\u00e1rio da P\u00f3s-Gradua\u00e7\u00e3o"},"content":{"rendered":"<p>O calend\u00e1rio Acad\u00eamico da P\u00f3s Gradua\u00e7\u00e3o traz informa\u00e7\u00f5es fundamentais para a agenda anual do aluno, tais como: total de dias letivos, in\u00edcio e t\u00e9rmino dos semestres, feriados previstos, prazos para matr\u00edculas, inclus\u00e3o e exclus\u00e3o de disciplinas, trancamentos e outros compromissos importantes de docentes e discentes ao longo do ano.<\/p>\n<p>Fique atento e clique no\u00a0 link abaixo para n\u00e3o perder nenhum prazo!<\/p>\n<p><a href=\"http:\/\/uenf.br\/posgraduacao\/engenharia-exploracao-de-petroleo\/wp-content\/uploads\/sites\/15\/2026\/02\/CalendarioAcademico2026PROPPG.pdf\">Calend\u00e1rio Acad\u00eamico 2026<\/a><\/p>\n","protected":false},"excerpt":{"rendered":"<p>O calend\u00e1rio Acad\u00eamico da P\u00f3s Gradua\u00e7\u00e3o traz informa\u00e7\u00f5es fundamentais para a agenda anual do aluno, tais como: total de dias&#8230;<\/p>\n","protected":false},"author":35,"featured_media":0,"parent":1641,"menu_order":1,"comment_status":"closed","ping_status":"closed","template":"","meta":{"footnotes":""},"class_list":["post-48","page","type-page","status-publish","hentry"],"_links":{"self":[{"href":"https:\/\/uenf.br\/posgraduacao\/engenharia-exploracao-de-petroleo\/wp-json\/wp\/v2\/pages\/48","targetHints":{"allow":["GET"]}}],"collection":[{"href":"https:\/\/uenf.br\/posgraduacao\/engenharia-exploracao-de-petroleo\/wp-json\/wp\/v2\/pages"}],"about":[{"href":"https:\/\/uenf.br\/posgraduacao\/engenharia-exploracao-de-petroleo\/wp-json\/wp\/v2\/types\/page"}],"author":[{"embeddable":true,"href":"https:\/\/uenf.br\/posgraduacao\/engenharia-exploracao-de-petroleo\/wp-json\/wp\/v2\/users\/35"}],"replies":[{"embeddable":true,"href":"https:\/\/uenf.br\/posgraduacao\/engenharia-exploracao-de-petroleo\/wp-json\/wp\/v2\/comments?post=48"}],"version-history":[{"count":0,"href":"https:\/\/uenf.br\/posgraduacao\/engenharia-exploracao-de-petroleo\/wp-json\/wp\/v2\/pages\/48\/revisions"}],"up":[{"embeddable":true,"href":"https:\/\/uenf.br\/posgraduacao\/engenharia-exploracao-de-petroleo\/wp-json\/wp\/v2\/pages\/1641"}],"wp:attachment":[{"href":"https:\/\/uenf.br\/posgraduacao\/engenharia-exploracao-de-petroleo\/wp-json\/wp\/v2\/media?parent=48"}],"curies":[{"name":"wp","href":"https:\/\/api.w.org\/{rel}","templated":true}]}}