{"id":90,"date":"2018-06-21T08:13:52","date_gmt":"2018-06-21T11:13:52","guid":{"rendered":"http:\/\/uenf.br\/posgraduacao\/engenharia-exploracao-de-petroleo\/?page_id=90"},"modified":"2024-09-09T12:08:51","modified_gmt":"2024-09-09T15:08:51","slug":"sites-interessantes","status":"publish","type":"page","link":"https:\/\/uenf.br\/posgraduacao\/engenharia-exploracao-de-petroleo\/sites-interessantes\/","title":{"rendered":"Sites Interessantes"},"content":{"rendered":"<ol>\n<li style=\"list-style-type: none\">\n<ul>\n<li>\n<h2 class=\"western\"><span style=\"font-family: Arial, sans-serif\"><span style=\"font-size: small\">Biblioteca Nacional<\/span><\/span><\/h2>\n<\/li>\n<\/ul>\n<\/li>\n<\/ol>\n<p class=\"western\"><span style=\"font-family: Arial, sans-serif\"><span style=\"font-size: small\">(<\/span><\/span><strong><span style=\"font-family: Arial, sans-serif\"><span style=\"font-size: small\">OBS<\/span><\/span><\/strong><span style=\"font-family: Arial, sans-serif\"><span style=\"font-size: small\">: Os discentes ap\u00f3s entrega dos exemplares de tese, devem acessar o site da Biblioteca Nacional para obter informa\u00e7\u00f5es sobre o Registro da Tese\/Disserta\u00e7\u00e3o produzida no Programa)<\/span><\/span><\/p>\n<p class=\"western\"><span style=\"color: #000080\"><span lang=\"zxx\"><u><a class=\"western\" href=\"http:\/\/www.bn.br\/portal\/?nu_pagina=28\" target=\"_blank\" rel=\"noopener\"><span style=\"font-family: Arial, sans-serif\"><span style=\"font-size: small\">Biblioteca Nacional<\/span><\/span><\/a><\/u><\/span><\/span><\/p>\n<ol>\n<li style=\"list-style-type: none\">\n<ul>\n<li>\n<h2 class=\"western\"><a name=\"tituloPrincipal69\"><\/a><span style=\"font-family: Arial, sans-serif\"><span style=\"font-size: small\">Pesquisa Bibliogr\u00e1fica<\/span><\/span><\/h2>\n<\/li>\n<\/ul>\n<\/li>\n<\/ol>\n<p class=\"western\"><span style=\"color: #000080\"><span lang=\"zxx\"><u><a class=\"western\" href=\"http:\/\/www.sciencedirect.com\/\"><span style=\"font-family: Arial, sans-serif\"><span style=\"font-size: small\">Science Direct<\/span><\/span><\/a><\/u><\/span><\/span><\/p>\n<div id=\"Se\u00e7\u00e3o52\" dir=\"ltr\">\n<p class=\"western\"><a name=\"materiaPrincipal70\"><\/a><span style=\"color: #000080\"><span lang=\"zxx\"><u><a class=\"western\" href=\"http:\/\/www.scirus.com\/srsapp\/\"><span style=\"font-family: Arial, sans-serif\"><span style=\"font-size: small\">Scirus for scientific information only<\/span><\/span><\/a><\/u><\/span><\/span><\/p>\n<p class=\"western\"><span style=\"color: #000080\"><span lang=\"zxx\"><u><a class=\"western\" href=\"http:\/\/www.ncbi.nlm.nih.gov\/entrez\/query.fcgi\"><span style=\"font-family: Arial, sans-serif\"><span style=\"font-size: small\">NCBI Pubmed<\/span><\/span><\/a><\/u><\/span><\/span><\/p>\n<p class=\"western\"><span style=\"color: #000080\"><span lang=\"zxx\"><u><a class=\"western\" href=\"http:\/\/portal02.isiknowledge.com\/portal.cgi\/portal.cgi?Init=Yes&amp;SID=Z4HA6FnHdDJb1PG8K1k\"><span style=\"font-family: Arial, sans-serif\"><span style=\"font-size: small\">ISI WEB for knowledge<\/span><\/span><\/a><\/u><\/span><\/span><\/p>\n<p class=\"western\"><span style=\"color: #000080\"><span lang=\"zxx\"><u><a class=\"western\" href=\"http:\/\/www.blackwell-synergy.com\/servlet\/useragent?func=showSearch&amp;type=external&amp;cookieSet=1\"><span style=\"font-family: Arial, sans-serif\"><span style=\"font-size: small\">Blackwell Synergy<\/span><\/span><\/a><\/u><\/span><\/span><\/p>\n<p class=\"western\"><span style=\"color: #000080\"><span lang=\"zxx\"><u><a class=\"western\" href=\"http:\/\/scholar.google.com\/advanced_scholar_search\"><span style=\"font-family: Arial, sans-serif\"><span style=\"font-size: small\">Google Scholar<\/span><\/span><\/a><\/u><\/span><\/span><\/p>\n<p class=\"western\"><span style=\"color: #000080\"><span lang=\"zxx\"><u><a class=\"western\" href=\"http:\/\/www.scielo.br\/\"><span style=\"font-family: Arial, sans-serif\"><span style=\"font-size: small\">Scielo Brasil<\/span><\/span><\/a><\/u><\/span><\/span><\/p>\n<ol>\n<li style=\"list-style-type: none\">\n<ul>\n<li>\n<h2 class=\"western\"><a name=\"tituloPrincipal71\"><\/a><span style=\"font-family: Arial, sans-serif\"><span style=\"font-size: small\">Organiza\u00e7\u00f5es e Institutos de Pesquisa<\/span><\/span><\/h2>\n<\/li>\n<\/ul>\n<\/li>\n<\/ol>\n<p class=\"western\"><span style=\"color: #000080\"><span lang=\"zxx\"><u><a class=\"western\" href=\"http:\/\/www.ipgri.cgiar.org\/\"><span style=\"font-family: Arial, sans-serif\"><span style=\"font-size: small\">IPGRI<\/span><\/span><\/a><\/u><\/span><\/span><\/p>\n<\/div>\n<p class=\"western\"><a name=\"materiaPrincipal72\"><\/a><span style=\"color: #000080\"><span lang=\"zxx\"><u><a class=\"western\" href=\"http:\/\/www.cgiar.org\/\"><span style=\"font-family: Arial, sans-serif\"><span style=\"font-size: small\">CGIAR<\/span><\/span><\/a><\/u><\/span><\/span><\/p>\n<p class=\"western\"><span style=\"color: #000080\"><span lang=\"zxx\"><u><a class=\"western\" href=\"http:\/\/www.cnpq.br\/\"><span style=\"font-family: Arial, sans-serif\"><span style=\"font-size: small\">CNPq<\/span><\/span><\/a><\/u><\/span><\/span><\/p>\n<p class=\"western\"><span style=\"color: #000080\"><span lang=\"zxx\"><u><a class=\"western\" href=\"http:\/\/www.faperj.rj.gov.br\/\"><span style=\"font-family: Arial, sans-serif\"><span style=\"font-size: small\">FAPERJ<\/span><\/span><\/a><\/u><\/span><\/span><\/p>\n<p>&nbsp;<\/p>\n<ol>\n<li style=\"list-style-type: none\">\n<ul>\n<li>\n<h2 class=\"western\"><a name=\"tituloPrincipal74\"><\/a><span style=\"font-family: Arial, sans-serif\"><span style=\"font-size: small\">Periodicos Capes<\/span><\/span><\/h2>\n<\/li>\n<\/ul>\n<\/li>\n<\/ol>\n<p class=\"western\"><span style=\"font-family: Arial, sans-serif\"><span style=\"font-size: small\">Visitem o Portal Brasileiro de acesso as mais importantes revistas cient\u00edficas do mundo, garantido pela CAPES.<\/span><\/span><\/p>\n<p class=\"western\"><span style=\"color: #000080\"><span lang=\"zxx\"><u><a class=\"western\" href=\"http:\/\/www.periodicos.capes.gov.br\/\"><span style=\"font-family: Arial, sans-serif\"><span style=\"font-size: small\">Peri\u00f3dicos CAPES<\/span><\/span><\/a><\/u><\/span><\/span><\/p>\n<p class=\"western\">\n","protected":false},"excerpt":{"rendered":"<p>Biblioteca Nacional (OBS: Os discentes ap\u00f3s entrega dos exemplares de tese, devem acessar o site da Biblioteca Nacional para obter&#8230;<\/p>\n","protected":false},"author":35,"featured_media":0,"parent":0,"menu_order":17,"comment_status":"closed","ping_status":"closed","template":"","meta":{"footnotes":""},"class_list":["post-90","page","type-page","status-publish","hentry"],"_links":{"self":[{"href":"https:\/\/uenf.br\/posgraduacao\/engenharia-exploracao-de-petroleo\/wp-json\/wp\/v2\/pages\/90","targetHints":{"allow":["GET"]}}],"collection":[{"href":"https:\/\/uenf.br\/posgraduacao\/engenharia-exploracao-de-petroleo\/wp-json\/wp\/v2\/pages"}],"about":[{"href":"https:\/\/uenf.br\/posgraduacao\/engenharia-exploracao-de-petroleo\/wp-json\/wp\/v2\/types\/page"}],"author":[{"embeddable":true,"href":"https:\/\/uenf.br\/posgraduacao\/engenharia-exploracao-de-petroleo\/wp-json\/wp\/v2\/users\/35"}],"replies":[{"embeddable":true,"href":"https:\/\/uenf.br\/posgraduacao\/engenharia-exploracao-de-petroleo\/wp-json\/wp\/v2\/comments?post=90"}],"version-history":[{"count":0,"href":"https:\/\/uenf.br\/posgraduacao\/engenharia-exploracao-de-petroleo\/wp-json\/wp\/v2\/pages\/90\/revisions"}],"wp:attachment":[{"href":"https:\/\/uenf.br\/posgraduacao\/engenharia-exploracao-de-petroleo\/wp-json\/wp\/v2\/media?parent=90"}],"curies":[{"name":"wp","href":"https:\/\/api.w.org\/{rel}","templated":true}]}}