{"id":107,"date":"2017-08-29T20:05:29","date_gmt":"2017-08-29T23:05:29","guid":{"rendered":"http:\/\/uenf.br\/posgraduacao\/matematica\/?page_id=107"},"modified":"2018-03-09T07:59:18","modified_gmt":"2018-03-09T10:59:18","slug":"sobre-as-dissertacoes","status":"publish","type":"page","link":"https:\/\/uenf.br\/posgraduacao\/matematica\/dissertacoes\/sobre-as-dissertacoes\/","title":{"rendered":"Arquivos e links necess\u00e1rios para a Disserta\u00e7\u00e3o"},"content":{"rendered":"<p>Para o modelo de disserta\u00e7\u00e3o de Mestrado em LaTeX optamos pela clase abntex2.cls. No sistema Windows utilizamos o compilador\u00a0<a href=\"https:\/\/miktex.org\/\" target=\"_blank\" rel=\"noopener\">MiKTeX <\/a>, que fornece as ferramentas necess\u00e1rias para gerar documentos utilizando a linguagem TeX\/LaTeX, o ambiente <a href=\"http:\/\/www.texstudio.org\/\" target=\"_blank\" rel=\"noopener\">Texstudio<\/a> para a cria\u00e7\u00e3o de documentos em LaTeX e o <a href=\"http:\/\/www.jabref.org\/\" target=\"_blank\" rel=\"noopener\">JabRef<\/a> para gerenciar as refer\u00eancias Bibliogr\u00e1ficas.<\/p>\n<p>&nbsp;<\/p>\n<h4>Arquivos para Downloads<\/h4>\n<p><a href=\"https:\/\/uenf.br\/posgraduacao\/matematica\/wp-content\/uploads\/sites\/14\/2017\/09\/Aluno-Dissertacao.zip\">Modelo de Dissertacao<\/a><\/p>\n<p><a href=\"https:\/\/uenf.br\/posgraduacao\/matematica\/wp-content\/uploads\/sites\/14\/2017\/09\/Aluno-Apresentacao.zip\">Modelo de Apresentacao<\/a><\/p>\n<p>&nbsp;<\/p>\n<h4>Outros arquivos<\/h4>\n<p>A\u00a0<a href=\"https:\/\/uenf.br\/posgraduacao\/matematica\/wp-content\/uploads\/sites\/14\/2017\/09\/abntex2.pdf\" target=\"_blank\" rel=\"noopener\">classe abntex2<\/a>, Lauro C\u00e9sar Araujo &amp; Equipe abnTeX2<\/p>\n<p><a href=\"https:\/\/uenf.br\/posgraduacao\/matematica\/wp-content\/uploads\/sites\/14\/2017\/09\/abntexJabref.pdf\" target=\"_blank\" rel=\"noopener\">Refer\u00eancia Bibliogr\u00e1ficas com abntex e Jabref<\/a><\/p>\n<p><a href=\"https:\/\/uenf.br\/posgraduacao\/matematica\/wp-content\/uploads\/sites\/14\/2017\/09\/Quadros-Tabelas-Figuras.pdf\" target=\"_blank\" rel=\"noopener\">Quadros, Tabelas e Figuras<\/a>, Luciel Henrique de Oliveira<\/p>\n<p><a href=\"https:\/\/uenf.br\/posgraduacao\/matematica\/wp-content\/uploads\/sites\/14\/2017\/09\/Memoir.pdf\" target=\"_blank\" rel=\"noopener\">The Memoir Class<\/a>, Peter Wilson. Atualizada por Lars Madsen<\/p>\n<p><a href=\"https:\/\/uenf.br\/posgraduacao\/matematica\/wp-content\/uploads\/sites\/14\/2017\/09\/MemoirChapStyles.pdf\" target=\"_blank\" rel=\"noopener\">Various chapter styles for the memoir class<\/a>, Lars Madsen<\/p>\n<p>&nbsp;<\/p>\n","protected":false},"excerpt":{"rendered":"<p>Para o modelo de disserta\u00e7\u00e3o de Mestrado em LaTeX optamos pela clase abntex2.cls. No sistema Windows utilizamos o compilador\u00a0MiKTeX ,&#8230;<\/p>\n","protected":false},"author":30,"featured_media":0,"parent":25,"menu_order":0,"comment_status":"closed","ping_status":"closed","template":"","meta":{"footnotes":""},"class_list":["post-107","page","type-page","status-publish","hentry"],"_links":{"self":[{"href":"https:\/\/uenf.br\/posgraduacao\/matematica\/wp-json\/wp\/v2\/pages\/107","targetHints":{"allow":["GET"]}}],"collection":[{"href":"https:\/\/uenf.br\/posgraduacao\/matematica\/wp-json\/wp\/v2\/pages"}],"about":[{"href":"https:\/\/uenf.br\/posgraduacao\/matematica\/wp-json\/wp\/v2\/types\/page"}],"author":[{"embeddable":true,"href":"https:\/\/uenf.br\/posgraduacao\/matematica\/wp-json\/wp\/v2\/users\/30"}],"replies":[{"embeddable":true,"href":"https:\/\/uenf.br\/posgraduacao\/matematica\/wp-json\/wp\/v2\/comments?post=107"}],"version-history":[{"count":0,"href":"https:\/\/uenf.br\/posgraduacao\/matematica\/wp-json\/wp\/v2\/pages\/107\/revisions"}],"up":[{"embeddable":true,"href":"https:\/\/uenf.br\/posgraduacao\/matematica\/wp-json\/wp\/v2\/pages\/25"}],"wp:attachment":[{"href":"https:\/\/uenf.br\/posgraduacao\/matematica\/wp-json\/wp\/v2\/media?parent=107"}],"curies":[{"name":"wp","href":"https:\/\/api.w.org\/{rel}","templated":true}]}}