{"id":132,"date":"2017-08-30T09:30:07","date_gmt":"2017-08-30T12:30:07","guid":{"rendered":"http:\/\/uenf.br\/posgraduacao\/matematica\/?page_id=132"},"modified":"2017-09-04T19:03:57","modified_gmt":"2017-09-04T22:03:57","slug":"dissertacoes-defendidas-em-2016","status":"publish","type":"page","link":"https:\/\/uenf.br\/posgraduacao\/matematica\/dissertacoes\/dissertacoes-defendidas-em-2016\/","title":{"rendered":"Disserta\u00e7\u00f5es defendidas em 2016"},"content":{"rendered":"<p>&nbsp;<\/p>\n<form>\n<fieldset>\n<legend><a href=\"https:\/\/uenf.br\/posgraduacao\/matematica\/wp-content\/uploads\/sites\/14\/2017\/09\/25112016Gilberto-Jardim-Coelho.pdf\" target=\"_blank\" rel=\"noopener\">INEQUA\u00c7\u00c3O POLINOMIAL: UM M\u00c9TODO ALTERNATIVO DE RESOLU\u00c7\u00c3O<\/a><\/legend>\n<p style=\"text-align: left\"><strong>Autor: GILBERTO JARDIM COELHO<\/strong><br \/>\n<strong>Orientador:<\/strong> Prof. Nelson Machado Barbosa<br \/>\n<strong>Data da Defesa:<\/strong>\u00a025\/11\/2016<br \/>\n<strong>Situa\u00e7\u00e3o:<\/strong> Conclu\u00edda<\/p>\n<\/fieldset>\n<p>&nbsp;<\/p>\n<p>&nbsp;<\/p>\n<\/form>\n<form>\n<fieldset>\n<legend><a href=\"https:\/\/uenf.br\/posgraduacao\/matematica\/wp-content\/uploads\/sites\/14\/2017\/09\/24112016Isabela-Ramos-da-Silva-de-Sousa.pdf\" target=\"_blank\" rel=\"noopener\">RELA\u00c7\u00c3O ENTRE FUN\u00c7\u00c3O EXPONENCIAL E PROGRESS\u00c3O GEOM\u00c9TRICA<\/a><\/legend>\n<p style=\"text-align: left\"><strong>Autor: ISABELA RAMOS DA SILVA DE SOUSA<\/strong><br \/>\n<strong>Orientador:<\/strong> Prof. Rigoberto Gregorio Sanabria Castro<br \/>\n<strong>Data da Defesa:<\/strong>\u00a024\/11\/2016<br \/>\n<strong>Situa\u00e7\u00e3o:<\/strong> Conclu\u00edda<\/p>\n<\/fieldset>\n<p>&nbsp;<\/p>\n<p>&nbsp;<\/p>\n<\/form>\n<form>\n<fieldset>\n<legend><a href=\"https:\/\/uenf.br\/posgraduacao\/matematica\/wp-content\/uploads\/sites\/14\/2017\/09\/23112016Rebeca-Pereira-de-Souza.pdf\" target=\"_blank\" rel=\"noopener\">A CONSTRU\u00c7\u00c3O DO CONCEITO DE FUN\u00c7\u00c3O ATRAV\u00c9S DE ATIVIDADES BASEADAS EM SITUA\u00c7\u00d5ES DO DIA A DIA<\/a><\/legend>\n<p style=\"text-align: left\"><strong>Autor: REBECA PEREIRA DE SOUZA<\/strong><br \/>\n<strong>Orientador:<\/strong> Prof. Liliana Angelina Le\u00f3n Mescua<br \/>\n<strong>Data da Defesa:<\/strong>\u00a023\/11\/2016<br \/>\n<strong>Situa\u00e7\u00e3o:<\/strong> Conclu\u00edda<\/p>\n<\/fieldset>\n<p>&nbsp;<\/p>\n<p>&nbsp;<\/p>\n<\/form>\n<form>\n<fieldset>\n<legend><a href=\"https:\/\/uenf.br\/posgraduacao\/matematica\/wp-content\/uploads\/sites\/14\/2017\/09\/23112016Guilherme-Coelho-Machado.pdf\" target=\"_blank\" rel=\"noopener\">O ESTUDO DOS TRI\u00c2NGULOS ATRAV\u00c9S DA OBSERVA\u00c7\u00c3O DE ESTRUTURAS TRELI\u00c7ADAS E SUA APLICA\u00c7\u00c3O EM COMPETI\u00c7\u00c3O DE CONSTRU\u00c7\u00c3O DE PONTES DE ESPAGUETE<\/a><\/legend>\n<p style=\"text-align: left\"><strong>Autor: GUILHERME COELHO MACHADO<\/strong><br \/>\n<strong>Orientador:<\/strong> Prof. Geraldo de Oliveira Filho<br \/>\n<strong>Data da Defesa:<\/strong>\u00a023\/11\/2016<br \/>\n<strong>Situa\u00e7\u00e3o:<\/strong> Conclu\u00edda<\/p>\n<\/fieldset>\n<p>&nbsp;<\/p>\n<p>&nbsp;<\/p>\n<\/form>\n<form>\n<fieldset>\n<legend><a href=\"https:\/\/uenf.br\/posgraduacao\/matematica\/wp-content\/uploads\/sites\/14\/2017\/09\/26102016Humberto-Silveira-Gon\u00e7alves-Filho.pdf\" target=\"_blank\" rel=\"noopener\">O JOGO SENHA COMO RECURSO DID\u00c1TICO PARA O ENSINO DOS M\u00c9TODOS DE CONTAGEM<\/a><\/legend>\n<p style=\"text-align: left\"><strong>Autor: HUMBERTO SILVEIRA GON\u00c7ALVES FILHO<\/strong><br \/>\n<strong>Orientador:<\/strong> Prof. Liliana Angelina Le\u00f3n Mescua<br \/>\n<strong>Data da Defesa:<\/strong>\u00a026\/10\/2016<br \/>\n<strong>Situa\u00e7\u00e3o:<\/strong> Conclu\u00edda<\/p>\n<\/fieldset>\n<p>&nbsp;<\/p>\n<p>&nbsp;<\/p>\n<\/form>\n<form>\n<fieldset>\n<legend><a href=\"https:\/\/uenf.br\/posgraduacao\/matematica\/wp-content\/uploads\/sites\/14\/2017\/09\/25102016Ana-Paula-Ferreira-dos-Santos.pdf\" target=\"_blank\" rel=\"noopener\">A CRIPTOGRAFIA NO ENSINO FUNDAMENTAL II: CONTEXTO HIST\u00d3RICO, CIFRAS SIM\u00c9TRICAS, APLICA\u00c7\u00d5ES DE CONTE\u00daDOS MATEM\u00c1TICOS E MUITAS OUTRAS CURIOSIDADES<\/a><\/legend>\n<p style=\"text-align: left\"><strong>Autor: ANA PAULA FERREIRA DOS SANTOS<\/strong><br \/>\n<strong>Orientador:<\/strong> Prof.\u00a0Mikhail Petrovich Vishnevski<br \/>\n<strong>Data da Defesa:<\/strong>\u00a025\/10\/2016<br \/>\n<strong>Situa\u00e7\u00e3o:<\/strong> Conclu\u00edda<\/p>\n<\/fieldset>\n<p>&nbsp;<\/p>\n<p>&nbsp;<\/p>\n<\/form>\n<form>\n<fieldset>\n<legend><a href=\"https:\/\/uenf.br\/posgraduacao\/matematica\/wp-content\/uploads\/sites\/14\/2017\/09\/20102016Fernanda-de-Araujo-Monteiro.pdf\" target=\"_blank\" rel=\"noopener\">A APRENDIZAGEM ALG\u00c9BRICA NO ENSINO FUNDAMENTAL: UMA ABORDAGEM A PARTIR DOS RECURSOS L\u00daDICOS E DIGITAIS<\/a><\/legend>\n<p style=\"text-align: left\"><strong>Autor: FERNANDA DE ARAUJO MONTEIRO<\/strong><br \/>\n<strong>Orientador:<\/strong> Prof. Rigoberto Gregorio Sanabria Castro<br \/>\n<strong>Data da Defesa:<\/strong>\u00a020\/10\/2016<br \/>\n<strong>Situa\u00e7\u00e3o:<\/strong> Conclu\u00edda<\/p>\n<\/fieldset>\n<p>&nbsp;<\/p>\n<p>&nbsp;<\/p>\n<\/form>\n<form>\n<fieldset>\n<legend><a href=\"https:\/\/uenf.br\/posgraduacao\/matematica\/wp-content\/uploads\/sites\/14\/2017\/09\/30092016Margareth-Brandao-Mendes-Silva.pdf\" target=\"_blank\" rel=\"noopener\">ABORDAGEM DA MATEM\u00c1TICA FINANCEIRA NO ENSINO M\u00c9DIO SOB A PERSPECTIVA DA EDUCA\u00c7\u00c3O FINANCEIRA<\/a><\/legend>\n<p style=\"text-align: left\"><strong>Autor: MARGARETH BRAND\u00c3O MENDES SILVA<\/strong><br \/>\n<strong>Orientador:<\/strong> Prof.\u00a0Mikhail Petrovich Vishnevski<br \/>\n<strong>Data da Defesa:<\/strong>\u00a030\/09\/2016<br \/>\n<strong>Situa\u00e7\u00e3o:<\/strong> Conclu\u00edda<\/p>\n<\/fieldset>\n<p>&nbsp;<\/p>\n<p>&nbsp;<\/p>\n<\/form>\n<form>\n<fieldset>\n<legend><a href=\"https:\/\/uenf.br\/posgraduacao\/matematica\/wp-content\/uploads\/sites\/14\/2017\/09\/31052016Carlos-Eduardo-Moraes-Pires-uenf.pdf\" target=\"_blank\" rel=\"noopener\">O ENSINO DA TRIGONOMETRIA POR MEIO DE AULAS PR\u00c1TICAS<\/a><\/legend>\n<p style=\"text-align: left\"><strong>Autor: CARLOS EDUARDO MORAES PIRES<\/strong><br \/>\n<strong>Orientador:<\/strong> Prof. Mikhail Petrovich Vishnevski<br \/>\n<strong>Data da Defesa:<\/strong>\u00a031\/05\/2016<br \/>\n<strong>Situa\u00e7\u00e3o:<\/strong> Conclu\u00edda<\/p>\n<\/fieldset>\n<p>&nbsp;<\/p>\n<p>&nbsp;<\/p>\n<\/form>\n<form>\n<fieldset>\n<legend><a href=\"https:\/\/uenf.br\/posgraduacao\/matematica\/wp-content\/uploads\/sites\/14\/2017\/09\/30052016Jos\u00e9-Renato-Paveis-Coelho.pdf\" target=\"_blank\" rel=\"noopener\">O GEOGEBRA NO ENSINO DAS FUN\u00c7\u00d5ES EXPONENCIAIS<\/a><\/legend>\n<p style=\"text-align: left\"><strong>Autor: JOS\u00c9 RENATO PAVEIS COELHO<\/strong><br \/>\n<strong>Orientador:<\/strong> Prof. Oscar Alfredo Paz La Torre<br \/>\n<strong>Data da Defesa:<\/strong>\u00a030\/05\/2016<br \/>\n<strong>Situa\u00e7\u00e3o:<\/strong> Conclu\u00edda<\/p>\n<\/fieldset>\n<p>&nbsp;<\/p>\n<p>&nbsp;<\/p>\n<\/form>\n<form>\n<fieldset>\n<legend><a href=\"https:\/\/uenf.br\/posgraduacao\/matematica\/wp-content\/uploads\/sites\/14\/2017\/09\/25042016Mariana-Costa-Pereira.pdf\" target=\"_blank\" rel=\"noopener\">LOGARITMOS: UMA ABORDAGEM INTERDISCIPLINAR<\/a><\/legend>\n<p style=\"text-align: left\"><strong>Autor: MARIANA COSTA PEREIRA<\/strong><br \/>\n<strong>Orientador:<\/strong> Prof. Rigoberto Gregorio Sanabria Castro<br \/>\n<strong>Data da Defesa:<\/strong>\u00a025\/05\/2016<br \/>\n<strong>Situa\u00e7\u00e3o:<\/strong> Conclu\u00edda<\/p>\n<\/fieldset>\n<p>&nbsp;<\/p>\n<p>&nbsp;<\/p>\n<\/form>\n<form>\n<fieldset>\n<legend><a href=\"https:\/\/uenf.br\/posgraduacao\/matematica\/wp-content\/uploads\/sites\/14\/2017\/09\/28042016Lenilson-Oliveira-da-Silva.pdf\" target=\"_blank\" rel=\"noopener\">ATIVIDADES L\u00daDICAS NO ENSINO DO TEOREMA DE PIT\u00c1GORAS<\/a><\/legend>\n<p style=\"text-align: left\"><strong>Autor: LENILSON OLIVEIRA DA SILVA<\/strong><br \/>\n<strong>Orientador:<\/strong> Prof.\u00a0Liliana Angelina Le\u00f3n Mescua<br \/>\n<strong>Data da Defesa:<\/strong>\u00a028\/04\/2016<br \/>\n<strong>Situa\u00e7\u00e3o:<\/strong> Conclu\u00edda<\/p>\n<\/fieldset>\n<p>&nbsp;<\/p>\n<p>&nbsp;<\/p>\n<\/form>\n<form>\n<fieldset>\n<legend><a href=\"https:\/\/uenf.br\/posgraduacao\/matematica\/wp-content\/uploads\/sites\/14\/2017\/09\/28042016Andreia-Caetano-da-Silva-Curty.pdf\" target=\"_blank\" rel=\"noopener\">N\u00daMEROS RACIONAIS E SUAS DIFERENTES REPRESENTA\u00c7\u00d5ES<\/a><\/legend>\n<p style=\"text-align: left\"><strong>Autor: ANDR\u00c9IA CAETANO DA SILVA CURTY<\/strong><br \/>\n<strong>Orientador:<\/strong> Prof. Liliana Angelina Le\u00f3n Mescua<br \/>\n<strong>Data da Defesa:<\/strong>\u00a028\/04\/2016<br \/>\n<strong>Situa\u00e7\u00e3o:<\/strong> Conclu\u00edda<\/p>\n<\/fieldset>\n<p>&nbsp;<\/p>\n<\/form>\n","protected":false},"excerpt":{"rendered":"<p>&nbsp; INEQUA\u00c7\u00c3O POLINOMIAL: UM M\u00c9TODO ALTERNATIVO DE RESOLU\u00c7\u00c3O Autor: GILBERTO JARDIM COELHO Orientador: Prof. Nelson Machado Barbosa Data da Defesa:\u00a025\/11\/2016&#8230;<\/p>\n","protected":false},"author":30,"featured_media":0,"parent":25,"menu_order":42,"comment_status":"closed","ping_status":"closed","template":"","meta":{"footnotes":""},"class_list":["post-132","page","type-page","status-publish","hentry"],"_links":{"self":[{"href":"https:\/\/uenf.br\/posgraduacao\/matematica\/wp-json\/wp\/v2\/pages\/132","targetHints":{"allow":["GET"]}}],"collection":[{"href":"https:\/\/uenf.br\/posgraduacao\/matematica\/wp-json\/wp\/v2\/pages"}],"about":[{"href":"https:\/\/uenf.br\/posgraduacao\/matematica\/wp-json\/wp\/v2\/types\/page"}],"author":[{"embeddable":true,"href":"https:\/\/uenf.br\/posgraduacao\/matematica\/wp-json\/wp\/v2\/users\/30"}],"replies":[{"embeddable":true,"href":"https:\/\/uenf.br\/posgraduacao\/matematica\/wp-json\/wp\/v2\/comments?post=132"}],"version-history":[{"count":0,"href":"https:\/\/uenf.br\/posgraduacao\/matematica\/wp-json\/wp\/v2\/pages\/132\/revisions"}],"up":[{"embeddable":true,"href":"https:\/\/uenf.br\/posgraduacao\/matematica\/wp-json\/wp\/v2\/pages\/25"}],"wp:attachment":[{"href":"https:\/\/uenf.br\/posgraduacao\/matematica\/wp-json\/wp\/v2\/media?parent=132"}],"curies":[{"name":"wp","href":"https:\/\/api.w.org\/{rel}","templated":true}]}}