{"id":134,"date":"2017-08-30T09:32:31","date_gmt":"2017-08-30T12:32:31","guid":{"rendered":"http:\/\/uenf.br\/posgraduacao\/matematica\/?page_id=134"},"modified":"2017-09-04T11:25:08","modified_gmt":"2017-09-04T14:25:08","slug":"dissertacoes-defendidas-em-2015","status":"publish","type":"page","link":"https:\/\/uenf.br\/posgraduacao\/matematica\/dissertacoes\/dissertacoes-defendidas-em-2015\/","title":{"rendered":"Disserta\u00e7\u00f5es defendidas em 2015"},"content":{"rendered":"<p>&nbsp;<\/p>\n<form>\n<fieldset>\n<legend><a href=\"https:\/\/uenf.br\/posgraduacao\/matematica\/wp-content\/uploads\/sites\/14\/2017\/09\/27112015Jorge-Matos-da-Silva-Junior.pdf\" target=\"_blank\" rel=\"noopener\">ESTAT\u00cdSTICA: HIST\u00d3RIA E PR\u00c1TICAS DID\u00c1TICAS NO ENSINO CONTEXTUALIZADO<\/a><\/legend>\n<p style=\"text-align: left\"><strong>Autor: <\/strong><strong>JORGE MATOS DA SILVA JUNIOR<\/strong><br \/>\n<strong>Orientador:<\/strong> Prof. Rigoberto Gregorio Sanabria Castro<br \/>\n<strong>Data da Defesa:<\/strong>\u00a027\/11\/2015<br \/>\n<strong>Situa\u00e7\u00e3o:<\/strong> Conclu\u00edda<\/p>\n<\/fieldset>\n<p>&nbsp;<\/p>\n<p>&nbsp;<\/p>\n<\/form>\n<form>\n<fieldset>\n<legend><a href=\"https:\/\/uenf.br\/posgraduacao\/matematica\/wp-content\/uploads\/sites\/14\/2017\/09\/27112015Lucas-Maken-da-Silva-Oliveira.pdf\" target=\"_blank\" rel=\"noopener\">ENSINANDO GEOMETRIA COM R\u00c9GUA E COMPASSO, UMA PROPOSTA PARA O 8\u00ba ANO<\/a><\/legend>\n<p style=\"text-align: left\"><strong>Autor: <\/strong><strong>LUCAS MAKEN DA SILVA OLIVEIRA<\/strong><br \/>\n<strong>Orientador:<\/strong> Prof. Oscar Alfredo Paz La Torre<br \/>\n<strong>Data da Defesa:<\/strong>\u00a027\/11\/2015<br \/>\n<strong>Situa\u00e7\u00e3o:<\/strong> Conclu\u00edda<\/p>\n<\/fieldset>\n<p>&nbsp;<\/p>\n<p>&nbsp;<\/p>\n<\/form>\n<form>\n<fieldset>\n<legend><a href=\"https:\/\/uenf.br\/posgraduacao\/matematica\/wp-content\/uploads\/sites\/14\/2017\/09\/26112015Paula-Aparecida-Aquiles-do-Valle-Schelck.pdf\" target=\"_blank\" rel=\"noopener\">O USO DA TRIGONOMETRIA NA CONSTRU\u00c7\u00c3O DE RAMPAS DE ACESSO<\/a><\/legend>\n<p style=\"text-align: left\"><strong>Autor: <\/strong><strong>PAULA APARECIDA AQUILES DO VALLE SCHELCK<\/strong><br \/>\n<strong>Orientador:<\/strong> Prof. Oscar Alfredo Paz La Torre<br \/>\n<strong>Data da Defesa:<\/strong>\u00a026\/11\/2015<br \/>\n<strong>Situa\u00e7\u00e3o:<\/strong> Conclu\u00edda<\/p>\n<\/fieldset>\n<p>&nbsp;<\/p>\n<p>&nbsp;<\/p>\n<\/form>\n<form>\n<fieldset>\n<legend><a href=\"https:\/\/uenf.br\/posgraduacao\/matematica\/wp-content\/uploads\/sites\/14\/2017\/09\/18092015Ricardo-Jose-Aguiar-Silva.pdf\" target=\"_blank\" rel=\"noopener\">CONTEXTO E APLICA\u00c7\u00d5ES DAS FUN\u00c7\u00d5ES EXPONENCIAIS NO ENSINO M\u00c9DIO: UMA ABORDAGEM INTERDISCIPLINAR<\/a><\/legend>\n<p style=\"text-align: left\"><strong>Autor: <\/strong><strong>RICARDO JOS\u00c9 AGUIAR SILVA<\/strong><br \/>\n<strong>Orientador:<\/strong> Prof. Oscar Alfredo Paz La Torre<br \/>\n<strong>Data da Defesa:<\/strong>\u00a018\/09\/2015<br \/>\n<strong>Situa\u00e7\u00e3o:<\/strong> Conclu\u00edda<\/p>\n<\/fieldset>\n<p>&nbsp;<\/p>\n<p>&nbsp;<\/p>\n<\/form>\n<form>\n<fieldset>\n<legend><a href=\"https:\/\/uenf.br\/posgraduacao\/matematica\/wp-content\/uploads\/sites\/14\/2017\/09\/16092015Carlos-Alberto-Lopes-dos-Santos-de-Oliveira.pdf\" target=\"_blank\" rel=\"noopener\">AN\u00c1LISE COMBINAT\u00d3RIA: RACIOC\u00cdNIO RECURSIVO E PROCESSOS DE ENUMERA\u00c7\u00c3O<\/a><\/legend>\n<p style=\"text-align: left\"><strong>Autor: <\/strong><strong>CARLOS ALBERTO LOPES DOS SANTOS DE OLIVEIRA<\/strong><br \/>\n<strong>Orientador:<\/strong> Prof. Oscar Alfredo Paz La Torre<br \/>\n<strong>Data da Defesa:<\/strong>\u00a016\/09\/2015<br \/>\n<strong>Situa\u00e7\u00e3o:<\/strong> Conclu\u00edda<\/p>\n<\/fieldset>\n<p>&nbsp;<\/p>\n<p>&nbsp;<\/p>\n<\/form>\n<form>\n<fieldset>\n<legend><a href=\"https:\/\/uenf.br\/posgraduacao\/matematica\/wp-content\/uploads\/sites\/14\/2017\/09\/31082015Carlos-Eduardo-Gomes-de-Oliveira.pdf\" target=\"_blank\" rel=\"noopener\">A MATEM\u00c1TICA FUNDAMENTAL COMO PR\u00c9-C\u00c1LCULO NO ENSINO M\u00c9DIO<\/a><\/legend>\n<p style=\"text-align: left\"><strong>Autor: <\/strong><strong>CARLOS EDUARDO GOMES DE OLIVEIRA<\/strong><br \/>\n<strong>Orientador:<\/strong> Prof. Paulo S\u00e9rgio Dias da Silva<br \/>\n<strong>Data da Defesa:<\/strong>\u00a031\/08\/2015<br \/>\n<strong>Situa\u00e7\u00e3o:<\/strong> Conclu\u00edda<\/p>\n<\/fieldset>\n<p>&nbsp;<\/p>\n<p>&nbsp;<\/p>\n<\/form>\n<form>\n<fieldset>\n<legend><a href=\"https:\/\/uenf.br\/posgraduacao\/matematica\/wp-content\/uploads\/sites\/14\/2017\/09\/31082015Marcos-Paulo-de-Oliveira.pdf\" target=\"_blank\" rel=\"noopener\">N\u00daMEROS COMPLEXOS: UMA ABORDAGEM INVESTIGATIVA NA SALA DE AULA<\/a><\/legend>\n<p style=\"text-align: left\"><strong>Autor: <\/strong><strong>MARCOS PAULO DE OLIVEIRA<\/strong><br \/>\n<strong>Orientador:<\/strong> Prof. Liliana Angelina Le\u00f3n Mescua<br \/>\n<strong>Data da Defesa:<\/strong>\u00a031\/08\/2015<br \/>\n<strong>Situa\u00e7\u00e3o:<\/strong> Conclu\u00edda<\/p>\n<\/fieldset>\n<p>&nbsp;<\/p>\n<p>&nbsp;<\/p>\n<\/form>\n<form>\n<fieldset>\n<legend><a href=\"https:\/\/uenf.br\/posgraduacao\/matematica\/wp-content\/uploads\/sites\/14\/2017\/09\/27082015Ana-Mary-Fonseca-Barreto-de-Almeida.pdf\" target=\"_blank\" rel=\"noopener\">REGISTROS DE REPRESENTA\u00c7\u00d5ES SEMI\u00d3TICAS NO ESTUDO DE POLIN\u00d4MIOS USANDO APLICATIVOS EM TABLETS<\/a><\/legend>\n<p style=\"text-align: left\"><strong>Autor: <\/strong><strong>ANA MARY FONSECA BARRETO DE ALMEIDA<\/strong><br \/>\n<strong>Orientador:<\/strong> Prof. Geraldo de Oliveira Filho<br \/>\n<strong>Data da Defesa:<\/strong>\u00a027\/08\/2015<br \/>\n<strong>Situa\u00e7\u00e3o:<\/strong> Conclu\u00edda<\/p>\n<\/fieldset>\n<p>&nbsp;<\/p>\n<p>&nbsp;<\/p>\n<\/form>\n<form>\n<fieldset>\n<legend><a href=\"https:\/\/uenf.br\/posgraduacao\/matematica\/wp-content\/uploads\/sites\/14\/2017\/09\/18092015Patricio-do-Carmo-de-Souza.pdf\" target=\"_blank\" rel=\"noopener\">UMA INVESTIGA\u00c7\u00c3O POR MEIO DE UMA SEQU\u00caNCIA DID\u00c1TICA COM O SOFTWARE GEOGEBRA PARA O ESTUDO DE VETORES NO ENSINO M\u00c9DIO<\/a><\/legend>\n<p style=\"text-align: left\"><strong>Autor: PATRICIO DO CARMO DE SOUZA<\/strong><br \/>\n<strong>Orientador:<\/strong> Prof. Paulo S\u00e9rgio Dias da Silva<br \/>\n<strong>Data da Defesa:<\/strong>\u00a013\/08\/2015<br \/>\n<strong>Situa\u00e7\u00e3o:<\/strong> Conclu\u00edda<\/p>\n<\/fieldset>\n<p>&nbsp;<\/p>\n<p>&nbsp;<\/p>\n<\/form>\n<form>\n<fieldset>\n<legend><a href=\"https:\/\/uenf.br\/posgraduacao\/matematica\/wp-content\/uploads\/sites\/14\/2017\/09\/24072015Schirlane-dos-Santos-Aguiar-Rodrigues.pdf\" target=\"_blank\" rel=\"noopener\">A TEORIA DE VAN HIELE APLICADA AOS TRI\u00c2NGULOS: UMA SEQU\u00caNCIA DID\u00c1TICA PARA O 8\u00ba ANO DO ENSINO FUNDAMENTAL<\/a><\/legend>\n<p style=\"text-align: left\"><strong>Autor: <\/strong><strong>SCHIRLANE DOS SANTOS AGUIAR RODRIGUES<\/strong><br \/>\n<strong>Orientador:<\/strong> Prof. Liliana Angelina Le\u00f3n Mescua<br \/>\n<strong>Data da Defesa:<\/strong>\u00a024\/07\/2015<br \/>\n<strong>Situa\u00e7\u00e3o:<\/strong> Conclu\u00edda<\/p>\n<\/fieldset>\n<p>&nbsp;<\/p>\n<p>&nbsp;<\/p>\n<\/form>\n<form>\n<fieldset>\n<legend><a href=\"https:\/\/uenf.br\/posgraduacao\/matematica\/wp-content\/uploads\/sites\/14\/2017\/09\/24072015Juliana-Maria-Souza-Rangel-dos-Santos.pdf\" target=\"_blank\" rel=\"noopener\">A TEORIA DE VAN HIELE NO ESTUDO DE \u00c1REAS DE POL\u00cdGONOS E POLIEDROS<\/a><\/legend>\n<p style=\"text-align: left\"><strong>Autor: JULIANA MARIA SOUZA RANGEL DOS SANTOS<\/strong><br \/>\n<strong>Orientador:<\/strong> Prof. Liliana Angelina Le\u00f3n Mescua<br \/>\n<strong>Data da Defesa:<\/strong>\u00a024\/07\/2015<br \/>\n<strong>Situa\u00e7\u00e3o:<\/strong> Conclu\u00edda<\/p>\n<\/fieldset>\n<p>&nbsp;<\/p>\n<p>&nbsp;<\/p>\n<\/form>\n<form>\n<fieldset>\n<legend><a href=\"https:\/\/uenf.br\/posgraduacao\/matematica\/wp-content\/uploads\/sites\/14\/2017\/09\/16062015Daniel-Francisco-de-Paula-Sodre-Martins.pdf\" target=\"_blank\" rel=\"noopener\">ESCALAS, INVERSAS E TR\u00cdADES: A MATEM\u00c1TICA APLICADA \u00c0 M\u00daSICA<\/a><\/legend>\n<p style=\"text-align: left\"><strong>Autor: <\/strong><strong>DANIEL FRANCISCO DE PAULA SODR\u00c9 MARTINS<\/strong><br \/>\n<strong>Orientador:<\/strong> Prof. Geraldo de Oliveira Filho<br \/>\n<strong>Data da Defesa:<\/strong>\u00a016\/06\/2015<br \/>\n<strong>Situa\u00e7\u00e3o:<\/strong> Conclu\u00edda<\/p>\n<\/fieldset>\n<p>&nbsp;<\/p>\n<p>&nbsp;<\/p>\n<\/form>\n<form>\n<fieldset>\n<legend><a href=\"https:\/\/uenf.br\/posgraduacao\/matematica\/wp-content\/uploads\/sites\/14\/2017\/09\/29052015Renata-da-Costa-Abreu.pdf\" target=\"_blank\" rel=\"noopener\">TEOREMA DE PICK: UMA ABORDAGEM PARA \u00a0O C\u00c1LCULO DE \u00c1REAS DE POL\u00cdGONOS SIMPLES<\/a><\/legend>\n<p style=\"text-align: left\"><strong>Autor: <\/strong><strong>RENATA DA COSTA ABREU<\/strong><br \/>\n<strong>Orientador:<\/strong> Prof. Oscar Alfredo Paz La Torre<br \/>\n<strong>Data da Defesa:<\/strong>\u00a029\/05\/2015<br \/>\n<strong>Situa\u00e7\u00e3o:<\/strong> Conclu\u00edda<\/p>\n<\/fieldset>\n<p>&nbsp;<\/p>\n<p>&nbsp;<\/p>\n<\/form>\n<form>\n<fieldset>\n<legend><a href=\"https:\/\/uenf.br\/posgraduacao\/matematica\/wp-content\/uploads\/sites\/14\/2017\/09\/28052015Renato-Neves-de-Almeida.pdf\" target=\"_blank\" rel=\"noopener\">O M\u00c9TODO DOS M\u00cdNIMOS QUADRADOS: ESTUDO E APLICA\u00c7\u00d5ES PARA O ENSINO M\u00c9DIO<\/a><\/legend>\n<p style=\"text-align: left\"><strong>Autor: <\/strong><strong>RENATO NEVES DE ALMEIDA<\/strong><br \/>\n<strong>Orientador:<\/strong> Prof. Paulo S\u00e9rgio Dias da Silva<br \/>\n<strong>Data da Defesa:<\/strong>\u00a028\/05\/2015<br \/>\n<strong>Situa\u00e7\u00e3o:<\/strong> Conclu\u00edda<\/p>\n<\/fieldset>\n<p>&nbsp;<\/p>\n<p>&nbsp;<\/p>\n<\/form>\n<form>\n<fieldset>\n<legend><a href=\"https:\/\/uenf.br\/posgraduacao\/matematica\/wp-content\/uploads\/sites\/14\/2017\/09\/29042015Kenia-Fiorio-Pizetta.pdf\" target=\"_blank\" rel=\"noopener\">ADAPTA\u00c7\u00c3O DE M\u00c9TODOS E INSTRUMENTOS DA TOPOGRAFIA E DA CARTOGRAFIA NO ENSINO DE MATEM\u00c1TICA<\/a><\/legend>\n<p style=\"text-align: left\"><strong>Autor: <\/strong><strong>K\u00caNIA FI\u00d3RIO PIZETTA<\/strong><br \/>\n<strong>Orientador:<\/strong> Prof. Geraldo de Oliveira Filho<br \/>\n<strong>Data da Defesa:<\/strong>\u00a029\/04\/2015<br \/>\n<strong>Situa\u00e7\u00e3o:<\/strong> Conclu\u00edda<\/p>\n<\/fieldset>\n<p>&nbsp;<\/p>\n<\/form>\n","protected":false},"excerpt":{"rendered":"<p>&nbsp; ESTAT\u00cdSTICA: HIST\u00d3RIA E PR\u00c1TICAS DID\u00c1TICAS NO ENSINO CONTEXTUALIZADO Autor: JORGE MATOS DA SILVA JUNIOR Orientador: Prof. Rigoberto Gregorio Sanabria&#8230;<\/p>\n","protected":false},"author":30,"featured_media":0,"parent":25,"menu_order":44,"comment_status":"closed","ping_status":"closed","template":"","meta":{"footnotes":""},"class_list":["post-134","page","type-page","status-publish","hentry"],"_links":{"self":[{"href":"https:\/\/uenf.br\/posgraduacao\/matematica\/wp-json\/wp\/v2\/pages\/134","targetHints":{"allow":["GET"]}}],"collection":[{"href":"https:\/\/uenf.br\/posgraduacao\/matematica\/wp-json\/wp\/v2\/pages"}],"about":[{"href":"https:\/\/uenf.br\/posgraduacao\/matematica\/wp-json\/wp\/v2\/types\/page"}],"author":[{"embeddable":true,"href":"https:\/\/uenf.br\/posgraduacao\/matematica\/wp-json\/wp\/v2\/users\/30"}],"replies":[{"embeddable":true,"href":"https:\/\/uenf.br\/posgraduacao\/matematica\/wp-json\/wp\/v2\/comments?post=134"}],"version-history":[{"count":0,"href":"https:\/\/uenf.br\/posgraduacao\/matematica\/wp-json\/wp\/v2\/pages\/134\/revisions"}],"up":[{"embeddable":true,"href":"https:\/\/uenf.br\/posgraduacao\/matematica\/wp-json\/wp\/v2\/pages\/25"}],"wp:attachment":[{"href":"https:\/\/uenf.br\/posgraduacao\/matematica\/wp-json\/wp\/v2\/media?parent=134"}],"curies":[{"name":"wp","href":"https:\/\/api.w.org\/{rel}","templated":true}]}}