{"id":136,"date":"2017-08-30T09:33:04","date_gmt":"2017-08-30T12:33:04","guid":{"rendered":"http:\/\/uenf.br\/posgraduacao\/matematica\/?page_id=136"},"modified":"2017-09-03T19:02:40","modified_gmt":"2017-09-03T22:02:40","slug":"dissertacoes-defendidas-em-2014","status":"publish","type":"page","link":"https:\/\/uenf.br\/posgraduacao\/matematica\/dissertacoes\/dissertacoes-defendidas-em-2014\/","title":{"rendered":"Disserta\u00e7\u00f5es defendidas em 2014"},"content":{"rendered":"<form><\/form>\n<form>&nbsp;<\/p>\n<\/form>\n<form>\n<fieldset>\n<legend><a href=\"https:\/\/uenf.br\/posgraduacao\/matematica\/wp-content\/uploads\/sites\/14\/2017\/09\/12122014Claudio-Magno-Paulanti.pdf\" target=\"_blank\" rel=\"noopener\">\u00c1REA DAS FIGURAS PLANAS. USO DA F\u00d3RMULA DE HERON<\/a><\/legend>\n<p style=\"text-align: left\"><strong>Autor: <\/strong><strong>CL\u00c1UDIO MAGNO PAULANTI<\/strong><br \/>\n<strong>Orientador:<\/strong> Prof. Paulo S\u00e9rgio Dias da Silva<br \/>\n<strong>Data da Defesa:<\/strong>\u00a012\/12\/2014<br \/>\n<strong>Situa\u00e7\u00e3o:<\/strong> Conclu\u00edda<\/p>\n<\/fieldset>\n<p>&nbsp;<\/p>\n<p>&nbsp;<\/p>\n<\/form>\n<form>\n<fieldset>\n<legend><a href=\"https:\/\/uenf.br\/posgraduacao\/matematica\/wp-content\/uploads\/sites\/14\/2017\/09\/28112014Leandro-Sopeletto-Carreiro.pdf\" target=\"_blank\" rel=\"noopener\">T\u00d3PICOS DE MATEM\u00c1TICA DISCRETA: UMA PROPOSTA PARA A EDUCA\u00c7\u00c3O DE JOVENS E ADULTOS SOB A PERSPECTIVA DA ETNOMATEM\u00c1TICA<\/a><\/legend>\n<p style=\"text-align: left\"><strong>Autor: <\/strong><strong>LEANDRO SOPELETTO CARREIRO<\/strong><br \/>\n<strong>Orientador:<\/strong> Prof. Mikhail Petrovich Vishnevski<br \/>\n<strong>Data da Defesa:<\/strong>\u00a028\/11\/2014<br \/>\n<strong>Situa\u00e7\u00e3o:<\/strong> Conclu\u00edda<\/p>\n<\/fieldset>\n<p>&nbsp;<\/p>\n<p>&nbsp;<\/p>\n<\/form>\n<form>\n<fieldset>\n<legend><a href=\"https:\/\/uenf.br\/posgraduacao\/matematica\/wp-content\/uploads\/sites\/14\/2017\/09\/28112014Sandra-de-Aquino-Maia-Duncan.pdf\" target=\"_blank\" rel=\"noopener\">USO DE T\u00c9CNICAS DE REALIDADE AUMENTADA NO ENSINO DE PIR\u00c2MIDE<\/a><\/legend>\n<p style=\"text-align: left\"><strong>Autor: <\/strong><strong>SANDRA DE AQUINO MAIA DUNCAN<\/strong><br \/>\n<strong>Orientador:<\/strong> Prof. Oscar Alfredo Paz La Torre<br \/>\n<strong>Data da Defesa:<\/strong>\u00a028\/11\/2014<br \/>\n<strong>Situa\u00e7\u00e3o:<\/strong> Conclu\u00edda<\/p>\n<\/fieldset>\n<p>&nbsp;<\/p>\n<p>&nbsp;<\/p>\n<\/form>\n<form>\n<fieldset>\n<legend><a href=\"https:\/\/uenf.br\/posgraduacao\/matematica\/wp-content\/uploads\/sites\/14\/2017\/09\/28112014Mikelle-Rodrigues-de-Almeida.pdf\" target=\"_blank\" rel=\"noopener\">INTRODU\u00c7\u00c3O DOS PONTOS NOT\u00c1VEIS DE UM TRI\u00c2NGULO UTILIZANDO ORIGAMI<\/a><\/legend>\n<p style=\"text-align: left\"><strong>Autor: MIKELLE RODRIGUES DE ALMEIDA<\/strong><br \/>\n<strong>Orientador:<\/strong> Prof. Geraldo de Oliveira Filho<br \/>\n<strong>Data da Defesa:<\/strong>\u00a028\/11\/2014<br \/>\n<strong>Situa\u00e7\u00e3o:<\/strong> Conclu\u00edda<\/p>\n<\/fieldset>\n<p>&nbsp;<\/p>\n<p>&nbsp;<\/p>\n<\/form>\n<form>\n<fieldset>\n<legend><a href=\"https:\/\/uenf.br\/posgraduacao\/matematica\/wp-content\/uploads\/sites\/14\/2017\/09\/28112014Marco-Antonio-Sinhorelli-Eiras.pdf\" target=\"_blank\" rel=\"noopener\">UMA VIS\u00c3O ANTECIPADA DO ESPA\u00c7O TRIDIMENSIONAL NO ENSINO M\u00c9DIO<\/a><\/legend>\n<p style=\"text-align: left\"><strong>Autor: MARCO ANTONIO SINHORELLI EIRAS<\/strong><br \/>\n<strong>Orientador:<\/strong> Prof. Rigoberto Gregorio Sanabria Castro<br \/>\n<strong>Data da Defesa:<\/strong>\u00a028\/11\/2014<br \/>\n<strong>Situa\u00e7\u00e3o:<\/strong> Conclu\u00edda<\/p>\n<\/fieldset>\n<p>&nbsp;<\/p>\n<p>&nbsp;<\/p>\n<\/form>\n<form>\n<fieldset>\n<legend><a href=\"https:\/\/uenf.br\/posgraduacao\/matematica\/wp-content\/uploads\/sites\/14\/2017\/09\/22092014Paulo-Fernando-Silva-dos-Reis.pdf\" target=\"_blank\" rel=\"noopener\">O TEOREMA DE TALES POR MEIO DE ATIVIDADES INVESTIGATIVAS<\/a><\/legend>\n<p style=\"text-align: left\"><strong>Autor: <\/strong><strong>PAULO FERNANDO SILVA DOS REIS<\/strong><br \/>\n<strong>Orientador:<\/strong> Prof. Liliana Angelina Le\u00f3n Mescua<br \/>\n<strong>Data da Defesa:<\/strong>\u00a022\/09\/2014<br \/>\n<strong>Situa\u00e7\u00e3o:<\/strong> Conclu\u00edda<\/p>\n<\/fieldset>\n<p>&nbsp;<\/p>\n<p>&nbsp;<\/p>\n<\/form>\n<form>\n<fieldset>\n<legend><a href=\"https:\/\/uenf.br\/posgraduacao\/matematica\/wp-content\/uploads\/sites\/14\/2017\/09\/05092014Elza-Maria-dos-Santos-Prado.pdf\" target=\"_blank\" rel=\"noopener\">UM NOVO OLHAR SOBRE O ENSINO DE EQUA\u00c7\u00c3O E FUN\u00c7\u00c3O DO SEGUNDO GRAU<\/a><\/legend>\n<p style=\"text-align: left\"><strong>Autor: <\/strong><strong>ELZA MARIA DOS SANTOS PRADO<\/strong><br \/>\n<strong>Orientador:<\/strong> Prof. Paulo S\u00e9rgio Dias da Silva<br \/>\n<strong>Data da Defesa:<\/strong>\u00a005\/09\/2014<br \/>\n<strong>Situa\u00e7\u00e3o:<\/strong> Conclu\u00edda<\/p>\n<\/fieldset>\n<p>&nbsp;<\/p>\n<p>&nbsp;<\/p>\n<\/form>\n<form>\n<fieldset>\n<legend><a href=\"https:\/\/uenf.br\/posgraduacao\/matematica\/wp-content\/uploads\/sites\/14\/2017\/09\/29082014Flavio-Ornellas-Loureiro.pdf\" target=\"_blank\" rel=\"noopener\">T\u00d3PICOS DE CRIPTOGRAFIA PARA O ENSINO M\u00c9DIO<\/a><\/legend>\n<p style=\"text-align: left\"><strong>Autor: <\/strong><strong>FL\u00c1VIO ORNELLAS LOUREIRO<\/strong><br \/>\n<strong>Orientador:<\/strong> Prof. Oscar Alfredo Paz La Torre<br \/>\n<strong>Data da Defesa:<\/strong>\u00a029\/08\/2014<br \/>\n<strong>Situa\u00e7\u00e3o:<\/strong> Conclu\u00edda<\/p>\n<\/fieldset>\n<p>&nbsp;<\/p>\n<p>&nbsp;<\/p>\n<\/form>\n<form>\n<fieldset>\n<legend><a href=\"https:\/\/uenf.br\/posgraduacao\/matematica\/wp-content\/uploads\/sites\/14\/2017\/09\/29072014Flavio-Miranda-dos-Santos.pdf\" target=\"_blank\" rel=\"noopener\">ROB\u00d3TICA EDUCACIONAL &#8211; POTENCIALIZANDO O ENSINO DA MATEM\u00c1TICA<\/a><\/legend>\n<p style=\"text-align: left\"><strong>Autor: <\/strong><strong>FL\u00c1VIO MIRANDA DOS SANTOS<\/strong><br \/>\n<strong>Orientador:<\/strong> Prof. Rigoberto Gregorio Sanabria Castro<br \/>\n<strong>Data da Defesa:<\/strong>\u00a029\/07\/2014<br \/>\n<strong>Situa\u00e7\u00e3o:<\/strong> Conclu\u00edda<\/p>\n<\/fieldset>\n<p>&nbsp;<\/p>\n<p>&nbsp;<\/p>\n<\/form>\n<form>\n<fieldset>\n<legend><a href=\"https:\/\/uenf.br\/posgraduacao\/matematica\/wp-content\/uploads\/sites\/14\/2017\/09\/11072014Bruno-Franca-Marques-da-Silva.pdf\" target=\"_blank\" rel=\"noopener\">M\u00daLTIPLOS E DIVISORES: IMPORTANTES FERRAMENTAS NO ENSINO M\u00c9DIO<\/a><\/legend>\n<p style=\"text-align: left\"><strong>Autor: <\/strong><strong>BRUNO FRAN\u00c7A MARQUES DA SILVA<\/strong><br \/>\n<strong>Orientador:<\/strong> Prof. Mikhail Petrovich Vishnevski<br \/>\n<strong>Data da Defesa:<\/strong>\u00a011\/07\/2014<br \/>\n<strong>Situa\u00e7\u00e3o:<\/strong> Conclu\u00edda<\/p>\n<\/fieldset>\n<p>&nbsp;<\/p>\n<p>&nbsp;<\/p>\n<\/form>\n<form>\n<fieldset>\n<legend><a href=\"https:\/\/uenf.br\/posgraduacao\/matematica\/wp-content\/uploads\/sites\/14\/2017\/09\/11072014Roberto_Vargas_de_Oliveira.pdf\" target=\"_blank\" rel=\"noopener\">INTERDISCIPLINARIDADE E CURR\u00cdCULO: ASPECTOS HIST\u00d3RICOS, FILOS\u00d3FICOS, CONCEITUAIS E SUAS IMPLICA\u00c7\u00d5ES NO ENSINO DA MATEM\u00c1TICA<\/a><\/legend>\n<p style=\"text-align: left\"><strong>Autor: <\/strong><strong>ROBERTO VARGAS DE OLIVEIRA<\/strong><br \/>\n<strong>Orientador:<\/strong> Prof.\u00a0Mikhail Petrovich Vishnevski<br \/>\n<strong>Data da Defesa:<\/strong>\u00a011\/07\/2014<br \/>\n<strong>Situa\u00e7\u00e3o:<\/strong> Conclu\u00edda<\/p>\n<\/fieldset>\n<p>&nbsp;<\/p>\n<p>&nbsp;<\/p>\n<\/form>\n<form>\n<fieldset>\n<legend><a href=\"https:\/\/uenf.br\/posgraduacao\/matematica\/wp-content\/uploads\/sites\/14\/2017\/09\/01072014Luciana-Pinto-Freitas.pdf\" target=\"_blank\" rel=\"noopener\">ALG\u00c9BRICAS NO 6? ANO DO ENSINO FUNDAMENTAL COM MATERIAIS MANIPUL\u00c1VEIS<\/a><\/legend>\n<p style=\"text-align: left\"><strong>Autor: <\/strong><strong>LUCIANA PINTO FREITAS<\/strong><br \/>\n<strong>Orientador:<\/strong> Prof. Liliana Angelina Le\u00f3n Mescua<br \/>\n<strong>Data da Defesa:<\/strong>\u00a001\/07\/2014<br \/>\n<strong>Situa\u00e7\u00e3o:<\/strong> Conclu\u00edda<\/p>\n<\/fieldset>\n<p>&nbsp;<\/p>\n<p>&nbsp;<\/p>\n<\/form>\n<form>\n<fieldset>\n<legend><a href=\"https:\/\/uenf.br\/posgraduacao\/matematica\/wp-content\/uploads\/sites\/14\/2017\/09\/30062014Luciano-de-Almeida-Flor.pdf\" target=\"_blank\" rel=\"noopener\">DISCUSS\u00d5ES DA MATEM\u00c1TICA FINANCEIRA NA EDUCA\u00c7\u00c3O DE JOVENS E ADULTOS<\/a><\/legend>\n<p style=\"text-align: left\"><strong>Autor: <\/strong><strong>LUCIANO DE ALMEIDA FLOR<\/strong><br \/>\n<strong>Orientador:<\/strong> Prof. Liliana Angelina Le\u00f3n Mescua<br \/>\n<strong>Data da Defesa:<\/strong>\u00a030\/06\/2014<br \/>\n<strong>Situa\u00e7\u00e3o:<\/strong> Conclu\u00edda<\/p>\n<\/fieldset>\n<p>&nbsp;<\/p>\n<p>&nbsp;<\/p>\n<\/form>\n<form>\n<fieldset>\n<legend><a href=\"https:\/\/uenf.br\/posgraduacao\/matematica\/wp-content\/uploads\/sites\/14\/2017\/09\/26062014Paula-Eveline-da-Silva-dos-Santos.pdf\" target=\"_blank\" rel=\"noopener\">TEOREMA DE EULER: UM ESTUDO COM AUX\u00cdLIO DE MATERIAIS CONCRETOS E TECNOLOGIAS<\/a><\/legend>\n<p style=\"text-align: left\"><strong>Autor: <\/strong><strong>PAULA EVELINE DA SILVA DOS SANTOS<\/strong><br \/>\n<strong>Orientador:<\/strong> Prof. Geraldo de Oliveira Filho<br \/>\n<strong>Data da Defesa:<\/strong>\u00a026\/06\/2014<br \/>\n<strong>Situa\u00e7\u00e3o:<\/strong> Conclu\u00edda<\/p>\n<\/fieldset>\n<p>&nbsp;<\/p>\n<p>&nbsp;<\/p>\n<\/form>\n<form>\n<fieldset>\n<legend><a href=\"https:\/\/uenf.br\/posgraduacao\/matematica\/wp-content\/uploads\/sites\/14\/2017\/09\/26062014Livia-Azelman-de-Faria-Abreu.pdf\" target=\"_blank\" rel=\"noopener\">GEOMETRIA PARA DEFICIENTE VISUAL: UMA PROPOSTA DE ENSINO UTILIZANDO MATERIAIS CONCRETOS<\/a><\/legend>\n<p style=\"text-align: left\"><strong>Autor: L\u00cdVIA AZELMAN DE FARIA ABREU<\/strong><br \/>\n<strong>Orientador:<\/strong> Prof. Geraldo de Oliveira Filho<br \/>\n<strong>Data da Defesa:<\/strong>\u00a026\/06\/2014<br \/>\n<strong>Situa\u00e7\u00e3o:<\/strong> Conclu\u00edda<\/p>\n<\/fieldset>\n<p>&nbsp;<\/p>\n<p>&nbsp;<\/p>\n<\/form>\n<form>\n<fieldset>\n<legend><a href=\"https:\/\/uenf.br\/posgraduacao\/matematica\/wp-content\/uploads\/sites\/14\/2017\/09\/05052014Luiz-Henrique-Zeferino-2.pdf\" target=\"_blank\" rel=\"noopener\">APLICA\u00c7\u00c3O DA GEOMETRIA, \u00c1LGEBRA LINEAR E GEOMETRIA ANAL\u00cdTICA NO ESTUDO DE POLIEDROS: REPRESENTA\u00c7\u00c3O 3D E TRANSFORMA\u00c7\u00d5ES<\/a><\/legend>\n<p style=\"text-align: left\"><strong>Autor: <\/strong><strong>LUIS HENRIQUE ZEFERINO<\/strong><br \/>\n<strong>Orientador:<\/strong> Prof. Liliana Angelina Le\u00f3n Mescua<br \/>\n<strong>Data da Defesa:<\/strong>\u00a005\/05\/2014<br \/>\n<strong>Situa\u00e7\u00e3o:<\/strong> Conclu\u00edda<\/p>\n<\/fieldset>\n<p>&nbsp;<\/p>\n<\/form>\n","protected":false},"excerpt":{"rendered":"<p>&nbsp; \u00c1REA DAS FIGURAS PLANAS. USO DA F\u00d3RMULA DE HERON Autor: CL\u00c1UDIO MAGNO PAULANTI Orientador: Prof. Paulo S\u00e9rgio Dias da&#8230;<\/p>\n","protected":false},"author":30,"featured_media":0,"parent":25,"menu_order":46,"comment_status":"closed","ping_status":"closed","template":"","meta":{"footnotes":""},"class_list":["post-136","page","type-page","status-publish","hentry"],"_links":{"self":[{"href":"https:\/\/uenf.br\/posgraduacao\/matematica\/wp-json\/wp\/v2\/pages\/136","targetHints":{"allow":["GET"]}}],"collection":[{"href":"https:\/\/uenf.br\/posgraduacao\/matematica\/wp-json\/wp\/v2\/pages"}],"about":[{"href":"https:\/\/uenf.br\/posgraduacao\/matematica\/wp-json\/wp\/v2\/types\/page"}],"author":[{"embeddable":true,"href":"https:\/\/uenf.br\/posgraduacao\/matematica\/wp-json\/wp\/v2\/users\/30"}],"replies":[{"embeddable":true,"href":"https:\/\/uenf.br\/posgraduacao\/matematica\/wp-json\/wp\/v2\/comments?post=136"}],"version-history":[{"count":0,"href":"https:\/\/uenf.br\/posgraduacao\/matematica\/wp-json\/wp\/v2\/pages\/136\/revisions"}],"up":[{"embeddable":true,"href":"https:\/\/uenf.br\/posgraduacao\/matematica\/wp-json\/wp\/v2\/pages\/25"}],"wp:attachment":[{"href":"https:\/\/uenf.br\/posgraduacao\/matematica\/wp-json\/wp\/v2\/media?parent=136"}],"curies":[{"name":"wp","href":"https:\/\/api.w.org\/{rel}","templated":true}]}}