{"id":2,"date":"2017-08-21T10:59:55","date_gmt":"2017-08-21T13:59:55","guid":{"rendered":"http:\/\/uenf.br\/posgraduacao\/matematica\/?page_id=2"},"modified":"2025-11-07T12:53:47","modified_gmt":"2025-11-07T15:53:47","slug":"apresentacao","status":"publish","type":"page","link":"https:\/\/uenf.br\/posgraduacao\/matematica\/apresentacao\/","title":{"rendered":"Apresenta\u00e7\u00e3o"},"content":{"rendered":"<h1><span style=\"color: #0000ff\"><span style=\"color: #ff0000\">Importante:<\/span><\/span><\/h1>\n<div>\n<div>Resultado do<span style=\"color: #0000ff\"> <a style=\"color: #0000ff\" href=\"https:\/\/uenf.br\/posgraduacao\/matematica\/wp-content\/uploads\/sites\/14\/2025\/11\/RESULTADO_DO_EXAME_NACIONAL_DE_ACESSO_ENA_2026.pdf\">ENA-2026<\/a> <\/span>&#8211; PROFMAT\/UENF.<\/div>\n<div><\/div>\n<div>De acordo com o edital, &#8220;<i>Eventuais solicita\u00e7\u00f5es de revis\u00e3o das notas poder\u00e3o ser feitas at\u00e9 o dia\u00a0<b>10 de novembro de 2025<\/b>\u00a0e dever\u00e3o ser realizadas diretamente na Institui\u00e7\u00e3o onde o candidato fez o Exame<\/i>.&#8221; e &#8220;<i>O resultado da solicita\u00e7\u00e3o de revis\u00e3o das notas ser\u00e1 divulgado, individualmente, at\u00e9 o dia\u00a0<b>14 de novembro de 2025<\/b>, pela Institui\u00e7\u00e3o Associada, aos candidatos que a solicitaram.<\/i>&#8220;<\/div>\n<\/div>\n<div><\/div>\n<div>A classifica\u00e7\u00e3o geral ser\u00e1 publicada at\u00e9 o dia 19 de novembro.<\/div>\n<div><\/div>\n<hr \/>\n<p class=\"font_8\" style=\"text-align: left\"><span class=\"color_25\">O PROFMAT &#8211; Mestrado Profissional em Matem\u00e1tica em Rede Nacional \u00e9 um curso semipresencial, com oferta nacional, realizado por uma rede de Institui\u00e7\u00f5es de Ensino Superior, no contexto da Universidade Aberta do Brasil, e coordenado pela Sociedade Brasileira de Matem\u00e1tica.<\/span><\/p>\n<p class=\"font_8\" style=\"text-align: left\"><span class=\"color_25\">O PROFMAT visa atender professores de Matem\u00e1tica em exerc\u00edcio no ensino b\u00e1sico, especialmente na escola p\u00fablica, que busquem aprimoramento em sua forma\u00e7\u00e3o profissional, com \u00eanfase no dom\u00ednio aprofundado de conte\u00fado matem\u00e1tico relevante para sua atua\u00e7\u00e3o docente. O Programa opera em ampla escala, com o objetivo de, a m\u00e9dio prazo, ter impacto substantivo na forma\u00e7\u00e3o matem\u00e1tica do professor em todo o territ\u00f3rio nacional.<\/span><\/p>\n<p style=\"text-align: left\">Os objetivos do PROFMAT s\u00e3o consistentes com a miss\u00e3o estatut\u00e1ria da SBM de\u00a0&#8220;Estimular a melhoria do ensino de Matem\u00e1tica em todos os n\u00edveis&#8221;\u00a0e tamb\u00e9m vem ao encontro da\u00a0<a href=\"http:\/\/legislacao.planalto.gov.br\/legisla\/legislacao.nsf\/Viw_Identificacao\/lei%2013.005-2014?OpenDocument\" target=\"_blank\" rel=\"noopener noreferrer\">LEI N\u00ba 13.005, DE\u00a025 JUNHO DE 2014<\/a>\u00a0(Plano Nacional de Educa\u00e7\u00e3o), que coloca em sua Meta 16:\u00a0formar, em n\u00edvel de p\u00f3s-gradua\u00e7\u00e3o, 50% (cinquenta por cento) dos professores da educa\u00e7\u00e3o b\u00e1sica, at\u00e9 o \u00faltimo ano de vig\u00eancia deste PNE, e garantir a todos (as) os (as) profissionais da educa\u00e7\u00e3o b\u00e1sica forma\u00e7\u00e3o continuada em sua \u00e1rea de atua\u00e7\u00e3o, considerando as necessidades, demandas e contextualiza\u00e7\u00f5es dos sistemas de ensino.<\/p>\n<p class=\"font_8\" style=\"text-align: left\"><span class=\"color_25\">O PROFMAT foi recomendado pelo Conselho T\u00e9cnico-Cient\u00edfico da Educa\u00e7\u00e3o Superior \u2013 CTC-ES da CAPES, em sua reuni\u00e3o, realizada nos dias 25 a 29 de outubro de 2010. O reconhecimento do PROFMAT pelo CNE (Conselho Nacional de Educa\u00e7\u00e3o) foi concebido atrav\u00e9s da Portaria n\u00b0 1325, publicada no D.O.U. de 22\/9\/2011, Se\u00e7\u00e3o 1, P\u00e1g. 634, e Retificada pela Portaria n\u00b0 1105, publicada no D.O.U. de 4\/9\/2012, Se\u00e7\u00e3o 1, P\u00e1g. 97.<\/span><\/p>\n<p class=\"font_8\" style=\"text-align: left\"><span class=\"color_25\"><span class=\"wixGuard\">\u200b<\/span><\/span><span class=\"color_25\">No final de 2010, foi aprovado, pelo Conselho Universit\u00e1rio, a ades\u00e3o da UENF ao PROFMAT. Em dezembro do mesmo ano, a UENF foi selecionada pelo Conselho Gestor do PROFMAT para integrar a Rede Nacional do Programa. Em 2011 o Programa inicia suas atividades\u00a0tendo como objetivo proporcionar forma\u00e7\u00e3o matem\u00e1tica aprofundada, relevante e articulada com o exerc\u00edcio da doc\u00eancia no Ensino B\u00e1sico, visando fornecer ao egresso qualifica\u00e7\u00e3o certificada para o exerc\u00edcio da respectiva profiss\u00e3o.<\/span><\/p>\n<p>&nbsp;<\/p>\n<p><strong>Coordenador:<\/strong> NELSON MACHADO BARBOSA<\/p>\n<p><strong>Contato:<\/strong> (22)2748-6226<\/p>\n<p><strong>e-mail:\u00a0<\/strong>pgmat@uenf.br<\/p>\n","protected":false},"excerpt":{"rendered":"<p>Importante: Resultado do ENA-2026 &#8211; PROFMAT\/UENF. De acordo com o edital, &#8220;Eventuais solicita\u00e7\u00f5es de revis\u00e3o das notas poder\u00e3o ser feitas&#8230;<\/p>\n","protected":false},"author":29,"featured_media":0,"parent":0,"menu_order":1,"comment_status":"closed","ping_status":"closed","template":"","meta":{"footnotes":""},"class_list":["post-2","page","type-page","status-publish","hentry"],"_links":{"self":[{"href":"https:\/\/uenf.br\/posgraduacao\/matematica\/wp-json\/wp\/v2\/pages\/2","targetHints":{"allow":["GET"]}}],"collection":[{"href":"https:\/\/uenf.br\/posgraduacao\/matematica\/wp-json\/wp\/v2\/pages"}],"about":[{"href":"https:\/\/uenf.br\/posgraduacao\/matematica\/wp-json\/wp\/v2\/types\/page"}],"author":[{"embeddable":true,"href":"https:\/\/uenf.br\/posgraduacao\/matematica\/wp-json\/wp\/v2\/users\/29"}],"replies":[{"embeddable":true,"href":"https:\/\/uenf.br\/posgraduacao\/matematica\/wp-json\/wp\/v2\/comments?post=2"}],"version-history":[{"count":0,"href":"https:\/\/uenf.br\/posgraduacao\/matematica\/wp-json\/wp\/v2\/pages\/2\/revisions"}],"wp:attachment":[{"href":"https:\/\/uenf.br\/posgraduacao\/matematica\/wp-json\/wp\/v2\/media?parent=2"}],"curies":[{"name":"wp","href":"https:\/\/api.w.org\/{rel}","templated":true}]}}