{"id":25,"date":"2017-08-23T10:49:00","date_gmt":"2017-08-23T13:49:00","guid":{"rendered":"http:\/\/uenf.br\/posgraduacao\/matematica\/?page_id=25"},"modified":"2020-02-14T09:25:54","modified_gmt":"2020-02-14T12:25:54","slug":"dissertacoes","status":"publish","type":"page","link":"https:\/\/uenf.br\/posgraduacao\/matematica\/dissertacoes\/","title":{"rendered":"Disserta\u00e7\u00f5es"},"content":{"rendered":"<p>A disserta\u00e7\u00e3o de Mestrado versa sobre temas espec\u00edficos pertinentes ao curr\u00edculo de matem\u00e1tica do Ensino B\u00e1sico e que tenham impacto na pr\u00e1tica did\u00e1tica em sala de aula. Orienta\u00e7\u00f5es de como elaborar sua disserta\u00e7\u00e3o voc\u00ea encontra no <a href=\"https:\/\/uenf.br\/posgraduacao\/matematica\/wp-content\/uploads\/sites\/14\/2017\/08\/TCC_Indutor.pdf\" target=\"_blank\" rel=\"noopener noreferrer\">Banco Indutor de Trabalho de Conclus\u00e3o de Curso.<\/a>\u00a0Na <a href=\"http:\/\/bit.profmat-sbm.org.br\/xmlui\/\" target=\"_blank\" rel=\"noopener noreferrer\">Biblioteca Digital do PROFMAT<\/a> voc\u00ea encontra as disserta\u00e7\u00f5es conclu\u00eddas do PROFMAT.<\/p>\n<p>O Formato das disserta\u00e7\u00f5es seguem as normas ABNT NBR 14724:2011 e o\u00a0template da disserta\u00e7\u00e3o voc\u00ea encontra <a href=\"https:\/\/uenf.br\/posgraduacao\/matematica\/teses-de-mestrado\/sobre-as-dissertacoes\/?preview=true\">aqui<\/a>.<\/p>\n<h4>Disserta\u00e7\u00f5es defendidas<\/h4>\n<p><a href=\"https:\/\/uenf.br\/posgraduacao\/matematica\/dissertacoes\/dissertacoes-defendidas-em-2019\/\" target=\"_blank\" rel=\"noopener noreferrer\">2019<\/a> &#8211;\u00a0<a href=\"https:\/\/uenf.br\/posgraduacao\/matematica\/dissertacoes\/dissertacoes-defendidas-em-2018\/\" target=\"_blank\" rel=\"noopener noreferrer\">2018<\/a> &#8211; <a href=\"https:\/\/uenf.br\/posgraduacao\/matematica\/dissertacoes\/dissertacoes-defendidas-em-2017\/\">2017<\/a> &#8211; <a href=\"https:\/\/uenf.br\/posgraduacao\/matematica\/dissertacoes\/dissertacoes-defendidas-em-2016\/\">2016<\/a> &#8211; <a href=\"https:\/\/uenf.br\/posgraduacao\/matematica\/dissertacoes\/dissertacoes-defendidas-em-2015\/\">2015<\/a> &#8211; <a href=\"https:\/\/uenf.br\/posgraduacao\/matematica\/dissertacoes\/dissertacoes-defendidas-em-2014\/\">2014<\/a> &#8211; <a href=\"https:\/\/uenf.br\/posgraduacao\/matematica\/dissertacoes-defendidas-em-2013\/\">2013<\/a><\/p>\n<p>&nbsp;<\/p>\n<p>&nbsp;<\/p>\n","protected":false},"excerpt":{"rendered":"<p>A disserta\u00e7\u00e3o de Mestrado versa sobre temas espec\u00edficos pertinentes ao curr\u00edculo de matem\u00e1tica do Ensino B\u00e1sico e que tenham impacto&#8230;<\/p>\n","protected":false},"author":30,"featured_media":0,"parent":0,"menu_order":40,"comment_status":"closed","ping_status":"closed","template":"","meta":{"footnotes":""},"class_list":["post-25","page","type-page","status-publish","hentry"],"_links":{"self":[{"href":"https:\/\/uenf.br\/posgraduacao\/matematica\/wp-json\/wp\/v2\/pages\/25","targetHints":{"allow":["GET"]}}],"collection":[{"href":"https:\/\/uenf.br\/posgraduacao\/matematica\/wp-json\/wp\/v2\/pages"}],"about":[{"href":"https:\/\/uenf.br\/posgraduacao\/matematica\/wp-json\/wp\/v2\/types\/page"}],"author":[{"embeddable":true,"href":"https:\/\/uenf.br\/posgraduacao\/matematica\/wp-json\/wp\/v2\/users\/30"}],"replies":[{"embeddable":true,"href":"https:\/\/uenf.br\/posgraduacao\/matematica\/wp-json\/wp\/v2\/comments?post=25"}],"version-history":[{"count":0,"href":"https:\/\/uenf.br\/posgraduacao\/matematica\/wp-json\/wp\/v2\/pages\/25\/revisions"}],"wp:attachment":[{"href":"https:\/\/uenf.br\/posgraduacao\/matematica\/wp-json\/wp\/v2\/media?parent=25"}],"curies":[{"name":"wp","href":"https:\/\/api.w.org\/{rel}","templated":true}]}}