{"id":298,"date":"2017-09-05T09:52:37","date_gmt":"2017-09-05T12:52:37","guid":{"rendered":"http:\/\/uenf.br\/posgraduacao\/matematica\/?page_id=298"},"modified":"2022-01-11T17:06:16","modified_gmt":"2022-01-11T20:06:16","slug":"sem","status":"publish","type":"page","link":"https:\/\/uenf.br\/posgraduacao\/matematica\/funcionamento\/sem\/","title":{"rendered":"Sele\u00e7\u00e3o e Matr\u00edcula"},"content":{"rendered":"<h4>Exame de Admiss\u00e3o<\/h4>\n<p class=\"font_8\">A admiss\u00e3o de discentes no PROFMAT dar-se-\u00e1 exclusivamente por meio de um Exame Nacional de Acesso &#8211; ENA, o qual \u00e9 regulamentado por Edital, elaborado pela Coordena\u00e7\u00e3o Acad\u00eamica Nacional, publicado previamente no site\u00a0do PROFMAT na internet.<\/p>\n<p class=\"font_8\">Para 2022, a UENF oferece 17 vagas, ver no site do PROFMAT o <a href=\"https:\/\/sbm.org.br\/profmat\/wp-content\/uploads\/sites\/4\/sites\/4\/2021\/10\/EDITAL-DO-EXAME-NACIONAL-DE-ACESSO-AO-PROFMAT-2022.pdf\" target=\"_blank\" rel=\"noopener\">Edital do Exame Nacional de Acesso 2022<\/a>.<\/p>\n<p class=\"font_8\">Em atendimento ao disposto na lei\u00a0n\u00ba 6914 de 6 de novembro de 2014, do total das vagas oferecidas:<\/p>\n<p class=\"font_8\">1. 12% para estudantes graduados negros e ind\u00edgenas;<\/p>\n<p class=\"font_8\">2. 12% para graduados da rede p\u00fablica e privada de ensino superior;<\/p>\n<p class=\"font_8\">3. 6% para pessoas com defici\u00eancia, nos termos da legisla\u00e7\u00e3o em vigor, filhos de policiais civis e militares, bombeiros e inspetores de seguran\u00e7a\u00a0e administra\u00e7\u00e3o penitenci\u00e1ria, mortos ou incapacitados em raz\u00e3o de servi\u00e7o.<\/p>\n<p class=\"font_8\">As instru\u00e7\u00f5es sobre a documenta\u00e7\u00e3o necess\u00e1ria, assim como os formul\u00e1rios de declara\u00e7\u00e3o, se encontram na aba\u00a0formul\u00e1rios.<\/p>\n<h4>Matr\u00edcula<\/h4>\n<p>A matr\u00edcula ser\u00e1 realizada na Secretaria Acad\u00eamica da Reitoria, ap\u00f3s a divulga\u00e7\u00e3o do Resultado final do ENA, segundo o calend\u00e1rio estabelecido pela Comiss\u00e3o Coordenadora do Programa respeitando o Cronograma do Edital do ENA do respectivo ano.<\/p>\n<p>Para a matr\u00edcula s\u00e3o necess\u00e1rios os seguintes documentos:<\/p>\n<ul>\n<li>\n<p class=\"font_8\">C\u00f3pia dos seguintes documentos(duas c\u00f3pias):<\/p>\n<\/li>\n<li>\n<p class=\"font_8\">Identidade;<\/p>\n<\/li>\n<li>\n<p class=\"font_8\">Certid\u00e3o de Nascimento ou Casamento;<\/p>\n<\/li>\n<li>\n<p class=\"font_8\">T\u00edtulo de Eleitor;<\/p>\n<\/li>\n<li>\n<p class=\"font_8\">CPF:<\/p>\n<\/li>\n<li>\n<p class=\"font_8\">Certificado Militar;<\/p>\n<\/li>\n<li>\n<p class=\"font_8\">Hist\u00f3rico definitivo da Gradua\u00e7\u00e3o;<\/p>\n<\/li>\n<li>\n<p class=\"font_8\">Diploma da Gradua\u00e7\u00e3o;<\/p>\n<\/li>\n<li>\n<p class=\"font_8\">1 Foto.<\/p>\n<\/li>\n<\/ul>\n<p class=\"font_8\">Professor da Rede P\u00fablica dever\u00e1 acrescentar os seguintes documentos:<\/p>\n<ol class=\"font_8\">\n<li>\n<p class=\"font_8\">Contracheque ou Declara\u00e7\u00e3o da Secretaria de Educa\u00e7\u00e3o (estadual ou municipal) com data anterior m\u00e1xima de 30 (trinta) dias ou Ato de Nomea\u00e7\u00e3o (no Di\u00e1rio Oficial) e;<\/p>\n<\/li>\n<li>\n<p class=\"font_8\">Declara\u00e7\u00e3o do Diretor da escola, com firma reconhecida e com data anterior m\u00e1xima de 30 (trinta) dias, de que se encontra no exerc\u00edcio da doc\u00eancia de Matem\u00e1tica no ensino b\u00e1sico.<\/p>\n<\/li>\n<\/ol>\n<p class=\"font_8\">Caso n\u00e3o ocorra esta comprova\u00e7\u00e3o, o candidato ser\u00e1 desclassificado do certame, sem direito a devolu\u00e7\u00e3o da taxa de inscri\u00e7\u00e3o.<\/p>\n<p><strong>Obs:<\/strong> \u00a0A exig\u00eancia destes documentos n\u00e3o est\u00e1 relacionada com a documenta\u00e7\u00e3o necess\u00e1ria para a concess\u00e3o de Bolsas.<\/p>\n<p>&nbsp;<\/p>\n<p>&nbsp;<\/p>\n","protected":false},"excerpt":{"rendered":"<p>Exame de Admiss\u00e3o A admiss\u00e3o de discentes no PROFMAT dar-se-\u00e1 exclusivamente por meio de um Exame Nacional de Acesso &#8211;&#8230;<\/p>\n","protected":false},"author":30,"featured_media":0,"parent":54,"menu_order":2,"comment_status":"closed","ping_status":"closed","template":"","meta":{"footnotes":""},"class_list":["post-298","page","type-page","status-publish","hentry"],"_links":{"self":[{"href":"https:\/\/uenf.br\/posgraduacao\/matematica\/wp-json\/wp\/v2\/pages\/298","targetHints":{"allow":["GET"]}}],"collection":[{"href":"https:\/\/uenf.br\/posgraduacao\/matematica\/wp-json\/wp\/v2\/pages"}],"about":[{"href":"https:\/\/uenf.br\/posgraduacao\/matematica\/wp-json\/wp\/v2\/types\/page"}],"author":[{"embeddable":true,"href":"https:\/\/uenf.br\/posgraduacao\/matematica\/wp-json\/wp\/v2\/users\/30"}],"replies":[{"embeddable":true,"href":"https:\/\/uenf.br\/posgraduacao\/matematica\/wp-json\/wp\/v2\/comments?post=298"}],"version-history":[{"count":0,"href":"https:\/\/uenf.br\/posgraduacao\/matematica\/wp-json\/wp\/v2\/pages\/298\/revisions"}],"up":[{"embeddable":true,"href":"https:\/\/uenf.br\/posgraduacao\/matematica\/wp-json\/wp\/v2\/pages\/54"}],"wp:attachment":[{"href":"https:\/\/uenf.br\/posgraduacao\/matematica\/wp-json\/wp\/v2\/media?parent=298"}],"curies":[{"name":"wp","href":"https:\/\/api.w.org\/{rel}","templated":true}]}}