{"id":540,"date":"2019-02-05T15:33:00","date_gmt":"2019-02-05T17:33:00","guid":{"rendered":"http:\/\/uenf.br\/posgraduacao\/matematica\/?page_id=540"},"modified":"2019-09-24T16:00:00","modified_gmt":"2019-09-24T19:00:00","slug":"dissertacoes-defendidas-em-2018","status":"publish","type":"page","link":"https:\/\/uenf.br\/posgraduacao\/matematica\/dissertacoes\/dissertacoes-defendidas-em-2018\/","title":{"rendered":"Disserta\u00e7\u00f5es defendidas em 2018"},"content":{"rendered":"<p>&nbsp;<\/p>\n<fieldset>\n<legend><a href=\"https:\/\/uenf.br\/posgraduacao\/matematica\/wp-content\/uploads\/sites\/14\/2019\/02\/22102018-Erika-Figueredo-Alves.pdf\" target=\"_blank\" rel=\"noopener noreferrer\">M\u00c1XIMOS E M\u00cdNIMOS NA PERSPECTIVA DO ENSINO DE MATEM\u00c1TICA NA ATUALIDADE<\/a><\/legend>\n<p style=\"text-align: left\"><strong>Autor: THIAGO TAVARES VITAL<\/strong><br \/>\n<strong>Orientador:<\/strong> Prof. Rigoberto Gregorio Sanabria Castro<br \/>\n<strong>Data da Defesa:<\/strong> 04\/12\/2018<br \/>\n<strong>Situa\u00e7\u00e3o:<\/strong> Conclu\u00edda<\/p>\n<\/fieldset>\n<p>&nbsp;<\/p>\n<fieldset>\n<legend><a href=\"https:\/\/uenf.br\/posgraduacao\/matematica\/wp-content\/uploads\/sites\/14\/2019\/02\/22102018-Erika-Figueredo-Alves.pdf\" target=\"_blank\" rel=\"noopener noreferrer\">M\u00c1XIMOS E M\u00cdNIMOS NA PERSPECTIVA DO ENSINO DE MATEM\u00c1TICA NA ATUALIDADE<\/a><\/legend>\n<p style=\"text-align: left\"><strong>Autor: B\u00c1RBARA S\u00d3TA QUINT\u00c3N<\/strong><br \/>\n<strong>Orientador:<\/strong> Prof. Oscar Alfredo Paz La Torre<br \/>\n<strong>Data da Defesa:<\/strong> 04\/12\/2018<br \/>\n<strong>Situa\u00e7\u00e3o:<\/strong> Conclu\u00edda<\/p>\n<\/fieldset>\n<p>&nbsp;<\/p>\n<fieldset>\n<legend><a href=\"https:\/\/uenf.br\/posgraduacao\/matematica\/wp-content\/uploads\/sites\/14\/2019\/02\/22102018-Erika-Figueredo-Alves.pdf\" target=\"_blank\" rel=\"noopener noreferrer\">M\u00c1XIMOS E M\u00cdNIMOS NA PERSPECTIVA DO ENSINO DE MATEM\u00c1TICA NA ATUALIDADE<\/a><\/legend>\n<p style=\"text-align: left\"><strong>Autor: GILMAR FERREIRA FONTES<\/strong><br \/>\n<strong>Orientador:<\/strong> Prof. Nelson Machado Barbosa<br \/>\n<strong>Data da Defesa:<\/strong> 29\/11\/2018<br \/>\n<strong>Situa\u00e7\u00e3o:<\/strong> Conclu\u00edda<\/p>\n<\/fieldset>\n<p>&nbsp;<\/p>\n<fieldset>\n<legend><a href=\"https:\/\/uenf.br\/posgraduacao\/matematica\/wp-content\/uploads\/sites\/14\/2019\/02\/22102018-Erika-Figueredo-Alves.pdf\" target=\"_blank\" rel=\"noopener noreferrer\">M\u00c1XIMOS E M\u00cdNIMOS NA PERSPECTIVA DO ENSINO DE MATEM\u00c1TICA NA ATUALIDADE<\/a><\/legend>\n<p style=\"text-align: left\"><strong>Autor: \u00c9RIKA FIGUER\u00caDO ALVES<\/strong><br \/>\n<strong>Orientador:<\/strong> Profa. Liliana Angelina Le\u00f3n Mescua<br \/>\n<strong>Data da Defesa:<\/strong>\u00a022\/10\/2018<br \/>\n<strong>Situa\u00e7\u00e3o:<\/strong> Conclu\u00edda<\/p>\n<\/fieldset>\n<p>&nbsp;<\/p>\n<fieldset>\n<legend><a href=\"https:\/\/uenf.br\/posgraduacao\/matematica\/wp-content\/uploads\/sites\/14\/2019\/02\/27062018Rackel-de-Carvalho-Teixeira.pdf\" target=\"_blank\" rel=\"noopener noreferrer\">UMA MANEIRA DIN\u00c2MICA DE<br \/>\nAPRENDER \u00c1REA E PER\u00cdMETRO DE FIGURAS PLANAS A PARTIR DE SITUA\u00c7\u00d5ES CONCRETAS E L\u00daDICAS<\/a><\/legend>\n<p style=\"text-align: left\"><strong>Autor: RACKEL DE CARVALHO TEIXEIRA<\/strong><br \/>\n<strong>Orientador:<\/strong> Prof. Rigoberto Gregorio Sanabria Castro<br \/>\n<strong>Data da Defesa:<\/strong>\u00a027\/06\/2018<br \/>\n<strong>Situa\u00e7\u00e3o:<\/strong> Conclu\u00edda<\/p>\n<\/fieldset>\n<p>&nbsp;<\/p>\n<fieldset>\n<legend><a href=\"https:\/\/uenf.br\/posgraduacao\/matematica\/wp-content\/uploads\/sites\/14\/2019\/02\/30052018-Eliete-Gomes-Torquato-Gonzaga.pdf\" target=\"_blank\" rel=\"noopener noreferrer\">O TEATRO COMO RECURSO DID\u00c1TICO PARA MOTIVAR OS ALUNOS DO 3\u00ba ANO DO ENSINO M\u00c9DIO NA APRENDIZAGEM DE MATEM\u00c1TICA<\/a><\/legend>\n<p style=\"text-align: left\"><strong>Autor: ELIETE GOMES TORQUATO GONZAGA<\/strong><br \/>\n<strong>Orientador:<\/strong> Prof. Geraldo de Oliveira Filho<br \/>\n<strong>Data da Defesa:<\/strong>\u00a030\/05\/2018<br \/>\n<strong>Situa\u00e7\u00e3o:<\/strong> Conclu\u00edda<\/p>\n<\/fieldset>\n<p>&nbsp;<\/p>\n","protected":false},"excerpt":{"rendered":"<p>&nbsp; M\u00c1XIMOS E M\u00cdNIMOS NA PERSPECTIVA DO ENSINO DE MATEM\u00c1TICA NA ATUALIDADE Autor: THIAGO TAVARES VITAL Orientador: Prof. Rigoberto Gregorio&#8230;<\/p>\n","protected":false},"author":30,"featured_media":0,"parent":25,"menu_order":38,"comment_status":"closed","ping_status":"closed","template":"","meta":{"footnotes":""},"class_list":["post-540","page","type-page","status-publish","hentry"],"_links":{"self":[{"href":"https:\/\/uenf.br\/posgraduacao\/matematica\/wp-json\/wp\/v2\/pages\/540","targetHints":{"allow":["GET"]}}],"collection":[{"href":"https:\/\/uenf.br\/posgraduacao\/matematica\/wp-json\/wp\/v2\/pages"}],"about":[{"href":"https:\/\/uenf.br\/posgraduacao\/matematica\/wp-json\/wp\/v2\/types\/page"}],"author":[{"embeddable":true,"href":"https:\/\/uenf.br\/posgraduacao\/matematica\/wp-json\/wp\/v2\/users\/30"}],"replies":[{"embeddable":true,"href":"https:\/\/uenf.br\/posgraduacao\/matematica\/wp-json\/wp\/v2\/comments?post=540"}],"version-history":[{"count":0,"href":"https:\/\/uenf.br\/posgraduacao\/matematica\/wp-json\/wp\/v2\/pages\/540\/revisions"}],"up":[{"embeddable":true,"href":"https:\/\/uenf.br\/posgraduacao\/matematica\/wp-json\/wp\/v2\/pages\/25"}],"wp:attachment":[{"href":"https:\/\/uenf.br\/posgraduacao\/matematica\/wp-json\/wp\/v2\/media?parent=540"}],"curies":[{"name":"wp","href":"https:\/\/api.w.org\/{rel}","templated":true}]}}