{"id":56,"date":"2017-08-28T10:46:54","date_gmt":"2017-08-28T13:46:54","guid":{"rendered":"http:\/\/uenf.br\/posgraduacao\/matematica\/?page_id=56"},"modified":"2017-09-05T09:10:51","modified_gmt":"2017-09-05T12:10:51","slug":"disciplinas","status":"publish","type":"page","link":"https:\/\/uenf.br\/posgraduacao\/matematica\/funcionamento\/disciplinas\/","title":{"rendered":"Disciplinas"},"content":{"rendered":"<p>O Programa, em integraliza\u00e7\u00e3o com as disciplinas do PROFMAT, oferece as seguintes disciplinas:<\/p>\n<h4>Disciplinas Obrigat\u00f3rias:<\/h4>\n<p class=\"font_8\"><span class=\"color_25\">MAT 1711 \u00a0N\u00fameros, Conjuntos e Fun\u00e7\u00f5es Elementares<\/span><\/p>\n<p class=\"font_8\"><span class=\"color_25\">MAT 1712 \u00a0Matem\u00e1tica Discreta<\/span><\/p>\n<p class=\"font_8\"><span class=\"color_25\">MAT 1713 \u00a0Geometria<\/span><\/p>\n<p class=\"font_8\"><span class=\"color_25\">MAT 1714 \u00a0Aritm\u00e9tica<\/span><\/p>\n<p class=\"font_8\"><span class=\"color_25\">MAT 1721 \u00a0Resolu\u00e7\u00e3o de Problemas<\/span><\/p>\n<p class=\"font_8\"><span class=\"color_25\">MAT 1723 \u00a0Fundamentos de C\u00e1lculo<\/span><\/p>\n<p class=\"font_8\"><span class=\"color_25\">MAT 1722\u00a0\u00a0Geometria Anal\u00edtica<\/span><\/p>\n<p class=\"font_8\"><span class=\"color_25\">MAT 1724 \u00a0Trabalho de Conclus\u00e3o de Curso<\/span><\/p>\n<p class=\"font_8\"><span class=\"color_25\">MAT 1701 \u00a0Semin\u00e1rio I<\/span><\/p>\n<p class=\"font_8\"><span class=\"color_25\">MAT 1702 \u00a0Semin\u00e1rio II<\/span><\/p>\n<h4 class=\"font_8\"><span class=\"color_25\">Disciplinas Eletivas:<\/span><\/h4>\n<p class=\"font_8\"><span class=\"color_25\">MAT 1731 \u00a0T\u00f3picos de Hist\u00f3ria da Matem\u00e1tica<\/span><\/p>\n<p class=\"font_8\"><span class=\"color_25\">MAT 1732\u00a0 T\u00f3picos de Teoria dos N\u00fameros<\/span><\/p>\n<p class=\"font_8\"><span class=\"color_25\">MAT 1733\u00a0\u00a0Introdu\u00e7\u00e3o \u00e0 \u00c1lgebra Linear<\/span><\/p>\n<p class=\"font_8\"><span class=\"color_25\">MAT 1734\u00a0\u00a0T\u00f3picos de C\u00e1lculo Diferencial e Integral<\/span><\/p>\n<p class=\"font_8\"><span class=\"color_25\">MAT 1735\u00a0\u00a0Matem\u00e1tica e Atualidade<\/span><\/p>\n<p class=\"font_8\"><span class=\"color_25\">MAT 1736\u00a0\u00a0Recursos Computacionais no Ensino da Matem\u00e1tica<\/span><\/p>\n<p class=\"font_8\"><span class=\"color_25\">MAT 1737\u00a0\u00a0Modelagem Matem\u00e1tica<\/span><\/p>\n<p class=\"font_8\"><span class=\"color_25\">MAT 1738 \u00a0Polin\u00f4mios e Equa\u00e7\u00f5es Alg\u00e9bricas<\/span><\/p>\n<p class=\"font_8\"><span class=\"color_25\">MAT 1739 \u00a0Geometria Espacial<\/span><\/p>\n<p class=\"font_8\"><span class=\"color_25\">MAT 1740 \u00a0T\u00f3picos de Matem\u00e1tica<\/span><\/p>\n<p class=\"font_8\"><span class=\"color_25\">MAT 1741 \u00a0Probabilidade e Estat\u00edstica<\/span><\/p>\n<p class=\"font_8\"><span class=\"color_25\">MAT 1742 \u00a0Avalia\u00e7\u00e3o Educacional<\/span><\/p>\n<p class=\"font_8\"><span class=\"color_25\">MAT 1743 \u00a0C\u00e1lculo Num\u00e9rico<\/span><\/p>\n<p class=\"font_8\"><span class=\"color_25\">MAT 1750 \u00a0Pesquisa para Disserta\u00e7\u00e3o de Mestrado<\/span><\/p>\n","protected":false},"excerpt":{"rendered":"<p>O Programa, em integraliza\u00e7\u00e3o com as disciplinas do PROFMAT, oferece as seguintes disciplinas: Disciplinas Obrigat\u00f3rias: MAT 1711 \u00a0N\u00fameros, Conjuntos e&#8230;<\/p>\n","protected":false},"author":30,"featured_media":0,"parent":54,"menu_order":4,"comment_status":"closed","ping_status":"closed","template":"","meta":{"footnotes":""},"class_list":["post-56","page","type-page","status-publish","hentry"],"_links":{"self":[{"href":"https:\/\/uenf.br\/posgraduacao\/matematica\/wp-json\/wp\/v2\/pages\/56","targetHints":{"allow":["GET"]}}],"collection":[{"href":"https:\/\/uenf.br\/posgraduacao\/matematica\/wp-json\/wp\/v2\/pages"}],"about":[{"href":"https:\/\/uenf.br\/posgraduacao\/matematica\/wp-json\/wp\/v2\/types\/page"}],"author":[{"embeddable":true,"href":"https:\/\/uenf.br\/posgraduacao\/matematica\/wp-json\/wp\/v2\/users\/30"}],"replies":[{"embeddable":true,"href":"https:\/\/uenf.br\/posgraduacao\/matematica\/wp-json\/wp\/v2\/comments?post=56"}],"version-history":[{"count":0,"href":"https:\/\/uenf.br\/posgraduacao\/matematica\/wp-json\/wp\/v2\/pages\/56\/revisions"}],"up":[{"embeddable":true,"href":"https:\/\/uenf.br\/posgraduacao\/matematica\/wp-json\/wp\/v2\/pages\/54"}],"wp:attachment":[{"href":"https:\/\/uenf.br\/posgraduacao\/matematica\/wp-json\/wp\/v2\/media?parent=56"}],"curies":[{"name":"wp","href":"https:\/\/api.w.org\/{rel}","templated":true}]}}