{"id":563,"date":"2020-02-14T09:22:07","date_gmt":"2020-02-14T12:22:07","guid":{"rendered":"http:\/\/uenf.br\/posgraduacao\/matematica\/?page_id=563"},"modified":"2020-02-14T17:28:32","modified_gmt":"2020-02-14T20:28:32","slug":"dissertacoes-defendidas-em-2019","status":"publish","type":"page","link":"https:\/\/uenf.br\/posgraduacao\/matematica\/dissertacoes\/dissertacoes-defendidas-em-2019\/","title":{"rendered":"Disserta\u00e7\u00f5es defendidas em 2019"},"content":{"rendered":"<fieldset>\n<legend><a href=\"https:\/\/uenf.br\/posgraduacao\/matematica\/wp-content\/uploads\/sites\/14\/2020\/02\/170460732_ISABELA_ESTEPHANELI_CORTY_RIBEIRO.pdf\" target=\"_blank\" rel=\"noopener noreferrer\">UMA PROPOSTA DID\u00c1TICA COM A UTILIZA\u00c7\u00c3O DE JOGOS, MATERIAIS MANIPULATIVOS E<br \/>\nCONTEXTUALIZA\u00c7\u00c3O VISANDO O ENSINO-APRENDIZAGEM DE FRA\u00c7\u00d5ES<\/a><\/legend>\n<p style=\"text-align: left\"><strong>Autor: ISABELA ESTEPHANELI CORTY RIBEIRO<\/strong><br \/>\n<strong>Orientador:<\/strong> Prof. Nelson Machado Barbosa<br \/>\n<strong>Data da Defesa:<\/strong> 29\/11\/2019<br \/>\n<strong>Situa\u00e7\u00e3o:<\/strong> Conclu\u00edda<\/p>\n<\/fieldset>\n<p>&nbsp;<\/p>\n<fieldset>\n<legend><a href=\"https:\/\/uenf.br\/posgraduacao\/matematica\/wp-content\/uploads\/sites\/14\/2020\/02\/170461445_PRISCIANE_DA_SILVA_VALLERIOTE.pdf\" target=\"_blank\" rel=\"noopener noreferrer\">UMA PROPOSTA PARA O ENSINO E APRENDIZAGEM DE EQUA\u00c7\u00d5ES E INEQUA\u00c7\u00d5ES DO 1\u00ba GRAU ATRAV\u00c9S DE RECURSOS L\u00daDICOS E MANIPUL\u00c1VEIS<\/a><\/legend>\n<p style=\"text-align: left\"><strong>Autor: PRSICIANE VALLERIOTE PINHEIRO<\/strong><br \/>\n<strong>Orientador:<\/strong> Profa. Elba Orocia Bravo Asenjo<br \/>\n<strong>Data da Defesa:<\/strong> 17\/10\/2019<br \/>\n<strong>Situa\u00e7\u00e3o:<\/strong> Conclu\u00edda<\/p>\n<\/fieldset>\n<p>&nbsp;<\/p>\n<fieldset>\n<legend><a href=\"https:\/\/uenf.br\/posgraduacao\/matematica\/wp-content\/uploads\/sites\/14\/2020\/02\/170460181_JONATAS_CAMPOS_SARLO.pdf\" target=\"_blank\" rel=\"noopener noreferrer\">ATIVIDADES VISANDO \u00c0 INCLUS\u00c3O DA EDUCA\u00c7\u00c3O FINANCEIRA NO CURR\u00cdCULO DE MATEM\u00c1TICA NO<br \/>\nENSINO B\u00c1SICO<\/a><\/legend>\n<p style=\"text-align: left\"><strong>Autor: JONATAS CAMPOS SARLO<\/strong><br \/>\n<strong>Orientador:<\/strong> Prof. Nelson Machado Barbosa<br \/>\n<strong>Data da Defesa:<\/strong> 20\/09\/2019<br \/>\n<strong>Situa\u00e7\u00e3o:<\/strong> Conclu\u00edda<\/p>\n<\/fieldset>\n<p>&nbsp;<\/p>\n<fieldset>\n<legend><a href=\"https:\/\/uenf.br\/posgraduacao\/matematica\/wp-content\/uploads\/sites\/14\/2020\/02\/170460031_JOSIE_PACHECO_DE_VASCONCELLOS_SOUZA.pdf\" target=\"_blank\" rel=\"noopener noreferrer\">SALA DE AULA INVERTIDA: UMA PROPOSTA PARA O ENSINO DE PROBABILIDADE<\/a><\/legend>\n<p style=\"text-align: left\"><strong>Autor: JOSIE PACHECO DE VASCONCELLOS SOUZA<\/strong><br \/>\n<strong>Orientador:<\/strong> Prof. Nelson Machado Barbosa<br \/>\n<strong>Data da Defesa:<\/strong> 20\/09\/2019<br \/>\n<strong>Situa\u00e7\u00e3o:<\/strong> Conclu\u00edda<\/p>\n<\/fieldset>\n<p>&nbsp;<\/p>\n<fieldset>\n<legend><a href=\"https:\/\/uenf.br\/posgraduacao\/matematica\/wp-content\/uploads\/sites\/14\/2020\/02\/170460074_PAMELLA_DE_ALVARENGA_SOUZA.pdf\" target=\"_blank\" rel=\"noopener noreferrer\">UMA PROPOSTA DID\u00c1TICA PARA O ESTUDO DE PROGRESS\u00d5ES POR MEIO DOS FRACTAIS: ROTA\u00c7\u00c3O POR ESTA\u00c7\u00d5ES<\/a><\/legend>\n<p style=\"text-align: left\"><strong>Autor: P\u00c2MELLA DE ALVARENGA SOUZA<\/strong><br \/>\n<strong>Orientador:<\/strong> Prof. Oscar Alfredo Paz La Torre<br \/>\n<strong>Coorientador:<\/strong> Profa. Gilmara Teixeira Barcelos Peixoto<br \/>\n<strong>Data da Defesa:<\/strong> 18\/06\/2019<br \/>\n<strong>Situa\u00e7\u00e3o:<\/strong> Conclu\u00edda<\/p>\n<\/fieldset>\n<p>&nbsp;<\/p>\n<fieldset>\n<legend><a href=\"https:\/\/uenf.br\/posgraduacao\/matematica\/wp-content\/uploads\/sites\/14\/2020\/02\/170460538_RAFAELA_DOS_SANTOS_SOUZA_MUNIZ.pdf\" target=\"_blank\" rel=\"noopener noreferrer\">O ENSINO DE FUN\u00c7\u00c3O PELA PERSPECTIVA DA TEORIA DOS REGISTROS DE REPRESENTA\u00c7\u00c3O<br \/>\nSEMI\u00d3TICA APOIADO POR TECNOLOGIAS DIGITAIS<\/a><\/legend>\n<p style=\"text-align: left\"><strong>Autor: RAFAELA DOS SANTOS SOUZA MUNIZ<\/strong><br \/>\n<strong>Orientador:<\/strong> Prof. Rigoberto Greg\u00f3rio Sanabria Castro<br \/>\n<strong>Coorientador:<\/strong> Profa. Arilise Morais de Almeida Lopes<br \/>\n<strong>Data da Defesa:<\/strong> 17\/06\/2019<br \/>\n<strong>Situa\u00e7\u00e3o:<\/strong> Conclu\u00edda<\/p>\n<\/fieldset>\n<p>&nbsp;<\/p>\n<fieldset>\n<legend><a href=\"https:\/\/uenf.br\/posgraduacao\/matematica\/wp-content\/uploads\/sites\/14\/2020\/02\/170460261_LARISSA_CONSOLE_DE_OLIVEIRA.pdf\" target=\"_blank\" rel=\"noopener noreferrer\">QUANTIFICADORES L\u00d3GICOS E TEORIA DOS CONJUNTOS: CONTRIBUI\u00c7\u00d5ES PARA RESOLU\u00c7\u00c3O DE<br \/>\nPROBLEMAS DE RACIOC\u00cdNIO L\u00d3GICO<\/a><\/legend>\n<p style=\"text-align: left\"><strong>Autor: LARISSA CONSOLE DE OLIVEIRA<\/strong><br \/>\n<strong>Orientador:<\/strong> Prof. Oscar Alfredo Paz La Torre<br \/>\n<strong>Data da Defesa:<\/strong> 23\/05\/2019<br \/>\n<strong>Situa\u00e7\u00e3o:<\/strong> Conclu\u00edda<\/p>\n<\/fieldset>\n<p>&nbsp;<\/p>\n<fieldset>\n<legend><a href=\"https:\/\/uenf.br\/posgraduacao\/matematica\/wp-content\/uploads\/sites\/14\/2020\/02\/170460521_NATHALIA_MELO_DO_BEM_VASCONCELOS.pdf\" target=\"_blank\" rel=\"noopener noreferrer\">ABORDAGEM PR\u00c1TICA DOS CONCEITOS DE \u00c1REA E PER\u00cdMETRO A PARTIR DA PLANTA BAIXA DE UMA ESCOLA<\/a><\/legend>\n<p style=\"text-align: left\"><strong>Autor: NATH\u00c1LIA MELO DO BEM VASCONCELOS<\/strong><br \/>\n<strong>Orientador:<\/strong> Prof. Rigoberto Greg\u00f3rio Sanabria Castro<br \/>\n<strong>Data da Defesa:<\/strong> 21\/05\/2019<br \/>\n<strong>Situa\u00e7\u00e3o:<\/strong> Conclu\u00edda<\/p>\n<\/fieldset>\n<p>&nbsp;<\/p>\n<fieldset>\n<legend><a href=\"https:\/\/uenf.br\/posgraduacao\/matematica\/wp-content\/uploads\/sites\/14\/2020\/02\/160461728_BRUNA_DE_CASSIA_SOARES_CAMARGO.pdf\" target=\"_blank\" rel=\"noopener noreferrer\">UMA PROPOSTA DE MATERIAL DE APOIO PARA O ENSINO DA FUN\u00c7\u00c3O AFIM<\/a><\/legend>\n<p style=\"text-align: left\"><strong>Autor: BRUNA DE C\u00c1SSIA SOARES CAMARGO<\/strong><br \/>\n<strong>Orientador:<\/strong> Prof. Oscar Alfredo Paz La Torre<br \/>\n<strong>Data da Defesa:<\/strong> 29\/04\/2019<br \/>\n<strong>Situa\u00e7\u00e3o:<\/strong> Conclu\u00edda<\/p>\n<\/fieldset>\n<p>&nbsp;<\/p>\n<fieldset>\n<legend><a href=\"https:\/\/uenf.br\/posgraduacao\/matematica\/wp-content\/uploads\/sites\/14\/2020\/02\/160460152_DIOGENES_FERNANDES_MARRA.pdf\" target=\"_blank\" rel=\"noopener noreferrer\">APLICA\u00c7\u00d5ES DA MATEM\u00c1TICA DO ENSINO M\u00c9DIO NA ENGENHARIA DE PETR\u00d3LEO<\/a><\/legend>\n<p style=\"text-align: left\"><strong>Autor: DI\u00d3GENES FERNANDES MARRA<\/strong><br \/>\n<strong>Orientador:<\/strong> Prof. Geraldo de Oliveira Filho<br \/>\n<strong>Data da Defesa:<\/strong> 18\/04\/2019<br \/>\n<strong>Situa\u00e7\u00e3o:<\/strong> Conclu\u00edda<\/p>\n<\/fieldset>\n<p>&nbsp;<\/p>\n<fieldset>\n<legend><a href=\"https:\/\/uenf.br\/posgraduacao\/matematica\/wp-content\/uploads\/sites\/14\/2020\/02\/160460578_SAMARA_DA_SILVA_CORREA.pdf\" target=\"_blank\" rel=\"noopener noreferrer\">UMA SEQU\u00caNCIA DID\u00c1TICA PARA O ENSINO E APRENDIZAGEM DE PROPORCIONALIDADE NO ENSINO M\u00c9DIO<\/a><\/legend>\n<p style=\"text-align: left\"><strong>Autor: SAMARA DA SILVA CORR\u00caA<\/strong><br \/>\n<strong>Orientador:<\/strong> Prof. Nelson Machado Barbosa<br \/>\n<strong>Data da Defesa:<\/strong> 17\/04\/2019<br \/>\n<strong>Situa\u00e7\u00e3o:<\/strong> Conclu\u00edda<\/p>\n<\/fieldset>\n<p>&nbsp;<\/p>\n<fieldset>\n<legend><a href=\"https:\/\/uenf.br\/posgraduacao\/matematica\/wp-content\/uploads\/sites\/14\/2020\/02\/160461086_CARLA_VALERIA_DIONIZIO_DE_SOUZA.pdf\" target=\"_blank\" rel=\"noopener noreferrer\">GEOMETRIA ESPACIAL SOB A METODOLOGIA DE ENSINO-APRENDIZAGEM-AVALIA\u00c7\u00c3O DE<br \/>\nMATEM\u00c1TICA ATRAV\u00c9S DA RESOLU\u00c7\u00c3O DE PROBLEMAS<\/a><\/legend>\n<p style=\"text-align: left\"><strong>Autor: CARLA VAL\u00c9RIA DION\u00cdZIO DE SOUZA<\/strong><br \/>\n<strong>Orientador:<\/strong> Prof. Elba Orocia Bravo Asenjo<br \/>\n<strong>Data da Defesa:<\/strong> 17\/04\/2019<br \/>\n<strong>Situa\u00e7\u00e3o:<\/strong> Conclu\u00edda<\/p>\n<\/fieldset>\n<p>&nbsp;<\/p>\n<fieldset>\n<legend><a href=\"https:\/\/uenf.br\/posgraduacao\/matematica\/wp-content\/uploads\/sites\/14\/2020\/02\/160460081_RAUL_ASSIS_CAMPOS_ALVES.pdf\" target=\"_blank\" rel=\"noopener noreferrer\">QUADRIL\u00c1TEROS INSCRIT\u00cdVEIS NA CIRCUNFER\u00caNCIA. UMA PROPOSTA DE ENSINO PARA O 9\u00b0 ANO DO ENSINO FUNDAMENTAL<\/a><\/legend>\n<p style=\"text-align: left\"><strong>Autor: RAUL ASSIS CAMPOS ALVES<\/strong><br \/>\n<strong>Orientador:<\/strong> Prof. Luiz Henrique Zeferino<br \/>\n<strong>Data da Defesa:<\/strong> 29\/03\/2019<br \/>\n<strong>Situa\u00e7\u00e3o:<\/strong> Conclu\u00edda<\/p>\n<\/fieldset>\n<p>&nbsp;<\/p>\n","protected":false},"excerpt":{"rendered":"<p>UMA PROPOSTA DID\u00c1TICA COM A UTILIZA\u00c7\u00c3O DE JOGOS, MATERIAIS MANIPULATIVOS E CONTEXTUALIZA\u00c7\u00c3O VISANDO O ENSINO-APRENDIZAGEM DE FRA\u00c7\u00d5ES Autor: ISABELA ESTEPHANELI&#8230;<\/p>\n","protected":false},"author":30,"featured_media":0,"parent":25,"menu_order":36,"comment_status":"closed","ping_status":"closed","template":"","meta":{"footnotes":""},"class_list":["post-563","page","type-page","status-publish","hentry"],"_links":{"self":[{"href":"https:\/\/uenf.br\/posgraduacao\/matematica\/wp-json\/wp\/v2\/pages\/563","targetHints":{"allow":["GET"]}}],"collection":[{"href":"https:\/\/uenf.br\/posgraduacao\/matematica\/wp-json\/wp\/v2\/pages"}],"about":[{"href":"https:\/\/uenf.br\/posgraduacao\/matematica\/wp-json\/wp\/v2\/types\/page"}],"author":[{"embeddable":true,"href":"https:\/\/uenf.br\/posgraduacao\/matematica\/wp-json\/wp\/v2\/users\/30"}],"replies":[{"embeddable":true,"href":"https:\/\/uenf.br\/posgraduacao\/matematica\/wp-json\/wp\/v2\/comments?post=563"}],"version-history":[{"count":0,"href":"https:\/\/uenf.br\/posgraduacao\/matematica\/wp-json\/wp\/v2\/pages\/563\/revisions"}],"up":[{"embeddable":true,"href":"https:\/\/uenf.br\/posgraduacao\/matematica\/wp-json\/wp\/v2\/pages\/25"}],"wp:attachment":[{"href":"https:\/\/uenf.br\/posgraduacao\/matematica\/wp-json\/wp\/v2\/media?parent=563"}],"curies":[{"name":"wp","href":"https:\/\/api.w.org\/{rel}","templated":true}]}}