{"id":61,"date":"2017-08-28T11:21:43","date_gmt":"2017-08-28T14:21:43","guid":{"rendered":"http:\/\/uenf.br\/posgraduacao\/matematica\/?page_id=61"},"modified":"2017-08-31T09:28:18","modified_gmt":"2017-08-31T12:28:18","slug":"exame-de-proficiencia-em-ingles","status":"publish","type":"page","link":"https:\/\/uenf.br\/posgraduacao\/matematica\/funcionamento\/exame-de-proficiencia-em-ingles\/","title":{"rendered":"Exame de Profici\u00eancia em Ingl\u00eas"},"content":{"rendered":"<p class=\"font_8\"><span class=\"color_25\">Todo aluno do Mestrado\u00a0dever\u00e1 demostrar profici\u00eancia em n\u00edvel de leitura em ingl\u00eas. O Exame de Profici\u00eancia em Ingl\u00eas \u00e9 oferecido duas vezes ao ano e\u00a0\u00e9 atribu\u00eddo um \u00fanico grau: Satisfat\u00f3rio ou N\u00e3o Satisfat\u00f3rio.<\/span><\/p>\n<p class=\"font_8\"><span class=\"color_25\">Os alunos do\u00a0mestrado dever\u00e3o ser aprovados no exame de ingl\u00eas em at\u00e9 1 ano e meio ap\u00f3s o in\u00edcio do curso.\u00a0<\/span><\/p>\n","protected":false},"excerpt":{"rendered":"<p>Todo aluno do Mestrado\u00a0dever\u00e1 demostrar profici\u00eancia em n\u00edvel de leitura em ingl\u00eas. O Exame de Profici\u00eancia em Ingl\u00eas \u00e9 oferecido&#8230;<\/p>\n","protected":false},"author":30,"featured_media":0,"parent":54,"menu_order":8,"comment_status":"closed","ping_status":"closed","template":"","meta":{"footnotes":""},"class_list":["post-61","page","type-page","status-publish","hentry"],"_links":{"self":[{"href":"https:\/\/uenf.br\/posgraduacao\/matematica\/wp-json\/wp\/v2\/pages\/61","targetHints":{"allow":["GET"]}}],"collection":[{"href":"https:\/\/uenf.br\/posgraduacao\/matematica\/wp-json\/wp\/v2\/pages"}],"about":[{"href":"https:\/\/uenf.br\/posgraduacao\/matematica\/wp-json\/wp\/v2\/types\/page"}],"author":[{"embeddable":true,"href":"https:\/\/uenf.br\/posgraduacao\/matematica\/wp-json\/wp\/v2\/users\/30"}],"replies":[{"embeddable":true,"href":"https:\/\/uenf.br\/posgraduacao\/matematica\/wp-json\/wp\/v2\/comments?post=61"}],"version-history":[{"count":0,"href":"https:\/\/uenf.br\/posgraduacao\/matematica\/wp-json\/wp\/v2\/pages\/61\/revisions"}],"up":[{"embeddable":true,"href":"https:\/\/uenf.br\/posgraduacao\/matematica\/wp-json\/wp\/v2\/pages\/54"}],"wp:attachment":[{"href":"https:\/\/uenf.br\/posgraduacao\/matematica\/wp-json\/wp\/v2\/media?parent=61"}],"curies":[{"name":"wp","href":"https:\/\/api.w.org\/{rel}","templated":true}]}}