{"id":76,"date":"2017-08-28T15:58:29","date_gmt":"2017-08-28T18:58:29","guid":{"rendered":"http:\/\/uenf.br\/posgraduacao\/matematica\/?page_id=76"},"modified":"2025-09-14T18:07:46","modified_gmt":"2025-09-14T21:07:46","slug":"formularios","status":"publish","type":"page","link":"https:\/\/uenf.br\/posgraduacao\/matematica\/formularios\/","title":{"rendered":"Formul\u00e1rios"},"content":{"rendered":"<h4>Formul\u00e1rios para Alunos Regulares<\/h4>\n<p><a href=\"https:\/\/uenf.br\/posgraduacao\/matematica\/wp-content\/uploads\/sites\/14\/2017\/08\/Requerimento.pdf\" target=\"_blank\" rel=\"noopener\">Requerimento<\/a><\/p>\n<p><a href=\"https:\/\/uenf.br\/posgraduacao\/matematica\/wp-content\/uploads\/sites\/14\/2025\/09\/FORMULARIO-7-ingles.pdf\" target=\"_blank\" rel=\"noopener\">Requerimento de Inscri\u00e7\u00e3o para Exame de Profici\u00eancia em L\u00edngua Estrangeira<\/a><\/p>\n<p><a href=\"https:\/\/uenf.br\/posgraduacao\/matematica\/wp-content\/uploads\/sites\/14\/2017\/08\/PRORROGA\u00c7\u00c3O-DE-DEFESA.docx\" target=\"_blank\" rel=\"noopener\">Formul\u00e1rio de Prorroga\u00e7\u00e3o de Prazo de Defesa<\/a><\/p>\n<p><a href=\"https:\/\/uenf.br\/posgraduacao\/matematica\/wp-content\/uploads\/sites\/14\/2017\/08\/Formul\u00e1rio-para-pedido-Defesa.pdf\" target=\"_blank\" rel=\"noopener\">Requerimento para Defesa<\/a><\/p>\n<h4><strong>Documenta\u00e7\u00e3o para cotas<\/strong><\/h4>\n<p><a href=\"https:\/\/uenf.br\/posgraduacao\/matematica\/wp-content\/uploads\/sites\/14\/2017\/08\/instrucoes.pdf\" target=\"_blank\" rel=\"noopener\">Instru\u00e7\u00f5es<\/a><\/p>\n<p><a href=\"https:\/\/uenf.br\/posgraduacao\/matematica\/wp-content\/uploads\/sites\/14\/2017\/08\/autodeclaracaon.pdf\" target=\"_blank\" rel=\"noopener\">Autodeclara\u00e7\u00e3o \u00c9tnico-Racial<\/a><\/p>\n<p><a href=\"https:\/\/uenf.br\/posgraduacao\/matematica\/wp-content\/uploads\/sites\/14\/2017\/08\/autodeclaracaoi.pdf\" target=\"_blank\" rel=\"noopener\">Autodeclara\u00e7\u00e3o Ind\u00edgena<\/a><\/p>\n<p>&nbsp;<\/p>\n<p>&nbsp;<\/p>\n","protected":false},"excerpt":{"rendered":"<p>Formul\u00e1rios para Alunos Regulares Requerimento Requerimento de Inscri\u00e7\u00e3o para Exame de Profici\u00eancia em L\u00edngua Estrangeira Formul\u00e1rio de Prorroga\u00e7\u00e3o de Prazo&#8230;<\/p>\n","protected":false},"author":30,"featured_media":0,"parent":0,"menu_order":44,"comment_status":"closed","ping_status":"closed","template":"","meta":{"footnotes":""},"class_list":["post-76","page","type-page","status-publish","hentry"],"_links":{"self":[{"href":"https:\/\/uenf.br\/posgraduacao\/matematica\/wp-json\/wp\/v2\/pages\/76","targetHints":{"allow":["GET"]}}],"collection":[{"href":"https:\/\/uenf.br\/posgraduacao\/matematica\/wp-json\/wp\/v2\/pages"}],"about":[{"href":"https:\/\/uenf.br\/posgraduacao\/matematica\/wp-json\/wp\/v2\/types\/page"}],"author":[{"embeddable":true,"href":"https:\/\/uenf.br\/posgraduacao\/matematica\/wp-json\/wp\/v2\/users\/30"}],"replies":[{"embeddable":true,"href":"https:\/\/uenf.br\/posgraduacao\/matematica\/wp-json\/wp\/v2\/comments?post=76"}],"version-history":[{"count":0,"href":"https:\/\/uenf.br\/posgraduacao\/matematica\/wp-json\/wp\/v2\/pages\/76\/revisions"}],"wp:attachment":[{"href":"https:\/\/uenf.br\/posgraduacao\/matematica\/wp-json\/wp\/v2\/media?parent=76"}],"curies":[{"name":"wp","href":"https:\/\/api.w.org\/{rel}","templated":true}]}}