{"id":100,"date":"2024-04-20T15:52:34","date_gmt":"2024-04-20T18:52:34","guid":{"rendered":"https:\/\/uenf.br\/posgraduacao\/medicina-veterinaria\/?page_id=100"},"modified":"2026-03-06T16:23:50","modified_gmt":"2026-03-06T19:23:50","slug":"disciplinas","status":"publish","type":"page","link":"https:\/\/uenf.br\/posgraduacao\/medicina-veterinaria\/mestrado\/disciplinas\/","title":{"rendered":"Disciplinas"},"content":{"rendered":"\n<p>O Programa de P\u00f3s-Gradua\u00e7\u00e3o em Medicina Veterin\u00e1ria (PGMV\/UENF) oferece um conjunto diversificado de disciplinas que reflete a pluralidade da \u00e1rea de concentra\u00e7\u00e3o em Medicina Veterin\u00e1ria, possibilitando a forma\u00e7\u00e3o cr\u00edtica, especializada e integrada. As disciplinas est\u00e3o organizadas de forma a oferecer ao discente uma trajet\u00f3ria acad\u00eamica equilibrada e contempor\u00e2nea, que combina forma\u00e7\u00e3o te\u00f3rica s\u00f3lida, capacita\u00e7\u00e3o pr\u00e1tica avan\u00e7ada e est\u00edmulo \u00e0 pesquisa cient\u00edfica, distribu\u00eddas em diferentes \u00e1reas conforme os laborat\u00f3rios:<\/p>\n\n\n\n<ul class=\"wp-block-list\">\n<li class=\"has-secundaria-color has-text-color has-link-color has-medio-font-size wp-elements-aace9f246922c35bc1a155c13095e987\"><strong>LCCA<\/strong> &#8211; <strong>Laborat\u00f3rio de Cl\u00ednica e Cirurgia Animal<\/strong><\/li>\n\n\n\n<li class=\"has-secundaria-color has-text-color has-link-color has-medio-font-size wp-elements-e10ddb0215df53cf0b5f2cdd9b291199\"><strong>LMPA<\/strong> &#8211; <strong>Laborat\u00f3rio de Morfologia e Patologia Animal<\/strong><\/li>\n\n\n\n<li class=\"has-secundaria-color has-text-color has-link-color has-medio-font-size wp-elements-d476f41c1052b31ec507bd692e22c024\"><strong>LSA<\/strong> &#8211; <strong>Laborat\u00f3rio de Sanidade Animal<\/strong><\/li>\n\n\n\n<li class=\"has-secundaria-color has-text-color has-link-color has-medio-font-size wp-elements-989c95a98ef7a3ec8942484edbe3719b\"><strong>LZO<\/strong> &#8211; <strong>Laborat\u00f3rio de Zootecnia<\/strong><\/li>\n<\/ul>\n\n\n\n<figure class=\"wp-block-table is-style-stripes has-medio-font-size\"><table class=\"has-fixed-layout\"><tbody><tr><td class=\"has-text-align-left\" data-align=\"left\"><span style=\"color: #003366\"><strong>Docente<\/strong><\/span><\/td><td class=\"has-text-align-left\" data-align=\"left\"><span style=\"color: #003366\"><strong>C\u00f3digo<\/strong><\/span><\/td><td class=\"has-text-align-left\" data-align=\"left\"><span style=\"color: #003366\"><strong>Disciplina&nbsp;&nbsp;<\/strong><\/span><\/td><\/tr><tr><td class=\"has-text-align-left\" data-align=\"left\">Programa<\/td><td class=\"has-text-align-left\" data-align=\"left\">PMV001<\/td><td class=\"has-text-align-left\" data-align=\"left\">Semin\u00e1rio I<\/td><\/tr><tr><td class=\"has-text-align-left\" data-align=\"left\">Programa<\/td><td class=\"has-text-align-left\" data-align=\"left\">PMV002<\/td><td class=\"has-text-align-left\" data-align=\"left\">Semin\u00e1rio II<\/td><\/tr><tr><td class=\"has-text-align-left\" data-align=\"left\">Programa<\/td><td class=\"has-text-align-left\" data-align=\"left\">PMV003<\/td><td class=\"has-text-align-left\" data-align=\"left\">Estudo Dirigido<\/td><\/tr><tr><td class=\"has-text-align-left\" data-align=\"left\">Programa<\/td><td class=\"has-text-align-left\" data-align=\"left\">PMV004<\/td><td class=\"has-text-align-left\" data-align=\"left\">Problemas Especiais<\/td><\/tr><tr><td class=\"has-text-align-left\" data-align=\"left\">Programa<\/td><td class=\"has-text-align-left\" data-align=\"left\">PMV005<\/td><td class=\"has-text-align-left\" data-align=\"left\">Trabalhos de Laborat\u00f3rio<\/td><\/tr><tr><td class=\"has-text-align-left\" data-align=\"left\">Programa<\/td><td class=\"has-text-align-left\" data-align=\"left\">PMV006<\/td><td class=\"has-text-align-left\" data-align=\"left\">Pesquisa<\/td><\/tr><tr><td class=\"has-text-align-left\" data-align=\"left\">Programa<\/td><td class=\"has-text-align-left\" data-align=\"left\">PMV007<\/td><td class=\"has-text-align-left\" data-align=\"left\">Est\u00e1gio \u00e0 Doc\u00eancia<\/td><\/tr><tr><td class=\"has-text-align-left\" data-align=\"left\">Adriana Jardim de Almeida<\/td><td class=\"has-text-align-left\" data-align=\"left\">PMV008<\/td><td class=\"has-text-align-left\" data-align=\"left\">T\u00f3picos Especiais em Terap\u00eautica Veterin\u00e1ria<\/td><\/tr><tr><td class=\"has-text-align-left\" data-align=\"left\">Ana Barbara Freitas Rodrigues Godinho<\/td><td class=\"has-text-align-left\" data-align=\"left\">PMV009<\/td><td class=\"has-text-align-left\" data-align=\"left\">Anatomia Dent\u00e1ria e M\u00e9todos Odontom\u00e9tricos<\/td><\/tr><tr><td class=\"has-text-align-left\" data-align=\"left\" rowspan=\"4\">Andr\u00e9 Lacerda de Abreu Oliveira<\/td><td class=\"has-text-align-left\" data-align=\"left\">PMV010<\/td><td class=\"has-text-align-left\" data-align=\"left\">Cirurgia Ortop\u00e9dica<\/td><\/tr><tr><td class=\"has-text-align-left\" data-align=\"left\">PMV011<\/td><td class=\"has-text-align-left\" data-align=\"left\">Cirurgia Tor\u00e1cica Veterin\u00e1ria<\/td><\/tr><tr><td class=\"has-text-align-left\" data-align=\"left\">PMV012<\/td><td class=\"has-text-align-left\" data-align=\"left\">Videocirurgia<\/td><\/tr><tr><td class=\"has-text-align-left\" data-align=\"left\">PMV013<\/td><td class=\"has-text-align-left\" data-align=\"left\">Odontologia de C\u00e3es e Gatos<\/td><\/tr><tr><td class=\"has-text-align-left\" data-align=\"left\">Angelo Jos\u00e9 Burla Dias<\/td><td class=\"has-text-align-left\" data-align=\"left\">PMV014<\/td><td class=\"has-text-align-left\" data-align=\"left\">Embriologia Experimental Aplicada \u00e0 Reprodu\u00e7\u00e3o<\/td><\/tr><tr><td class=\"has-text-align-left\" data-align=\"left\">Carlos Eurico Pires Ferreira Travassos<\/td><td class=\"has-text-align-left\" data-align=\"left\">PMV015<\/td><td class=\"has-text-align-left\" data-align=\"left\">T\u00f3picos Especiais em Viroses Avi\u00e1rias<\/td><\/tr><tr><td class=\"has-text-align-left\" data-align=\"left\" rowspan=\"3\">Celia Raquel Quirino<\/td><td class=\"has-text-align-left\" data-align=\"left\">PMV016<\/td><td class=\"has-text-align-left\" data-align=\"left\">T\u00f3picos Especiais em Melhoramento Animal<\/td><\/tr><tr><td class=\"has-text-align-left\" data-align=\"left\">PMV017<\/td><td class=\"has-text-align-left\" data-align=\"left\">An\u00e1lise Gen\u00f4mica do Crescimento Animal<\/td><\/tr><tr><td class=\"has-text-align-left\" data-align=\"left\">PMV018<\/td><td class=\"has-text-align-left\" data-align=\"left\">Conserva\u00e7\u00e3o de Recursos Gen\u00e9ticos Animais<\/td><\/tr><tr><td class=\"has-text-align-left\" data-align=\"left\">Cl\u00f3vis De Paula Santos<\/td><td class=\"has-text-align-left\" data-align=\"left\">PMV019<\/td><td class=\"has-text-align-left\" data-align=\"left\">Controle de Nemat\u00f3ides Gastrintestinais em Ruminantes<\/td><\/tr><tr><td class=\"has-text-align-left\" data-align=\"left\">Edwards Fraz\u00e3o Teixeira<\/td><td class=\"has-text-align-left\" data-align=\"left\">PMV020<\/td><td class=\"has-text-align-left\" data-align=\"left\">Fundamentos de Sa\u00fade \u00danica<\/td><\/tr><tr><td class=\"has-text-align-left\" data-align=\"left\">Eul\u00f3gio Carlos Queir\u00f3z de Carvalho<\/td><td class=\"has-text-align-left\" data-align=\"left\">PMV021<\/td><td class=\"has-text-align-left\" data-align=\"left\">Mecanismos das Les\u00f5es<\/td><\/tr><tr><td class=\"has-text-align-left\" data-align=\"left\">Fernanda Antunes<\/td><td class=\"has-text-align-left\" data-align=\"left\">PMV022<\/td><td class=\"has-text-align-left\" data-align=\"left\">Anestesia e Analgesia em Pacientes com Doen\u00e7a Espec\u00edficas<\/td><\/tr><tr><td class=\"has-text-align-left\" data-align=\"left\">Francisco Carlos Rodrigues de Oliveira<\/td><td class=\"has-text-align-left\" data-align=\"left\">PMV023<\/td><td class=\"has-text-align-left\" data-align=\"left\">Protozo\u00e1rios de Import\u00e2ncia em Sa\u00fade \u00danica<\/td><\/tr><tr><td class=\"has-text-align-left\" data-align=\"left\">Isabel Candia Nunes da Cunha<\/td><td class=\"has-text-align-left\" data-align=\"left\">PMV024<\/td><td class=\"has-text-align-left\" data-align=\"left\">Tecnologia do S\u00eamen<\/td><\/tr><tr><td class=\"has-text-align-left\" data-align=\"left\" rowspan=\"2\">Karoll Andrea Alfonso Torres-Cordido<\/td><td class=\"has-text-align-left\" data-align=\"left\">PMV025<\/td><td class=\"has-text-align-left\" data-align=\"left\">Reda\u00e7\u00e3o de Projetos e Artigos Cient\u00edficos<\/td><\/tr><tr><td class=\"has-text-align-left\" data-align=\"left\">PMV026<\/td><td class=\"has-text-align-left\" data-align=\"left\">Doen\u00e7as Metab\u00f3licas Associadas \u00e0 Produ\u00e7\u00e3o De Aves<\/td><\/tr><tr><td class=\"has-text-align-left\" data-align=\"left\">Leonardo Serafim da Silveira<\/td><td class=\"has-text-align-left\" data-align=\"left\">PMV027<\/td><td class=\"has-text-align-left\" data-align=\"left\">Histotecnologia e Histologia em Microscopia \u00d3ptica<\/td><\/tr><tr><td class=\"has-text-align-left\" data-align=\"left\">Luis Fonseca Matos<\/td><td class=\"has-text-align-left\" data-align=\"left\">PMV028<\/td><td class=\"has-text-align-left\" data-align=\"left\">Ultrassonografia Reprodutiva em Ruminantes<\/td><\/tr><tr><td class=\"has-text-align-left\" data-align=\"left\">Maria Clara Caldas Bussiere<\/td><td class=\"has-text-align-left\" data-align=\"left\">PMV029<\/td><td class=\"has-text-align-left\" data-align=\"left\">Fisiologia Ovariana<\/td><\/tr><tr><td class=\"has-text-align-left\" data-align=\"left\">Marinete Pinheiro Carrera<\/td><td class=\"has-text-align-left\" data-align=\"left\">PMV030<\/td><td class=\"has-text-align-left\" data-align=\"left\">Psicofarmacologia dos Dist\u00farbios Comportamentais de C\u00e3es e Gatos<\/td><\/tr><tr><td class=\"has-text-align-left\" data-align=\"left\">Milton Masahiko Kanashiro<\/td><td class=\"has-text-align-left\" data-align=\"left\">PMV031<\/td><td class=\"has-text-align-left\" data-align=\"left\">Vacina e Imunoterapia<\/td><\/tr><tr><td class=\"has-text-align-left\" data-align=\"left\">Olney Vieira da Motta<\/td><td class=\"has-text-align-left\" data-align=\"left\">PMV032<\/td><td class=\"has-text-align-left\" data-align=\"left\">Micologia Veterin\u00e1ria Especial<\/td><\/tr><tr><td class=\"has-text-align-left\" data-align=\"left\" rowspan=\"4\">Paula Alessandra Di Filippo<\/td><td class=\"has-text-align-left\" data-align=\"left\">PMV033<\/td><td class=\"has-text-align-left\" data-align=\"left\">S\u00edndrome C\u00f3lica dos Equinos<\/td><\/tr><tr><td class=\"has-text-align-left\" data-align=\"left\">PMV034<\/td><td class=\"has-text-align-left\" data-align=\"left\">T\u00e9cnicas Cirurgicas Aplicadas ao Aparelho Locomotor de Equinos<\/td><\/tr><tr><td class=\"has-text-align-left\" data-align=\"left\">PMV035<\/td><td class=\"has-text-align-left\" data-align=\"left\">Bem-Estar e Produ\u00e7\u00e3o Animal Sustent\u00e1vel<\/td><\/tr><tr><td class=\"has-text-align-left\" data-align=\"left\">PMV036<\/td><td class=\"has-text-align-left\" data-align=\"left\">Inova\u00e7\u00e3o e Aprimoramento em Cl\u00ednica Cir\u00fargica de Equinos<\/td><\/tr><tr><td class=\"has-text-align-left\" data-align=\"left\">Rosemary Bastos<\/td><td class=\"has-text-align-left\" data-align=\"left\">PMV037<\/td><td class=\"has-text-align-left\" data-align=\"left\">Bem-Estar Animal<\/td><\/tr><tr><td class=\"has-text-align-left\" data-align=\"left\">Wilder Hernando Ortiz Vega<\/td><td class=\"has-text-align-left\" data-align=\"left\">PMV038<\/td><td class=\"has-text-align-left\" data-align=\"left\">Estat\u00edstica Aplicada<\/td><\/tr><\/tbody><\/table><\/figure>\n\n\n\n<p class=\"has-grande-font-size\"><a href=\"http:\/\/uenf.br\/posgraduacao\/medicina-veterinaria\/wp-content\/uploads\/sites\/19\/2025\/12\/disciplinas-com-novo-codigo-18-12-2025-1.pdf\" target=\"_blank\" rel=\"noreferrer noopener\"><strong>Carga Hor\u00e1ria \/ N\u00famero de Cr\u00e9ditos<\/strong><\/a><\/p>\n","protected":false},"excerpt":{"rendered":"<p>O Programa de P\u00f3s-Gradua\u00e7\u00e3o em Medicina Veterin\u00e1ria (PGMV\/UENF) oferece um conjunto diversificado de disciplinas que reflete a pluralidade da \u00e1rea&#8230;<\/p>\n","protected":false},"author":45,"featured_media":0,"parent":1468,"menu_order":1,"comment_status":"closed","ping_status":"closed","template":"","meta":{"_seopress_robots_primary_cat":"","_seopress_titles_title":"","_seopress_titles_desc":"","_seopress_robots_index":"","footnotes":""},"class_list":["post-100","page","type-page","status-publish"],"_links":{"self":[{"href":"https:\/\/uenf.br\/posgraduacao\/medicina-veterinaria\/wp-json\/wp\/v2\/pages\/100","targetHints":{"allow":["GET"]}}],"collection":[{"href":"https:\/\/uenf.br\/posgraduacao\/medicina-veterinaria\/wp-json\/wp\/v2\/pages"}],"about":[{"href":"https:\/\/uenf.br\/posgraduacao\/medicina-veterinaria\/wp-json\/wp\/v2\/types\/page"}],"author":[{"embeddable":true,"href":"https:\/\/uenf.br\/posgraduacao\/medicina-veterinaria\/wp-json\/wp\/v2\/users\/45"}],"replies":[{"embeddable":true,"href":"https:\/\/uenf.br\/posgraduacao\/medicina-veterinaria\/wp-json\/wp\/v2\/comments?post=100"}],"version-history":[{"count":0,"href":"https:\/\/uenf.br\/posgraduacao\/medicina-veterinaria\/wp-json\/wp\/v2\/pages\/100\/revisions"}],"up":[{"embeddable":true,"href":"https:\/\/uenf.br\/posgraduacao\/medicina-veterinaria\/wp-json\/wp\/v2\/pages\/1468"}],"wp:attachment":[{"href":"https:\/\/uenf.br\/posgraduacao\/medicina-veterinaria\/wp-json\/wp\/v2\/media?parent=100"}],"curies":[{"name":"wp","href":"https:\/\/api.w.org\/{rel}","templated":true}]}}