{"id":104,"date":"2024-04-20T16:00:45","date_gmt":"2024-04-20T19:00:45","guid":{"rendered":"https:\/\/uenf.br\/posgraduacao\/medicina-veterinaria\/?page_id=104"},"modified":"2025-09-18T15:33:08","modified_gmt":"2025-09-18T18:33:08","slug":"documentos","status":"publish","type":"page","link":"https:\/\/uenf.br\/posgraduacao\/medicina-veterinaria\/normas\/documentos\/","title":{"rendered":"Elei\u00e7\u00f5es Conselho Deliberativo Hospital Veterin\u00e1rio"},"content":{"rendered":"<p><a href=\"http:\/\/uenf.br\/posgraduacao\/medicina-veterinaria\/wp-content\/uploads\/sites\/19\/2025\/01\/Edital-Conselho-Hospitalar.pdf\" target=\"_blank\" rel=\"attachment noopener wp-att-819\">Edital Eleitoral N\u00ba1\/2025<\/a><\/p>\n<p>Edital de Elei\u00e7\u00e3o &#8211; estabelece as normas do processo eleitoral para a escolha dos representantes que ir\u00e3o compor o &#8220;Conselho Deliberativo do Hospital Veterin\u00e1rio&#8221; da UENF.<\/p>\n<p><a href=\"http:\/\/uenf.br\/posgraduacao\/medicina-veterinaria\/wp-content\/uploads\/sites\/19\/2025\/01\/Votantes-Pos-Graduacao-Medicina-Veterinaria.pdf\" target=\"_blank\" rel=\"noopener\">Rela\u00e7\u00e3o dos P\u00f3s-graduandos do PGMV com Direito a Voto<\/a><\/p>\n<p>&nbsp;<\/p>\n","protected":false},"excerpt":{"rendered":"<p>Edital Eleitoral N\u00ba1\/2025 Edital de Elei\u00e7\u00e3o &#8211; estabelece as normas do processo eleitoral para a escolha dos representantes que ir\u00e3o&#8230;<\/p>\n","protected":false},"author":45,"featured_media":0,"parent":1464,"menu_order":4,"comment_status":"closed","ping_status":"closed","template":"","meta":{"_seopress_robots_primary_cat":"","_seopress_titles_title":"","_seopress_titles_desc":"","_seopress_robots_index":"","footnotes":""},"class_list":["post-104","page","type-page","status-publish"],"_links":{"self":[{"href":"https:\/\/uenf.br\/posgraduacao\/medicina-veterinaria\/wp-json\/wp\/v2\/pages\/104","targetHints":{"allow":["GET"]}}],"collection":[{"href":"https:\/\/uenf.br\/posgraduacao\/medicina-veterinaria\/wp-json\/wp\/v2\/pages"}],"about":[{"href":"https:\/\/uenf.br\/posgraduacao\/medicina-veterinaria\/wp-json\/wp\/v2\/types\/page"}],"author":[{"embeddable":true,"href":"https:\/\/uenf.br\/posgraduacao\/medicina-veterinaria\/wp-json\/wp\/v2\/users\/45"}],"replies":[{"embeddable":true,"href":"https:\/\/uenf.br\/posgraduacao\/medicina-veterinaria\/wp-json\/wp\/v2\/comments?post=104"}],"version-history":[{"count":0,"href":"https:\/\/uenf.br\/posgraduacao\/medicina-veterinaria\/wp-json\/wp\/v2\/pages\/104\/revisions"}],"up":[{"embeddable":true,"href":"https:\/\/uenf.br\/posgraduacao\/medicina-veterinaria\/wp-json\/wp\/v2\/pages\/1464"}],"wp:attachment":[{"href":"https:\/\/uenf.br\/posgraduacao\/medicina-veterinaria\/wp-json\/wp\/v2\/media?parent=104"}],"curies":[{"name":"wp","href":"https:\/\/api.w.org\/{rel}","templated":true}]}}