{"id":1059,"date":"2025-03-25T16:46:16","date_gmt":"2025-03-25T19:46:16","guid":{"rendered":"https:\/\/uenf.br\/posgraduacao\/medicina-veterinaria\/?page_id=1059"},"modified":"2025-10-15T17:02:19","modified_gmt":"2025-10-15T20:02:19","slug":"dissertacoes","status":"publish","type":"page","link":"https:\/\/uenf.br\/posgraduacao\/medicina-veterinaria\/formularios\/dissertacoes\/","title":{"rendered":"Disserta\u00e7\u00e3o"},"content":{"rendered":"<h3 style=\"text-align: center\"><span style=\"color: #4473eb\">Documentos necess\u00e1rios para a entrega de exemplar definitivo de disserta\u00e7\u00e3o:<\/span><\/h3>\n<ul>\n<li>01 exemplar da disserta\u00e7\u00e3o, sobre folha de assinatura:<span style=\"color: #226cbf\"> <a style=\"color: #226cbf\" href=\"http:\/\/uenf.br\/posgraduacao\/medicina-veterinaria\/wp-content\/uploads\/sites\/19\/2025\/03\/REGIMENTO-E-NORMAS-DE-POS-GRADUACAO-DA-UENF-1.pdf\" target=\"_blank\" rel=\"noopener\"><span style=\"color: #1661b8\">Regimento e Normas de P\u00f3s-Gradua\u00e7\u00e3o-UENF;<\/span><\/a><\/span><\/li>\n<li>C\u00f3pia da disserta\u00e7\u00e3o em PDF<\/li>\n<li>Declara\u00e7\u00e3o de corre\u00e7\u00e3o de portugu\u00eas (anexar c\u00f3pia do diploma da corretora);<\/li>\n<li><a href=\"http:\/\/uenf.br\/posgraduacao\/medicina-veterinaria\/wp-content\/uploads\/sites\/19\/2025\/03\/Termo-de-Autorizacao-de-Divulgacao-de-Dissertacoes.pdf\">Termo de Autoriza\u00e7\u00e3o de Divulgac\u00e3o de Disserta\u00e7\u00f5es;\u00a0<\/a><\/li>\n<li>Documenta\u00e7\u00e3o exigida pela<span style=\"color: #226cbf\"> <a style=\"color: #226cbf\" href=\"https:\/\/www.gov.br\/bn\/pt-br\/atuacao\/direitos-autorais-1\/como-solicitar-o-registro-de-sua-obra\" target=\"_blank\" rel=\"noopener\">Biblioteca Nacional<\/a> <\/span>para registro de obra intelectual n\u00e3o publicada (in\u00e9dita);<\/li>\n<li><a href=\"http:\/\/uenf.br\/posgraduacao\/medicina-veterinaria\/wp-content\/uploads\/sites\/19\/2025\/03\/Formulario-de-Egresso.pdf\">Formul\u00e1rio de Egresso.<\/a><\/li>\n<li><a href=\"http:\/\/uenf.br\/posgraduacao\/medicina-veterinaria\/wp-content\/uploads\/sites\/19\/2025\/05\/Formulario-Dados-do-Orientador-Atualizado-2025-2.pdf\" target=\"_blank\" rel=\"noopener\">Declara\u00e7\u00e3o de entrega de dados ao Orientador<\/a><\/li>\n<\/ul>\n\n\n<p><\/p>\n","protected":false},"excerpt":{"rendered":"<p>Documentos necess\u00e1rios para a entrega de exemplar definitivo de disserta\u00e7\u00e3o: 01 exemplar da disserta\u00e7\u00e3o, sobre folha de assinatura: Regimento e&#8230;<\/p>\n","protected":false},"author":61,"featured_media":0,"parent":994,"menu_order":6,"comment_status":"closed","ping_status":"closed","template":"","meta":{"_seopress_robots_primary_cat":"","_seopress_titles_title":"","_seopress_titles_desc":"","_seopress_robots_index":"","footnotes":""},"class_list":["post-1059","page","type-page","status-publish"],"_links":{"self":[{"href":"https:\/\/uenf.br\/posgraduacao\/medicina-veterinaria\/wp-json\/wp\/v2\/pages\/1059","targetHints":{"allow":["GET"]}}],"collection":[{"href":"https:\/\/uenf.br\/posgraduacao\/medicina-veterinaria\/wp-json\/wp\/v2\/pages"}],"about":[{"href":"https:\/\/uenf.br\/posgraduacao\/medicina-veterinaria\/wp-json\/wp\/v2\/types\/page"}],"author":[{"embeddable":true,"href":"https:\/\/uenf.br\/posgraduacao\/medicina-veterinaria\/wp-json\/wp\/v2\/users\/61"}],"replies":[{"embeddable":true,"href":"https:\/\/uenf.br\/posgraduacao\/medicina-veterinaria\/wp-json\/wp\/v2\/comments?post=1059"}],"version-history":[{"count":0,"href":"https:\/\/uenf.br\/posgraduacao\/medicina-veterinaria\/wp-json\/wp\/v2\/pages\/1059\/revisions"}],"up":[{"embeddable":true,"href":"https:\/\/uenf.br\/posgraduacao\/medicina-veterinaria\/wp-json\/wp\/v2\/pages\/994"}],"wp:attachment":[{"href":"https:\/\/uenf.br\/posgraduacao\/medicina-veterinaria\/wp-json\/wp\/v2\/media?parent=1059"}],"curies":[{"name":"wp","href":"https:\/\/api.w.org\/{rel}","templated":true}]}}