{"id":106,"date":"2024-04-20T16:01:48","date_gmt":"2024-04-20T19:01:48","guid":{"rendered":"https:\/\/uenf.br\/posgraduacao\/medicina-veterinaria\/?page_id=106"},"modified":"2026-02-11T17:58:36","modified_gmt":"2026-02-11T20:58:36","slug":"regimentos-resolucoes-e-normas","status":"publish","type":"page","link":"https:\/\/uenf.br\/posgraduacao\/medicina-veterinaria\/normas\/regimentos-resolucoes-e-normas\/","title":{"rendered":"Regimentos e Normas da P\u00f3s-Gradua\u00e7\u00e3o"},"content":{"rendered":"\n<p class=\"has-text-align-left\"><span style=\"color: #3366ff\"><strong>&nbsp;PR\u00d3-REITORIA DE PESQUISA E P\u00d3S-GRADUA\u00c7\u00c3O &#8211; PROPPG\/UENF<\/strong><\/span><\/p>\n\n\n<p><a href=\"https:\/\/uenf.br\/posgraduacao\/regimento-camara-de-pesquisa-e-pos-graduacao\/\" target=\"_blank\" rel=\"noopener\">REGIMENTO E NORMAS DA C\u00c2MARA DE PESQUISA E P\u00d3S-GRADUA\u00c7\u00c3O<\/a><\/p>\n<p><a href=\"https:\/\/uenf.br\/posgraduacao\/normas-gerais-da-pos-graduacao-stricto-sensu\/\" target=\"_blank\" rel=\"noopener\">NORMAS GERAIS DA P\u00d3S-GRADUA\u00c7\u00c3O STRICTO SENSU<\/a><\/p>\n\n\n<p class=\"has-text-align-left\"><span style=\"color: #3366ff\"><strong>PROGRAMA DE P\u00d3S-GRADUA\u00c7\u00c3O EM MEDICINA VETERIN\u00c1RIA &#8211; PGMV\/UENF<\/strong><\/span><\/p>\n\n\n\n<p><a href=\"http:\/\/uenf.br\/posgraduacao\/medicina-veterinaria\/wp-content\/uploads\/sites\/19\/2026\/02\/normas-do-pgmv-2025-aprovado-ccpmv-e-pela-cppg-atualizado-21-01-2026.pdf\" target=\"_blank\" rel=\"noreferrer noopener\">NORMAS DO PROGRAMA DE P\u00d3S-GRADUA\u00c7\u00c3O EM MEDICINA VETERIN\u00c1RIA &#8211; 2025<\/a><\/p>\n\n\n\n<p><\/p>\n","protected":false},"excerpt":{"rendered":"<p>&nbsp;PR\u00d3-REITORIA DE PESQUISA E P\u00d3S-GRADUA\u00c7\u00c3O &#8211; PROPPG\/UENF REGIMENTO E NORMAS DA C\u00c2MARA DE PESQUISA E P\u00d3S-GRADUA\u00c7\u00c3O NORMAS GERAIS DA P\u00d3S-GRADUA\u00c7\u00c3O&#8230;<\/p>\n","protected":false},"author":45,"featured_media":0,"parent":1464,"menu_order":10,"comment_status":"closed","ping_status":"closed","template":"","meta":{"_seopress_robots_primary_cat":"","_seopress_titles_title":"","_seopress_titles_desc":"","_seopress_robots_index":"","footnotes":""},"class_list":["post-106","page","type-page","status-publish"],"_links":{"self":[{"href":"https:\/\/uenf.br\/posgraduacao\/medicina-veterinaria\/wp-json\/wp\/v2\/pages\/106","targetHints":{"allow":["GET"]}}],"collection":[{"href":"https:\/\/uenf.br\/posgraduacao\/medicina-veterinaria\/wp-json\/wp\/v2\/pages"}],"about":[{"href":"https:\/\/uenf.br\/posgraduacao\/medicina-veterinaria\/wp-json\/wp\/v2\/types\/page"}],"author":[{"embeddable":true,"href":"https:\/\/uenf.br\/posgraduacao\/medicina-veterinaria\/wp-json\/wp\/v2\/users\/45"}],"replies":[{"embeddable":true,"href":"https:\/\/uenf.br\/posgraduacao\/medicina-veterinaria\/wp-json\/wp\/v2\/comments?post=106"}],"version-history":[{"count":0,"href":"https:\/\/uenf.br\/posgraduacao\/medicina-veterinaria\/wp-json\/wp\/v2\/pages\/106\/revisions"}],"up":[{"embeddable":true,"href":"https:\/\/uenf.br\/posgraduacao\/medicina-veterinaria\/wp-json\/wp\/v2\/pages\/1464"}],"wp:attachment":[{"href":"https:\/\/uenf.br\/posgraduacao\/medicina-veterinaria\/wp-json\/wp\/v2\/media?parent=106"}],"curies":[{"name":"wp","href":"https:\/\/api.w.org\/{rel}","templated":true}]}}