{"id":1158,"date":"2025-03-26T11:06:00","date_gmt":"2025-03-26T14:06:00","guid":{"rendered":"https:\/\/uenf.br\/posgraduacao\/medicina-veterinaria\/?page_id=1158"},"modified":"2026-02-26T11:56:11","modified_gmt":"2026-02-26T14:56:11","slug":"calendario-academico","status":"publish","type":"page","link":"https:\/\/uenf.br\/posgraduacao\/medicina-veterinaria\/calendarios\/calendario-academico\/","title":{"rendered":"Calend\u00e1rio Acad\u00eamico"},"content":{"rendered":"\n<p>&nbsp;<a href=\"http:\/\/uenf.br\/posgraduacao\/medicina-veterinaria\/wp-content\/uploads\/sites\/19\/2026\/02\/calendario-academico-proppg-2026-1.pdf\" target=\"_blank\" rel=\"noreferrer noopener\"><strong>Calend\u00e1rio Acad\u00eamico da P\u00f3s-Gradua\u00e7\u00e3o 2026<\/strong><\/a><\/p>\n\n\n\n<p><a href=\"http:\/\/uenf.br\/posgraduacao\/medicina-veterinaria\/wp-content\/uploads\/sites\/19\/2025\/03\/Calendario-Academico-PROPPG-2025-1-atualizado.pdf\" target=\"_blank\" rel=\"noreferrer noopener\"><strong>Calend\u00e1rio Acad\u00eamico da P\u00f3s-Gradua\u00e7\u00e3o 2025<\/strong> <\/a><\/p>\n\n\n\n<p><a href=\"http:\/\/uenf.br\/posgraduacao\/medicina-veterinaria\/wp-content\/uploads\/sites\/19\/2025\/03\/Calendario-de-Acoes-1o-Semestre-2025.pdf\" target=\"_blank\" rel=\"noopener\"><strong>Calend\u00e1rio de A\u00e7\u00f5es 1\u00ba Semestre 2025<\/strong><\/a><\/p>\n\n\n\n<p><\/p>\n\n\n\n<div data-wp-interactive=\"core\/file\" class=\"wp-block-file\"><object data-wp-bind--hidden=\"!state.hasPdfPreview\" hidden class=\"wp-block-file__embed\" data=\"http:\/\/uenf.br\/posgraduacao\/medicina-veterinaria\/wp-content\/uploads\/sites\/19\/2026\/02\/calendario-academico-proppg-2026-1.pdf\" type=\"application\/pdf\" style=\"width:100%;height:600px\" aria-label=\"Incorporado de Calend\u00e1rio Acad\u00eamico PROPPG 2026.\"><\/object><a id=\"wp-block-file--media-0215984d-b8d5-4f94-a097-723068e521ac\" href=\"http:\/\/uenf.br\/posgraduacao\/medicina-veterinaria\/wp-content\/uploads\/sites\/19\/2026\/02\/calendario-academico-proppg-2026-1.pdf\">Calend\u00e1rio Acad\u00eamico PROPPG 2026<\/a><a href=\"http:\/\/uenf.br\/posgraduacao\/medicina-veterinaria\/wp-content\/uploads\/sites\/19\/2026\/02\/calendario-academico-proppg-2026-1.pdf\" class=\"wp-block-file__button wp-element-button\" download aria-describedby=\"wp-block-file--media-0215984d-b8d5-4f94-a097-723068e521ac\">Baixar<\/a><\/div>\n","protected":false},"excerpt":{"rendered":"<p>&nbsp;Calend\u00e1rio Acad\u00eamico da P\u00f3s-Gradua\u00e7\u00e3o 2026 Calend\u00e1rio Acad\u00eamico da P\u00f3s-Gradua\u00e7\u00e3o 2025 Calend\u00e1rio de A\u00e7\u00f5es 1\u00ba Semestre 2025<\/p>\n","protected":false},"author":61,"featured_media":0,"parent":1456,"menu_order":6,"comment_status":"closed","ping_status":"closed","template":"","meta":{"_seopress_robots_primary_cat":"","_seopress_titles_title":"","_seopress_titles_desc":"","_seopress_robots_index":"","footnotes":""},"class_list":["post-1158","page","type-page","status-publish"],"_links":{"self":[{"href":"https:\/\/uenf.br\/posgraduacao\/medicina-veterinaria\/wp-json\/wp\/v2\/pages\/1158","targetHints":{"allow":["GET"]}}],"collection":[{"href":"https:\/\/uenf.br\/posgraduacao\/medicina-veterinaria\/wp-json\/wp\/v2\/pages"}],"about":[{"href":"https:\/\/uenf.br\/posgraduacao\/medicina-veterinaria\/wp-json\/wp\/v2\/types\/page"}],"author":[{"embeddable":true,"href":"https:\/\/uenf.br\/posgraduacao\/medicina-veterinaria\/wp-json\/wp\/v2\/users\/61"}],"replies":[{"embeddable":true,"href":"https:\/\/uenf.br\/posgraduacao\/medicina-veterinaria\/wp-json\/wp\/v2\/comments?post=1158"}],"version-history":[{"count":0,"href":"https:\/\/uenf.br\/posgraduacao\/medicina-veterinaria\/wp-json\/wp\/v2\/pages\/1158\/revisions"}],"up":[{"embeddable":true,"href":"https:\/\/uenf.br\/posgraduacao\/medicina-veterinaria\/wp-json\/wp\/v2\/pages\/1456"}],"wp:attachment":[{"href":"https:\/\/uenf.br\/posgraduacao\/medicina-veterinaria\/wp-json\/wp\/v2\/media?parent=1158"}],"curies":[{"name":"wp","href":"https:\/\/api.w.org\/{rel}","templated":true}]}}