{"id":125,"date":"2024-04-20T16:10:53","date_gmt":"2024-04-20T19:10:53","guid":{"rendered":"https:\/\/uenf.br\/posgraduacao\/medicina-veterinaria\/?page_id=125"},"modified":"2025-03-26T10:04:36","modified_gmt":"2025-03-26T13:04:36","slug":"edital-2024-1","status":"publish","type":"page","link":"https:\/\/uenf.br\/posgraduacao\/medicina-veterinaria\/processo-seletivo__trashed\/edital-2024-1\/","title":{"rendered":"Edital 2024.1"},"content":{"rendered":"<h1 style=\"text-align: center\"><span style=\"color: #175c07\"><strong>Processo Seletivo para o\u00a0<\/strong><strong>Curso de Mestrado em\u00a0<\/strong><strong>Medicina Veterin\u00e1ria\u00a0<\/strong><\/span><\/h1>\n<h4 style=\"text-align: center\"><span style=\"color: #ff0000\"><a style=\"color: #ff0000\" href=\"https:\/\/uenf.br\/posgraduacao\/medicina-veterinaria\/wp-content\/uploads\/sites\/19\/2024\/05\/EDITAL_2024_2_PGMV.pdf\">EDITAL_2024_2_PGMV<\/a><\/span><\/h4>\n<h4><img alt=\"\" loading=\"lazy\" decoding=\"async\" class=\"aligncenter wp-image-158 size-thumbnail\" src=\"https:\/\/uenf.br\/posgraduacao\/medicina-veterinaria\/wp-content\/uploads\/sites\/19\/2024\/05\/Imagem3-150x150.gif\" alt=\"\" width=\"150\" height=\"150\" \/><\/h4>\n<h4><\/h4>\n<h2 style=\"text-align: center\"><span style=\"color: #175c07\">\u00c1REAS DE CONCENTRA\u00c7\u00c3O<\/span><\/h2>\n<p style=\"text-align: center\"><span style=\"color: #008000\">Cl\u00ednica, Anestesia e Cirurgia Veterin\u00e1ria<\/span><\/p>\n<p style=\"text-align: center\"><span style=\"color: #008000\">Produ\u00e7\u00e3o e Reprodu\u00e7\u00e3o Animal<\/span><\/p>\n<p style=\"text-align: center\"><span style=\"color: #008000\">Sa\u00fade \u00danica<\/span><\/p>\n<p>&nbsp;<\/p>\n<h2><span style=\"color: #175c07\"><b>CRONOGRAMA DO PROCESSO SELETIVO<\/b><\/span><\/h2>\n<table width=\"670\">\n<tbody>\n<tr>\n<td width=\"395\"><span style=\"color: #008000\"><strong>Etapas<\/strong><\/span><\/td>\n<td width=\"274\"><span style=\"color: #008000\"><strong>Data<\/strong><\/span><\/td>\n<\/tr>\n<tr>\n<td width=\"395\"><span style=\"color: #ff0000\">Per\u00edodo de inscri\u00e7\u00f5es<\/span><\/td>\n<td width=\"274\"><span style=\"color: #ff0000\">20 de maio a 14 de junho 2024<\/span><\/td>\n<\/tr>\n<tr>\n<td width=\"395\"><span style=\"color: #ff0000\">Divulga\u00e7\u00e3o preliminar das inscri\u00e7\u00f5es<\/span><\/td>\n<td width=\"274\"><span style=\"color: #ff0000\">21 de junho de 2024<\/span><\/td>\n<\/tr>\n<tr>\n<td width=\"395\"><span style=\"color: #ff0000\">Prazo para interposi\u00e7\u00e3o de recurso de homologa\u00e7\u00e3o de inscri\u00e7\u00e3o<\/span><\/td>\n<td width=\"274\"><span style=\"color: #ff0000\">24 de junho de 2024<\/span><\/td>\n<\/tr>\n<tr>\n<td width=\"395\"><span style=\"color: #ff0000\">Homologa\u00e7\u00e3o final das inscri\u00e7\u00f5es<\/span><\/td>\n<td width=\"274\"><span style=\"color: #ff0000\">26 de junho de 2024<\/span><\/td>\n<\/tr>\n<tr>\n<td width=\"395\"><span style=\"color: #ff0000\">Entrevista e argui\u00e7\u00e3o do projeto<\/span><\/td>\n<td width=\"274\"><span style=\"color: #ff0000\">01 a 03 de julho de 2024<\/span><\/td>\n<\/tr>\n<tr>\n<td width=\"395\"><span style=\"color: #ff0000\">Divulga\u00e7\u00e3o do resultado preliminar das notas (entrevista, projeto e CV)<\/span><\/td>\n<td width=\"274\"><span style=\"color: #ff0000\">05 de julho de 2024<\/span><\/td>\n<\/tr>\n<tr>\n<td width=\"395\"><span style=\"color: #ff0000\">Prazo de interposi\u00e7\u00e3o de recurso das notas<\/span><\/td>\n<td width=\"274\"><span style=\"color: #ff0000\">09 de julho de 2024<\/span><\/td>\n<\/tr>\n<tr>\n<td width=\"395\"><strong><span style=\"color: #0000ff\">Divulga\u00e7\u00e3o do resultado final<\/span><\/strong><\/td>\n<td width=\"274\"><strong><span style=\"color: #0000ff\">At\u00e9 dia 12 de julho 2024<\/span><\/strong><\/td>\n<\/tr>\n<\/tbody>\n<\/table>\n<p>&nbsp;<\/p>\n<h2 style=\"text-align: center\"><span style=\"color: #008000\"><strong>RESULTADOS DA INSCRI\u00c7\u00c3O<\/strong><\/span><\/h2>\n<p style=\"text-align: center\"><span style=\"color: #ff0000\"><strong>Inscri\u00e7\u00e3o P\u00f3s Gradua\u00e7\u00e3o (Mestrado) 2024\/1<\/strong><\/span><\/p>\n<table width=\"602\">\n<tbody>\n<tr>\n<td width=\"301\"><span style=\"color: #008000\"><strong>Candidato<\/strong><\/span><\/td>\n<td width=\"301\"><span style=\"color: #008000\"><strong>Situa\u00e7\u00e3o<\/strong><\/span><\/td>\n<\/tr>\n<tr>\n<td width=\"301\">\u00c1lvaro Jos\u00e9 Bittencourt Bastos<\/td>\n<td width=\"301\">DEFERIDO<\/td>\n<\/tr>\n<tr>\n<td width=\"301\">Amanda Ant\u00f4nio Duarte<\/td>\n<td width=\"301\">DEFERIDO<\/td>\n<\/tr>\n<tr>\n<td width=\"301\">B\u00e1rbara do Carmo Malta<\/td>\n<td width=\"301\">DEFERIDO<\/td>\n<\/tr>\n<tr>\n<td width=\"301\">Camila Cortez<\/td>\n<td width=\"301\">DEFERIDO<\/td>\n<\/tr>\n<tr>\n<td width=\"301\">Igor Bonato Gon\u00e7alves Almeida<\/td>\n<td width=\"301\">DEFERIDO<\/td>\n<\/tr>\n<tr>\n<td width=\"301\">Joan Pablo Pimentel Gon\u00e7alves<\/td>\n<td width=\"301\">INDEFERIDO<\/td>\n<\/tr>\n<tr>\n<td width=\"301\">Leticia Dutra Cirne<\/td>\n<td width=\"301\">INDEFERIDO<\/td>\n<\/tr>\n<tr>\n<td width=\"301\">Pedro Ot\u00e1vio Faria Costa<\/td>\n<td width=\"301\">DEFERIDO<\/td>\n<\/tr>\n<\/tbody>\n<\/table>\n<p>&nbsp;<\/p>\n<h6>Data de publica\u00e7\u00e3o: 26\/06\/2024<\/h6>\n<p style=\"text-align: center\"><span style=\"color: #ff0000\"><strong>Resultados da interposi\u00e7\u00e3o de recursos \u2013 Homologados em 25\/06\/2024<\/strong><\/span><\/p>\n<table width=\"602\">\n<tbody>\n<tr>\n<td width=\"301\">Joan Pablo Pimentel Gon\u00e7alves<\/td>\n<td width=\"301\">INDEFERIDO<strong> &#8211; <\/strong>faltou 01 carta de recomenda\u00e7\u00e3o<\/td>\n<\/tr>\n<tr>\n<td width=\"301\">Leticia Dutra Cirne<\/td>\n<td width=\"301\">INDEFERIDO<strong> &#8211; <\/strong>faltou 01 carta de recomenda\u00e7\u00e3o<\/td>\n<\/tr>\n<\/tbody>\n<\/table>\n<p>&nbsp;<\/p>\n<h6>Data de publica\u00e7\u00e3o: 26\/06\/2024<\/h6>\n<p style=\"text-align: center\"><span style=\"color: #ff0000\"><strong>Homologa\u00e7\u00e3o final das inscri\u00e7\u00f5es e Programa\u00e7\u00e3o da entrevista e argui\u00e7\u00e3o do projeto<\/strong><\/span><\/p>\n<h4 style=\"text-align: center\">DATA DAS ENTREVISTAS: <strong>Segunda feira 01\/03\/2024<\/strong><\/h4>\n<h4 style=\"text-align: center\">LOCAL:<strong> Sala da Secretaria da P\u00f3s-gradua\u00e7\u00e3o em Medicina Veterin\u00e1ria, <\/strong><strong>2\u00ba<sup>\u00a0<\/sup>andar do Hospital Veterin\u00e1rio na UENF<\/strong><\/h4>\n<table style=\"height: 413px\" width=\"586\">\n<tbody>\n<tr>\n<td style=\"text-align: center\" width=\"227\"><strong>Candidatos<\/strong><\/td>\n<td style=\"text-align: center\" width=\"217\"><strong>Hor\u00e1rio de Entrevista e Argui\u00e7\u00e3o<\/strong><\/td>\n<\/tr>\n<tr>\n<td width=\"227\">\u00c1lvaro Jos\u00e9 Bittencourt Bastos<\/td>\n<td width=\"217\">\n<p style=\"text-align: center\">14:00 h<\/p>\n<\/td>\n<\/tr>\n<tr>\n<td width=\"227\">Amanda Ant\u00f4nio Duarte<\/td>\n<td width=\"217\">\n<p style=\"text-align: center\">14:30 h<\/p>\n<\/td>\n<\/tr>\n<tr>\n<td width=\"227\">B\u00e1rbara do Carmo Malta<\/td>\n<td width=\"217\">\n<p style=\"text-align: center\">15:00 h<\/p>\n<\/td>\n<\/tr>\n<tr>\n<td width=\"227\">Camila Cortez<\/td>\n<td width=\"217\">\n<p style=\"text-align: center\">15:30 h<\/p>\n<\/td>\n<\/tr>\n<tr>\n<td width=\"227\">Igor Bonato Gon\u00e7alves Almeida<\/td>\n<td width=\"217\">\n<p style=\"text-align: center\">16:00 h<\/p>\n<\/td>\n<\/tr>\n<tr>\n<td style=\"text-align: center\" width=\"227\">\n<p style=\"text-align: left\">Pedro Ot\u00e1vio Faria Costa<\/p>\n<\/td>\n<td width=\"217\">\n<p style=\"text-align: center\">16:30 h<\/p>\n<\/td>\n<\/tr>\n<\/tbody>\n<\/table>\n<p>&nbsp;<\/p>\n<h6>Data de publica\u00e7\u00e3o: 05\/07\/2024<\/h6>\n<p style=\"text-align: center\"><span style=\"color: #ff0000\"><strong>Divulga\u00e7\u00e3o do resultado preliminar das notas\u00a0 de <\/strong><\/span><span style=\"color: #ff0000\"><strong>entrevista, projeto e pontua\u00e7\u00e3o do <em>Curriculum Vitae<\/em><\/strong><\/span><\/p>\n<table style=\"height: 657px\" width=\"651\">\n<tbody>\n<tr>\n<td width=\"197\"><strong>Candidato<\/strong><\/td>\n<td width=\"50\"><strong>Nota Projeto<\/strong><\/td>\n<td width=\"67\"><strong>Nota Entrevista<\/strong><\/td>\n<td width=\"37\"><strong>Nota P+E<\/strong><\/td>\n<td width=\"70\"><strong>Pontua\u00e7\u00e3o CV<\/strong><\/td>\n<td width=\"99\"><strong>Pontua\u00e7\u00e3o CV* Transformada<\/strong><\/td>\n<td width=\"45\"><strong>M\u00e9dia Final<\/strong><\/td>\n<td width=\"111\">\u00a0<strong>Classifica\u00e7\u00e3o<\/strong><\/td>\n<\/tr>\n<tr>\n<td width=\"197\">Alvaro Jos\u00e9 Bittencourt Bastos<\/td>\n<td width=\"50\">4,3<\/td>\n<td width=\"67\">4,3<\/td>\n<td width=\"37\">8,6<\/td>\n<td width=\"70\">41,0<\/td>\n<td width=\"99\">10,0<\/td>\n<td width=\"45\"><strong>9,3<\/strong><\/td>\n<td width=\"111\">Classificado<\/td>\n<\/tr>\n<tr>\n<td width=\"197\">Amanda Ant\u00f4nio Duarte<\/td>\n<td width=\"50\">4,5<\/td>\n<td width=\"67\">4,3<\/td>\n<td width=\"37\">8,8<\/td>\n<td width=\"70\">31,7<\/td>\n<td width=\"99\">7,7<\/td>\n<td width=\"45\"><strong>8,3<\/strong><\/td>\n<td width=\"111\">Classificado<\/td>\n<\/tr>\n<tr>\n<td width=\"197\">B\u00e1rbara do Carmo Malta<\/td>\n<td width=\"50\">4,4<\/td>\n<td width=\"67\">4,4<\/td>\n<td width=\"37\">8,7<\/td>\n<td width=\"70\">29,0<\/td>\n<td width=\"99\">7,1<\/td>\n<td width=\"45\"><strong>7,9<\/strong><\/td>\n<td width=\"111\">Classificado<\/td>\n<\/tr>\n<tr>\n<td width=\"197\">Pedro Ot\u00e1vio Faria Costa<\/td>\n<td width=\"50\">3,7<\/td>\n<td width=\"67\">3,5<\/td>\n<td width=\"37\">7,2<\/td>\n<td width=\"70\">21,2<\/td>\n<td width=\"99\">5,2<\/td>\n<td width=\"45\"><strong>6,2<\/strong><\/td>\n<td width=\"111\">N\u00e3o classificado<\/td>\n<\/tr>\n<tr>\n<td width=\"197\">Igor Bonato Gon\u00e7alves Almeida<\/td>\n<td width=\"50\">4,0<\/td>\n<td width=\"67\">3,8<\/td>\n<td width=\"37\">7,8<\/td>\n<td width=\"70\">19,4<\/td>\n<td width=\"99\">4,7<\/td>\n<td width=\"45\"><strong>6,2<\/strong><\/td>\n<td width=\"111\">N\u00e3o classificado<\/td>\n<\/tr>\n<tr>\n<td width=\"197\">Camila Cortez Firmino<\/td>\n<td width=\"50\">4,0<\/td>\n<td width=\"67\">4,1<\/td>\n<td width=\"37\">8,1<\/td>\n<td width=\"70\">17,5<\/td>\n<td width=\"99\">4,3<\/td>\n<td width=\"45\"><strong>6,2<\/strong><\/td>\n<td width=\"111\">N\u00e3o classificado<\/td>\n<\/tr>\n<\/tbody>\n<\/table>\n<p>*Pontua\u00e7\u00e3o do CV transformada proporcionalmente em fun\u00e7\u00e3o da maior nota<\/p>\n<p><span style=\"color: #ff0000\"><strong>Resultados da interposi\u00e7\u00e3o de recursos \u2013 Homologados em 10\/07\/2024<\/strong><\/span><\/p>\n<table style=\"height: 60px\" width=\"518\">\n<tbody>\n<tr>\n<td width=\"175\">Camila Cortez Firmino<\/td>\n<td width=\"102\">\u00a0RECURSO <strong>DEFERIDO<\/strong><\/td>\n<\/tr>\n<\/tbody>\n<\/table>\n<h6>Data de publica\u00e7\u00e3o: 11\/07\/2024<\/h6>\n<p style=\"text-align: center\"><span style=\"color: #ff0000\"><strong>Divulga\u00e7\u00e3o do resultado final<\/strong><\/span><\/p>\n<p style=\"text-align: center\"><span style=\"color: #ff0000\"><strong>Notas\u00a0 de <\/strong><\/span><span style=\"color: #ff0000\"><strong>entrevista, projeto e pontua\u00e7\u00e3o do <em>Curriculum Vitae<\/em><\/strong><\/span><\/p>\n<table width=\"669\">\n<tbody>\n<tr>\n<td style=\"text-align: left\" width=\"175\"><strong>Candidato<\/strong><\/td>\n<td style=\"text-align: center\" width=\"57\"><strong>Nota Projeto<\/strong><\/td>\n<td style=\"text-align: center\" width=\"63\"><strong>Nota Entrevista<\/strong><\/td>\n<td style=\"text-align: center\" width=\"52\"><strong>Nota P+E<\/strong><\/td>\n<td style=\"text-align: center\" width=\"65\"><strong>Pontua\u00e7\u00e3o CV<\/strong><\/td>\n<td style=\"text-align: center\" width=\"92\"><strong>Pontua\u00e7\u00e3o CV* Transformada<\/strong><\/td>\n<td style=\"text-align: center\" width=\"63\"><strong>M\u00e9dia Final<\/strong><\/td>\n<td style=\"text-align: center\" width=\"102\"><strong>Classifica\u00e7\u00e3o<\/strong><\/td>\n<\/tr>\n<tr>\n<td>Alvaro Jos\u00e9 Bittencourt Bastos<\/td>\n<td style=\"text-align: center\">4,3<\/td>\n<td style=\"text-align: center\">4,3<\/td>\n<td style=\"text-align: center\">8,6<\/td>\n<td style=\"text-align: center\">41,0<\/td>\n<td style=\"text-align: center\">10,0<\/td>\n<td style=\"text-align: center\"><strong>9,3<\/strong><\/td>\n<td style=\"text-align: center\">Classificado<\/td>\n<\/tr>\n<tr>\n<td>Amanda Ant\u00f4nio Duarte<\/td>\n<td style=\"text-align: center\">4,5<\/td>\n<td style=\"text-align: center\">4,3<\/td>\n<td style=\"text-align: center\">8,8<\/td>\n<td style=\"text-align: center\">31,7<\/td>\n<td style=\"text-align: center\">7,7<\/td>\n<td style=\"text-align: center\"><strong>8,3<\/strong><\/td>\n<td style=\"text-align: center\">Classificado<\/td>\n<\/tr>\n<tr>\n<td style=\"text-align: left\">B\u00e1rbara do Carmo Malta<\/td>\n<td style=\"text-align: center\">4,4<\/td>\n<td style=\"text-align: center\">4,4<\/td>\n<td style=\"text-align: center\">8,7<\/td>\n<td style=\"text-align: center\">29,0<\/td>\n<td style=\"text-align: center\">7,1<\/td>\n<td style=\"text-align: center\"><strong>7,9<\/strong><\/td>\n<td style=\"text-align: center\">Classificado<\/td>\n<\/tr>\n<tr>\n<td>Camila Cortez Firmino<\/td>\n<td style=\"text-align: center\">4,0<\/td>\n<td style=\"text-align: center\">4,1<\/td>\n<td style=\"text-align: center\">8,1<\/td>\n<td style=\"text-align: center\">27,5<\/td>\n<td style=\"text-align: center\">6,7<\/td>\n<td style=\"text-align: center\"><strong>7,4<\/strong><\/td>\n<td style=\"text-align: center\">Classificado<\/td>\n<\/tr>\n<tr>\n<td>Pedro Ot\u00e1vio Faria Costa<\/td>\n<td style=\"text-align: center\">3,7<\/td>\n<td style=\"text-align: center\">3,5<\/td>\n<td style=\"text-align: center\">7,2<\/td>\n<td style=\"text-align: center\">21,2<\/td>\n<td style=\"text-align: center\">5,2<\/td>\n<td style=\"text-align: center\"><strong>6,2<\/strong><\/td>\n<td style=\"text-align: center\">N\u00e3o classificado<\/td>\n<\/tr>\n<tr>\n<td>Igor Bonato Gon\u00e7alves Almeida<\/td>\n<td style=\"text-align: center\">4,0<\/td>\n<td style=\"text-align: center\">3,8<\/td>\n<td style=\"text-align: center\">7,8<\/td>\n<td style=\"text-align: center\">19,4<\/td>\n<td style=\"text-align: center\">4,7<\/td>\n<td style=\"text-align: center\"><strong>6,2<\/strong><\/td>\n<td style=\"text-align: center\">N\u00e3o classificado<\/td>\n<\/tr>\n<\/tbody>\n<\/table>\n<p>*Pontua\u00e7\u00e3o do CV transformada proporcionalmente em fun\u00e7\u00e3o da maior nota<\/p>\n","protected":false},"excerpt":{"rendered":"<p>Processo Seletivo para o\u00a0Curso de Mestrado em\u00a0Medicina Veterin\u00e1ria\u00a0 EDITAL_2024_2_PGMV \u00c1REAS DE CONCENTRA\u00c7\u00c3O Cl\u00ednica, Anestesia e Cirurgia Veterin\u00e1ria Produ\u00e7\u00e3o e Reprodu\u00e7\u00e3o&#8230;<\/p>\n","protected":false},"author":45,"featured_media":0,"parent":121,"menu_order":7,"comment_status":"closed","ping_status":"closed","template":"","meta":{"_seopress_robots_primary_cat":"","_seopress_titles_title":"","_seopress_titles_desc":"","_seopress_robots_index":"","footnotes":""},"class_list":["post-125","page","type-page","status-publish"],"_links":{"self":[{"href":"https:\/\/uenf.br\/posgraduacao\/medicina-veterinaria\/wp-json\/wp\/v2\/pages\/125","targetHints":{"allow":["GET"]}}],"collection":[{"href":"https:\/\/uenf.br\/posgraduacao\/medicina-veterinaria\/wp-json\/wp\/v2\/pages"}],"about":[{"href":"https:\/\/uenf.br\/posgraduacao\/medicina-veterinaria\/wp-json\/wp\/v2\/types\/page"}],"author":[{"embeddable":true,"href":"https:\/\/uenf.br\/posgraduacao\/medicina-veterinaria\/wp-json\/wp\/v2\/users\/45"}],"replies":[{"embeddable":true,"href":"https:\/\/uenf.br\/posgraduacao\/medicina-veterinaria\/wp-json\/wp\/v2\/comments?post=125"}],"version-history":[{"count":0,"href":"https:\/\/uenf.br\/posgraduacao\/medicina-veterinaria\/wp-json\/wp\/v2\/pages\/125\/revisions"}],"up":[{"embeddable":true,"href":"https:\/\/uenf.br\/posgraduacao\/medicina-veterinaria\/wp-json\/wp\/v2\/pages\/121"}],"wp:attachment":[{"href":"https:\/\/uenf.br\/posgraduacao\/medicina-veterinaria\/wp-json\/wp\/v2\/media?parent=125"}],"curies":[{"name":"wp","href":"https:\/\/api.w.org\/{rel}","templated":true}]}}