{"id":1256,"date":"2025-05-30T16:05:36","date_gmt":"2025-05-30T19:05:36","guid":{"rendered":"https:\/\/uenf.br\/posgraduacao\/medicina-veterinaria\/?page_id=1256"},"modified":"2025-07-23T11:32:59","modified_gmt":"2025-07-23T14:32:59","slug":"homologacao-preliminar-de-inscricoes-2","status":"publish","type":"page","link":"https:\/\/uenf.br\/posgraduacao\/medicina-veterinaria\/processo-seletivo__trashed\/processo-seletivo-2025-2\/homologacao-preliminar-de-inscricoes-2\/","title":{"rendered":"Homologa\u00e7\u00e3o Preliminar de Inscri\u00e7\u00f5es &#8211; Processo Seletivo &#8211; Edital 2025.2"},"content":{"rendered":"<p><a href=\"http:\/\/uenf.br\/posgraduacao\/medicina-veterinaria\/wp-content\/uploads\/sites\/19\/2025\/05\/HOMOLOGACAO-PRELIMINAR-DE-INSCRICOES-1.pdf\" target=\"_blank\" rel=\"noopener\">EDITAL 2025 &#8211; HOMOLOGA\u00c7\u00c3O PRELIMINAR DE INSCRI\u00c7\u00d5ES<\/a><\/p>\n","protected":false},"excerpt":{"rendered":"<p>EDITAL 2025 &#8211; HOMOLOGA\u00c7\u00c3O PRELIMINAR DE INSCRI\u00c7\u00d5ES<\/p>\n","protected":false},"author":61,"featured_media":0,"parent":1222,"menu_order":2,"comment_status":"closed","ping_status":"closed","template":"","meta":{"_seopress_robots_primary_cat":"","_seopress_titles_title":"","_seopress_titles_desc":"","_seopress_robots_index":"","footnotes":""},"class_list":["post-1256","page","type-page","status-publish"],"_links":{"self":[{"href":"https:\/\/uenf.br\/posgraduacao\/medicina-veterinaria\/wp-json\/wp\/v2\/pages\/1256","targetHints":{"allow":["GET"]}}],"collection":[{"href":"https:\/\/uenf.br\/posgraduacao\/medicina-veterinaria\/wp-json\/wp\/v2\/pages"}],"about":[{"href":"https:\/\/uenf.br\/posgraduacao\/medicina-veterinaria\/wp-json\/wp\/v2\/types\/page"}],"author":[{"embeddable":true,"href":"https:\/\/uenf.br\/posgraduacao\/medicina-veterinaria\/wp-json\/wp\/v2\/users\/61"}],"replies":[{"embeddable":true,"href":"https:\/\/uenf.br\/posgraduacao\/medicina-veterinaria\/wp-json\/wp\/v2\/comments?post=1256"}],"version-history":[{"count":0,"href":"https:\/\/uenf.br\/posgraduacao\/medicina-veterinaria\/wp-json\/wp\/v2\/pages\/1256\/revisions"}],"up":[{"embeddable":true,"href":"https:\/\/uenf.br\/posgraduacao\/medicina-veterinaria\/wp-json\/wp\/v2\/pages\/1222"}],"wp:attachment":[{"href":"https:\/\/uenf.br\/posgraduacao\/medicina-veterinaria\/wp-json\/wp\/v2\/media?parent=1256"}],"curies":[{"name":"wp","href":"https:\/\/api.w.org\/{rel}","templated":true}]}}