{"id":1271,"date":"2025-06-04T10:07:21","date_gmt":"2025-06-04T13:07:21","guid":{"rendered":"https:\/\/uenf.br\/posgraduacao\/medicina-veterinaria\/?page_id=1271"},"modified":"2025-07-23T12:13:34","modified_gmt":"2025-07-23T15:13:34","slug":"homologacao-final-das-inscricoes-edital-2025-2-04-06-2025","status":"publish","type":"page","link":"https:\/\/uenf.br\/posgraduacao\/medicina-veterinaria\/processo-seletivo__trashed\/processo-seletivo-2025-2\/homologacao-final-das-inscricoes-edital-2025-2-04-06-2025\/","title":{"rendered":"Inscri\u00e7\u00f5es Homologadas e Data das Entrevistas &#8211; Edital 2025.2"},"content":{"rendered":"<h3><a href=\"http:\/\/uenf.br\/posgraduacao\/medicina-veterinaria\/wp-content\/uploads\/sites\/19\/2025\/06\/HOMOLOGACAO-FINAL-DAS-INSCRICOES.pdf\" target=\"_blank\" rel=\"noopener\">HOMOLOGA\u00c7\u00c3O FINAL DAS INSCRI\u00c7\u00d5ES\/DATA ENTREVISTAS<\/a><br \/>\nEntrevistas e lista de inscritos homologados do processo seletivo 2\u00ba semestre de 2025 do mestrado em Medicina Veterin\u00e1ria da UENF.<\/h3>\n","protected":false},"excerpt":{"rendered":"<p>HOMOLOGA\u00c7\u00c3O FINAL DAS INSCRI\u00c7\u00d5ES\/DATA ENTREVISTAS Entrevistas e lista de inscritos homologados do processo seletivo 2\u00ba semestre de 2025 do mestrado&#8230;<\/p>\n","protected":false},"author":61,"featured_media":0,"parent":1222,"menu_order":2,"comment_status":"closed","ping_status":"closed","template":"","meta":{"_seopress_robots_primary_cat":"","_seopress_titles_title":"Processo Seletivo 2025.2: Inscri\u00e7\u00f5es e Entrevistas UENF","_seopress_titles_desc":"Confira as inscri\u00e7\u00f5es homologadas e as datas das entrevistas do processo seletivo 2025.2 do mestrado em Medicina Veterin\u00e1ria da UENF.","_seopress_robots_index":"","footnotes":""},"class_list":["post-1271","page","type-page","status-publish"],"_links":{"self":[{"href":"https:\/\/uenf.br\/posgraduacao\/medicina-veterinaria\/wp-json\/wp\/v2\/pages\/1271","targetHints":{"allow":["GET"]}}],"collection":[{"href":"https:\/\/uenf.br\/posgraduacao\/medicina-veterinaria\/wp-json\/wp\/v2\/pages"}],"about":[{"href":"https:\/\/uenf.br\/posgraduacao\/medicina-veterinaria\/wp-json\/wp\/v2\/types\/page"}],"author":[{"embeddable":true,"href":"https:\/\/uenf.br\/posgraduacao\/medicina-veterinaria\/wp-json\/wp\/v2\/users\/61"}],"replies":[{"embeddable":true,"href":"https:\/\/uenf.br\/posgraduacao\/medicina-veterinaria\/wp-json\/wp\/v2\/comments?post=1271"}],"version-history":[{"count":0,"href":"https:\/\/uenf.br\/posgraduacao\/medicina-veterinaria\/wp-json\/wp\/v2\/pages\/1271\/revisions"}],"up":[{"embeddable":true,"href":"https:\/\/uenf.br\/posgraduacao\/medicina-veterinaria\/wp-json\/wp\/v2\/pages\/1222"}],"wp:attachment":[{"href":"https:\/\/uenf.br\/posgraduacao\/medicina-veterinaria\/wp-json\/wp\/v2\/media?parent=1271"}],"curies":[{"name":"wp","href":"https:\/\/api.w.org\/{rel}","templated":true}]}}