{"id":1608,"date":"2025-09-18T10:17:58","date_gmt":"2025-09-18T13:17:58","guid":{"rendered":"https:\/\/uenf.br\/posgraduacao\/medicina-veterinaria\/?page_id=1608"},"modified":"2026-03-11T21:10:05","modified_gmt":"2026-03-12T00:10:05","slug":"noticias","status":"publish","type":"page","link":"https:\/\/uenf.br\/posgraduacao\/medicina-veterinaria\/","title":{"rendered":"Not\u00edcias"},"content":{"rendered":"\n<h2 class=\"wp-block-heading\">Not\u00edcias<\/h2>\n\n\n\n<p>&nbsp;<\/p>\n\n\n<ul style=\"border-style:none;border-width:0px; padding-right:10px;padding-left:10px;padding-top:10px;padding-bottom:10px;margin-right:0;margin-left:0;\" class=\"wp-block-latest-posts__list is-grid columns-3 has-dates wp-block-latest-posts\"><li><div class=\"wp-block-latest-posts__featured-image\"><img loading=\"lazy\" decoding=\"async\" width=\"1024\" height=\"527\" src=\"https:\/\/uenf.br\/posgraduacao\/medicina-veterinaria\/wp-content\/uploads\/sites\/19\/2025\/12\/foto-professores-pgmv-e1765976067905-1024x527.jpeg\" class=\"attachment-large size-large wp-post-image\" alt=\"foto professores pgmv\" style=\"\" srcset=\"https:\/\/uenf.br\/posgraduacao\/medicina-veterinaria\/wp-content\/uploads\/sites\/19\/2025\/12\/foto-professores-pgmv-e1765976067905-1024x527.jpeg 1024w, https:\/\/uenf.br\/posgraduacao\/medicina-veterinaria\/wp-content\/uploads\/sites\/19\/2025\/12\/foto-professores-pgmv-e1765976067905-300x154.jpeg 300w, https:\/\/uenf.br\/posgraduacao\/medicina-veterinaria\/wp-content\/uploads\/sites\/19\/2025\/12\/foto-professores-pgmv-e1765976067905-768x395.jpeg 768w, https:\/\/uenf.br\/posgraduacao\/medicina-veterinaria\/wp-content\/uploads\/sites\/19\/2025\/12\/foto-professores-pgmv-e1765976067905-1200x617.jpeg 1200w, https:\/\/uenf.br\/posgraduacao\/medicina-veterinaria\/wp-content\/uploads\/sites\/19\/2025\/12\/foto-professores-pgmv-e1765976067905-320x165.jpeg 320w, https:\/\/uenf.br\/posgraduacao\/medicina-veterinaria\/wp-content\/uploads\/sites\/19\/2025\/12\/foto-professores-pgmv-e1765976067905.jpeg 1477w\" sizes=\"auto, (max-width: 1024px) 100vw, 1024px\" loading=\"lazy\" \/><\/div><a class=\"wp-block-latest-posts__post-title\" href=\"https:\/\/uenf.br\/posgraduacao\/medicina-veterinaria\/2025\/12\/16\/confraternizacao-do-pgmv-celebra-o-encerramento-de-2025-com-integracao-reconhecimento-e-alegria\/\">Confraterniza\u00e7\u00e3o do PGMV celebra o encerramento de 2025 com integra\u00e7\u00e3o, reconhecimento e alegria<\/a><time datetime=\"2025-12-16T17:38:21-03:00\" class=\"wp-block-latest-posts__post-date\">16 de dezembro de 2025<\/time><div class=\"wp-block-latest-posts__post-excerpt\">O Programa de P\u00f3s-Gradua\u00e7\u00e3o em Medicina Veterin\u00e1ria (PGMV) celebrou o fim de 2025 com uma confraterniza\u00e7\u00e3o marcada pela uni\u00e3o da&#8230;<\/div><\/li>\n<li><div class=\"wp-block-latest-posts__featured-image\"><img loading=\"lazy\" decoding=\"async\" width=\"1024\" height=\"575\" src=\"https:\/\/uenf.br\/posgraduacao\/medicina-veterinaria\/wp-content\/uploads\/sites\/19\/2025\/12\/img_6954-1-1536x862-1-1024x575.jpg\" class=\"attachment-large size-large wp-post-image\" alt=\"img 6954 1 1536x862\" style=\"\" srcset=\"https:\/\/uenf.br\/posgraduacao\/medicina-veterinaria\/wp-content\/uploads\/sites\/19\/2025\/12\/img_6954-1-1536x862-1-1024x575.jpg 1024w, https:\/\/uenf.br\/posgraduacao\/medicina-veterinaria\/wp-content\/uploads\/sites\/19\/2025\/12\/img_6954-1-1536x862-1-300x168.jpg 300w, https:\/\/uenf.br\/posgraduacao\/medicina-veterinaria\/wp-content\/uploads\/sites\/19\/2025\/12\/img_6954-1-1536x862-1-768x431.jpg 768w, https:\/\/uenf.br\/posgraduacao\/medicina-veterinaria\/wp-content\/uploads\/sites\/19\/2025\/12\/img_6954-1-1536x862-1-1200x673.jpg 1200w, https:\/\/uenf.br\/posgraduacao\/medicina-veterinaria\/wp-content\/uploads\/sites\/19\/2025\/12\/img_6954-1-1536x862-1-320x180.jpg 320w, https:\/\/uenf.br\/posgraduacao\/medicina-veterinaria\/wp-content\/uploads\/sites\/19\/2025\/12\/img_6954-1-1536x862-1.jpg 1536w\" sizes=\"auto, (max-width: 1024px) 100vw, 1024px\" loading=\"lazy\" \/><\/div><a class=\"wp-block-latest-posts__post-title\" href=\"https:\/\/uenf.br\/posgraduacao\/medicina-veterinaria\/2025\/12\/12\/confraternizacao-encerra-reuniao-geral-do-pgmv\/\">Confraterniza\u00e7\u00e3o Encerra Reuni\u00e3o Geral do PGMV<\/a><time datetime=\"2025-12-12T17:21:40-03:00\" class=\"wp-block-latest-posts__post-date\">12 de dezembro de 2025<\/time><div class=\"wp-block-latest-posts__post-excerpt\">Reuni\u00e3o geral do PGMV: integra\u00e7\u00e3o e celebra\u00e7\u00e3o dos avan\u00e7os do Programa. Ap\u00f3s uma tarde de importantes delibera\u00e7\u00f5es e reflex\u00f5es sobre&#8230;<\/div><\/li>\n<li><a class=\"wp-block-latest-posts__post-title\" href=\"https:\/\/uenf.br\/posgraduacao\/medicina-veterinaria\/2025\/11\/14\/resultado-final-processo-seletivo-edital-2026-1\/\">Resultado Final Processo Seletivo Edital 2026.1<\/a><time datetime=\"2025-11-14T16:09:51-03:00\" class=\"wp-block-latest-posts__post-date\">14 de novembro de 2025<\/time><div class=\"wp-block-latest-posts__post-excerpt\">PGMV\/UENF divulga resultado final do Processo Seletivo para o Mestrado \u2013 Edital 2026.1 O Programa de P\u00f3s-Gradua\u00e7\u00e3o em Medicina Veterin\u00e1ria&#8230;<\/div><\/li>\n<li><a class=\"wp-block-latest-posts__post-title\" href=\"https:\/\/uenf.br\/posgraduacao\/medicina-veterinaria\/2025\/11\/12\/resultados-preliminares-edital-2026-1-pgmv\/\">Resultados Preliminares &#8211; Edital 2026.1\/PGMV<\/a><time datetime=\"2025-11-12T09:47:38-03:00\" class=\"wp-block-latest-posts__post-date\">12 de novembro de 2025<\/time><div class=\"wp-block-latest-posts__post-excerpt\">O Programa de P\u00f3s-Gradua\u00e7\u00e3o em Medicina Veterin\u00e1ria (PGMV) da Universidade Estadual do Norte Fluminense Darcy Ribeiro (UENF) anuncia a lista&#8230;<\/div><\/li>\n<li><a class=\"wp-block-latest-posts__post-title\" href=\"https:\/\/uenf.br\/posgraduacao\/medicina-veterinaria\/2025\/11\/11\/o-pgmv-uenf-esta-com-nova-logomarca\/\">O PGMV\/UENF est\u00e1 com nova logomarca!<\/a><time datetime=\"2025-11-11T16:05:11-03:00\" class=\"wp-block-latest-posts__post-date\">11 de novembro de 2025<\/time><div class=\"wp-block-latest-posts__post-excerpt\">A nova identidade visual reflete os valores do PGMV: compromisso com a ci\u00eancia, a sa\u00fade animal e ambiental. O Programa&#8230;<\/div><\/li>\n<li><a class=\"wp-block-latest-posts__post-title\" href=\"https:\/\/uenf.br\/posgraduacao\/medicina-veterinaria\/2025\/11\/06\/reuniao-geral-do-pgmv-destaque-para-os-avancos-e-perspectivas-para-o-proximo-quadrienio\/\">Reuni\u00e3o geral do PGMV &#8211; destaque para os avan\u00e7os e perspectivas para o pr\u00f3ximo quadri\u00eanio.<\/a><time datetime=\"2025-11-06T16:17:53-03:00\" class=\"wp-block-latest-posts__post-date\">6 de novembro de 2025<\/time><div class=\"wp-block-latest-posts__post-excerpt\">No dia 30 de outubro de 2025, \u00e0s 14 horas, foi realizada, de forma presencial, a 34\u00aa Reuni\u00e3o Geral do&#8230;<\/div><\/li>\n<\/ul>","protected":false},"excerpt":{"rendered":"<p>Not\u00edcias &nbsp;<\/p>\n","protected":false},"author":61,"featured_media":0,"parent":0,"menu_order":99,"comment_status":"closed","ping_status":"closed","template":"","meta":{"_seopress_robots_primary_cat":"","_seopress_titles_title":"","_seopress_titles_desc":"","_seopress_robots_index":"","footnotes":""},"class_list":["post-1608","page","type-page","status-publish"],"_links":{"self":[{"href":"https:\/\/uenf.br\/posgraduacao\/medicina-veterinaria\/wp-json\/wp\/v2\/pages\/1608","targetHints":{"allow":["GET"]}}],"collection":[{"href":"https:\/\/uenf.br\/posgraduacao\/medicina-veterinaria\/wp-json\/wp\/v2\/pages"}],"about":[{"href":"https:\/\/uenf.br\/posgraduacao\/medicina-veterinaria\/wp-json\/wp\/v2\/types\/page"}],"author":[{"embeddable":true,"href":"https:\/\/uenf.br\/posgraduacao\/medicina-veterinaria\/wp-json\/wp\/v2\/users\/61"}],"replies":[{"embeddable":true,"href":"https:\/\/uenf.br\/posgraduacao\/medicina-veterinaria\/wp-json\/wp\/v2\/comments?post=1608"}],"version-history":[{"count":0,"href":"https:\/\/uenf.br\/posgraduacao\/medicina-veterinaria\/wp-json\/wp\/v2\/pages\/1608\/revisions"}],"wp:attachment":[{"href":"https:\/\/uenf.br\/posgraduacao\/medicina-veterinaria\/wp-json\/wp\/v2\/media?parent=1608"}],"curies":[{"name":"wp","href":"https:\/\/api.w.org\/{rel}","templated":true}]}}