{"id":1819,"date":"2025-10-14T15:05:23","date_gmt":"2025-10-14T18:05:23","guid":{"rendered":"https:\/\/uenf.br\/posgraduacao\/medicina-veterinaria\/?page_id=1819"},"modified":"2025-12-12T15:29:03","modified_gmt":"2025-12-12T18:29:03","slug":"requerimentos-indicacao-de-coorientador-prorrogacao-nada-consta","status":"publish","type":"page","link":"https:\/\/uenf.br\/posgraduacao\/medicina-veterinaria\/formularios\/requerimentos-indicacao-de-coorientador-prorrogacao-nada-consta\/","title":{"rendered":"Requerimentos, indica\u00e7\u00e3o de coorientador, prorroga\u00e7\u00e3o de defesa, nada consta, inscri\u00e7\u00e3o"},"content":{"rendered":"\n<p style=\"font-size:24px\"><a href=\"http:\/\/uenf.br\/posgraduacao\/medicina-veterinaria\/wp-content\/uploads\/sites\/19\/2025\/12\/formulario-de-defesa-de-projeto-e-dissertacao-requerimento-para-homologacao-de-defesa.pdf\" target=\"_blank\" rel=\"noreferrer noopener\"><strong>Requerimento para Homologa\u00e7\u00e3o de Defesa de Projeto e Disserta\u00e7\u00e3o<\/strong><\/a><\/p>\n\n\n\n<p style=\"font-size:24px\"><a href=\"http:\/\/uenf.br\/posgraduacao\/medicina-veterinaria\/wp-content\/uploads\/sites\/19\/2025\/12\/formulario-de-indicacao-de-coorientador.pdf\" target=\"_blank\" rel=\"noreferrer noopener\"><strong>Formul\u00e1rio para Indica\u00e7\u00e3o de Coorientador<\/strong><\/a>&nbsp;&#8211; Verificar se o coorientador possui o perfil previsto no Art. 46\u00ba do Regimento do Programa. A apresenta\u00e7\u00e3o deste formul\u00e1rio anula a indica\u00e7\u00e3o de coorientador com data anterior.<\/p>\n\n\n\n<p style=\"font-size:24px\"><a href=\"http:\/\/uenf.br\/posgraduacao\/medicina-veterinaria\/wp-content\/uploads\/sites\/19\/2025\/12\/formulario-de-prorrogacao-de-prazo-de-defesa.pdf\" target=\"_blank\" rel=\"noreferrer noopener\"><strong>Formul\u00e1rio de Prorroga\u00e7\u00e3o de Prazo de Defesa<\/strong><\/a>&nbsp;&#8211; Modelo da PROPPG\/UENF &#8211;&nbsp;<a href=\"http:\/\/uenf.br\/posgraduacao\/medicina-veterinaria\/wp-content\/uploads\/sites\/19\/2025\/03\/Procedimento-para-Solicitar-Prorrogacao-de-Prazo-1.pdf\">Procedimentos para prorroga\u00e7\u00e3o de prazo<\/a><\/p>\n\n\n\n<p style=\"font-size:24px\"><strong><a href=\"https:\/\/uenf.br\/reitoria\/secacad\/files\/2018\/09\/MODELO-NOVO-5-Nada-Consta.pdf\" target=\"_blank\" rel=\"noreferrer noopener\">Nada Consta<\/a>, <\/strong><a href=\"https:\/\/uenf.br\/reitoria\/secacad\/files\/2012\/08\/REQUERIMENTO_GERAL.pdf\" target=\"_blank\" rel=\"noreferrer noopener\"><strong>Requerimento Geral<\/strong>&nbsp;<\/a>(declara\u00e7\u00f5es, diploma, outros).<\/p>\n\n\n\n<p style=\"font-size:24px\"><a href=\"https:\/\/uenf.br\/posgraduacao\/formulario\/processoseletivopg\/\" target=\"_blank\" rel=\"noreferrer noopener\"><strong>Formul\u00e1rios de&nbsp;Inscri\u00e7\u00e3o, Carta de Recomenda\u00e7\u00e3o<\/strong><\/a><\/p>\n\n\n<h4><strong><a href=\"http:\/\/uenf.br\/posgraduacao\/medicina-veterinaria\/wp-content\/uploads\/sites\/19\/2025\/12\/termo-de-autorizacao-para-divulgacao-e-publicacao-eletronica-de-dissertacoes-do-pgmv.pdf\" target=\"_blank\" rel=\"noopener\">Termo de Autoriza\u00e7\u00e3o para Divulga\u00e7\u00e3o de Publica\u00e7\u00e3o Eletr\u00f4nica de Disserta\u00e7\u00e3o do PGMV<\/a><\/strong><\/h4>\n\n\n<p class=\"has-grande-font-size\"><a href=\"http:\/\/uenf.br\/posgraduacao\/medicina-veterinaria\/wp-content\/uploads\/sites\/19\/2025\/12\/declaracao-de-entrega-de-dados-ao-orientador.pdf\" target=\"_blank\" rel=\"noreferrer noopener\"><strong>Declara\u00e7\u00e3o de Entrega de Dados ao Orientador<\/strong><\/a><\/p>\n\n\n<h4><strong><a href=\"http:\/\/uenf.br\/posgraduacao\/medicina-veterinaria\/wp-content\/uploads\/sites\/19\/2025\/12\/formulario-de-egresso-2.pdf\" target=\"_blank\" rel=\"noopener\">Formul\u00e1rio do Egresso<\/a><\/strong><\/h4>\n\n\n<div class=\"wp-block-group is-layout-constrained wp-block-group-is-layout-constrained\"><\/div>\n\n\n\n<p><\/p>\n","protected":false},"excerpt":{"rendered":"<p>Requerimento para Homologa\u00e7\u00e3o de Defesa de Projeto e Disserta\u00e7\u00e3o Formul\u00e1rio para Indica\u00e7\u00e3o de Coorientador&nbsp;&#8211; Verificar se o coorientador possui o&#8230;<\/p>\n","protected":false},"author":32,"featured_media":0,"parent":994,"menu_order":5,"comment_status":"closed","ping_status":"closed","template":"","meta":{"_seopress_robots_primary_cat":"","_seopress_titles_title":"","_seopress_titles_desc":"Acesse os formul\u00e1rios do PGMV para requerimentos, inscri\u00e7\u00e3o, prorroga\u00e7\u00e3o de defesa, indica\u00e7\u00e3o de coorientador e declara\u00e7\u00e3o de nada consta.","_seopress_robots_index":"","footnotes":""},"class_list":["post-1819","page","type-page","status-publish"],"_links":{"self":[{"href":"https:\/\/uenf.br\/posgraduacao\/medicina-veterinaria\/wp-json\/wp\/v2\/pages\/1819","targetHints":{"allow":["GET"]}}],"collection":[{"href":"https:\/\/uenf.br\/posgraduacao\/medicina-veterinaria\/wp-json\/wp\/v2\/pages"}],"about":[{"href":"https:\/\/uenf.br\/posgraduacao\/medicina-veterinaria\/wp-json\/wp\/v2\/types\/page"}],"author":[{"embeddable":true,"href":"https:\/\/uenf.br\/posgraduacao\/medicina-veterinaria\/wp-json\/wp\/v2\/users\/32"}],"replies":[{"embeddable":true,"href":"https:\/\/uenf.br\/posgraduacao\/medicina-veterinaria\/wp-json\/wp\/v2\/comments?post=1819"}],"version-history":[{"count":0,"href":"https:\/\/uenf.br\/posgraduacao\/medicina-veterinaria\/wp-json\/wp\/v2\/pages\/1819\/revisions"}],"up":[{"embeddable":true,"href":"https:\/\/uenf.br\/posgraduacao\/medicina-veterinaria\/wp-json\/wp\/v2\/pages\/994"}],"wp:attachment":[{"href":"https:\/\/uenf.br\/posgraduacao\/medicina-veterinaria\/wp-json\/wp\/v2\/media?parent=1819"}],"curies":[{"name":"wp","href":"https:\/\/api.w.org\/{rel}","templated":true}]}}