{"id":21,"date":"2022-05-09T11:42:23","date_gmt":"2022-05-09T14:42:23","guid":{"rendered":"https:\/\/uenf.br\/posgraduacao\/medicina-veterinaria\/?page_id=21"},"modified":"2025-09-15T15:45:54","modified_gmt":"2025-09-15T18:45:54","slug":"contato","status":"publish","type":"page","link":"https:\/\/uenf.br\/posgraduacao\/medicina-veterinaria\/contato\/","title":{"rendered":"Contato"},"content":{"rendered":"\n<div class=\"wpcf7 no-js\" id=\"wpcf7-f279-o1\" lang=\"pt-BR\" dir=\"ltr\" data-wpcf7-id=\"279\">\n<div class=\"screen-reader-response\"><p role=\"status\" aria-live=\"polite\" aria-atomic=\"true\"><\/p> <ul><\/ul><\/div>\n<form action=\"\/posgraduacao\/medicina-veterinaria\/wp-json\/wp\/v2\/pages\/21#wpcf7-f279-o1\" method=\"post\" class=\"wpcf7-form init\" aria-label=\"Formul\u00e1rios de contato\" novalidate=\"novalidate\" data-status=\"init\">\n<fieldset class=\"hidden-fields-container\"><input type=\"hidden\" name=\"_wpcf7\" value=\"279\" \/><input type=\"hidden\" name=\"_wpcf7_version\" value=\"6.1.5\" \/><input type=\"hidden\" name=\"_wpcf7_locale\" value=\"pt_BR\" \/><input type=\"hidden\" name=\"_wpcf7_unit_tag\" value=\"wpcf7-f279-o1\" \/><input type=\"hidden\" name=\"_wpcf7_container_post\" value=\"0\" \/><input type=\"hidden\" name=\"_wpcf7_posted_data_hash\" value=\"\" \/>\n<\/fieldset>\n<p><label> Seu nome<br \/>\n<span class=\"wpcf7-form-control-wrap\" data-name=\"your-name\"><input size=\"40\" maxlength=\"400\" class=\"wpcf7-form-control wpcf7-text wpcf7-validates-as-required\" autocomplete=\"name\" aria-required=\"true\" aria-invalid=\"false\" value=\"\" type=\"text\" name=\"your-name\" \/><\/span> <\/label>\n<\/p>\n<p><label> Seu e-mail<br \/>\n<span class=\"wpcf7-form-control-wrap\" data-name=\"your-email\"><input size=\"40\" maxlength=\"400\" class=\"wpcf7-form-control wpcf7-email wpcf7-validates-as-required wpcf7-text wpcf7-validates-as-email\" autocomplete=\"email\" aria-required=\"true\" aria-invalid=\"false\" value=\"\" type=\"email\" name=\"your-email\" \/><\/span> <\/label>\n<\/p>\n<p><label> Assunto<br \/>\n<span class=\"wpcf7-form-control-wrap\" data-name=\"your-subject\"><input size=\"40\" maxlength=\"400\" class=\"wpcf7-form-control wpcf7-text wpcf7-validates-as-required\" aria-required=\"true\" aria-invalid=\"false\" value=\"\" type=\"text\" name=\"your-subject\" \/><\/span> <\/label>\n<\/p>\n<p><label> Sua mensagem (opcional)<br \/>\n<span class=\"wpcf7-form-control-wrap\" data-name=\"your-message\"><textarea cols=\"40\" rows=\"10\" maxlength=\"2000\" class=\"wpcf7-form-control wpcf7-textarea\" aria-invalid=\"false\" name=\"your-message\"><\/textarea><\/span> <\/label>\n<\/p>\n<p><input class=\"wpcf7-form-control wpcf7-submit has-spinner\" type=\"submit\" value=\"Enviar\" \/>\n<\/p><div class=\"wpcf7-response-output\" aria-hidden=\"true\"><\/div>\n<\/form>\n<\/div>\n\n<p>&nbsp;<\/p>\n<h2><span style=\"color: #0080ff\">Programa de P\u00f3s-Gradua\u00e7\u00e3o em Medicina Veterin\u00e1ria &#8211; PGMV<\/span><\/h2>\n<h6>Universidade Estadual do Norte Fluminense Darcy Ribeiro<\/h6>\n<h6>UENF \/ Hospital Veterin\u00e1rio \/ Sala 002 &#8211; 1\u00ba andar<\/h6>\n<h6>Av. Alberto Lamego, 2000 &#8211; Parque Calif\u00f3rnia<\/h6>\n<h6>Campos dos Goytacazes &#8211; RJ<\/h6>\n<h6>CEP: 28013-600<\/h6>\n<h6>Fone: (22) 2739-7359<\/h6>\n<h6>E-mail: posgradmedvet@uenf.br<\/h6>\n","protected":false},"excerpt":{"rendered":"<p>&nbsp; Programa de P\u00f3s-Gradua\u00e7\u00e3o em Medicina Veterin\u00e1ria &#8211; PGMV Universidade Estadual do Norte Fluminense Darcy Ribeiro UENF \/ Hospital Veterin\u00e1rio&#8230;<\/p>\n","protected":false},"author":37,"featured_media":0,"parent":0,"menu_order":100,"comment_status":"closed","ping_status":"closed","template":"","meta":{"_seopress_robots_primary_cat":"","_seopress_titles_title":"","_seopress_titles_desc":"","_seopress_robots_index":"","footnotes":""},"class_list":["post-21","page","type-page","status-publish"],"_links":{"self":[{"href":"https:\/\/uenf.br\/posgraduacao\/medicina-veterinaria\/wp-json\/wp\/v2\/pages\/21","targetHints":{"allow":["GET"]}}],"collection":[{"href":"https:\/\/uenf.br\/posgraduacao\/medicina-veterinaria\/wp-json\/wp\/v2\/pages"}],"about":[{"href":"https:\/\/uenf.br\/posgraduacao\/medicina-veterinaria\/wp-json\/wp\/v2\/types\/page"}],"author":[{"embeddable":true,"href":"https:\/\/uenf.br\/posgraduacao\/medicina-veterinaria\/wp-json\/wp\/v2\/users\/37"}],"replies":[{"embeddable":true,"href":"https:\/\/uenf.br\/posgraduacao\/medicina-veterinaria\/wp-json\/wp\/v2\/comments?post=21"}],"version-history":[{"count":0,"href":"https:\/\/uenf.br\/posgraduacao\/medicina-veterinaria\/wp-json\/wp\/v2\/pages\/21\/revisions"}],"wp:attachment":[{"href":"https:\/\/uenf.br\/posgraduacao\/medicina-veterinaria\/wp-json\/wp\/v2\/media?parent=21"}],"curies":[{"name":"wp","href":"https:\/\/api.w.org\/{rel}","templated":true}]}}