{"id":2142,"date":"2025-11-12T09:59:11","date_gmt":"2025-11-12T12:59:11","guid":{"rendered":"https:\/\/uenf.br\/posgraduacao\/medicina-veterinaria\/?page_id=2142"},"modified":"2025-11-14T17:20:39","modified_gmt":"2025-11-14T20:20:39","slug":"resultado-preliminar-processo-seletivo-2026-1","status":"publish","type":"page","link":"https:\/\/uenf.br\/posgraduacao\/medicina-veterinaria\/processo-seletivo__trashed\/resultado-preliminar-processo-seletivo-2026-1\/","title":{"rendered":"Resultado Preliminar Processo Seletivo Edital 2026.1"},"content":{"rendered":"\n<p>O Programa de P\u00f3s-Gradua\u00e7\u00e3o em Medicina Veterin\u00e1ria (PGMV) da Universidade Estadual do Norte Fluminense Darcy Ribeiro (UENF) anuncia a lista com os <strong><a href=\"http:\/\/uenf.br\/posgraduacao\/medicina-veterinaria\/wp-content\/uploads\/sites\/19\/2025\/11\/resultados-preliminares-pgmv.pdf\" target=\"_blank\" rel=\"noreferrer noopener\">Resultados Preliminares do Processo Seletivo Edital 2026.1<\/a> <\/strong>para o curso de mestrado. Este momento marca uma etapa decisiva na trajet\u00f3ria dos futuros pesquisadores que buscam integrar o Programa, reafirmando o compromisso com a excel\u00eancia acad\u00eamica, a transpar\u00eancia e o m\u00e9rito cient\u00edfico.<\/p>\n\n\n\n<p>A divulga\u00e7\u00e3o dos resultados reflete o empenho e a dedica\u00e7\u00e3o dos docentes que comp\u00f5em a Comiss\u00e3o de Sele\u00e7\u00e3o, respons\u00e1veis pela condu\u00e7\u00e3o de um processo rigoroso, \u00e9tico e alinhado aos princ\u00edpios que norteiam a p\u00f3s-gradua\u00e7\u00e3o da UENF. A an\u00e1lise criteriosa de cada candidato buscou valorizar n\u00e3o apenas o conhecimento t\u00e9cnico e cient\u00edfico, mas tamb\u00e9m a capacidade cr\u00edtica, a originalidade e o potencial de contribui\u00e7\u00e3o para o avan\u00e7o da Medicina Veterin\u00e1ria.<\/p>\n\n\n\n<p>Durante as etapas do processo seletivo, os candidatos tiveram a oportunidade de demonstrar dom\u00ednio conceitual, clareza de pensamento e maturidade intelectual, elementos essenciais \u00e0 forma\u00e7\u00e3o de pesquisadores comprometidos com o desenvolvimento cient\u00edfico e tecnol\u00f3gico do pa\u00eds. O PGMV\/UENF parabeniza os participantes, reconhecendo o esfor\u00e7o, a dedica\u00e7\u00e3o e o entusiasmo que cada um demonstrou ao longo do processo. Deseja a todos sucesso e inspira\u00e7\u00e3o para seguir contribuindo com a produ\u00e7\u00e3o de conhecimento e com a constru\u00e7\u00e3o de uma ci\u00eancia mais \u00e9tica, inovadora e transformadora.<\/p>\n","protected":false},"excerpt":{"rendered":"<p>O Programa de P\u00f3s-Gradua\u00e7\u00e3o em Medicina Veterin\u00e1ria (PGMV) da Universidade Estadual do Norte Fluminense Darcy Ribeiro (UENF) anuncia a lista&#8230;<\/p>\n","protected":false},"author":61,"featured_media":0,"parent":121,"menu_order":0,"comment_status":"closed","ping_status":"closed","template":"","meta":{"_seopress_robots_primary_cat":"","_seopress_titles_title":"","_seopress_titles_desc":"","_seopress_robots_index":"","footnotes":""},"class_list":["post-2142","page","type-page","status-publish"],"_links":{"self":[{"href":"https:\/\/uenf.br\/posgraduacao\/medicina-veterinaria\/wp-json\/wp\/v2\/pages\/2142","targetHints":{"allow":["GET"]}}],"collection":[{"href":"https:\/\/uenf.br\/posgraduacao\/medicina-veterinaria\/wp-json\/wp\/v2\/pages"}],"about":[{"href":"https:\/\/uenf.br\/posgraduacao\/medicina-veterinaria\/wp-json\/wp\/v2\/types\/page"}],"author":[{"embeddable":true,"href":"https:\/\/uenf.br\/posgraduacao\/medicina-veterinaria\/wp-json\/wp\/v2\/users\/61"}],"replies":[{"embeddable":true,"href":"https:\/\/uenf.br\/posgraduacao\/medicina-veterinaria\/wp-json\/wp\/v2\/comments?post=2142"}],"version-history":[{"count":0,"href":"https:\/\/uenf.br\/posgraduacao\/medicina-veterinaria\/wp-json\/wp\/v2\/pages\/2142\/revisions"}],"up":[{"embeddable":true,"href":"https:\/\/uenf.br\/posgraduacao\/medicina-veterinaria\/wp-json\/wp\/v2\/pages\/121"}],"wp:attachment":[{"href":"https:\/\/uenf.br\/posgraduacao\/medicina-veterinaria\/wp-json\/wp\/v2\/media?parent=2142"}],"curies":[{"name":"wp","href":"https:\/\/api.w.org\/{rel}","templated":true}]}}