{"id":2158,"date":"2025-11-14T16:44:11","date_gmt":"2025-11-14T19:44:11","guid":{"rendered":"https:\/\/uenf.br\/posgraduacao\/medicina-veterinaria\/?page_id=2158"},"modified":"2025-12-05T14:23:55","modified_gmt":"2025-12-05T17:23:55","slug":"processo-seletivo-pgmv-edital-2026-1","status":"publish","type":"page","link":"https:\/\/uenf.br\/posgraduacao\/medicina-veterinaria\/processo-seletivo__trashed\/processo-seletivo-pgmv-edital-2026-1\/","title":{"rendered":"Resultado Final PGMV Edital 2026.1"},"content":{"rendered":"\n<p class=\"has-grande-font-size\"><strong>Resultado Final do Processo Seletivo do PGMV\/UENF \u2013 Edital 2026.1<\/strong><\/p>\n\n\n\n<p class=\"has-medio-font-size\">O Programa de P\u00f3s-Gradua\u00e7\u00e3o em Medicina Veterin\u00e1ria (PGMV) da Universidade Estadual do Norte Fluminense Darcy Ribeiro (UENF) torna p\u00fablico o <a href=\"http:\/\/uenf.br\/posgraduacao\/medicina-veterinaria\/wp-content\/uploads\/sites\/19\/2025\/11\/resultado-final-pgmv-edital-2026-1-1.pdf\" data-type=\"link\" data-id=\"file:\/\/\/C:\/Users\/LSA\/Downloads\/Resultado%20Final%20PGMV%20Edital%202026-1.pdf\" target=\"_blank\" rel=\"noreferrer noopener\"><strong>Resultado Final do Processo Seletivo para o Mestrado &#8211; PGMV Edital 2026.1<\/strong><\/a>, conclu\u00edda a etapa de an\u00e1lise e delibera\u00e7\u00e3o de todos os recursos interpostos. Este momento marca o encerramento de um ciclo de avalia\u00e7\u00e3o criteriosa, conduzido com rigor acad\u00eamico, transpar\u00eancia e compromisso institucional com a forma\u00e7\u00e3o de pesquisadores capacitados, preparados para contribuir com o avan\u00e7o cient\u00edfico e o desenvolvimento da Medicina Veterin\u00e1ria.<\/p>\n\n\n\n<p class=\"has-medio-font-size\">Ap\u00f3s a aprecia\u00e7\u00e3o dos recursos pela Comiss\u00e3o Coordenadora do PGMV, todas as solicita\u00e7\u00f5es foram examinadas de acordo com as normas estabelecidas no Edital 2026.1, garantindo a corre\u00e7\u00e3o de eventuais inconsist\u00eancias e reafirmando o princ\u00edpio da equidade entre os candidatos. As decis\u00f5es finais refletem n\u00e3o apenas a qualidade das avalia\u00e7\u00f5es realizadas, mas tamb\u00e9m o cuidado em assegurar um processo seletivo justo, t\u00e9cnico e alinhado \u00e0s diretrizes da p\u00f3s-gradua\u00e7\u00e3o <em>stricto sensu<\/em>.<\/p>\n\n\n\n<p class=\"has-medio-font-size\">O PGMV parabeniza os candidatos aprovados e classificados, reconhecendo o m\u00e9rito acad\u00eamico demonstrado e desejando pleno \u00eaxito na trajet\u00f3ria que se inicia. Aos demais participantes, o Programa agradece o interesse e a dedica\u00e7\u00e3o durante todas as etapas do processo, refor\u00e7ando que novas oportunidades ser\u00e3o disponibilizadas em editais futuros.<\/p>\n\n\n\n<p><\/p>\n\n\n\n<div data-wp-interactive=\"core\/file\" class=\"wp-block-file\"><object data-wp-bind--hidden=\"!state.hasPdfPreview\" hidden class=\"wp-block-file__embed\" data=\"http:\/\/uenf.br\/posgraduacao\/medicina-veterinaria\/wp-content\/uploads\/sites\/19\/2025\/11\/resultado-final-pgmv-edital-2026-1-1.pdf\" type=\"application\/pdf\" style=\"width:100%;height:600px\" aria-label=\"Incorporado de Resultado Final PGMV Edital 2026-1.\"><\/object><a id=\"wp-block-file--media-cad64fde-0199-425b-afeb-dc803bd44756\" href=\"http:\/\/uenf.br\/posgraduacao\/medicina-veterinaria\/wp-content\/uploads\/sites\/19\/2025\/11\/resultado-final-pgmv-edital-2026-1-1.pdf\">Resultado Final PGMV Edital 2026-1<\/a><a href=\"http:\/\/uenf.br\/posgraduacao\/medicina-veterinaria\/wp-content\/uploads\/sites\/19\/2025\/11\/resultado-final-pgmv-edital-2026-1-1.pdf\" class=\"wp-block-file__button wp-element-button\" download aria-describedby=\"wp-block-file--media-cad64fde-0199-425b-afeb-dc803bd44756\">Baixar<\/a><\/div>\n","protected":false},"excerpt":{"rendered":"<p>Resultado Final do Processo Seletivo do PGMV\/UENF \u2013 Edital 2026.1 O Programa de P\u00f3s-Gradua\u00e7\u00e3o em Medicina Veterin\u00e1ria (PGMV) da Universidade&#8230;<\/p>\n","protected":false},"author":61,"featured_media":0,"parent":121,"menu_order":0,"comment_status":"closed","ping_status":"closed","template":"","meta":{"_seopress_robots_primary_cat":"","_seopress_titles_title":"","_seopress_titles_desc":"","_seopress_robots_index":"","footnotes":""},"class_list":["post-2158","page","type-page","status-publish"],"_links":{"self":[{"href":"https:\/\/uenf.br\/posgraduacao\/medicina-veterinaria\/wp-json\/wp\/v2\/pages\/2158","targetHints":{"allow":["GET"]}}],"collection":[{"href":"https:\/\/uenf.br\/posgraduacao\/medicina-veterinaria\/wp-json\/wp\/v2\/pages"}],"about":[{"href":"https:\/\/uenf.br\/posgraduacao\/medicina-veterinaria\/wp-json\/wp\/v2\/types\/page"}],"author":[{"embeddable":true,"href":"https:\/\/uenf.br\/posgraduacao\/medicina-veterinaria\/wp-json\/wp\/v2\/users\/61"}],"replies":[{"embeddable":true,"href":"https:\/\/uenf.br\/posgraduacao\/medicina-veterinaria\/wp-json\/wp\/v2\/comments?post=2158"}],"version-history":[{"count":0,"href":"https:\/\/uenf.br\/posgraduacao\/medicina-veterinaria\/wp-json\/wp\/v2\/pages\/2158\/revisions"}],"up":[{"embeddable":true,"href":"https:\/\/uenf.br\/posgraduacao\/medicina-veterinaria\/wp-json\/wp\/v2\/pages\/121"}],"wp:attachment":[{"href":"https:\/\/uenf.br\/posgraduacao\/medicina-veterinaria\/wp-json\/wp\/v2\/media?parent=2158"}],"curies":[{"name":"wp","href":"https:\/\/api.w.org\/{rel}","templated":true}]}}