{"id":41,"date":"2022-05-24T11:00:04","date_gmt":"2022-05-24T14:00:04","guid":{"rendered":"https:\/\/uenf.br\/posgraduacao\/medicina-veterinaria\/?page_id=41"},"modified":"2026-03-13T11:21:25","modified_gmt":"2026-03-13T14:21:25","slug":"comissao-coordenadora","status":"publish","type":"page","link":"https:\/\/uenf.br\/posgraduacao\/medicina-veterinaria\/apresentacao-2\/comissao-coordenadora\/","title":{"rendered":"Comiss\u00e3o Coordenadora"},"content":{"rendered":"\n<h2 class=\"wp-block-heading\"><span style=\"color: #2d59a6\">Programa de P\u00f3s-Gradua\u00e7\u00e3o em Medicina Veterin\u00e1ria (PGMV\/UENF)<\/span><\/h2>\n\n\n\n<p class=\"has-pequeno-font-size\">A <strong>Comiss\u00e3o Coordenadora do Programa de P\u00f3s-Gradua\u00e7\u00e3o em Medicina Veterin\u00e1ria (CPGMV\/UENF)<\/strong> \u00e9 um \u00f3rg\u00e3o colegiado respons\u00e1vel pela gest\u00e3o acad\u00eamica e administrativa do Programa. Sua finalidade \u00e9 assegurar o pleno funcionamento do Programa, promovendo a qualidade acad\u00eamica, cient\u00edfica e administrativa, bem como a forma\u00e7\u00e3o de mestres alinhados \u00e0s diretrizes da UENF e da CAPES. Entre suas atribui\u00e7\u00f5es destacam-se:<\/p>\n\n\n\n<ul class=\"wp-block-list has-pequeno-font-size\">\n<li><p data-start=\"705\" data-end=\"814\">Definir e acompanhar as diretrizes acad\u00eamicas do Programa, zelando pela coer\u00eancia e atualiza\u00e7\u00e3o curricular;<\/p><\/li>\n\n\n\n<li><p data-start=\"817\" data-end=\"878\">Apoiar o coordenador na gest\u00e3o administrativa e pedag\u00f3gica;<\/p><\/li>\n\n\n\n<li><p data-start=\"881\" data-end=\"1025\">Deliberar sobre processos de sele\u00e7\u00e3o discente, credenciamento e recredenciamento de docentes, bem como demais quest\u00f5es acad\u00eamicas pertinentes;<\/p><\/li>\n\n\n\n<li><p data-start=\"1028\" data-end=\"1152\">Acompanhar e avaliar o desempenho do Programa em termos de produ\u00e7\u00e3o cient\u00edfica, impacto social e indicadores de qualidade;<\/p><\/li>\n\n\n\n<li><p data-start=\"1155\" data-end=\"1274\">Garantir a transpar\u00eancia e a participa\u00e7\u00e3o, assegurando representa\u00e7\u00e3o de docentes e discentes nas decis\u00f5es colegiadas.<\/p><\/li>\n<\/ul>\n\n\n\n<p class=\"has-text-align-left\">A Comiss\u00e3o Coordenadora, portanto, \u00e9 um espa\u00e7o de gest\u00e3o participativa e estrat\u00e9gica, comprometida com a excel\u00eancia acad\u00eamica e cient\u00edfica do Programa de P\u00f3s-Gradua\u00e7\u00e3o em Medicina Veterin\u00e1ria da UENF.<\/p>\n\n\n\n<h2 class=\"wp-block-heading has-text-align-center has-secundaria-color has-text-color has-link-color wp-elements-7dfd15cf87f2cdecad687546fff86277\"><strong><span style=\"color: #2d59a6\">Composi\u00e7\u00e3o da Comiss\u00e3o Coordenadora do Programa (PGMV) <\/span>2025 &#8211; 2027<\/strong><\/h2>\n\n\n\n<h3 class=\"wp-block-heading\"><span style=\"color: #2d59a6\">Presidente<\/span><\/h3>\n\n\n\n<p><strong>Prof. Francisco Carlos Rodrigues de Oliveira <\/strong><\/p>\n\n\n\n<ul class=\"wp-block-list\">\n<li>Laborat\u00f3rio de Sanidade Animal &#8211; LSA<\/li>\n\n\n\n<li><a href=\"foliveira@uenf.br\">E-mail: <span style=\"color: #000000\">foliveira@uenf.br<\/span><\/a><\/li>\n\n\n\n<li><a href=\"http:\/\/lattes.cnpq.br\/7401298092141167\" target=\"_blank\" rel=\"noopener\">Curr\u00edculo Lattes<\/a><\/li>\n<\/ul>\n\n\n\n<h3 class=\"wp-block-heading\"><span style=\"color: #2d59a6\">Docentes Titulares<\/span><\/h3>\n\n\n\n<p class=\"has-text-align-left\"><strong>Prof. Andr\u00e9 Lacerda de Abreu Oliveira<\/strong><\/p>\n\n\n\n<ul class=\"wp-block-list\">\n<li>Laborat\u00f3rio de Cl\u00ednica e Cirurgia Animal &#8211; LCCA<\/li>\n\n\n\n<li><a href=\"pdf@uenf.br\">E-mail: andrevet@uenf.br<\/a><\/li>\n\n\n\n<li><a href=\"http:\/\/lattes.cnpq.br\/9641413249653748\" target=\"_blank\" rel=\"noreferrer noopener\">Curr\u00edculo Lattes<\/a><\/li>\n<\/ul>\n\n\n\n<p class=\"has-text-align-left\"><strong>Prof. Leonardo Serafim da Silveira&nbsp;<\/strong><\/p>\n\n\n\n<ul class=\"wp-block-list\">\n<li>Laborat\u00f3rio de Morfologia e Patologia Animal &#8211; LMPA<\/li>\n\n\n\n<li><a href=\"leoseraf@uenf.br\">E-mail: <span style=\"color: #000000\">leoseraf@uenf.br<\/span><\/a><\/li>\n\n\n\n<li><a href=\"http:\/\/lattes.cnpq.br\/3495523222990119\" target=\"_blank\" rel=\"noopener\">Curr\u00edculo Lattes<\/a><\/li>\n<\/ul>\n\n\n\n<hr class=\"wp-block-separator has-alpha-channel-opacity\" \/>\n\n\n\n<p class=\"has-text-align-left\"><strong>Prof. Lu\u00eds Fonseca Matos&nbsp;<\/strong><\/p>\n\n\n\n<ul class=\"wp-block-list\">\n<li>Laborat\u00f3rio de Reprodu\u00e7\u00e3o e Melhoramento Gen\u00e9tico Animal &#8211; LRMGA<\/li>\n\n\n\n<li><a href=\"lmatos@uenf.br\">E-mail: <span style=\"color: #000000\">lmatos@uenf.br<\/span><\/a><\/li>\n\n\n\n<li><a href=\"http:\/\/lattes.cnpq.br\/9488133154533517\" target=\"_blank\" rel=\"noopener\">Curr\u00edculo Lattes<\/a><\/li>\n<\/ul>\n\n\n\n<hr class=\"wp-block-separator has-alpha-channel-opacity\" \/>\n\n\n\n<p class=\"has-text-align-left\"><strong>Prof. Olney Vieira da Motta<\/strong><\/p>\n\n\n\n<ul class=\"wp-block-list\">\n<li>Laborat\u00f3rio de Sanidade Animal &#8211; LSA<\/li>\n\n\n\n<li><a href=\"olney@uenf.br\">E-mail: olney@uenf.br<\/a><\/li>\n\n\n\n<li><a href=\"http:\/\/lattes.cnpq.br\/4893056116591017\" target=\"_blank\" rel=\"noopener\">Curr\u00edculo Lattes<\/a><\/li>\n<\/ul>\n\n\n\n<hr class=\"wp-block-separator has-alpha-channel-opacity\" \/>\n\n\n\n<p class=\"has-text-align-left\"><b>Gabriela&nbsp;<\/b><strong>Fontes Silva<\/strong><\/p>\n\n\n\n<ul class=\"wp-block-list\">\n<li>Representante Discente<\/li>\n\n\n\n<li><a href=\"mailto:nathaliamescolim@hotmail.com\">E-mail: gabf@pq.uenf.br<\/a><\/li>\n<\/ul>\n\n\n\n<hr class=\"wp-block-separator has-alpha-channel-opacity\" \/>\n\n\n\n<h3 class=\"wp-block-heading has-secundaria-color has-text-color has-link-color wp-elements-c0b35f3e1e17bddeae1db78c6357a4d8\"><span style=\"color: #2d59a6\">Docentes<\/span> Colaboradores<\/h3>\n\n\n\n<p class=\"has-text-align-left\"><strong>Profa. Karoll A. A. Torres-Cordido<\/strong><\/p>\n\n\n\n<ul class=\"wp-block-list\">\n<li>Laborat\u00f3rio de Zootecnia &#8211; LZO<\/li>\n\n\n\n<li><a href=\"mailto:karoll@uenf.br\">E-mail: karoll@uenf.br&nbsp;<\/a><\/li>\n\n\n\n<li><a href=\"http:\/\/lattes.cnpq.br\/0139671706722810\" target=\"_blank\" rel=\"noopener\">Curr\u00edculo Lattes<\/a><\/li>\n<\/ul>\n\n\n\n<hr class=\"wp-block-separator has-alpha-channel-opacity\" \/>\n\n\n\n<p class=\"has-text-align-left\"><strong>Prof. Samira Salim Mello Gallo<\/strong><\/p>\n\n\n\n<ul class=\"wp-block-list\">\n<li>Laborat\u00f3rio de Sanidade Animal &#8211; LSA<\/li>\n\n\n\n<li><a href=\"mailto:efrazao@uenf.br\">E-mail: samiragallo@yahoo.com.br<\/a><\/li>\n\n\n\n<li><a href=\"http:\/\/lattes.cnpq.br\/7697473878019105\" target=\"_blank\" rel=\"noreferrer noopener\">Curr\u00edculo Lattes<\/a><\/li>\n<\/ul>\n\n\n\n<h3 class=\"wp-block-heading\">&nbsp;<\/h3>\n\n\n\n<h2 class=\"wp-block-heading has-text-align-center has-secundaria-color has-text-color has-link-color wp-elements-30586a4982af42233d7f6fa37899d8e9\"><strong>Comiss\u00e3o Coordenadora do Programa (PGMV) 2024 &#8211; 2025<\/strong><\/h2>\n\n\n\n<figure class=\"wp-block-image aligncenter size-full\"><img loading=\"lazy\" decoding=\"async\" width=\"496\" height=\"372\" src=\"https:\/\/uenf.br\/posgraduacao\/medicina-veterinaria\/wp-content\/uploads\/sites\/19\/2026\/03\/comissao-coordenadora.jpg\" alt=\"comiss\u00e3o coordenadora\" class=\"wp-image-2794\" srcset=\"https:\/\/uenf.br\/posgraduacao\/medicina-veterinaria\/wp-content\/uploads\/sites\/19\/2026\/03\/comissao-coordenadora.jpg 496w, https:\/\/uenf.br\/posgraduacao\/medicina-veterinaria\/wp-content\/uploads\/sites\/19\/2026\/03\/comissao-coordenadora-300x225.jpg 300w, https:\/\/uenf.br\/posgraduacao\/medicina-veterinaria\/wp-content\/uploads\/sites\/19\/2026\/03\/comissao-coordenadora-320x240.jpg 320w\" sizes=\"auto, (max-width: 496px) 100vw, 496px\" \/><\/figure>\n\n\n\n<h3 class=\"wp-block-heading\"><span style=\"color: #2d59a6\">Presidente<\/span><\/h3>\n\n\n\n<p><strong>Prof. Francisco Carlos Rodrigues de Oliveira <\/strong><\/p>\n\n\n\n<ul class=\"wp-block-list\">\n<li>Laborat\u00f3rio de Sanidade Animal &#8211; LSA<\/li>\n\n\n\n<li><a href=\"foliveira@uenf.br\">E-mail: <span style=\"color: #000000\">foliveira@uenf.br<\/span><\/a><\/li>\n\n\n\n<li><a href=\"http:\/\/lattes.cnpq.br\/7401298092141167\" target=\"_blank\" rel=\"noopener\">Curr\u00edculo Lattes<\/a><\/li>\n<\/ul>\n\n\n\n<h3 class=\"wp-block-heading\"><span style=\"color: #2d59a6\">Docentes Titulares<\/span><\/h3>\n\n\n\n<p class=\"has-text-align-left\"><strong>Prof. Leonardo Serafim da Silveira&nbsp;<\/strong><\/p>\n\n\n\n<ul class=\"wp-block-list\">\n<li>Laborat\u00f3rio de Morfologia e Patologia Animal &#8211; LMPA<\/li>\n\n\n\n<li><a href=\"leoseraf@uenf.br\">E-mail: <span style=\"color: #000000\">leoseraf@uenf.br<\/span><\/a><\/li>\n\n\n\n<li><a href=\"http:\/\/lattes.cnpq.br\/3495523222990119\" target=\"_blank\" rel=\"noopener\">Curr\u00edculo Lattes<\/a><\/li>\n<\/ul>\n\n\n\n<hr class=\"wp-block-separator has-alpha-channel-opacity\" \/>\n\n\n\n<p class=\"has-text-align-left\"><strong>Prof. Lu\u00eds Fonseca Matos&nbsp;<\/strong><\/p>\n\n\n\n<ul class=\"wp-block-list\">\n<li>Laborat\u00f3rio de Reprodu\u00e7\u00e3o e Melhoramento Gen\u00e9tico Animal &#8211; LRMGA<\/li>\n\n\n\n<li><a href=\"lmatos@uenf.br\">E-mail: <span style=\"color: #000000\">lmatos@uenf.br<\/span><\/a><\/li>\n\n\n\n<li><a href=\"http:\/\/lattes.cnpq.br\/9488133154533517\" target=\"_blank\" rel=\"noopener\">Curr\u00edculo Lattes<\/a><\/li>\n<\/ul>\n\n\n\n<hr class=\"wp-block-separator has-alpha-channel-opacity\" \/>\n\n\n\n<p class=\"has-text-align-left\"><strong>Prof. Olney Vieira da Motta<\/strong><\/p>\n\n\n\n<ul class=\"wp-block-list\">\n<li>Laborat\u00f3rio de Sanidade Animal &#8211; LSA<\/li>\n\n\n\n<li><a href=\"olney@uenf.br\">E-mail: olney@uenf.br<\/a><\/li>\n\n\n\n<li><a href=\"http:\/\/lattes.cnpq.br\/4893056116591017\" target=\"_blank\" rel=\"noopener\">Curr\u00edculo Lattes<\/a><\/li>\n<\/ul>\n\n\n\n<hr class=\"wp-block-separator has-alpha-channel-opacity\" \/>\n\n\n\n<p class=\"has-text-align-left\"><strong>Profa. Paula Alessandra Di Filippo<\/strong><\/p>\n\n\n\n<ul class=\"wp-block-list\">\n<li>Laborat\u00f3rio de Cl\u00ednica e Cirurgia Animal &#8211; LCCA<\/li>\n\n\n\n<li><a href=\"pdf@uenf.br\">E-mail: pdf@uenf.br<\/a><\/li>\n\n\n\n<li><a href=\"http:\/\/lattes.cnpq.br\/3512179950353953\" target=\"_blank\" rel=\"noopener\">Curr\u00edculo Lattes<\/a><\/li>\n<\/ul>\n\n\n\n<hr class=\"wp-block-separator has-alpha-channel-opacity\" \/>\n\n\n\n<p class=\"has-text-align-left\"><strong><strong style=\"font-size: 16px;font-style: normal\">N<\/strong><\/strong><strong style=\"font-size: 16px\">ath\u00e1lia M\u00e9scolin Barbosa Garonce&nbsp;<\/strong><\/p>\n\n\n\n<ul class=\"wp-block-list\">\n<li>Representante Discente<\/li>\n\n\n\n<li><a href=\"mailto:nathaliamescolim@hotmail.com\">E-mail: nathaliamescolim@hotmail.com<\/a><\/li>\n<\/ul>\n\n\n\n<hr class=\"wp-block-separator has-alpha-channel-opacity\" \/>\n\n\n\n<h3 class=\"wp-block-heading has-secundaria-color has-text-color has-link-color wp-elements-fd70f8bcd5853cfef5713b38d424d865\"><span style=\"color: #2d59a6\">Convidados<\/span> Colaboradores<\/h3>\n\n\n\n<p class=\"has-text-align-left\"><strong>Profa. Karoll A. A. Torres-Cordido<\/strong><\/p>\n\n\n\n<ul class=\"wp-block-list\">\n<li>Laborat\u00f3rio de Zootecnia &#8211; LZO<\/li>\n\n\n\n<li><a href=\"mailto:karoll@uenf.br\">E-mail: karoll@uenf.br&nbsp;<\/a><\/li>\n\n\n\n<li><a href=\"http:\/\/lattes.cnpq.br\/0139671706722810\" target=\"_blank\" rel=\"noopener\">Curr\u00edculo Lattes<\/a><\/li>\n<\/ul>\n\n\n\n<hr class=\"wp-block-separator has-alpha-channel-opacity\" \/>\n\n\n\n<p class=\"has-text-align-left\"><strong>Prof. Edwards Fraz\u00e3o Teixeira<\/strong><\/p>\n\n\n\n<ul class=\"wp-block-list\">\n<li>Laborat\u00f3rio de Sanidade Animal &#8211; LSA<\/li>\n\n\n\n<li><a href=\"mailto:efrazao@uenf.br\">E-mail: efrazao@uenf.br<\/a><\/li>\n\n\n\n<li><a href=\"http:\/\/lattes.cnpq.br\/3970635682513329\" target=\"_blank\" rel=\"noopener\">Curr\u00edculo Lattes<\/a><\/li>\n<\/ul>\n\n\n\n<h3 class=\"wp-block-heading\">&nbsp;<\/h3>\n","protected":false},"excerpt":{"rendered":"<p>Programa de P\u00f3s-Gradua\u00e7\u00e3o em Medicina Veterin\u00e1ria (PGMV\/UENF) A Comiss\u00e3o Coordenadora do Programa de P\u00f3s-Gradua\u00e7\u00e3o em Medicina Veterin\u00e1ria (CPGMV\/UENF) \u00e9 um&#8230;<\/p>\n","protected":false},"author":45,"featured_media":0,"parent":2769,"menu_order":3,"comment_status":"closed","ping_status":"closed","template":"","meta":{"_seopress_robots_primary_cat":"","_seopress_titles_title":"Comiss\u00e3o - Programa de P\u00f3s-Gradua\u00e7\u00e3o em Medicina Veterin\u00e1ria","_seopress_titles_desc":"Nova Comiss\u00e3o Coordenadora do PGMV\/UENF: gest\u00e3o estrat\u00e9gica, excel\u00eancia acad\u00eamica e forma\u00e7\u00e3o alinhada \u00e0s diretrizes da CAPES e da universidade.","_seopress_robots_index":"","footnotes":""},"class_list":["post-41","page","type-page","status-publish"],"_links":{"self":[{"href":"https:\/\/uenf.br\/posgraduacao\/medicina-veterinaria\/wp-json\/wp\/v2\/pages\/41","targetHints":{"allow":["GET"]}}],"collection":[{"href":"https:\/\/uenf.br\/posgraduacao\/medicina-veterinaria\/wp-json\/wp\/v2\/pages"}],"about":[{"href":"https:\/\/uenf.br\/posgraduacao\/medicina-veterinaria\/wp-json\/wp\/v2\/types\/page"}],"author":[{"embeddable":true,"href":"https:\/\/uenf.br\/posgraduacao\/medicina-veterinaria\/wp-json\/wp\/v2\/users\/45"}],"replies":[{"embeddable":true,"href":"https:\/\/uenf.br\/posgraduacao\/medicina-veterinaria\/wp-json\/wp\/v2\/comments?post=41"}],"version-history":[{"count":0,"href":"https:\/\/uenf.br\/posgraduacao\/medicina-veterinaria\/wp-json\/wp\/v2\/pages\/41\/revisions"}],"up":[{"embeddable":true,"href":"https:\/\/uenf.br\/posgraduacao\/medicina-veterinaria\/wp-json\/wp\/v2\/pages\/2769"}],"wp:attachment":[{"href":"https:\/\/uenf.br\/posgraduacao\/medicina-veterinaria\/wp-json\/wp\/v2\/media?parent=41"}],"curies":[{"name":"wp","href":"https:\/\/api.w.org\/{rel}","templated":true}]}}