{"id":493,"date":"2025-01-17T15:35:47","date_gmt":"2025-01-17T18:35:47","guid":{"rendered":"https:\/\/uenf.br\/posgraduacao\/medicina-veterinaria\/?page_id=493"},"modified":"2026-04-01T10:51:58","modified_gmt":"2026-04-01T13:51:58","slug":"apresentacao","status":"publish","type":"page","link":"https:\/\/uenf.br\/posgraduacao\/medicina-veterinaria\/apresentacao-2\/apresentacao\/","title":{"rendered":"O Programa"},"content":{"rendered":"\n<h2 class=\"wp-block-heading\">Apresenta\u00e7\u00e3o<\/h2>\n\n\n\n<p>O Programa de P\u00f3s-Gradua\u00e7\u00e3o <em>stricto sensu<\/em> em Medicina Veterin\u00e1ria (PGMV) da Universidade Estadual do Norte Fluminense Darcy Ribeiro (UENF) \u00e9 refer\u00eancia na forma\u00e7\u00e3o de recursos humanos altamente qualificados para atua\u00e7\u00e3o em ensino, pesquisa, e inova\u00e7\u00e3o tecnol\u00f3gica na \u00e1rea de Medicina Veterin\u00e1ria. Desenvolve atividades de pesquisa na \u00e1rea de sanidade animal e produ\u00e7\u00e3o e reprodu\u00e7\u00e3o animal buscando promover a integra\u00e7\u00e3o entre ensino, pesquisa e extens\u00e3o. <\/p>\n\n\n\n<p>Oferece o curso de Mestrado, com foco na produ\u00e7\u00e3o de conhecimento cient\u00edfico integrado \u00e0s demandas regionais e nacionais, bem como \u00e0 forma\u00e7\u00e3o acad\u00eamica e profissional de seus discentes, contribuindo de maneira decisiva para o avan\u00e7o da Medicina Veterin\u00e1ria n\u00e3o apenas no Estado do Rio de Janeiro, mas em todo Brasil.<\/p>\n\n\n\n<p>O PGMV integra o Centro de Ci\u00eancias e Tecnologias Agropecu\u00e1rias (CCTA) da UENF, ambiente que re\u00fane infraestrutura laboratorial e equipes de pesquisa dedicadas ao desenvolvimento cient\u00edfico nas \u00e1reas das ci\u00eancia agr\u00e1rias e veterin\u00e1rias.<\/p>\n\n\n\n<h2 class=\"wp-block-heading\">Objetivos<\/h2>\n\n\n\n<h3 class=\"wp-block-heading has-secundaria-color has-text-color has-link-color wp-elements-1543340858550da767c517139c73145c\">Objetivo geral<\/h3>\n\n\n\n<p>O Programa de P\u00f3s-Gradua\u00e7\u00e3o em Medicina Veterin\u00e1ria (PGMV) da UENF tem como objetivo capacitar profissionais das Ci\u00eancias Agr\u00e1rias, incluindo a Medicina Veterin\u00e1ria, e tamb\u00e9m graduados em \u00e1reas afins, para atuar na academia e no mercado de trabalho, aprimorando compet\u00eancias em ensino, pesquisa e desenvolvimento de produtos e processo, com base em s\u00f3lida forma\u00e7\u00e3o cient\u00edfica nas ci\u00eancias b\u00e1sicas e aplicadas. O Programa visa o progresso das a\u00e7\u00f5es humanas para o avan\u00e7o do conhecimento e para a solu\u00e7\u00e3o de demandas relacionadas \u00e0 sa\u00fade e \u00e0 produ\u00e7\u00e3o animal, em conson\u00e2ncia com os interesses econ\u00f4micos da sociedade.<\/p>\n\n\n\n<h3 class=\"wp-block-heading has-secundaria-color has-text-color has-link-color wp-elements-00f9a13a7264d66ff26c30181a36519d\">Objetivos espec\u00edficos<\/h3>\n\n\n\n<ul class=\"wp-block-list\">\n<li>Capacitar profissionais de diferentes \u00e1reas de forma\u00e7\u00e3o para atender \u00e0 demanda local;<\/li>\n\n\n\n<li>Formar compet\u00eancias para atuar no agroneg\u00f3cio brasileiro, promovendo o desenvolvimento de produtos e processos;<\/li>\n\n\n\n<li>Dar suporte \u00e0 produ\u00e7\u00e3o rural regional, promovendo a intera\u00e7\u00e3o entre produtores rurais e discentes do Programa;<\/li>\n\n\n\n<li>Estabelecer e expandir contatos internacionais, por meio de interc\u00e2mbios e programas institucionais;<\/li>\n\n\n\n<li>Fortalecer a colabora\u00e7\u00e3o entre grupos de pesquisa no Brasil, promovendo interc\u00e2mbio de discentes e docentes;<\/li>\n\n\n\n<li>Fomentar a interdisciplinaridade, ampliando o escopo dos projetos existentes e contribuindo para a atra\u00e7\u00e3o de profissionais capacitados;<\/li>\n\n\n\n<li>Atender \u00e0 demanda regional por forma\u00e7\u00e3o e desenvolvimento de pesquisa em Sa\u00fade \u00danica, priorizando a melhoria da sa\u00fade humana e animal e o equil\u00edbrio ambiental<\/li>\n<\/ul>\n\n\n\n<h2 class=\"wp-block-heading\">Hist\u00f3rico<\/h2>\n\n\n\n<p>O Programa de P\u00f3s-Gradua\u00e7\u00e3o em Medicina Veterin\u00e1ria (PGMV) foi criado com a finalidade de fortalecer as pesquisas, conferir maior relev\u00e2ncia e especificidade \u00e0 forma\u00e7\u00e3o cient\u00edfica, ampliar a produ\u00e7\u00e3o de conhecimento na \u00e1rea de concentra\u00e7\u00e3o em Medicina Veterin\u00e1ria e impulsionar o desenvolvimento das regi\u00f5es Norte e Noroeste Fluminense. <\/p>\n\n\n\n<p>O PGMV foi homologado em 01 de abril de 2024 e tem como sub\u00e1reas a Sa\u00fade \u00danica, Produ\u00e7\u00e3o e Reprodu\u00e7\u00e3o Animal, Cl\u00ednica, Anestesiologia e Cirurgia Veterin\u00e1ria. Desde sua cria\u00e7\u00e3o, o Programa desenvolve atividades de pesquisa e forma\u00e7\u00e3o acad\u00eamica orientadas \u00e0 qualifica\u00e7\u00e3o de profissionais capazes de atuar em diferentes segmentos da Medicina Veterin\u00e1ria, incluindo ensino superior, pesquisa cient\u00edfica e desenvolvimento tecnol\u00f3gico. Essas a\u00e7\u00f5es visam contribuir para o enfrentamento de desafios relacionados \u00e0 produ\u00e7\u00e3o animal, \u00e0 sanidade animal e \u00e0 sa\u00fade p\u00fablica, em conson\u00e2ncia com as demandas sociais e com as transforma\u00e7\u00f5es cient\u00edficas e tecnol\u00f3gicas.<\/p>\n\n\n\n<p>Ao longo de sua trajet\u00f3ria, o Programa consolidou linhas de pesquisa e ampliou sua infraestrutura, contribuindo para o desenvolvimento cient\u00edfico e tecnol\u00f3gico da Medicina Veterin\u00e1ria.<\/p>\n\n\n\n<h2 class=\"wp-block-heading\">Miss\u00e3o<\/h2>\n\n\n\n<p>A principal miss\u00e3o do Programa de P\u00f3s-Gradua\u00e7\u00e3o em Medicina Veterin\u00e1ria (PGMV) \u00e9 capacitar mestres qualificados para a pesquisa, o ensino superior e a atua\u00e7\u00e3o t\u00e9cnico-cient\u00edfica promovendo a integra\u00e7\u00e3o entre pesquisa, ensino e extens\u00e3o na Medicina Veterin\u00e1ria da UENF. O Programa orienta-se pela produ\u00e7\u00e3o e dissemina\u00e7\u00e3o do conhecimento nas ci\u00eancias veterin\u00e1rias contribuindo para o desenvolvimento intelectual e social da regi\u00e3o por meio de saberes inovadores e multidisciplinares e para o enfrentamento de demandas relacionadas \u00e0 sanidade animal, \u00e0 sa\u00fade p\u00fablica e ao meio ambiente.<\/p>\n\n\n\n<h2 class=\"wp-block-heading\">Vis\u00e3o<\/h2>\n\n\n\n<p>Ser reconhecido pela consist\u00eancia acad\u00eamica, pela contribui\u00e7\u00e3o cient\u00edfica na \u00e1rea de Medicina Veterin\u00e1ria, pela forma\u00e7\u00e3o de profissionais com vis\u00e3o cr\u00edtica, \u00e9tica e abrangente, e pela promo\u00e7\u00e3o da qualidade de vida animal e humana em integra\u00e7\u00e3o com o meio ambiente. O Programa busca incentivar a produ\u00e7\u00e3o cient\u00edfica e tecnol\u00f3gica, consolidar sua atua\u00e7\u00e3o em \u00e2mbito nacional e ampliar sua participa\u00e7\u00e3o em iniciativas internacionais, com inser\u00e7\u00e3o em redes de pesquisa e coopera\u00e7\u00e3o.<\/p>\n\n\n\n<h2 class=\"wp-block-heading\">Valores<\/h2>\n\n\n\n<p>As atividades do PGMV orientam-se pelos princ\u00edpios institucionais da UENF, com \u00eanfase em:<\/p>\n\n\n\n<ul class=\"wp-block-list\">\n<li>Qualidade acad\u00eamica na forma\u00e7\u00e3o e na produ\u00e7\u00e3o cient\u00edfica;<\/li>\n\n\n\n<li>Integra\u00e7\u00e3o entre ensino, pesquisa e extens\u00e3o;<\/li>\n\n\n\n<li>Compromisso com o ensino p\u00fablico;<\/li>\n\n\n\n<li>Autonomia did\u00e1tico-cient\u00edfica;<\/li>\n\n\n\n<li>Respeito \u00e0 diversidade de perspectivas te\u00f3ricas e metodol\u00f3gicas;<\/li>\n\n\n\n<li>Responsabilidade social e contribui\u00e7\u00e3o para o desenvolvimento regional;<\/li>\n\n\n\n<li>Valoriza\u00e7\u00e3o da forma\u00e7\u00e3o humana e profissional;<\/li>\n\n\n\n<li>Gest\u00e3o acad\u00eamica pautada em crit\u00e9rios institucionais e planejamento.<\/li>\n<\/ul>\n\n\n\n<p>Esses referenciais sustentam a organiza\u00e7\u00e3o e o funcionamento do Programa, orientando suas atividades acad\u00eamicas e sua inser\u00e7\u00e3o na sociedade.<\/p>\n\n\n\n<h3 class=\"wp-block-heading has-secundaria-color has-text-color has-link-color has-grande-font-size wp-elements-384595ffa2ff3db65fbe5db2393a253c\"><strong>Corpo Docente de Refer\u00eancia<\/strong>: <\/h3>\n\n\n\n<p class=\"has-black-color has-text-color has-link-color wp-elements-9bc0e740cb0fc811b36deb2816cba595\">Um dos grandes diferenciais do PGMV \u00e9 o seu corpo docente altamente qualificado, composto por professores doutores reconhecidos nacionalmente e internacionalmente, que se dedicam n\u00e3o somente ao ensino na gradua\u00e7\u00e3o e p\u00f3s-gradua\u00e7\u00e3o, mas tamb\u00e9m \u00e0 pesquisa de excel\u00eancia e \u00e0 extens\u00e3o universit\u00e1ria. Essa integra\u00e7\u00e3o entre as diferentes \u00e1reas do conhecimento garante uma forma\u00e7\u00e3o completa e integrada, que une teoria, pr\u00e1tica e compromisso social.<\/p>\n\n\n\n<h3 class=\"wp-block-heading has-secundaria-color has-text-color has-link-color wp-elements-1845c7b962f8a9db07d7c39202058884\">Impacto e oportunidades<\/h3>\n\n\n\n<div class=\"wp-block-group is-layout-grid wp-container-core-group-is-layout-9649a0d9 wp-block-group-is-layout-grid\">\n<p class=\"has-text-align-left has-white-color has-vivid-cyan-blue-background-color has-text-color has-background has-link-color wp-elements-ed1e70732309a8a163dbe007a45ca057\" style=\"border-width:3px\">O Programa de P\u00f3s-Gradua\u00e7\u00e3o em Medicina Veterin\u00e1ria &#8211; PGMV tem impacto direto na sociedade, pois forma profissionais que: <\/p>\n\n\n\n<p class=\"has-text-align-left has-white-color has-vivid-cyan-blue-background-color has-text-color has-background has-link-color wp-elements-013b201564c7f7e3359ba86103adcc26\" style=\"border-width:3px\">Contribuem para a inova\u00e7\u00e3o no agroneg\u00f3cio e na produ\u00e7\u00e3o animal; <\/p>\n\n\n\n<p class=\"has-text-align-left has-white-color has-vivid-cyan-blue-background-color has-text-color has-background has-link-color wp-elements-ad97db809eb3e21f2207eee9c063ba4b\" style=\"border-width:3px\">Desenvolvem pesquisas aplicadas que atendem \u00e0s necessidades do mercado e das pol\u00edticas p\u00fablicas; <\/p>\n\n\n\n<p class=\"has-text-align-left has-white-color has-vivid-cyan-blue-background-color has-text-color has-background has-link-color wp-elements-d0093401f05e67c1832563e383418b4f\" style=\"border-width:3px\">Promovem a integra\u00e7\u00e3o entre sa\u00fade animal, sa\u00fade humana e meio ambiente, alinhando-se ao conceito de Sa\u00fade \u00danica; <\/p>\n\n\n\n<p class=\"has-text-align-left has-white-color has-vivid-cyan-blue-background-color has-text-color has-background has-link-color wp-elements-e422b9f1171ae42b51226302ef9f95ed\" style=\"border-width:3px\">Atuam de forma decisiva na forma\u00e7\u00e3o de novas gera\u00e7\u00f5es de pesquisadores e docentes.<\/p>\n<\/div>\n\n\n\n<h3 class=\"wp-block-heading has-primaria-color has-text-color has-link-color wp-elements-915a31febdd83cfc6dce80b0f5e9383d\">Estrutura Acad\u00eamica e Linha de Pesquisa<\/h3>\n\n\n\n<p class=\"has-normal-font-size\">O Programa est\u00e1 organizado em uma \u00e1rea de concentra\u00e7\u00e3o principal &#8211; Medicina Veterin\u00e1ria &#8211; que se desdobra em duas linhas de pesquisa estrat\u00e9gicas:<\/p>\n\n\n\n<ul class=\"wp-block-list\">\n<li class=\"has-primaria-color has-text-color has-link-color has-normal-font-size wp-elements-fc8df2b2d9c1e51822db89f05c999b9e\"><strong>Produ\u00e7\u00e3o e Reprodu\u00e7\u00e3o Animal <\/strong>&#8211; voltada para a melhoria da produtividade, bem-estar e efici\u00eancia dos sistemas de cria\u00e7\u00e3o, com foco em inova\u00e7\u00e3o e sustentabilidade.<\/li>\n\n\n\n<li class=\"has-primaria-color has-text-color has-link-color has-normal-font-size wp-elements-835ac1f75b6a41b605f894cfece807c3\"><strong>Sanidade Animal <\/strong>&#8211; dedicada \u00e0 preven\u00e7\u00e3o, diagn\u00f3stico e controle de doen\u00e7as, contrubuindo para a sa\u00fade dos animais, para a seguran\u00e7a alimentar e para a prote\u00e7\u00e3o da sa\u00fade \u00fanica.<\/li>\n<\/ul>\n\n\n\n<p class=\"has-normal-font-size\">Essas linhas de pesquisas respondem diretamente \u00e0s demandas do setor produtivo, da sa\u00fade p\u00fablica e da pesquisa, tornando o PGMV um espa\u00e7o de forma\u00e7\u00e3o cient\u00edfica essencial para o desenvolvimento regional e nacional, preparando profissionais para atuarem de forma inovadora e transformadora.<\/p>\n\n\n\n<p class=\"has-normal-font-size\">Ao ingressar no PGMV, o estudante tem acesso a uma rede de oportunidades de aprendizado, conv\u00edvio acad\u00eamico enriquecedor, infraestrutura de ponta e possibilidade de integrar projetos de grande relev\u00e2ncia cient\u00edfica e social.<\/p>\n\n\n\n<p>\ud83c\udf93 <strong data-start=\"161\" data-end=\"189\">Seja parte do PGMV\/UENF!<\/strong><br>Transforme sua carreira com um mestrado de excel\u00eancia em Medicina Veterin\u00e1ria.<\/p>\n\n\n\n<p><strong>Entre em contato:<\/strong> Tel.: (22) 2739-7359 <\/p>\n\n\n\n<p><strong>E-mail: <\/strong>pgmv@uenf.br <\/p>\n\n\n\n<p><strong data-start=\"3272\" data-end=\"3287\">Coordena\u00e7\u00e3o<\/strong><br>Prof. Francisco Carlos Rodrigues de Oliveira<\/p>\n\n\n\n<p><strong data-start=\"3341\" data-end=\"3360\">Apoio Acad\u00eamico<\/strong><br>Mar\u00edlia Henriques Rodrigues<\/p>\n\n\n\n<p><strong data-start=\"3481\" data-end=\"3490\">Local<\/strong>: UENF Hospital Veterin\u00e1rio, Sala 002<\/p>\n\n\n\n<p><strong>Atendimento ao p\u00fablico<\/strong>: de segunda a sexta-feira, de 8h \u00e0s 12h e de 14h \u00e0s 18h.<\/p>\n","protected":false},"excerpt":{"rendered":"<p>Apresenta\u00e7\u00e3o O Programa de P\u00f3s-Gradua\u00e7\u00e3o stricto sensu em Medicina Veterin\u00e1ria (PGMV) da Universidade Estadual do Norte Fluminense Darcy Ribeiro (UENF)&#8230;<\/p>\n","protected":false},"author":61,"featured_media":2092,"parent":2769,"menu_order":1,"comment_status":"closed","ping_status":"closed","template":"","meta":{"_seopress_robots_primary_cat":"","_seopress_titles_title":"PGMV\/UENF Inova\u00e7\u00e3o em Medicina Veterin\u00e1ria e Pesquisa","_seopress_titles_desc":"O PGMV\/UENF forma profissionais de excel\u00eancia em Medicina Veterin\u00e1ria, com foco em pesquisa, inova\u00e7\u00e3o, sanidade e produ\u00e7\u00e3o animal sustent\u00e1vel.","_seopress_robots_index":"","footnotes":""},"class_list":["post-493","page","type-page","status-publish","has-post-thumbnail"],"_links":{"self":[{"href":"https:\/\/uenf.br\/posgraduacao\/medicina-veterinaria\/wp-json\/wp\/v2\/pages\/493","targetHints":{"allow":["GET"]}}],"collection":[{"href":"https:\/\/uenf.br\/posgraduacao\/medicina-veterinaria\/wp-json\/wp\/v2\/pages"}],"about":[{"href":"https:\/\/uenf.br\/posgraduacao\/medicina-veterinaria\/wp-json\/wp\/v2\/types\/page"}],"author":[{"embeddable":true,"href":"https:\/\/uenf.br\/posgraduacao\/medicina-veterinaria\/wp-json\/wp\/v2\/users\/61"}],"replies":[{"embeddable":true,"href":"https:\/\/uenf.br\/posgraduacao\/medicina-veterinaria\/wp-json\/wp\/v2\/comments?post=493"}],"version-history":[{"count":0,"href":"https:\/\/uenf.br\/posgraduacao\/medicina-veterinaria\/wp-json\/wp\/v2\/pages\/493\/revisions"}],"up":[{"embeddable":true,"href":"https:\/\/uenf.br\/posgraduacao\/medicina-veterinaria\/wp-json\/wp\/v2\/pages\/2769"}],"wp:featuredmedia":[{"embeddable":true,"href":"https:\/\/uenf.br\/posgraduacao\/medicina-veterinaria\/wp-json\/wp\/v2\/media\/2092"}],"wp:attachment":[{"href":"https:\/\/uenf.br\/posgraduacao\/medicina-veterinaria\/wp-json\/wp\/v2\/media?parent=493"}],"curies":[{"name":"wp","href":"https:\/\/api.w.org\/{rel}","templated":true}]}}