{"id":500,"date":"2025-01-21T10:12:11","date_gmt":"2025-01-21T13:12:11","guid":{"rendered":"https:\/\/uenf.br\/posgraduacao\/medicina-veterinaria\/?page_id=500"},"modified":"2025-03-26T10:06:16","modified_gmt":"2025-03-26T13:06:16","slug":"edital-2025-1","status":"publish","type":"page","link":"https:\/\/uenf.br\/posgraduacao\/medicina-veterinaria\/processo-seletivo__trashed\/edital-2025-1\/","title":{"rendered":"Edital 2025.1"},"content":{"rendered":"<p><a href=\"http:\/\/uenf.br\/posgraduacao\/medicina-veterinaria\/wp-content\/uploads\/sites\/19\/2025\/02\/Edital-PGMV-2025.1-1.pdf\" target=\"_blank\" rel=\"attachment noopener wp-att-896\">Edital PGMV 2025.1<\/a><\/p>\n<p><a href=\"http:\/\/uenf.br\/posgraduacao\/medicina-veterinaria\/wp-content\/uploads\/sites\/19\/2025\/02\/ERRATA-Edital-PGMV-2025.1.pdf\" target=\"_blank\" rel=\"attachment noopener wp-att-898\">ERRATA Edital PGMV 2025.1<\/a><\/p>\n<p><a href=\"http:\/\/uenf.br\/posgraduacao\/medicina-veterinaria\/wp-content\/uploads\/sites\/19\/2025\/02\/HOMOLOGACAO-DAS-INSCRICOES-PGMV-EDITAL-2025.1.pdf\" target=\"_blank\" rel=\"attachment noopener wp-att-901\">HOMOLOGA\u00c7\u00c3O DAS INSCRI\u00c7\u00d5ES PGMV EDITAL 2025.1<\/a><\/p>\n<p><a href=\"http:\/\/uenf.br\/posgraduacao\/medicina-veterinaria\/wp-content\/uploads\/sites\/19\/2025\/02\/HOMOLOGACAO-DAS-INSCRICOES-E-DATA-DAS-ENTREVISTAS-1.pdf\" target=\"_blank\" rel=\"attachment noopener wp-att-912\">HOMOLOGA\u00c7\u00c3O DAS INSCRI\u00c7\u00d5ES E DATA DAS ENTREVISTAS<\/a><\/p>\n<p><a href=\"http:\/\/uenf.br\/posgraduacao\/medicina-veterinaria\/wp-content\/uploads\/sites\/19\/2025\/02\/DIVULGACAO-DO-RESULTADO-FINAL-DAS-NOTAS-1.pdf\" target=\"_blank\" rel=\"attachment noopener wp-att-910\">DIVULGA\u00c7\u00c3O DO RESULTADO FINAL DAS NOTAS<\/a><\/p>\n","protected":false},"excerpt":{"rendered":"<p>Edital PGMV 2025.1 ERRATA Edital PGMV 2025.1 HOMOLOGA\u00c7\u00c3O DAS INSCRI\u00c7\u00d5ES PGMV EDITAL 2025.1 HOMOLOGA\u00c7\u00c3O DAS INSCRI\u00c7\u00d5ES E DATA DAS ENTREVISTAS&#8230;<\/p>\n","protected":false},"author":61,"featured_media":0,"parent":121,"menu_order":6,"comment_status":"closed","ping_status":"closed","template":"","meta":{"_seopress_robots_primary_cat":"","_seopress_titles_title":"","_seopress_titles_desc":"","_seopress_robots_index":"","footnotes":""},"class_list":["post-500","page","type-page","status-publish"],"_links":{"self":[{"href":"https:\/\/uenf.br\/posgraduacao\/medicina-veterinaria\/wp-json\/wp\/v2\/pages\/500","targetHints":{"allow":["GET"]}}],"collection":[{"href":"https:\/\/uenf.br\/posgraduacao\/medicina-veterinaria\/wp-json\/wp\/v2\/pages"}],"about":[{"href":"https:\/\/uenf.br\/posgraduacao\/medicina-veterinaria\/wp-json\/wp\/v2\/types\/page"}],"author":[{"embeddable":true,"href":"https:\/\/uenf.br\/posgraduacao\/medicina-veterinaria\/wp-json\/wp\/v2\/users\/61"}],"replies":[{"embeddable":true,"href":"https:\/\/uenf.br\/posgraduacao\/medicina-veterinaria\/wp-json\/wp\/v2\/comments?post=500"}],"version-history":[{"count":0,"href":"https:\/\/uenf.br\/posgraduacao\/medicina-veterinaria\/wp-json\/wp\/v2\/pages\/500\/revisions"}],"up":[{"embeddable":true,"href":"https:\/\/uenf.br\/posgraduacao\/medicina-veterinaria\/wp-json\/wp\/v2\/pages\/121"}],"wp:attachment":[{"href":"https:\/\/uenf.br\/posgraduacao\/medicina-veterinaria\/wp-json\/wp\/v2\/media?parent=500"}],"curies":[{"name":"wp","href":"https:\/\/api.w.org\/{rel}","templated":true}]}}