{"id":621,"date":"2025-01-28T09:55:56","date_gmt":"2025-01-28T12:55:56","guid":{"rendered":"https:\/\/uenf.br\/posgraduacao\/medicina-veterinaria\/?page_id=621"},"modified":"2025-03-26T10:37:04","modified_gmt":"2025-03-26T13:37:04","slug":"inscricao-processo-seletivo-como-estudante-especial-2025-1","status":"publish","type":"page","link":"https:\/\/uenf.br\/posgraduacao\/medicina-veterinaria\/processo-seletivo__trashed\/inscricao-processo-seletivo-como-estudante-especial-2025-1\/","title":{"rendered":"Inscri\u00e7\u00e3o nas Disciplinas  do PGMV como Estudante Especial 2025.1"},"content":{"rendered":"<p>&nbsp;<\/p>\n<h3 style=\"text-align: center\"><span style=\"color: #ff0000\"><strong>DISCIPLINAS E OFERTAS DE VAGAS<\/strong><\/span><\/h3>\n<table>\n<tbody>\n<tr>\n<td width=\"394\">\n<p style=\"text-align: center\"><span style=\"color: #0000ff\"><strong>Disciplina<\/strong><\/span><\/p>\n<\/td>\n<td style=\"text-align: center\" width=\"194\"><span style=\"color: #0000ff\"><strong>Professor(a)<\/strong><\/span><\/td>\n<td style=\"text-align: center\" width=\"126\"><span style=\"color: #0000ff\"><strong>Dia \/ Hor\u00e1rio<\/strong><\/span><\/td>\n<td style=\"text-align: center\" width=\"114\"><span style=\"color: #0000ff\"><strong>N\u00ba de Cr\u00e9ditos<\/strong><\/span><\/td>\n<td width=\"123\">\n<p style=\"text-align: center\"><span style=\"color: #0000ff\"><strong>N\u00ba de Vagas<\/strong><\/span><\/p>\n<\/td>\n<\/tr>\n<tr>\n<td width=\"394\">CCA 3603 &#8211; Cirurgia Ortop\u00e9dica<\/p>\n<p>&nbsp;<\/td>\n<td width=\"194\">\n<p style=\"text-align: center\">Andr\u00e9 Lacerda de Abreu Oliveira<\/p>\n<\/td>\n<td style=\"text-align: center\" width=\"126\">Segunda-feira<\/p>\n<p>14h \u00e0s 18h<\/td>\n<td style=\"text-align: center\" width=\"114\">03<\/td>\n<td width=\"123\">\n<p style=\"text-align: center\">02<\/p>\n<\/td>\n<\/tr>\n<tr>\n<td width=\"394\">MPA3700 &#8211; Mecanismos das Les\u00f5es<\/p>\n<p>&nbsp;<\/td>\n<td width=\"194\">\n<p style=\"text-align: center\">Eul\u00f3gio Carlos Queir\u00f3z de Carvalho<\/p>\n<\/td>\n<td style=\"text-align: center\" width=\"126\">Ter\u00e7a-feira<\/p>\n<p>08h \u00e0s 12h<\/td>\n<td style=\"text-align: center\" width=\"114\">03<\/td>\n<td width=\"123\">\n<p style=\"text-align: center\">02<\/p>\n<\/td>\n<\/tr>\n<tr>\n<td width=\"394\">MPA3702 &#8211; Histotecnologia e Histologia em Microscopia \u00d3ptica<\/p>\n<p>&nbsp;<\/td>\n<td width=\"194\">\n<p style=\"text-align: center\">Leonardo Serafim da Silveira<\/p>\n<\/td>\n<td style=\"text-align: center\" width=\"126\">Ter\u00e7a-feira<\/p>\n<p>14h \u00e0s 18h<\/td>\n<td style=\"text-align: center\" width=\"114\">04<\/td>\n<td width=\"123\">\n<p style=\"text-align: center\">02<\/p>\n<\/td>\n<\/tr>\n<tr>\n<td width=\"394\">MGA3703 &#8211; Estat\u00edstica Aplicada<\/p>\n<p>&nbsp;<\/td>\n<td width=\"194\">\n<p style=\"text-align: center\">Wilder Hernando Ortiz Vega<\/p>\n<\/td>\n<td style=\"text-align: center\" width=\"126\">Quarta-feira<\/p>\n<p>08h \u00e0s 12h<\/td>\n<td style=\"text-align: center\" width=\"114\">03<\/td>\n<td width=\"123\">\n<p style=\"text-align: center\">02<\/p>\n<\/td>\n<\/tr>\n<tr>\n<td width=\"394\">MGA3811 &#8211; Embriologia Experimental Aplicada \u00e0 Reprodu\u00e7\u00e3o<\/p>\n<p>&nbsp;<\/td>\n<td width=\"194\">\n<p style=\"text-align: center\">Angelo Jos\u00e9 Burla Dias<\/p>\n<\/td>\n<td style=\"text-align: center\" width=\"126\">Quarta-feira<\/p>\n<p>14h \u00e0s 18h<\/td>\n<td style=\"text-align: center\" width=\"114\">03<\/td>\n<td width=\"123\">\n<p style=\"text-align: center\">02<\/p>\n<\/td>\n<\/tr>\n<tr>\n<td width=\"394\">LSA3207 &#8211; Micologia Veterin\u00e1ria Especial<\/p>\n<p>&nbsp;<\/td>\n<td width=\"194\">\n<p style=\"text-align: center\">Olney Vieira da Motta<\/p>\n<\/td>\n<td style=\"text-align: center\" width=\"126\">Quinta-feira<\/p>\n<p>08h \u00e0s 12h<\/td>\n<td style=\"text-align: center\" width=\"114\">04<\/td>\n<td width=\"123\">\n<p style=\"text-align: center\">02<\/p>\n<\/td>\n<\/tr>\n<tr>\n<td width=\"394\">MGA 3718 \u2013 M\u00e9todos de Melhoramento Gen\u00e9tico Animal (M\u00f3dulo)<\/p>\n<p>&nbsp;<\/td>\n<td width=\"194\">\n<p style=\"text-align: center\">Celia Raquel Quirino<\/p>\n<\/td>\n<td style=\"text-align: center\" width=\"126\">De 12\/03\/25 \u00e0 16\/04\/25<\/td>\n<td style=\"text-align: center\" width=\"114\">03<\/td>\n<td width=\"123\">\n<p style=\"text-align: center\">02<\/p>\n<\/td>\n<\/tr>\n<\/tbody>\n<\/table>\n<p>&nbsp;<\/p>\n","protected":false},"excerpt":{"rendered":"<p>&nbsp; DISCIPLINAS E OFERTAS DE VAGAS Disciplina Professor(a) Dia \/ Hor\u00e1rio N\u00ba de Cr\u00e9ditos N\u00ba de Vagas CCA 3603 &#8211;&#8230;<\/p>\n","protected":false},"author":61,"featured_media":0,"parent":121,"menu_order":3,"comment_status":"closed","ping_status":"closed","template":"","meta":{"_seopress_robots_primary_cat":"","_seopress_titles_title":"","_seopress_titles_desc":"","_seopress_robots_index":"","footnotes":""},"class_list":["post-621","page","type-page","status-publish"],"_links":{"self":[{"href":"https:\/\/uenf.br\/posgraduacao\/medicina-veterinaria\/wp-json\/wp\/v2\/pages\/621","targetHints":{"allow":["GET"]}}],"collection":[{"href":"https:\/\/uenf.br\/posgraduacao\/medicina-veterinaria\/wp-json\/wp\/v2\/pages"}],"about":[{"href":"https:\/\/uenf.br\/posgraduacao\/medicina-veterinaria\/wp-json\/wp\/v2\/types\/page"}],"author":[{"embeddable":true,"href":"https:\/\/uenf.br\/posgraduacao\/medicina-veterinaria\/wp-json\/wp\/v2\/users\/61"}],"replies":[{"embeddable":true,"href":"https:\/\/uenf.br\/posgraduacao\/medicina-veterinaria\/wp-json\/wp\/v2\/comments?post=621"}],"version-history":[{"count":0,"href":"https:\/\/uenf.br\/posgraduacao\/medicina-veterinaria\/wp-json\/wp\/v2\/pages\/621\/revisions"}],"up":[{"embeddable":true,"href":"https:\/\/uenf.br\/posgraduacao\/medicina-veterinaria\/wp-json\/wp\/v2\/pages\/121"}],"wp:attachment":[{"href":"https:\/\/uenf.br\/posgraduacao\/medicina-veterinaria\/wp-json\/wp\/v2\/media?parent=621"}],"curies":[{"name":"wp","href":"https:\/\/api.w.org\/{rel}","templated":true}]}}