{"id":68,"date":"2024-04-18T11:56:12","date_gmt":"2024-04-18T14:56:12","guid":{"rendered":"https:\/\/uenf.br\/posgraduacao\/medicina-veterinaria\/?page_id=68"},"modified":"2026-02-26T11:58:34","modified_gmt":"2026-02-26T14:58:34","slug":"linha-de-pesquisa","status":"publish","type":"page","link":"https:\/\/uenf.br\/posgraduacao\/medicina-veterinaria\/linha-de-pesquisa\/","title":{"rendered":"Linhas de Pesquisa"},"content":{"rendered":"\n<h2 class=\"wp-block-heading\"><span style=\"color: #536bad\"><strong>\u00c1rea de Concentra\u00e7\u00e3o &#8211; Medicina Veterin\u00e1ria<\/strong><\/span><\/h2>\n\n\n\n<p class=\"has-pequeno-font-size\">A \u00e1rea de concentra\u00e7\u00e3o em Medicina Veterin\u00e1ria \u00e9 o eixo central que orienta a produ\u00e7\u00e3o de conhecimento cient\u00edfico e tecnol\u00f3gico no Programa. Com uma proposta interdisciplinar e alinhada \u00e0s demandas da sociedade, contempla desde a sa\u00fade e o bem-estar dos animais de companhia at\u00e9 a produtividade de rebanhos e a preserva\u00e7\u00e3o da fauna silvestre.<\/p>\n\n\n\n<p class=\"has-pequeno-font-size\">O curso de p\u00f3s-gradua\u00e7\u00e3o em Medicina Veterin\u00e1ria da Universidade Estadual do Norte Fluminense Darcy Ribeiro &#8211; UENF \u00e9 refer\u00eancia na forma\u00e7\u00e3o de recursos humanos qualificados, capazes de atuar de forma \u00e9tica e transformadora nos cen\u00e1rios acad\u00eamico, cient\u00edfico e tecnol\u00f3gico, fortalecendo a sa\u00fade animal, a sa\u00fade \u00fanica (<em data-start=\"1511\" data-end=\"1523\">One Health<\/em>) e a sustentabilidade ambiental.<\/p>\n\n\n\n<h3 class=\"wp-block-heading\"><span style=\"color: #536bad\"><strong>Linha de Pesquisa &#8211; &#8220;Produ\u00e7\u00e3o e Reprodu\u00e7\u00e3o Animal&#8221;<\/strong><\/span><\/h3>\n\n\n\n<ul class=\"wp-block-list\">\n<li class=\"has-pequeno-font-size\"><p data-start=\"1995\" data-end=\"2308\">Estudo dos aspectos fisiol\u00f3gicos e patol\u00f3gicos da reprodu\u00e7\u00e3o de machos e f\u00eameas, com \u00eanfase na aplica\u00e7\u00e3o de biot\u00e9cnicas reprodutivas, como insemina\u00e7\u00e3o artificial, fertiliza\u00e7\u00e3o in vitro, transfer\u00eancia de embri\u00f5es e criopreserva\u00e7\u00e3o. Abrange tamb\u00e9m endocrinologia reprodutiva, biotecnologia molecular e estrat\u00e9gias de melhoramento gen\u00e9tico.<\/p><\/li>\n\n\n\n<li class=\"has-pequeno-font-size\">Engloba pesquisas em bem-estar animal, impacto ambiental da produ\u00e7\u00e3o e desenvolvimento de tecnologias que incrementem a efici\u00eancia produtiva de forma \u00e9tica, sustent\u00e1vel e socialmente respons\u00e1vel.<\/li>\n<\/ul>\n\n\n\n<h3 class=\"wp-block-heading\"><span style=\"color: #536bad\"><strong>Linha de Pesquisa &#8211; &#8220;Sanidade Animal&#8221;<\/strong><\/span><\/h3>\n\n\n\n<ul class=\"wp-block-list\">\n<li class=\"has-pequeno-font-size\">Investiga\u00e7\u00e3o de doen\u00e7as infecciosas, parasit\u00e1rias e metab\u00f3licas que afetam animais dom\u00e9sticos e silvestres. Envolve o desenvolvimento e a valida\u00e7\u00e3o de m\u00e9todos diagn\u00f3sticos laboratoriais em bacteriologia, virologia e parasitologia, al\u00e9m de estudos voltados ao controle, profilaxia e manejo sanit\u00e1rio.<\/li>\n<\/ul>\n\n\n\n<ul class=\"wp-block-list\">\n<li class=\"has-pequeno-font-size\">Pesquisa de zoonoses e doen\u00e7as transmitidas por alimentos, al\u00e9m da an\u00e1lise epidemiol\u00f3gica de enfermidades que impactam a sa\u00fade animal e coletiva. Abrange estrat\u00e9gias de vigil\u00e2ncia, controle e preven\u00e7\u00e3o de doen\u00e7as, alinhadas \u00e0 abordagem&nbsp;<strong data-start=\"2601\" data-end=\"2615\">One Health<\/strong>, integrando os eixos sa\u00fade animal, humana e ambiental.<\/li>\n<\/ul>\n","protected":false},"excerpt":{"rendered":"<p>\u00c1rea de Concentra\u00e7\u00e3o &#8211; Medicina Veterin\u00e1ria A \u00e1rea de concentra\u00e7\u00e3o em Medicina Veterin\u00e1ria \u00e9 o eixo central que orienta a&#8230;<\/p>\n","protected":false},"author":45,"featured_media":0,"parent":0,"menu_order":2,"comment_status":"closed","ping_status":"closed","template":"","meta":{"_seopress_robots_primary_cat":"","_seopress_titles_title":"","_seopress_titles_desc":"","_seopress_robots_index":"","footnotes":""},"class_list":["post-68","page","type-page","status-publish"],"_links":{"self":[{"href":"https:\/\/uenf.br\/posgraduacao\/medicina-veterinaria\/wp-json\/wp\/v2\/pages\/68","targetHints":{"allow":["GET"]}}],"collection":[{"href":"https:\/\/uenf.br\/posgraduacao\/medicina-veterinaria\/wp-json\/wp\/v2\/pages"}],"about":[{"href":"https:\/\/uenf.br\/posgraduacao\/medicina-veterinaria\/wp-json\/wp\/v2\/types\/page"}],"author":[{"embeddable":true,"href":"https:\/\/uenf.br\/posgraduacao\/medicina-veterinaria\/wp-json\/wp\/v2\/users\/45"}],"replies":[{"embeddable":true,"href":"https:\/\/uenf.br\/posgraduacao\/medicina-veterinaria\/wp-json\/wp\/v2\/comments?post=68"}],"version-history":[{"count":0,"href":"https:\/\/uenf.br\/posgraduacao\/medicina-veterinaria\/wp-json\/wp\/v2\/pages\/68\/revisions"}],"wp:attachment":[{"href":"https:\/\/uenf.br\/posgraduacao\/medicina-veterinaria\/wp-json\/wp\/v2\/media?parent=68"}],"curies":[{"name":"wp","href":"https:\/\/api.w.org\/{rel}","templated":true}]}}