{"id":869,"date":"2025-02-11T16:49:18","date_gmt":"2025-02-11T19:49:18","guid":{"rendered":"https:\/\/uenf.br\/posgraduacao\/medicina-veterinaria\/?page_id=869"},"modified":"2025-03-26T10:38:02","modified_gmt":"2025-03-26T13:38:02","slug":"resultado-processo-seletivo-estudante-especial-programa-de-pos-graduacao-em-medicina-veterinaria-2025-1","status":"publish","type":"page","link":"https:\/\/uenf.br\/posgraduacao\/medicina-veterinaria\/processo-seletivo__trashed\/resultado-processo-seletivo-estudante-especial-programa-de-pos-graduacao-em-medicina-veterinaria-2025-1\/","title":{"rendered":"Resultado do Processo Seletivo Estudante Especial"},"content":{"rendered":"<p style=\"text-align: center\"><span style=\"color: #0055ff\"><strong>RESULTADOS DA INSCRI\u00c7\u00c3O DE ALUNOS ESPECIAIS 1\u00ba SEMESTRE\/2025<\/strong><\/span><\/p>\n<table style=\"height: 324px\" width=\"868\">\n<tbody>\n<tr>\n<td width=\"32\">\n<p style=\"text-align: center\"><span style=\"color: #ff0000\">N\u00ba<\/span><\/p>\n<\/td>\n<td style=\"text-align: center\" width=\"318\"><span style=\"color: #ff0000\">CANDIDATO<\/span><\/td>\n<td style=\"text-align: center\" width=\"387\"><span style=\"color: #ff0000\">DISCIPLINA<\/span><\/td>\n<td width=\"189\">\n<p style=\"text-align: center\"><span style=\"color: #ff0000\">RESULTADO<\/span><\/p>\n<\/td>\n<\/tr>\n<tr>\n<td rowspan=\"2\" width=\"32\">01<\/td>\n<td rowspan=\"2\" width=\"318\">Clara Rocha Barreto Corr\u00eaa Manh\u00e3es<\/td>\n<td width=\"387\">MGA3703 Estat\u00edstica aplicada<\/td>\n<td style=\"text-align: center\" width=\"189\"><span style=\"color: #0000ff\">Deferido<\/span><\/td>\n<\/tr>\n<tr>\n<td width=\"387\">LSA3207 Micologia Veterin\u00e1ria Especial<\/td>\n<td style=\"text-align: center\" width=\"189\"><span style=\"color: #0000ff\">Deferido<\/span><\/td>\n<\/tr>\n<tr>\n<td rowspan=\"2\" width=\"32\">02<\/td>\n<td rowspan=\"2\" width=\"318\">Catharine Ferreira dos Santos Andrade<\/td>\n<td width=\"387\">CCA3703 Cirurgia Ortop\u00e9dica<\/td>\n<td style=\"text-align: center\" width=\"189\"><span style=\"color: #0000ff\">Deferido<\/span><\/td>\n<\/tr>\n<tr>\n<td width=\"387\">MGA3703 Estat\u00edstica Aplicada<\/td>\n<td style=\"text-align: center\" width=\"189\"><span style=\"color: #0000ff\">Deferido<\/span><\/td>\n<\/tr>\n<tr>\n<td width=\"32\">03<\/td>\n<td width=\"318\">Thamires Souza Manh\u00e3es<\/td>\n<td width=\"387\">MPA3702 Histotecnologia e Histologia em Microscopia \u00d3ptica<\/td>\n<td style=\"text-align: center\" width=\"189\"><span style=\"color: #0000ff\">Deferido<\/span><\/td>\n<\/tr>\n<\/tbody>\n<\/table>\n<p>&nbsp;<\/p>\n<p><span style=\"color: #0055ff\">INFORMA\u00c7\u00d5ES SOBRE A MATR\u00cdCULA:<\/span><\/p>\n<p>Os alunos aceitos nas disciplinas foram pr\u00e9-matriculados no Sistema Acad\u00eamico\/UENF pela coordena\u00e7\u00e3o do Programa de P\u00f3s-Gradua\u00e7\u00e3o em Medicina Veterin\u00e1ria &#8211; PGMV.<\/p>\n<p>A matr\u00edcula dos candidatos aprovados no processo seletivo ser\u00e1 realizada no per\u00edodo de 24 a 28 de fevereiro de 2025, de forma online. Para efetuar a matr\u00edcula, o candidato receber\u00e1 um e-mail (no e-mail informado no formul\u00e1rio de inscri\u00e7\u00e3o) com as informa\u00e7\u00f5es (passo a passo) para a realiza\u00e7\u00e3o da matr\u00edcula. O e-mail ser\u00e1 enviado pela Secretaria Acad\u00eamica &#8211; SECACAD da UENF.<\/p>\n","protected":false},"excerpt":{"rendered":"<p>RESULTADOS DA INSCRI\u00c7\u00c3O DE ALUNOS ESPECIAIS 1\u00ba SEMESTRE\/2025 N\u00ba CANDIDATO DISCIPLINA RESULTADO 01 Clara Rocha Barreto Corr\u00eaa Manh\u00e3es MGA3703 Estat\u00edstica&#8230;<\/p>\n","protected":false},"author":61,"featured_media":0,"parent":121,"menu_order":6,"comment_status":"closed","ping_status":"closed","template":"","meta":{"_seopress_robots_primary_cat":"","_seopress_titles_title":"","_seopress_titles_desc":"","_seopress_robots_index":"","footnotes":""},"class_list":["post-869","page","type-page","status-publish"],"_links":{"self":[{"href":"https:\/\/uenf.br\/posgraduacao\/medicina-veterinaria\/wp-json\/wp\/v2\/pages\/869","targetHints":{"allow":["GET"]}}],"collection":[{"href":"https:\/\/uenf.br\/posgraduacao\/medicina-veterinaria\/wp-json\/wp\/v2\/pages"}],"about":[{"href":"https:\/\/uenf.br\/posgraduacao\/medicina-veterinaria\/wp-json\/wp\/v2\/types\/page"}],"author":[{"embeddable":true,"href":"https:\/\/uenf.br\/posgraduacao\/medicina-veterinaria\/wp-json\/wp\/v2\/users\/61"}],"replies":[{"embeddable":true,"href":"https:\/\/uenf.br\/posgraduacao\/medicina-veterinaria\/wp-json\/wp\/v2\/comments?post=869"}],"version-history":[{"count":0,"href":"https:\/\/uenf.br\/posgraduacao\/medicina-veterinaria\/wp-json\/wp\/v2\/pages\/869\/revisions"}],"up":[{"embeddable":true,"href":"https:\/\/uenf.br\/posgraduacao\/medicina-veterinaria\/wp-json\/wp\/v2\/pages\/121"}],"wp:attachment":[{"href":"https:\/\/uenf.br\/posgraduacao\/medicina-veterinaria\/wp-json\/wp\/v2\/media?parent=869"}],"curies":[{"name":"wp","href":"https:\/\/api.w.org\/{rel}","templated":true}]}}