{"id":100,"date":"2013-12-18T18:20:48","date_gmt":"2013-12-18T18:20:48","guid":{"rendered":"http:\/\/uenf.br\/pos-graduacao\/producao-vegetal\/?page_id=100"},"modified":"2021-10-07T18:43:18","modified_gmt":"2021-10-07T21:43:18","slug":"proapcapes","status":"publish","type":"page","link":"https:\/\/uenf.br\/posgraduacao\/producao-vegetal\/proapcapes\/","title":{"rendered":"PROAP\/CAPES"},"content":{"rendered":"<p>&nbsp;<\/p>\n<p>&nbsp;<\/p>\n<p><strong>Aux\u00edlio a Eventos<\/strong>:<\/p>\n<p>&nbsp;<\/p>\n<p>&#8211; Toda solicita\u00e7\u00e3o dever\u00e1 cumprir as exig\u00eancias das normas do <a title=\"Normas CAPES\" href=\"http:\/\/www.capes.gov.br\/images\/stories\/download\/legislacao\/PORTARIA-N-156-DE-28-DE-NOVEMBRO-DE-2014.pdf\">PROAP\/CAPES<\/a>;<br \/>\n&#8211; Est\u00e1 condicionada a disponibilidade de recurso;<br \/>\n&#8211; Poder\u00e1 ser deferida total ou parcialmente pelo Coordenador.<\/p>\n","protected":false},"excerpt":{"rendered":"<p>&nbsp; &nbsp; Aux\u00edlio a Eventos: &nbsp; &#8211; Toda solicita\u00e7\u00e3o dever\u00e1 cumprir as exig\u00eancias das normas do PROAP\/CAPES; &#8211; Est\u00e1 condicionada&#8230;<\/p>\n","protected":false},"author":21,"featured_media":0,"parent":0,"menu_order":11,"comment_status":"closed","ping_status":"open","template":"","meta":{"footnotes":""},"class_list":["post-100","page","type-page","status-publish","hentry"],"_links":{"self":[{"href":"https:\/\/uenf.br\/posgraduacao\/producao-vegetal\/wp-json\/wp\/v2\/pages\/100","targetHints":{"allow":["GET"]}}],"collection":[{"href":"https:\/\/uenf.br\/posgraduacao\/producao-vegetal\/wp-json\/wp\/v2\/pages"}],"about":[{"href":"https:\/\/uenf.br\/posgraduacao\/producao-vegetal\/wp-json\/wp\/v2\/types\/page"}],"author":[{"embeddable":true,"href":"https:\/\/uenf.br\/posgraduacao\/producao-vegetal\/wp-json\/wp\/v2\/users\/21"}],"replies":[{"embeddable":true,"href":"https:\/\/uenf.br\/posgraduacao\/producao-vegetal\/wp-json\/wp\/v2\/comments?post=100"}],"version-history":[{"count":0,"href":"https:\/\/uenf.br\/posgraduacao\/producao-vegetal\/wp-json\/wp\/v2\/pages\/100\/revisions"}],"wp:attachment":[{"href":"https:\/\/uenf.br\/posgraduacao\/producao-vegetal\/wp-json\/wp\/v2\/media?parent=100"}],"curies":[{"name":"wp","href":"https:\/\/api.w.org\/{rel}","templated":true}]}}