{"id":117,"date":"2013-12-19T12:53:09","date_gmt":"2013-12-19T12:53:09","guid":{"rendered":"http:\/\/uenf.br\/pos-graduacao\/producao-vegetal\/?page_id=117"},"modified":"2022-05-20T10:45:47","modified_gmt":"2022-05-20T13:45:47","slug":"diarias","status":"publish","type":"page","link":"https:\/\/uenf.br\/posgraduacao\/producao-vegetal\/proapcapes\/diarias\/","title":{"rendered":"DI\u00c1RIAS"},"content":{"rendered":"<p>&nbsp;<\/p>\n<p><strong>\u00a0<\/strong><strong>ORIENTA\u00c7\u00d5ES PARA SOLICITA\u00c7\u00c3O DE DI\u00c1RIAS \u2013 para viagens realizadas em 2022<\/strong><\/p>\n<p>&nbsp;<\/p>\n<p>&#8211; Os processos ser\u00e3o encaminhados se recebidos na GCONV com anteced\u00eancia m\u00ednima de 15 dias da viagem.<\/p>\n<p>&#8211; Os pedidos devem ser encaminhados <strong>atrav\u00e9s do e-mail posgpveg@uenf.br.<\/strong><\/p>\n<p><strong>OBS<\/strong>: deve- se respeitar <strong>a anteced\u00eancia m\u00ednima de 15 DIAS entre o ingresso do pedido de di\u00e1rias na AGIUENF, via processo SEI-RJ, e a data da viagem<\/strong> para que haja tempo h\u00e1bil para o pagamento da despesa ainda dentro do prazo de vig\u00eancia do conv\u00eanio.<\/p>\n<p>\u2013 Atentar-se para o preenchimento correto do formul\u00e1rio de aux\u00edlio di\u00e1rio, principalmente nos campos de CPF, banco, ag\u00eancia e conta corrente do favorecido, data de afastamento e de retorno da viagem e o valor das di\u00e1rias.<\/p>\n<p>\u2013 O formul\u00e1rio de aux\u00edlio di\u00e1rio dever\u00e1 ser corretamente preenchido, documentado, assinado e encaminhado em formato WORD juntamente com os documentos necess\u00e1rios \u00e0 Coordena\u00e7\u00e3o, atrav\u00e9s do e-mail posgpveg@uenf.br.<\/p>\n<p>\u2013 Ap\u00f3s o retorno, o relat\u00f3rio de viagem dever\u00e1 ser encaminhado \u00e0 Coordena\u00e7\u00e3o, atrav\u00e9s do e-mail posgpveg@uenf.br em tempo h\u00e1bil\u00a0<strong>(m\u00e1ximo de 5 (cinco) dias \u00fateis)<\/strong>.<\/p>\n<p>&nbsp;<\/p>\n<p><strong>DOCUMENTOS NECESS\u00c1RIOS<\/strong><\/p>\n<p>1 \u2013 <strong><a href=\"https:\/\/uenf.br\/posgraduacao\/producao-vegetal\/wp-content\/uploads\/sites\/10\/2021\/06\/SOLICITACAO-DE-AUXILIO-DIARIO.docx\">Formul\u00e1rio de aux\u00edlio di\u00e1rio<\/a><\/strong>;<\/p>\n<p>2 &#8211; <strong>Em arquivo \u00fanico no formato PDF<\/strong>:<\/p>\n<p>&#8211; Anexar c\u00f3pias de Carteira de Identidade, CPF e cart\u00e3o do banco (referente \u00e0 conta banc\u00e1ria informada).<\/p>\n<p>\u2013 Solicita\u00e7\u00e3o de requisi\u00e7\u00e3o de ve\u00edculo oficial, se for o caso;<\/p>\n<p>\u2013 Comprova\u00e7\u00e3o da inscri\u00e7\u00e3o em evento, se for o caso.<\/p>\n<p>3 \u2013<strong>\u00a0Relat\u00f3rio de viagem<\/strong>\u00a0acompanhado de cart\u00f5es de embarque das passagens e comprovantes da participa\u00e7\u00e3o no evento, se for o caso, que dever\u00e1 ser apresentado, no prazo\u00a0<strong>m\u00e1ximo de 05 (cinco) dias<\/strong>\u00a0\u00fateis do retorno \u00e0 sede.<\/p>\n<p>&nbsp;<\/p>\n<p style=\"text-align: center\"><strong>\u00a0<\/strong><strong>Instru\u00e7\u00f5es de preenchimento de RELAT\u00d3RIO DE VIAGEM para DOCENTE \u2013 atrav\u00e9s do SEI<\/strong><\/p>\n<p>&nbsp;<\/p>\n<p>1 \u2013 O relat\u00f3rio de viagem dever\u00e1 ser preenchido e assinado pelo pr\u00f3prio benefici\u00e1rio (docente), no pr\u00f3prio SEI-RJ (Clicar no Processo \u2013 incluir documento \u2013 Relat\u00f3rio de Viagem (preencher e\u00a0<u>assinar<\/u>).\u00a0<em>OBS: No item \u201cgrupo\u201d, inserir o n\u00famero \u201c3\u201d.\u00a0<\/em><\/p>\n<p>2 &#8211; Incluir <strong>bloco de assinatura<\/strong> no <strong>Relat\u00f3rio de Viagem<\/strong> para viabilizar a assinatura da Coordena\u00e7\u00e3o do Programa. <em>OBS: Passo a passo abaixo<\/em>.<\/p>\n<p>3 \u2013 O docente dever\u00e1 anexar os cart\u00f5es de embarque das passagens e comprovantes da participa\u00e7\u00e3o no evento, <u>se for o caso<\/u>.\u00a0 Para este procedimento Clicar no Processo \u2013 incluir documento \u2013 externo \u2013 anexo<\/p>\n<p>4 \u2013 Em seguida, <u>o chefe do laborat\u00f3rio<\/u> retornar\u00e1 o processo, via SEI-RJ, atrav\u00e9s do documento de\u00a0\u201c<u>despacho de encaminhamento de processo\u201d\u00a0<\/u>e com a\u00a0<u>assinatura eletr\u00f4nica do chefe de laborat\u00f3rio<\/u>\u00a0para o Programa de P\u00f3s-gradua\u00e7\u00e3o em Produ\u00e7\u00e3o Vegetal (PGPV) para que o Coordenador do Programa fa\u00e7a o encaminhamento \u00e0 PROPPG, que dever\u00e1 dar prosseguimento aos \u00d3rg\u00e3os competentes.\u00a0Para este procedimento Clicar no Processo \u2013 incluir documento \u2013 Despacho de Encaminhamento de processo.<\/p>\n<p><strong>PASSO A PASSO PARA INCLUS\u00c3O DE BLOCO DE ASSINATURA NO RELAT\u00d3RIO DE VIAGEM:<\/strong><\/p>\n<p>1. Clique no n\u00famero do processo.<\/p>\n<p>2. Clique no documento desejado.<\/p>\n<p>3. Clique no \u00edcone .<img decoding=\"async\" src=\"https:\/\/sei.fazenda.rj.gov.br\/sei\/imagens\/sei_incluir_em_bloco.gif\" alt=\"Incluir em Bloco\" \/><\/p>\n<p>3.1 clique no bot\u00e3o <em><strong>NOVO<\/strong><\/em>.<\/p>\n<p>3.2 clique no campo <em><strong>DESCRI\u00c7\u00c3O<\/strong><\/em>.<\/p>\n<p>3.3 digite a descri\u00e7\u00e3o do bloco.<\/p>\n<p><em><strong>Exemplo: Relat\u00f3rio de Viagem<\/strong><\/em>.<\/p>\n<p>3.4 clique no campo <em><strong>UNIDADES PARA DISPONIBILIZA\u00c7\u00c3O<\/strong><\/em>.<\/p>\n<p>3.5 digite a sigla da Unidade.<\/p>\n<p>3.6 clique na sigla da Unidade desejada na caixa de sele\u00e7\u00e3o.<\/p>\n<p>3.7 clique no bot\u00e3o <em><strong>SALVAR<\/strong><\/em>.<\/p>\n<p>4. Clique na caixa <img decoding=\"async\" src=\"https:\/\/sei.fazenda.rj.gov.br\/infra_css\/imagens\/check.gif\" alt=\"Selecionar Tudo\" \/> dos documentos desejados, caso necess\u00e1rio.<\/p>\n<p>5. Clique no bot\u00e3o <em><strong>INCLUIR<\/strong><\/em>.<\/p>\n<p>6. Clique em <em><strong>IR PARA BLOCOS DE ASSINATURA<\/strong><\/em>.<\/p>\n<p>7. Clique no \u00edcone <img decoding=\"async\" src=\"https:\/\/sei.fazenda.rj.gov.br\/sei\/imagens\/sei_disponibilizar_bloco.gif\" alt=\"Disponibilizar Bloco\" \/> do bloco de assinatura que deseja disponibilizar para assinatura.<\/p>\n<p style=\"text-align: center\"><strong>ATEN\u00c7\u00c3O!!!<\/strong><br \/>\n<strong>O SEI n\u00e3o avisa \u00e0 Unidade de destino sobre a disponibiliza\u00e7\u00e3o de um bloco. Contate a Unidade, caso deseje alert\u00e1-la da exist\u00eancia de documentos para assinatura e solicite que acesse a op\u00e7\u00e3o .<\/strong><\/p>\n<p>&nbsp;<\/p>\n<p>&nbsp;<\/p>\n<p><strong>\u00a0<\/strong><strong>Instru\u00e7\u00f5es de preenchimento RELAT\u00d3RIO DE VIAGEM para DISCENTE<\/strong><\/p>\n<p><strong>\u00a0<\/strong><\/p>\n<ul>\n<li><strong>\u00a0<\/strong><strong>Procurar \u00e0 Secretaria do Laborat\u00f3rio\/Chefe de Laborat\u00f3rio para o encaminhamento do relat\u00f3rio, em tempo h\u00e1bil.<\/strong><\/li>\n<\/ul>\n<p>&nbsp;<\/p>\n<p>1 \u2013 Ap\u00f3s o retorno e dentro do prazo estabelecido (no prazo m\u00e1ximo de 05 (cinco) dias \u00fateis do retorno \u00e0 sede), preencher o Relat\u00f3rio de Viagem (<a href=\"https:\/\/uenf.br\/posgraduacao\/producao-vegetal\/wp-content\/uploads\/sites\/10\/2021\/08\/RELATORIO-DE-VIAGEM_discente.docx\">MODELO<\/a>).<\/p>\n<p>2- Anexar o\u00a0r<b>elat\u00f3rio de viagem devidamente preenchido e assinado pelo discente e orientador\u00a0\u00a0<\/b>(arquivo em PDF), ao processo atrav\u00e9s do SEI-RJ.<\/p>\n<p>3 &#8211; Anexar ao processo (SEI-RJ), cart\u00f5es de embarque das passagens e comprovantes da participa\u00e7\u00e3o no evento,\u00a0se for<u>\u00a0o caso\u00a0<\/u>.<\/p>\n<p>Para os procedimentos\u00a03 e 4 atrav\u00e9s do SEI:\u00a0\u00a0\u00a0Clicar no Processo \u2013 incluir documento \u2013 externo \u2013 anexo.<\/p>\n<p>4 \u2013\u00a0Em seguida, o chefe do laborat\u00f3rio retornar\u00e1 o processo, via SEI-RJ, atrav\u00e9s do documento de\u00a0\u201c<u>despacho de encaminhamento de processo\u201d\u00a0<\/u>e com a\u00a0<u>assinatura eletr\u00f4nica do chefe de laborat\u00f3rio<\/u>\u00a0para o programa de P\u00f3s-gradua\u00e7\u00e3o em Produ\u00e7\u00e3o Vegetal (PGPV) para que o Coordenador do Programa fa\u00e7a o encaminhamento \u00e0 ASCONT. Para este procedimento Clicar no Processo \u2013 incluir documento \u2013 Despacho de Encaminhamento de processo.<\/p>\n<p>&nbsp;<\/p>\n<p>ATEN\u00c7\u00c3O:<\/p>\n<p>\u2013 Ap\u00f3s o empenhamento da despesa, o processo de di\u00e1ria permanecer\u00e1 na Assessoria de Contabilidade, aguardando o recebimento do respectivo\u00a0Relat\u00f3rio de Viagem\u00a0acompanhado de cart\u00f5es de embarque das passagens e comprovantes da participa\u00e7\u00e3o no evento, se for o caso, que dever\u00e1 ser apresentado, no prazo\u00a0m\u00e1ximo de 05 (cinco) dias\u00a0\u00fateis do retorno \u00e0 sede. Vencido o prazo estabelecido em lei, a Assessoria de Contabilidade aguardar\u00e1 mais 10 dias, e a partir de ent\u00e3o, n\u00e3o recebendo o relat\u00f3rio de viagem, encaminhar\u00e1 o processo de di\u00e1ria para anula\u00e7\u00e3o, entendendo que o afastamento do servidor n\u00e3o ocorreu.<\/p>\n<p>\u2013 Os processos de di\u00e1rias do conv\u00eanio CAPES\/PROAP s\u00f3 ser\u00e3o encaminhados para pagamento ap\u00f3s o recebimento do relat\u00f3rio de viagem descrito no item anterior, confirmando a efetiva realiza\u00e7\u00e3o da despesa.<\/p>\n<p>&nbsp;<\/p>\n<p>&nbsp;<\/p>\n","protected":false},"excerpt":{"rendered":"<p>&nbsp; \u00a0ORIENTA\u00c7\u00d5ES PARA SOLICITA\u00c7\u00c3O DE DI\u00c1RIAS \u2013 para viagens realizadas em 2022 &nbsp; &#8211; Os processos ser\u00e3o encaminhados se recebidos&#8230;<\/p>\n","protected":false},"author":21,"featured_media":0,"parent":100,"menu_order":3,"comment_status":"closed","ping_status":"open","template":"","meta":{"footnotes":""},"class_list":["post-117","page","type-page","status-publish","hentry"],"_links":{"self":[{"href":"https:\/\/uenf.br\/posgraduacao\/producao-vegetal\/wp-json\/wp\/v2\/pages\/117","targetHints":{"allow":["GET"]}}],"collection":[{"href":"https:\/\/uenf.br\/posgraduacao\/producao-vegetal\/wp-json\/wp\/v2\/pages"}],"about":[{"href":"https:\/\/uenf.br\/posgraduacao\/producao-vegetal\/wp-json\/wp\/v2\/types\/page"}],"author":[{"embeddable":true,"href":"https:\/\/uenf.br\/posgraduacao\/producao-vegetal\/wp-json\/wp\/v2\/users\/21"}],"replies":[{"embeddable":true,"href":"https:\/\/uenf.br\/posgraduacao\/producao-vegetal\/wp-json\/wp\/v2\/comments?post=117"}],"version-history":[{"count":0,"href":"https:\/\/uenf.br\/posgraduacao\/producao-vegetal\/wp-json\/wp\/v2\/pages\/117\/revisions"}],"up":[{"embeddable":true,"href":"https:\/\/uenf.br\/posgraduacao\/producao-vegetal\/wp-json\/wp\/v2\/pages\/100"}],"wp:attachment":[{"href":"https:\/\/uenf.br\/posgraduacao\/producao-vegetal\/wp-json\/wp\/v2\/media?parent=117"}],"curies":[{"name":"wp","href":"https:\/\/api.w.org\/{rel}","templated":true}]}}