{"id":122,"date":"2013-12-19T16:55:30","date_gmt":"2013-12-19T16:55:30","guid":{"rendered":"http:\/\/uenf.br\/pos-graduacao\/producao-vegetal\/?page_id=122"},"modified":"2023-10-09T11:00:50","modified_gmt":"2023-10-09T14:00:50","slug":"aluno-especial","status":"publish","type":"page","link":"https:\/\/uenf.br\/posgraduacao\/producao-vegetal\/aluno-especial\/","title":{"rendered":"Aluno Especial"},"content":{"rendered":"<div><\/div>\n<div id=\"tituloPrincipal\"><\/div>\n<h1 style=\"text-align: center\"><span style=\"color: #0000ff\"><strong>ATEN\u00c7\u00c3O!!!<\/strong><\/span><\/h1>\n<p><span style=\"color: #ff0000\"><strong>INSCRI\u00c7\u00d5ES DIAS 21 a 23\/11\/2023.<\/strong><\/span><\/p>\n<p><strong><span style=\"color: #008000\">Inscri\u00e7\u00f5es devem ser enviadas para o e-mail posgpveg@uenf.br<\/span><\/strong>.<\/p>\n<p><a href=\"http:\/\/uenf.br\/posgraduacao\/producao-vegetal\/wp-content\/uploads\/sites\/10\/2013\/12\/Form-aluno-especial.doc\">Formul\u00e1rio de inscri\u00e7\u00e3o<\/a><\/p>\n<p><a href=\"https:\/\/uenf.br\/posgraduacao\/producao-vegetal\/wp-content\/uploads\/sites\/10\/2023\/07\/RESULTADO.pdf\">Resultado de Aluno Especial II\/2023<\/a><\/p>\n<p>&nbsp;<\/p>\n<p>&nbsp;<\/p>\n<div id=\"__if72ru4sdfsdfrkjahiuyi_once\"><\/div>\n","protected":false},"excerpt":{"rendered":"<p>ATEN\u00c7\u00c3O!!! INSCRI\u00c7\u00d5ES DIAS 21 a 23\/11\/2023. Inscri\u00e7\u00f5es devem ser enviadas para o e-mail posgpveg@uenf.br. Formul\u00e1rio de inscri\u00e7\u00e3o Resultado de Aluno&#8230;<\/p>\n","protected":false},"author":21,"featured_media":0,"parent":0,"menu_order":10,"comment_status":"closed","ping_status":"open","template":"","meta":{"footnotes":""},"class_list":["post-122","page","type-page","status-publish","hentry"],"_links":{"self":[{"href":"https:\/\/uenf.br\/posgraduacao\/producao-vegetal\/wp-json\/wp\/v2\/pages\/122","targetHints":{"allow":["GET"]}}],"collection":[{"href":"https:\/\/uenf.br\/posgraduacao\/producao-vegetal\/wp-json\/wp\/v2\/pages"}],"about":[{"href":"https:\/\/uenf.br\/posgraduacao\/producao-vegetal\/wp-json\/wp\/v2\/types\/page"}],"author":[{"embeddable":true,"href":"https:\/\/uenf.br\/posgraduacao\/producao-vegetal\/wp-json\/wp\/v2\/users\/21"}],"replies":[{"embeddable":true,"href":"https:\/\/uenf.br\/posgraduacao\/producao-vegetal\/wp-json\/wp\/v2\/comments?post=122"}],"version-history":[{"count":0,"href":"https:\/\/uenf.br\/posgraduacao\/producao-vegetal\/wp-json\/wp\/v2\/pages\/122\/revisions"}],"wp:attachment":[{"href":"https:\/\/uenf.br\/posgraduacao\/producao-vegetal\/wp-json\/wp\/v2\/media?parent=122"}],"curies":[{"name":"wp","href":"https:\/\/api.w.org\/{rel}","templated":true}]}}