{"id":13,"date":"2013-12-17T17:23:56","date_gmt":"2013-12-17T17:23:56","guid":{"rendered":"http:\/\/uenf.br\/pos-graduacao\/producao-vegetal\/?page_id=13"},"modified":"2021-10-07T18:24:58","modified_gmt":"2021-10-07T21:24:58","slug":"linhas-de-pesquisa","status":"publish","type":"page","link":"https:\/\/uenf.br\/posgraduacao\/producao-vegetal\/linhas-de-pesquisa\/","title":{"rendered":"Linhas de Pesquisa"},"content":{"rendered":"<div id=\"materiaPrincipal\">\n<p>As pesquisas realizadas dentro do Programa est\u00e3o distribu\u00eddas dentro de oito Linhas de Pesquisas bem definidas: Agricultura Irrigada; Engenharia e Economia na Agricultura; Fisiologia Vegetal; Fitomelhoramento; Fitossanidade; Manejo, Propaga\u00e7\u00e3o de Plantas e Controle de Qualidade de Sementes e Gr\u00e3os; Solos e Nutri\u00e7\u00e3o de Plantas; e Tecnologia de Alimentos e Constituintes Qu\u00edmicos Vegetais.<\/p>\n<p>As Linhas e Projetos de Pesquisa apresentam coer\u00eancia e consist\u00eancia com a \u00c1rea de Concentra\u00e7\u00e3o do Programa. O conjunto de atividades que vem sendo desenvolvido por meio de projetos \u00e9 adequado e coerente com o objetivo geral do Programa.<\/p>\n<\/div>\n","protected":false},"excerpt":{"rendered":"<p>As pesquisas realizadas dentro do Programa est\u00e3o distribu\u00eddas dentro de oito Linhas de Pesquisas bem definidas: Agricultura Irrigada; Engenharia e&#8230;<\/p>\n","protected":false},"author":21,"featured_media":0,"parent":0,"menu_order":3,"comment_status":"closed","ping_status":"open","template":"","meta":{"footnotes":""},"class_list":["post-13","page","type-page","status-publish","hentry"],"_links":{"self":[{"href":"https:\/\/uenf.br\/posgraduacao\/producao-vegetal\/wp-json\/wp\/v2\/pages\/13","targetHints":{"allow":["GET"]}}],"collection":[{"href":"https:\/\/uenf.br\/posgraduacao\/producao-vegetal\/wp-json\/wp\/v2\/pages"}],"about":[{"href":"https:\/\/uenf.br\/posgraduacao\/producao-vegetal\/wp-json\/wp\/v2\/types\/page"}],"author":[{"embeddable":true,"href":"https:\/\/uenf.br\/posgraduacao\/producao-vegetal\/wp-json\/wp\/v2\/users\/21"}],"replies":[{"embeddable":true,"href":"https:\/\/uenf.br\/posgraduacao\/producao-vegetal\/wp-json\/wp\/v2\/comments?post=13"}],"version-history":[{"count":0,"href":"https:\/\/uenf.br\/posgraduacao\/producao-vegetal\/wp-json\/wp\/v2\/pages\/13\/revisions"}],"wp:attachment":[{"href":"https:\/\/uenf.br\/posgraduacao\/producao-vegetal\/wp-json\/wp\/v2\/media?parent=13"}],"curies":[{"name":"wp","href":"https:\/\/api.w.org\/{rel}","templated":true}]}}