{"id":1419,"date":"2015-07-07T12:06:03","date_gmt":"2015-07-07T12:06:03","guid":{"rendered":"http:\/\/uenf.br\/pos-graduacao\/producao-vegetal\/?page_id=1419"},"modified":"2023-05-30T11:15:15","modified_gmt":"2023-05-30T14:15:15","slug":"prova-de-ingles","status":"publish","type":"page","link":"https:\/\/uenf.br\/posgraduacao\/producao-vegetal\/discentes\/prova-de-ingles\/","title":{"rendered":"L\u00edngua Inglesa"},"content":{"rendered":"<p><span style=\"color: #0000ff\"><strong>PROVA DE INGL\u00caS:<\/strong><\/span><\/p>\n<p><strong><span style=\"color: #0000ff\">A prova ser\u00e1 realizada dia 15\/06\/2023 \u00e0s 9h no Audit\u00f3rio I do P4.<\/span><\/strong><\/p>\n<p>Inscri\u00e7\u00f5es: 22\/05 a 02\/06\/2023<\/p>\n<ul>\n<li><strong><a href=\"https:\/\/uenf.br\/posgraduacao\/producao-vegetal\/wp-content\/uploads\/sites\/10\/2023\/05\/FORM07.doc\">Modelo de formul\u00e1rio para inscri\u00e7\u00e3o para realiza\u00e7\u00e3o da prova<\/a><\/strong><\/li>\n<\/ul>\n<p>Clique abaixo para acessar o resultado da prova de ingl\u00eas:<\/p>\n<ul>\n<li><a href=\"http:\/\/uenf.br\/posgraduacao\/producao-vegetal\/wp-content\/uploads\/sites\/10\/2015\/07\/RESULTADO-PROVA-DE-INGL\u00caS-JULHO-2015.pdf\">RESULTADO PROVA DE INGL\u00caS<\/a>\u00a0&#8211; 2015<\/li>\n<li><a href=\"http:\/\/uenf.br\/posgraduacao\/producao-vegetal\/wp-content\/uploads\/sites\/10\/2016\/10\/Resultado-avalia\u00e7\u00e3o-lingua-inglesa.pdf\">RESULTADO PROVA DE INGL\u00caS &#8211; 2016<\/a><a href=\"http:\/\/uenf.br\/posgraduacao\/producao-vegetal\/wp-content\/uploads\/sites\/10\/2016\/10\/Resultado-avalia\u00e7\u00e3o-lingua-inglesa.pdf\">\/1<\/a><\/li>\n<li><a href=\"http:\/\/uenf.br\/posgraduacao\/producao-vegetal\/wp-content\/uploads\/sites\/10\/2018\/04\/Resultados-da-Prova-de-Profici\u00eancia-em-Ingl\u00eas-do-Programa-de-P\u00f3s-2018-1.pdf\">RESULTADO PROVA DE INGL\u00caS &#8211; 2018\/1<\/a><\/li>\n<li><a href=\"http:\/\/uenf.br\/posgraduacao\/producao-vegetal\/wp-content\/uploads\/sites\/10\/2018\/09\/Resultados-da-Prova-de-Profici\u00eancia-em-Ingl\u00eas-do-PG-Produ\u00e7\u00e3o-Vegetal-2018-2.pdf\">RESULTADO PROVA DE INGL\u00caS &#8211; 2018\/2<\/a><\/li>\n<li><a href=\"http:\/\/uenf.br\/posgraduacao\/producao-vegetal\/wp-content\/uploads\/sites\/10\/2020\/03\/Resultado-prova-de-ingl\u00eas-20200317.xlsx.pdf\">RESULTADO PROVA DE INGL\u00caS &#8211; 2020\/1<\/a><\/li>\n<\/ul>\n","protected":false},"excerpt":{"rendered":"<p>PROVA DE INGL\u00caS: A prova ser\u00e1 realizada dia 15\/06\/2023 \u00e0s 9h no Audit\u00f3rio I do P4. Inscri\u00e7\u00f5es: 22\/05 a 02\/06\/2023&#8230;<\/p>\n","protected":false},"author":21,"featured_media":0,"parent":140,"menu_order":2,"comment_status":"closed","ping_status":"open","template":"","meta":{"footnotes":""},"class_list":["post-1419","page","type-page","status-publish","hentry"],"_links":{"self":[{"href":"https:\/\/uenf.br\/posgraduacao\/producao-vegetal\/wp-json\/wp\/v2\/pages\/1419","targetHints":{"allow":["GET"]}}],"collection":[{"href":"https:\/\/uenf.br\/posgraduacao\/producao-vegetal\/wp-json\/wp\/v2\/pages"}],"about":[{"href":"https:\/\/uenf.br\/posgraduacao\/producao-vegetal\/wp-json\/wp\/v2\/types\/page"}],"author":[{"embeddable":true,"href":"https:\/\/uenf.br\/posgraduacao\/producao-vegetal\/wp-json\/wp\/v2\/users\/21"}],"replies":[{"embeddable":true,"href":"https:\/\/uenf.br\/posgraduacao\/producao-vegetal\/wp-json\/wp\/v2\/comments?post=1419"}],"version-history":[{"count":0,"href":"https:\/\/uenf.br\/posgraduacao\/producao-vegetal\/wp-json\/wp\/v2\/pages\/1419\/revisions"}],"up":[{"embeddable":true,"href":"https:\/\/uenf.br\/posgraduacao\/producao-vegetal\/wp-json\/wp\/v2\/pages\/140"}],"wp:attachment":[{"href":"https:\/\/uenf.br\/posgraduacao\/producao-vegetal\/wp-json\/wp\/v2\/media?parent=1419"}],"curies":[{"name":"wp","href":"https:\/\/api.w.org\/{rel}","templated":true}]}}