{"id":1719,"date":"2016-04-13T15:33:03","date_gmt":"2016-04-13T18:33:03","guid":{"rendered":"http:\/\/uenf.br\/pos-graduacao\/producao-vegetal\/?page_id=1719"},"modified":"2017-04-05T13:23:40","modified_gmt":"2017-04-05T16:23:40","slug":"bolsa-pnpd-2016","status":"publish","type":"page","link":"https:\/\/uenf.br\/posgraduacao\/producao-vegetal\/bolsa-pnpd-2016\/","title":{"rendered":"BOLSA PNPD 2016"},"content":{"rendered":"<p><strong>RESULTADO FINAL REFERENTE AO EDITAL DE SELE\u00c7\u00c3O DE BOLSISTA DO PROGRAMA NACIONAL DE P\u00d3S-DOUTORADO-PNPD\/CAPES \u2013 2016 DO PROGRAMA DE P\u00d3S-GRADUA\u00c7\u00c3O EM PRODU\u00c7\u00c3O VEGETAL, DA UNIVERSIDADE ESTADUAL DO NORTE FLUMINENSE DARCY RIBEIRO<\/strong><\/p>\n<p>A Comiss\u00e3o designada \u00a0para avaliar as inscri\u00e7\u00f5es no Edital PNPD\/CAPES &#8211; 2016, do Programa de P\u00f3s-Gradua\u00e7\u00e3o em Produ\u00e7\u00e3o Vegetal, divulga o resultado final conforme indicado abaixo:<\/p>\n<ul>\n<li>\n<h2><span style=\"color: #0000ff;\"><strong><a style=\"color: #0000ff;\" href=\"http:\/\/uenf.br\/posgraduacao\/producao-vegetal\/wp-content\/uploads\/sites\/10\/2016\/04\/PNPD-2016-RESULTADO-FINAL.pdf\" target=\"_blank\">Resultado final<\/a><\/strong><\/span><\/h2>\n<\/li>\n<\/ul>\n<p>O Candidato aprovado em primeiro lugar tem que apresentar, at\u00e9 04 de maio de 2016, toda a documenta\u00e7\u00e3o comprobat\u00f3rio referente ao <em>Curriculum vitae<\/em>.<\/p>\n<hr \/>\n<p>&nbsp;<\/p>\n<p><strong>EDITAL DE SELE\u00c7\u00c3O DE BOLSISTA DO PROGRAMA NACIONAL DE P\u00d3S-DOUTORADO-PNPD\/CAPES \u2013 2016<\/strong><\/p>\n<p><span style=\"color: #0000ff;\"><strong>BOLSA DE P\u00d3S-DOUTORADO JUNTO AO PROGRAMA DE P\u00d3S-GRADUA\u00c7\u00c3O EM PRODU\u00c7\u00c3O VEGETAL DO CCTA\/UENF &#8211; PNPD 2016<\/strong><\/span><\/p>\n<p><strong>\u00a0<\/strong>O Programa de P\u00f3s-Gradua\u00e7\u00e3o em Produ\u00e7\u00e3o Vegetal da Universidade Estadual Norte Fluminense Darcy Ribeiro, tendo em vista o disposto na Portaria Capes n\u00ba 086, de 03 de Julho de 2013, torna p\u00fablico o processo seletivo de candidatos\u00a0 a 01 (UMA) bolsa de P\u00f3s-Doutorado financiada pelo Programa Nacional de P\u00f3s-Doutorado (PNPD) da Capes mediante as condi\u00e7\u00f5es estabelecidas no edital anexo abaixo.<\/p>\n<p>Obs.: Em 20\/04\/2016 foi disponibilizado um novo arquivo pdf do Edital, com pequenas corre\u00e7\u00f5es destacadas em vermelho.\u00a0A vers\u00e3o word do formul\u00e1rio de inscri\u00e7\u00e3o, que n\u00e3o pode ser disponibilizado nesta p\u00e1gina, pode ser solicitado pelos e-mails\u00a0marciano@uenf.br e posgpveg@uenf.br.<\/p>\n<p>Obs.: A Coordena\u00e7\u00e3o do Programa de P\u00f3s-Gradua\u00e7\u00e3o aceitar\u00e1 pedidos enviados pelos Correios. \u00a0Para tanto, a data de postagem deve ser feita at\u00e9 o dia 26\/04\/2016 via sedex. \u00a0Os candidatos precisam enviar o comprovante da remessa para o email citado acima. \u00a0Ressalta-se que o coordenador do projeto ter\u00e1 que ser, obrigatoriamente, um Docente vinculado ao Programa de P\u00f3s-Gradua\u00e7\u00e3o em Produ\u00e7\u00e3o Vegetal. A Listagem dos Docentes vinculados ao Programa poder\u00e1 ser obtida na <a href=\"https:\/\/sucupira.capes.gov.br\/sucupira\/public\/consultas\/coleta\/docente\/listaDocente.jsf\" target=\"_blank\">Plataforma Sucupira\u00a0<\/a><\/p>\n<ul>\n<li><a href=\"http:\/\/uenf.br\/posgraduacao\/producao-vegetal\/wp-content\/uploads\/sites\/10\/2016\/04\/Edital-PNPD-2016-produ\u00e7\u00e3o-vegetal-UENF-vers\u00e3o-final-Corrig-1.pdf\" target=\"_blank\">Edital de Sele\u00e7\u00e3o PNPD-2016<\/a><\/li>\n<\/ul>\n","protected":false},"excerpt":{"rendered":"<p>RESULTADO FINAL REFERENTE AO EDITAL DE SELE\u00c7\u00c3O DE BOLSISTA DO PROGRAMA NACIONAL DE P\u00d3S-DOUTORADO-PNPD\/CAPES \u2013 2016 DO PROGRAMA DE P\u00d3S-GRADUA\u00c7\u00c3O&#8230;<\/p>\n","protected":false},"author":21,"featured_media":1598,"parent":0,"menu_order":7,"comment_status":"closed","ping_status":"closed","template":"","meta":{"footnotes":""},"class_list":["post-1719","page","type-page","status-publish","has-post-thumbnail","hentry"],"_links":{"self":[{"href":"https:\/\/uenf.br\/posgraduacao\/producao-vegetal\/wp-json\/wp\/v2\/pages\/1719","targetHints":{"allow":["GET"]}}],"collection":[{"href":"https:\/\/uenf.br\/posgraduacao\/producao-vegetal\/wp-json\/wp\/v2\/pages"}],"about":[{"href":"https:\/\/uenf.br\/posgraduacao\/producao-vegetal\/wp-json\/wp\/v2\/types\/page"}],"author":[{"embeddable":true,"href":"https:\/\/uenf.br\/posgraduacao\/producao-vegetal\/wp-json\/wp\/v2\/users\/21"}],"replies":[{"embeddable":true,"href":"https:\/\/uenf.br\/posgraduacao\/producao-vegetal\/wp-json\/wp\/v2\/comments?post=1719"}],"version-history":[{"count":0,"href":"https:\/\/uenf.br\/posgraduacao\/producao-vegetal\/wp-json\/wp\/v2\/pages\/1719\/revisions"}],"wp:featuredmedia":[{"embeddable":true,"href":"https:\/\/uenf.br\/posgraduacao\/producao-vegetal\/wp-json\/wp\/v2\/media\/1598"}],"wp:attachment":[{"href":"https:\/\/uenf.br\/posgraduacao\/producao-vegetal\/wp-json\/wp\/v2\/media?parent=1719"}],"curies":[{"name":"wp","href":"https:\/\/api.w.org\/{rel}","templated":true}]}}