{"id":188,"date":"2014-01-28T12:25:13","date_gmt":"2014-01-28T12:25:13","guid":{"rendered":"http:\/\/uenf.br\/pos-graduacao\/producao-vegetal\/?page_id=188"},"modified":"2023-01-25T16:47:52","modified_gmt":"2023-01-25T19:47:52","slug":"doutorado-conclusao-em-2013","status":"publish","type":"page","link":"https:\/\/uenf.br\/posgraduacao\/producao-vegetal\/teses-e-dissertacoes-concluidas\/doutorado\/doutorado-conclusao-em-2013\/","title":{"rendered":"Doutorado &#8211; conclus\u00e3o em 2013"},"content":{"rendered":"<p>Aluno: Luiz Maur\u00edcio de Oliveira Monteiro<br \/>\nOrientador: Prof. Elias Fernandes de Sousa<br \/>\nData de In\u00edcio: 08\/2007<br \/>\nData de Defesa de Tese: 16\/01\/2013<br \/>\nT\u00edtulo da Tese: <a title=\"Teses 2013 - conclu\u00eddas\" href=\"http:\/\/uenf.br\/posgraduacao\/producao-vegetal\/wp-content\/uploads\/sites\/10\/2014\/08\/Luiz-Maur%C3%ADcio.pdf\">Geoirriga\u00e7\u00e3o &#8211; sistema de informa\u00e7\u00e3o geogr\u00e1fica para a elabora\u00e7\u00e3o do projeto do dimensionamento de um sistema de irriga\u00e7\u00e3o localizada, utilizando o m\u00e9todo de particionamento topdown.<\/a><\/p>\n<p>&nbsp;<\/p>\n<p>Aluno: Adilson Caten<br \/>\nOrientador: Prof. Almy Junior Cordeiro de Carvalho<br \/>\nData de In\u00edcio: 03\/2009<br \/>\nData de Defesa de Tese: 07\/02\/2013<br \/>\nT\u00edtulo da Tese: <a title=\"Teses 2013 - conclu\u00eddas\" href=\"http:\/\/uenf.br\/posgraduacao\/producao-vegetal\/wp-content\/uploads\/sites\/10\/2014\/08\/Adilson-Caten.pdf\">Efeito de silicato e tens\u00f5es de \u00e1gua no solo no crescimento do maracujazeiro amarelo.<\/a><\/p>\n<p>&nbsp;<\/p>\n<p>Aluno: Pablo Pereira Corr\u00eaa Klaver<br \/>\nOrientador: Prof. Ricardo Ferreira Garcia<br \/>\nData de In\u00edcio: 03\/2009<br \/>\nData de Defesa de Tese: 18\/02\/2013<br \/>\nT\u00edtulo da Tese: <a title=\"Teses 2013 - conclu\u00eddas\" href=\"http:\/\/uenf.br\/posgraduacao\/producao-vegetal\/wp-content\/uploads\/sites\/10\/2014\/08\/Pablo-Klaver.pdf\">Programa computacional para otimiza\u00e7\u00e3o da lastragem de tratores agr\u00edcolas.<\/a><\/p>\n<p>Aluno: Raquel Fialho Rubim<br \/>\nOrientador: Prof. Silv\u00e9rio de Paiva Freitas<br \/>\nData de In\u00edcio: 03\/2009<br \/>\nData de Defesa de Tese: 19\/02\/2013<br \/>\nT\u00edtulo da Tese: <a title=\"Teses 2013 - conclu\u00eddas\" href=\"http:\/\/uenf.br\/posgraduacao\/producao-vegetal\/wp-content\/uploads\/sites\/10\/2014\/08\/Raquel.pdf\">Interfer\u00eancia de plantas daninhas na cultura da erva-doce (<em>Foeniculum vulgare Miller<\/em>) e armazenamento de sementes.<\/a><\/p>\n<p>Aluno: Denilson de Oliveira Guilherme<br \/>\nOrientador: Prof\u00aa Cl\u00e1udia Sales Marinho<br \/>\nData de In\u00edcio: 03\/2009<br \/>\nData de Defesa de Tese: 26\/02\/2013<br \/>\nT\u00edtulo da Tese: <a title=\"Teses 2013 - conclu\u00eddas\" href=\"http:\/\/uenf.br\/posgraduacao\/producao-vegetal\/wp-content\/uploads\/sites\/10\/2014\/08\/Denilson.pdf\">Uso do porta-enxerto Flying Dragon na produ\u00e7\u00e3o de mudas e no cultivo inicial de citros no Norte Fluminense.<\/a><\/p>\n<p>Aluno: Anna Christina Sanaz\u00e1rio de Oliveira<br \/>\nOrientador: Prof. Fabio Cunha Coelho<br \/>\nData de In\u00edcio: 03\/2009<br \/>\nData de Defesa de Tese: 27\/02\/2013<br \/>\nT\u00edtulo da Tese: <a title=\"Teses 2013 - conclu\u00eddas\" href=\"http:\/\/uenf.br\/posgraduacao\/producao-vegetal\/wp-content\/uploads\/sites\/10\/2014\/06\/Tese-Anna-Christina-Sanazario-de-Oliveira.pdf\">Produ\u00e7\u00e3o de milho e de sementes de fabaceae destinadas a adubos verdes, em cons\u00f3rcio, em Campos dos Goytacazes &#8211; RJ.<\/a><\/p>\n<p>Aluno: Jorge Luis Romero Ferrer<br \/>\nOrientador: Prof\u00aa Deborah Guerra Barroso<br \/>\nData de In\u00edcio: 03\/2009<br \/>\nData de Defesa de Tese: 28\/02\/2013<br \/>\nT\u00edtulo da Tese: <a title=\"Teses 2013 - conclu\u00eddas\" href=\"http:\/\/uenf.br\/posgraduacao\/producao-vegetal\/wp-content\/uploads\/sites\/10\/2014\/08\/Jorge-Romero.pdf\">Aplica\u00e7\u00e3o de boro e ferro no crescimento inicial p\u00f3s-plantio de <em>Gmelina arborea<\/em> e <em>Pachira quinata<\/em> no caribe colombiano.<\/a><\/p>\n<p>Aluno: Pedro Gon\u00e7alves Fernandes<br \/>\nOrientador: Prof. F\u00e1bio Cunha Coelho<br \/>\nData de In\u00edcio: 03\/2009<br \/>\nData de Defesa de Tese: 28\/02\/2013<br \/>\nT\u00edtulo da Tese: <a title=\"Teses 2013 - conclu\u00eddas\" href=\"http:\/\/uenf.br\/posgraduacao\/producao-vegetal\/wp-content\/uploads\/sites\/10\/2014\/08\/Pedro-Fernandes.pdf\">Avalia\u00e7\u00e3o agron\u00f4mica de dois cultivares de sorgo sacarino (<em>Sorghum bicolor<\/em> (L.) Moench) em Sete Lagoas &#8211; MG.<\/a><\/p>\n<p>Aluno: S\u00e2mia D\u2019angelo Alcuri Gobbo<br \/>\nOrientador: Prof. Ricardo Ferreira Garcia<br \/>\nData de In\u00edcio: 03\/2009<br \/>\nData de Defesa de Tese: 26\/03\/2013<br \/>\nT\u00edtulo da Tese: <a title=\"Teses 2013 - conclu\u00eddas\" href=\"http:\/\/uenf.br\/posgraduacao\/producao-vegetal\/wp-content\/uploads\/sites\/10\/2014\/08\/S%C3%A2mia.pdf\">Diagn\u00f3stico do uso e ocupa\u00e7\u00e3o da terra e ocorr\u00eancia de inc\u00eandios na face capixaba do Parque Nacional do Capara\u00f3.<\/a><\/p>\n<p>Aluno: Luiz Fl\u00e1vio Vianna Silveira<br \/>\nOrientador: Prof. Almy Junior Cordeiro de Carvalho<br \/>\nData de In\u00edcio: 03\/2009<br \/>\nData de Defesa de Tese: 02\/04\/2013<br \/>\nT\u00edtulo da Tese: <a title=\"Teses 2013 - conclu\u00eddas\" href=\"http:\/\/uenf.br\/posgraduacao\/producao-vegetal\/wp-content\/uploads\/sites\/10\/2014\/03\/luiz-29-01-2014.pdf\">Crescimento, nutri\u00e7\u00e3o e resist\u00eancia de mudas de mam\u00e3o (<em>Carica papaya<\/em> L.) tratadas com fontes de silicato de pot\u00e1ssio (K2 SiO3).<\/a><\/p>\n<p>Aluno: Jos\u00e9 Francisco Lopes<br \/>\nOrientador: Prof. F\u00e1bio Cunha Coelho<br \/>\nData de In\u00edcio: 03\/2009<br \/>\nData de Defesa de Tese: 09\/04\/2013<br \/>\nT\u00edtulo da Tese: <a title=\"Teses 2013 - conclu\u00eddas\" href=\"http:\/\/uenf.br\/posgraduacao\/producao-vegetal\/wp-content\/uploads\/sites\/10\/2014\/08\/Jos%C3%A9-Francisco.pdf\">Produtividade e qualidade do feij\u00e3o adubado com n\u00edquel e molibd\u00eanio.<\/a><\/p>\n<p>Aluno: Tatiana Oliveira da Silva<br \/>\nOrientador: Prof. Henrique Duarte Vieira<br \/>\nData de In\u00edcio: 03\/2009<br \/>\nData de Defesa de Tese: 12\/04\/2013<br \/>\nT\u00edtulo da Tese: <a title=\"Teses 2013 - conclu\u00eddas\" href=\"http:\/\/uenf.br\/posgraduacao\/producao-vegetal\/wp-content\/uploads\/sites\/10\/2014\/08\/Tatiana.pdf\">Estudo para dispers\u00e3o de Fab\u00e1ceas em pastagens por pequenos ruminantes.<\/a><\/p>\n<p>Aluno: Danilo Alves Lemos de Oliveira<br \/>\nOrientador: Prof. Silv\u00e9rio de Paiva Freitas<br \/>\nData de In\u00edcio: 03\/2009<br \/>\nData de Defesa de Tese: 12\/04\/2013<br \/>\nT\u00edtulo da Tese: <a title=\"Teses 2013 - conclu\u00eddas\" href=\"http:\/\/uenf.br\/posgraduacao\/producao-vegetal\/wp-content\/uploads\/sites\/10\/2014\/08\/Danilo.pdf\">Recupera\u00e7\u00e3o de gramados de campos de futebol submetidos a diferentes doses de aduba\u00e7\u00e3o em sistema irrigado e de sequeiro.<\/a><\/p>\n<p>Aluno: Eliana Monteiro Soares de Oliveira<br \/>\nOrientador: Prof\u00aa Claudia de Melo Dolinski<br \/>\nData de In\u00edcio: 03\/2009<br \/>\nData de Defesa de Tese: 19\/04\/2013<br \/>\nT\u00edtulo da Tese: <a title=\"Teses 2013 - conclu\u00eddas\" href=\"http:\/\/uenf.br\/posgraduacao\/producao-vegetal\/wp-content\/uploads\/sites\/10\/2014\/08\/Eliana.pdf\">Testes com coberturas para insetos cad\u00e1veres de <em>Galleria mellonela<\/em> infectados com <em>Heterorhabditis indica<\/em> LPP30 (Rhabditida). <\/a><\/p>\n<p>Aluno: Liliana Parente Ribeiro<br \/>\nOrientador: Prof\u00aa Claudia de Melo Dolinski<br \/>\nData de In\u00edcio: 03\/2009<br \/>\nData de Defesa de Tese: 23\/04\/2013<br \/>\nT\u00edtulo da Tese: <a title=\"Teses 2013 - conclu\u00eddas\" href=\"http:\/\/uenf.br\/posgraduacao\/producao-vegetal\/wp-content\/uploads\/sites\/10\/2014\/08\/Liliana.pdf\">Intera\u00e7\u00f5es entre o nematoide entomopatog\u00eanico <em>Heterorhabditis indica<\/em> LPP30 (Rhabditida: Heterorhabditidae) com fungos nemat\u00f3fagos em pomares de goiabeiras.<\/a><a href=\"http:\/\/www.uenf.br\/Uenf\/Downloads\/PRODVEGETAL_3434_1376313967.pdf\"><br \/>\n<\/a><\/p>\n<p>Aluno: Francisco Jos\u00e9 Brand\u00e3o Torres<br \/>\nOrientador: Prof. Almy Junior Cordeiro de Carvalho<br \/>\nData de In\u00edcio: 03\/2009<br \/>\nData de Defesa de Tese: 03\/05\/2013<br \/>\nT\u00edtulo da Tese: <a title=\"Teses 2013 - conclu\u00eddas\" href=\"http:\/\/uenf.br\/posgraduacao\/producao-vegetal\/wp-content\/uploads\/sites\/10\/2014\/08\/Francisco-Jos%C3%A9.pdf\">Micropropaga\u00e7\u00e3o e aclimatiza\u00e7\u00e3o do tomateiro h\u00edbrido &#8216;Alambra&#8217;.<\/a><\/p>\n<p>Aluno: Silvania Alves Ladeira<br \/>\nOrientador: Prof\u00aa Meire Lelis Leal Martins<br \/>\nData de In\u00edcio: 03\/2009<br \/>\nData de Defesa de Tese: 21\/05\/2013<br \/>\nT\u00edtulo da Tese: <a title=\"Teses 2013 - conclu\u00eddas\" href=\"http:\/\/uenf.br\/posgraduacao\/producao-vegetal\/wp-content\/uploads\/sites\/10\/2014\/08\/Silvania.pdf\">Aproveitamento de res\u00edduos agroindustriais para a produ\u00e7\u00e3o de celulases e xilanases por esp\u00e9cies de <em>Bacillus<\/em> sp.<\/a><\/p>\n<p>Aluno: Victor Luiz de Souza Lima<br \/>\nOrientador: Prof. Omar Eduardo Bailez<br \/>\nData de In\u00edcio: 03\/2009<br \/>\nData de Defesa de Tese: 23\/05\/2013<br \/>\nT\u00edtulo da Tese: <a title=\"Teses 2013 - conclu\u00eddas\" href=\"http:\/\/uenf.br\/posgraduacao\/producao-vegetal\/wp-content\/uploads\/sites\/10\/2014\/08\/Victor-Luiz.pdf\">Polimorfismo e polietismo na linha \u00e1ptera do cupim <em>Nasutitermes corniger<\/em> (Isoptera: Termitidae).<\/a><\/p>\n<p>Aluno: Silvana Silva Red Quintal<br \/>\nOrientador: Prof. Alexandre Pio Viana<br \/>\nData de In\u00edcio: 03\/2009<br \/>\nData de Defesa de Tese: 10\/06\/2013<br \/>\nT\u00edtulo da Tese: <a title=\"Teses 2013 - conclu\u00eddas\" href=\"http:\/\/uenf.br\/posgraduacao\/producao-vegetal\/wp-content\/uploads\/sites\/10\/2014\/08\/Silvana.pdf\">Melhoramento da goiabeira <em>P. guajava<\/em> via metodologia de modelos mistos.<\/a><\/p>\n<p>Aluno: Juliana Costa Guimar\u00e3es<br \/>\nOrientador: Prof. Ricardo Enrique Bressan-Smith<br \/>\nData de In\u00edcio: 03\/2009<br \/>\nData de Defesa de Tese: 21\/06\/2013<br \/>\nT\u00edtulo da Tese: <a title=\"Teses 2013 - conclu\u00eddas\" href=\"http:\/\/uenf.br\/posgraduacao\/producao-vegetal\/wp-content\/uploads\/sites\/10\/2014\/08\/Juliana.pdf\">Libera\u00e7\u00e3o da dorm\u00eancia e din\u00e2mica de carboidratos em gemas de videiras Niagara Rosada (<em>Vitis labrusca<\/em> L.) em Regi\u00e3o Tropical.<\/a><\/p>\n<p>Aluno: Josimara Barcelos Ven\u00e2ncio<br \/>\nOrientador: Prof. Arnoldo Rocha Fa\u00e7anha<br \/>\nData de In\u00edcio: 03\/2009<br \/>\nData de Defesa de Tese: 17\/07\/2013<br \/>\nT\u00edtulo da Tese: <a title=\"Teses 2013 - conclu\u00eddas\" href=\"http:\/\/uenf.br\/posgraduacao\/producao-vegetal\/wp-content\/uploads\/sites\/10\/2014\/08\/josimara.pdf\">Modula\u00e7\u00e3o das bombas de H+ no desenvolvimento vegetal: papel no metabolismo de a\u00e7\u00facares e nas respostas adaptativas das plantas ao estresse h\u00eddrico.<\/a><\/p>\n<p>Aluno: Gleidson Morais de Souza<br \/>\nOrientador: Prof. Ricardo Enrique Bressan-Smith<br \/>\nData de In\u00edcio: 03\/2009<br \/>\nData de Defesa de Tese: 06\/08\/2013<br \/>\nT\u00edtulo da Tese: <a title=\"Teses 2013 - conclu\u00eddas\" href=\"http:\/\/uenf.br\/posgraduacao\/producao-vegetal\/wp-content\/uploads\/sites\/10\/2014\/08\/Gleidson.pdf\">Desenvolvimento e morfologia de infloresc\u00eancias em videira Niagara Rosada (<em>Vitis labrusca<\/em> L.).<\/a><\/p>\n<p>Aluno: Raphael Cardoso Rodrigues<br \/>\nOrientador: Prof. Pedro Amorim Berbert<br \/>\nData de In\u00edcio: 03\/2009<br \/>\nData de Defesa de Tese: 27\/08\/2013<br \/>\nT\u00edtulo da Tese: <a title=\"Teses 2013 - conclu\u00eddas\" href=\"http:\/\/uenf.br\/posgraduacao\/producao-vegetal\/wp-content\/uploads\/sites\/10\/2014\/08\/Raphael.pdf\">Estudo da cin\u00e9tica de desidrata\u00e7\u00e3o osm\u00f3tica de abacaxi e utiliza\u00e7\u00e3o da solu\u00e7\u00e3o residual para produ\u00e7\u00e3o de bioinseticida.<\/a><\/p>\n<p>Aluno: Kelly Ribeiro Lam\u00f4nica<br \/>\nOrientador: Prof\u00aa Deborah Guerra Barroso<br \/>\nData de In\u00edcio: 03\/2009<br \/>\nData de Defesa de Tese: 30\/08\/2013<br \/>\nT\u00edtulo da Tese: <a title=\"Teses 2013 - conclu\u00eddas\" href=\"http:\/\/uenf.br\/posgraduacao\/producao-vegetal\/wp-content\/uploads\/sites\/10\/2014\/08\/Kelly.pdf\">Produtividade de minicepas de clones de cedro australiano (Toona ciliata) e produ\u00e7\u00e3o de mudas por miniestaquia. <\/a><\/p>\n<p>Aluno: Yaska Jana\u00edna Bastos Soares<br \/>\nOrientador: Prof. Antonio Teixeira do Amaral J\u00fanior<br \/>\nData de In\u00edcio: 03\/2009<br \/>\nData de Defesa de Tese: 10\/09\/2013<br \/>\nT\u00edtulo da Tese: <a title=\"Teses 2013 - conclu\u00eddas\" href=\"http:\/\/uenf.br\/posgraduacao\/producao-vegetal\/wp-content\/uploads\/sites\/10\/2014\/08\/Yaska.pdf\">An\u00e1lise biom\u00e9trica da efici\u00eancia nutricional de pot\u00e1ssio em caf\u00e9 Ar\u00e1bica.<\/a><\/p>\n<p>Aluno: Jos\u00e9 Augusto de Ameida Sant\u2019ana<br \/>\nOrientador: Prof. Rog\u00e9rio Figueiredo Daher<br \/>\nData de In\u00edcio: 03\/2009<br \/>\nData de Defesa de Tese: 12\/09\/2013<br \/>\nT\u00edtulo da Tese: <a title=\"Teses 2013 - conclu\u00eddas\" href=\"http:\/\/uenf.br\/posgraduacao\/producao-vegetal\/wp-content\/uploads\/sites\/10\/2014\/08\/Jos%C3%A9-Augusto.pdf\">Efeito da aduba\u00e7\u00e3o nitrogenada e fosfatada na composi\u00e7\u00e3o qu\u00edmica de gen\u00f3tipos de capim-elefante para uso energ\u00e9tico e viabilidade econ\u00f4mica de risco.<\/a><\/p>\n<p>Aluno: Joesi de Souza Castro<br \/>\nOrientador: Prof. Niraldo Jos\u00e9 Ponciano<br \/>\nData de In\u00edcio: 03\/2009<br \/>\nData de Defesa de Tese: 13\/09\/2013<br \/>\nT\u00edtulo da Tese: <a title=\"Teses 2013 - conclu\u00eddas\" href=\"http:\/\/uenf.br\/posgraduacao\/producao-vegetal\/wp-content\/uploads\/sites\/10\/2014\/08\/Joesi.pdf\">Mudan\u00e7as na composi\u00e7\u00e3o da produ\u00e7\u00e3o agr\u00edcola no estado do Esp\u00edrito Santo no per\u00edodo de 1970 a 2010.<\/a><\/p>\n<p>Aluno: Marcia Maria Paes Santos<br \/>\nOrientador: Prof. Rog\u00e9rio Figueiredo Daher<br \/>\nData de In\u00edcio: 03\/2009<br \/>\nData de Defesa de Tese: 13\/09\/2013<br \/>\nT\u00edtulo da Tese: <a title=\"Teses 2013 - conclu\u00eddas\" href=\"http:\/\/uenf.br\/posgraduacao\/producao-vegetal\/wp-content\/uploads\/sites\/10\/2014\/08\/Marcia-Paes.pdf\">Otimiza\u00e7\u00e3o da aduba\u00e7\u00e3o nitrogenada em tr\u00eas cultivares de capim-elefante para fins energ\u00e9ticos no Sul do Esp\u00edrito Santo.<\/a><\/p>\n<p>Aluno: Ismael Louren\u00e7o de Jesus Freitas<br \/>\nOrientador: Prof. Antonio Teixeira do Amaral J\u00fanior<br \/>\nData de In\u00edcio: 03\/2010<br \/>\nData de Defesa de Tese: 16\/09\/2013<br \/>\nT\u00edtulo da Tese: <a title=\"Teses 2013 - conclu\u00eddas\" href=\"http:\/\/uenf.br\/posgraduacao\/producao-vegetal\/wp-content\/uploads\/sites\/10\/2014\/08\/Ismael.pdf\">Ganhos gen\u00e9ticos na popula\u00e7\u00e3o UENF-14 de milho-pipoca sob sele\u00e7\u00e3o recorrente.<\/a><\/p>\n<p>Aluno: Marcus Antonio Santolin<br \/>\nOrientador: Prof. Elias Fernandes de Sousa<br \/>\nData de In\u00edcio: 03\/2009<br \/>\nData de Defesa de Tese: 19\/09\/2013<br \/>\nT\u00edtulo da Tese: <a title=\"Teses 2013 - conclu\u00eddas\" href=\"http:\/\/uenf.br\/posgraduacao\/producao-vegetal\/wp-content\/uploads\/sites\/10\/2014\/08\/Marcus-Santolin.pdf\">Desenvolvimento de um modelo para estimativa de fluxo de \u00e1gua em meio poroso.<\/a><\/p>\n<p>&nbsp;<\/p>\n","protected":false},"excerpt":{"rendered":"<p>Aluno: Luiz Maur\u00edcio de Oliveira Monteiro Orientador: Prof. Elias Fernandes de Sousa Data de In\u00edcio: 08\/2007 Data de Defesa de&#8230;<\/p>\n","protected":false},"author":21,"featured_media":0,"parent":186,"menu_order":1,"comment_status":"closed","ping_status":"open","template":"","meta":{"footnotes":""},"class_list":["post-188","page","type-page","status-publish","hentry"],"_links":{"self":[{"href":"https:\/\/uenf.br\/posgraduacao\/producao-vegetal\/wp-json\/wp\/v2\/pages\/188","targetHints":{"allow":["GET"]}}],"collection":[{"href":"https:\/\/uenf.br\/posgraduacao\/producao-vegetal\/wp-json\/wp\/v2\/pages"}],"about":[{"href":"https:\/\/uenf.br\/posgraduacao\/producao-vegetal\/wp-json\/wp\/v2\/types\/page"}],"author":[{"embeddable":true,"href":"https:\/\/uenf.br\/posgraduacao\/producao-vegetal\/wp-json\/wp\/v2\/users\/21"}],"replies":[{"embeddable":true,"href":"https:\/\/uenf.br\/posgraduacao\/producao-vegetal\/wp-json\/wp\/v2\/comments?post=188"}],"version-history":[{"count":0,"href":"https:\/\/uenf.br\/posgraduacao\/producao-vegetal\/wp-json\/wp\/v2\/pages\/188\/revisions"}],"up":[{"embeddable":true,"href":"https:\/\/uenf.br\/posgraduacao\/producao-vegetal\/wp-json\/wp\/v2\/pages\/186"}],"wp:attachment":[{"href":"https:\/\/uenf.br\/posgraduacao\/producao-vegetal\/wp-json\/wp\/v2\/media?parent=188"}],"curies":[{"name":"wp","href":"https:\/\/api.w.org\/{rel}","templated":true}]}}