{"id":192,"date":"2014-01-28T12:28:47","date_gmt":"2014-01-28T12:28:47","guid":{"rendered":"http:\/\/uenf.br\/pos-graduacao\/producao-vegetal\/?page_id=192"},"modified":"2017-10-30T10:59:31","modified_gmt":"2017-10-30T12:59:31","slug":"doutorado-conclusao-em-2012","status":"publish","type":"page","link":"https:\/\/uenf.br\/posgraduacao\/producao-vegetal\/teses-e-dissertacoes-concluidas\/doutorado\/doutorado-conclusao-em-2012\/","title":{"rendered":"Doutorado &#8211; conclus\u00e3o em 2012"},"content":{"rendered":"<p>Aluno: Ramon Santos de Minas<br \/>\nOrientador: Prof\u00aa Claudia de Melo Dolinski<br \/>\nData de In\u00edcio: 03\/2008<br \/>\nData de Defesa de Tese: 31\/01\/2012<br \/>\nT\u00edtulo da Tese: <a title=\"Teses 2012 - conclu\u00eddas\" href=\"http:\/\/uenf.br\/posgraduacao\/producao-vegetal\/wp-content\/uploads\/sites\/10\/2014\/08\/Ramon-Minas.pdf\">Caracteriza\u00e7\u00e3o biol\u00f3gica de uma linhagem de nematoide entomopatog\u00eanico visando o controle do gorgulho da goiaba (<em>Conotrachelus psidii<\/em>) em dois sistemas de cultivo.<\/a><\/p>\n<p>&nbsp;<\/p>\n<hr \/>\n<p>&nbsp;<\/p>\n<p>Aluno: In\u00eas Ribeiro Machado<br \/>\nOrientador: Prof\u00aa Claudia de Melo Dolinski<br \/>\nData de In\u00edcio: 03\/2008<br \/>\nData de Defesa de Tese: 08\/03\/2012<br \/>\nT\u00edtulo da Tese: <a title=\"Teses 2012 - conclu\u00eddas\" href=\"http:\/\/uenf.br\/posgraduacao\/producao-vegetal\/wp-content\/uploads\/sites\/10\/2014\/08\/In%C3%AAs.pdf\">Aspectos de <em>Heterorhabditis baujardi<\/em> LPP7 (Rhabditida: Heterorhabditidae) relacionados \u00e0 citogen\u00e9tica, \u00e0 embriog\u00eanese e ao comportamento sexual.<\/a><\/p>\n<p>&nbsp;<\/p>\n<p>&nbsp;<\/p>\n<hr \/>\n<p>Aluno: Marcos G\u00f3es Oliveira<br \/>\nOrientador: Prof. Jurandi Gon\u00e7alves de Oliveira<br \/>\nData de In\u00edcio: 03\/2008<br \/>\nData de Defesa de Tese: 03\/05\/2012<br \/>\nT\u00edtulo da Tese: <a title=\"Teses 2012 - conclu\u00eddas\" href=\"http:\/\/uenf.br\/posgraduacao\/producao-vegetal\/wp-content\/uploads\/sites\/10\/2014\/08\/Marcos-Oliveira.pdf\">Armazenamento de frutos de mamoeiro: investiga\u00e7\u00e3o da participa\u00e7\u00e3o da oxidase alternativa e da prote\u00edna desacopladora na respira\u00e7\u00e3o em mitoc\u00f4ndrias isoladas da polpa do fruto.<\/a><\/p>\n<p>&nbsp;<\/p>\n<p>&nbsp;<\/p>\n<hr \/>\n<p>&nbsp;<\/p>\n<p>&nbsp;<\/p>\n<p>Aluno: Marcos Oliveira Athayde<br \/>\nOrientador: Prof. Eliemar Campostrini<br \/>\nData de In\u00edcio: 03\/2008<br \/>\nData de Defesa de Tese: 25\/05\/2012<br \/>\nT\u00edtulo da Tese: <a title=\"Teses 2012 - conclu\u00eddas\" href=\"http:\/\/uenf.br\/posgraduacao\/producao-vegetal\/wp-content\/uploads\/sites\/10\/2014\/08\/Marcos-Athayde.pdf\">Indu\u00e7\u00e3o do enraizamento <em>ex vitro<\/em> em plantas de abacaxizeiro cv. Vitoria (<em>Ananas comosus<\/em> L. Merril): processo fotossint\u00e9tico e medidas biom\u00e9tricas.<\/a><\/p>\n<p>&nbsp;<\/p>\n<p>&nbsp;<\/p>\n<hr \/>\n<p>Aluno: Alessandra Olmo Dardengo<br \/>\nOrientador: Prof. Henrique Duarte Vieira<br \/>\nData de In\u00edcio: 03\/2008<br \/>\nData de Defesa de Tese: 04\/06\/2012<br \/>\nT\u00edtulo da Tese: <a title=\"Teses 2012 - conclu\u00eddas\" href=\"http:\/\/uenf.br\/posgraduacao\/producao-vegetal\/wp-content\/uploads\/sites\/10\/2014\/08\/Alessandra.pdf\">Secagem e armazenamento das sementes de pinh\u00e3o manso (<em>Jatrofa curcas<\/em> L.).<\/a><\/p>\n<p>&nbsp;<\/p>\n<p>&nbsp;<\/p>\n<hr \/>\n<p>&nbsp;<\/p>\n<p>Aluno: Tiago Massi Ferraz<br \/>\nOrientador: Prof. Eliemar Campostrini<br \/>\nData de In\u00edcio: 03\/2008<br \/>\nData de Defesa de Tese: 18\/06\/2012<br \/>\nT\u00edtulo da Tese: <a title=\"Teses 2012 - conclu\u00eddas\" href=\"http:\/\/uenf.br\/posgraduacao\/producao-vegetal\/wp-content\/uploads\/sites\/10\/2014\/08\/Tiago-Ferraz.pdf\">Ecofisiologia de clones de eucalipto submetidos \u00e0 restri\u00e7\u00e3o h\u00eddrica em condi\u00e7\u00f5es de campo.<\/a><\/p>\n<hr \/>\n<p>&nbsp;<\/p>\n<p>Aluno: Tatiane da Costa Barb\u00e9<br \/>\nOrientador: Prof. Rog\u00e9rio Figueiredo Daher<br \/>\nData de In\u00edcio: 03\/2008<br \/>\nData de Defesa de Tese: 28\/06\/2012<br \/>\nT\u00edtulo da Tese: <a title=\"Teses 2012 - conclu\u00eddas\" href=\"http:\/\/uenf.br\/posgraduacao\/producao-vegetal\/wp-content\/uploads\/sites\/10\/2014\/08\/Tatiane.pdf\">Varia\u00e7\u00e3o de caracteres morfoagron\u00f4micos, fisiol\u00f3gicos e da qualidade da biomassa energ\u00e9tica de capim-elefante (<em>Pennisetum purpureum<\/em> Shum.) em fun\u00e7\u00e3o da idade da planta.<\/a><\/p>\n<hr \/>\n<p>&nbsp;<\/p>\n<p>&nbsp;<\/p>\n<p>Aluno: J\u00e9ferson Luiz Ferrari<br \/>\nOrientador: Prof. Ricardo Ferreira Garcia<br \/>\nData de In\u00edcio: 03\/2009<br \/>\nData de Defesa de Tese: 09\/07\/2012<br \/>\nT\u00edtulo da Tese: <a title=\"Teses 2012 - conclu\u00eddas\" href=\"http:\/\/uenf.br\/posgraduacao\/producao-vegetal\/wp-content\/uploads\/sites\/10\/2014\/08\/J%C3%A9ferson.pdf\">Avalia\u00e7\u00e3o de geotecnologias para subsidiar o mapeamento do uso e cobertura da terra no Instituto Federal do Esp\u00edrito Santo \u2013 Campus de Alegre.<\/a><\/p>\n<p>&nbsp;<\/p>\n<p>&nbsp;<\/p>\n<hr \/>\n<p>Aluno: C\u00e9lia Maria Peixoto de Macedo<br \/>\nOrientador: Prof. Roberto Ferreira da Silva<br \/>\nData de In\u00edcio: 03\/2008<br \/>\nData de Defesa de Tese: 18\/07\/2012<br \/>\nT\u00edtulo da Tese: <a title=\"Teses 2012 - conclu\u00eddas\" href=\"http:\/\/uenf.br\/posgraduacao\/producao-vegetal\/wp-content\/uploads\/sites\/10\/2014\/08\/C%C3%A9lia-Maria.pdf\">Avalia\u00e7\u00e3o de h\u00edbridos elites de mam\u00e3o (<em>Carica papaya<\/em> L.) e seus cruzamentos rec\u00edprocos, quanto a qualidade fisiol\u00f3gica de sementes e o potencial agron\u00f4mico.<\/a><\/p>\n<p>&nbsp;<\/p>\n<hr \/>\n<p>&nbsp;<\/p>\n<p>&nbsp;<\/p>\n<p>Aluno: Dariellys Mart\u00ednez Balmori<br \/>\nOrientador: Prof. Luciano Pasqualoto Canellas<br \/>\nData de In\u00edcio: 03\/2009<br \/>\nData de Defesa de Tese: 20\/07\/2012<br \/>\nT\u00edtulo da Tese: <a title=\"Teses 2012 - conclu\u00eddas\" href=\"http:\/\/uenf.br\/posgraduacao\/producao-vegetal\/wp-content\/uploads\/sites\/10\/2014\/08\/Dariellys.pdf\">Caracteriza\u00e7\u00e3o molecular da mat\u00e9ria org\u00e2nica durante a vermicompostagem.<\/a><\/p>\n<p>&nbsp;<\/p>\n<hr \/>\n<p>&nbsp;<\/p>\n<p>Aluno: Joice Cleide de Oliveira Rita<br \/>\nOrientador: Prof. Antonio Carlos da Gama-Rodrigues<br \/>\nData de In\u00edcio: 03\/2008<br \/>\nData de Defesa de Tese: 09\/08\/2012<br \/>\nT\u00edtulo da Tese: <a title=\"Teses 2012 - conclu\u00eddas\" href=\"http:\/\/uenf.br\/posgraduacao\/producao-vegetal\/wp-content\/uploads\/sites\/10\/2014\/08\/Joice-Cleide.pdf\">Mineraliza\u00e7\u00e3o das fra\u00e7\u00f5es org\u00e2nicas de f\u00f3sforo do solo e agregados das coberturas vegetais do Norte Fluminense e dos agrossistemas de cacau no Sul da Bahia.<\/a><\/p>\n<p>&nbsp;<\/p>\n<p>&nbsp;<\/p>\n<hr \/>\n<p>&nbsp;<\/p>\n<p>Aluno: Derliane Ribeiro Martins<br \/>\nOrientador: Prof. Eder Dutra de Resende<br \/>\nData de In\u00edcio: 03\/2007<br \/>\nData de Defesa de Tese: 17\/08\/2012<br \/>\nT\u00edtulo da Tese: <a title=\"Teses 2012 - conclu\u00eddas\" href=\"http:\/\/uenf.br\/posgraduacao\/producao-vegetal\/wp-content\/uploads\/sites\/10\/2014\/08\/Derliane.pdf\">Otimiza\u00e7\u00e3o das condi\u00e7\u00f5es de estocagem do mam\u00e3o em atmosfera controlada para preserva\u00e7\u00e3o da qualidade e redu\u00e7\u00e3o do processo de amadurecimento.<\/a><\/p>\n<p>&nbsp;<\/p>\n<hr \/>\n<p>&nbsp;<\/p>\n<p>&nbsp;<\/p>\n<p>Aluno: Rosembergue Bragan\u00e7a<br \/>\nOrientador: Prof. Almy Junior Cordeiro de Carvalho<br \/>\nData de In\u00edcio: 03\/2009<br \/>\nData de Defesa de Tese: 20\/08\/2012<br \/>\nT\u00edtulo da Tese: <a title=\"Teses 2012 - conclu\u00eddas\" href=\"http:\/\/uenf.br\/posgraduacao\/producao-vegetal\/wp-content\/uploads\/sites\/10\/2014\/08\/Rosembergue.pdf\">Avalia\u00e7\u00e3o de incrementos de temperatura no zoneamento agroclimatol\u00f3gico para a cultura do caf\u00e9 no estado do Esp\u00edrito Santo.<\/a><\/p>\n<p>&nbsp;<\/p>\n<hr \/>\n<p>&nbsp;<\/p>\n<p>&nbsp;<\/p>\n<p>Aluno: Laerciana Pereira Vieira<br \/>\nOrientador: Prof. Richard Ian Samuels<br \/>\nData de In\u00edcio: 03\/2008<br \/>\nData de Defesa de Tese: 24\/08\/2012<br \/>\nT\u00edtulo da Tese: <a title=\"Teses 2012 - conclu\u00eddas\" href=\"http:\/\/uenf.br\/posgraduacao\/producao-vegetal\/wp-content\/uploads\/sites\/10\/2014\/08\/Laerciana.pdf\">Resposta fisiol\u00f3gica de f\u00eameas do mosquito <em>Aedes aegypti<\/em> (Diptera: Culicidae) \u00e0 infec\u00e7\u00e3o pelo fungo entomopatog\u00eanico <em>Metarhizium anisopliae<\/em>.<\/a><\/p>\n<p>&nbsp;<\/p>\n<hr \/>\n<p>&nbsp;<\/p>\n<p>Aluno: Jos\u00e9 Hildefonso de Souza<br \/>\nOrientador: Prof. Omar Eduardo Bailez<br \/>\nData de In\u00edcio: 03\/2008<br \/>\nData de Defesa de Tese: 27\/08\/2012<br \/>\nT\u00edtulo da Tese: <a title=\"Teses 2012 - conclu\u00eddas\" href=\"http:\/\/uenf.br\/posgraduacao\/producao-vegetal\/wp-content\/uploads\/sites\/10\/2014\/08\/Jos%C3%A9-Hildefonso.pdf\">Comportamento de explora\u00e7\u00e3o e toler\u00e2ncia intraespec\u00edfica em <em>Nasutitermes corniger<\/em> (Motschulsky, 1855) (Isoptera: Termitidae).<\/a><\/p>\n<hr \/>\n<p>Aluno: Jorge Luiz Cabeleira Bernardes<br \/>\nOrientador: Prof. Gilberto Soares Albuquerque<br \/>\nData de In\u00edcio: 03\/2008<br \/>\nData de Defesa de Tese: 06\/09\/2012<br \/>\nT\u00edtulo da Tese: <a title=\"Teses 2012 - conclu\u00eddas\" href=\"http:\/\/uenf.br\/posgraduacao\/producao-vegetal\/wp-content\/uploads\/sites\/10\/2014\/11\/Tese-Jorge-vers%C3%A3o-final-corrigida.pdf\">Descri\u00e7\u00e3o das larvas de tr\u00eas esp\u00e9cies de <em>Leucochrysa (Nodita)<\/em> e an\u00e1lise filogen\u00e9tica da tribo Leucochrysini (Neuroptera: Chrysopidae: Chrysopinae) com base principalmente em caracteres larvais.<\/a><\/p>\n<hr \/>\n<p>&nbsp;<\/p>\n<p>Aluno: Rozana Moreira Pereira de Lima<br \/>\nOrientador: Prof. Pedro Amorim Berbert<br \/>\nData de In\u00edcio: 03\/2008<br \/>\nData de Defesa de Tese: 18\/09\/2012<br \/>\nT\u00edtulo da Tese: <a title=\"Teses 2012 - conclu\u00eddas\" href=\"http:\/\/uenf.br\/posgraduacao\/producao-vegetal\/wp-content\/uploads\/sites\/10\/2014\/08\/Rozana.pdf\">Desidrata\u00e7\u00e3o osm\u00f3tica de mel\u00e3o (<em>Cucumis melo<\/em> L.) em solu\u00e7\u00f5es de sacarose e de sorbitol.<\/a><\/p>\n<p>&nbsp;<\/p>\n<p>&nbsp;<\/p>\n<hr \/>\n<p>Aluno: \u00c9rik da Silva Oliveira<br \/>\nOrientador: Prof. Rog\u00e9rio Figueiredo Daher<br \/>\nData de In\u00edcio: 03\/2008<br \/>\nData de Defesa de Tese: 28\/09\/2012<br \/>\nT\u00edtulo da Tese: <a href=\"http:\/\/uenf.br\/posgraduacao\/producao-vegetal\/wp-content\/uploads\/sites\/10\/2017\/10\/Erik-OK.pdf\">Varia\u00e7\u00e3o de caracteres morfoagron\u00f4micos e da qualidade da biomassa em seis gen\u00f3tipos de capim-elefante (<em>Pennisetum purpureum<\/em> Schum.) em fun\u00e7\u00e3o de diferentes doses de nitrog\u00eanio e an\u00e1lise da viabilidade econ\u00f4mica em Campos dos Goytacazes, RJ.<\/a><\/p>\n<p>&nbsp;<\/p>\n<p>&nbsp;<\/p>\n<hr \/>\n<p>&nbsp;<\/p>\n<p>&nbsp;<\/p>\n<p>Aluno: Carlos Humberto Sanson Moulin<br \/>\nOrientador: Prof. F\u00e1bio da Costa Henry<br \/>\nData de In\u00edcio: 03\/2009<br \/>\nData de Defesa de Tese: 28\/09\/2012<br \/>\nT\u00edtulo da Tese: <a title=\"Teses 2012 - conclu\u00eddas\" href=\"http:\/\/uenf.br\/posgraduacao\/producao-vegetal\/wp-content\/uploads\/sites\/10\/2014\/08\/Carlos-Humberto.pdf\">Efeito da suplementa\u00e7\u00e3o com gordura protegida na qualidade da carne de ovinos.<\/a><\/p>\n<hr \/>\n<p>&nbsp;<\/p>\n<p>Aluno: Susana Brunoro Costa de Oliveira<br \/>\nOrientador: Prof. Geraldo de Amaral Gravina<br \/>\nData de In\u00edcio: 03\/2009<br \/>\nData de Defesa de Tese: 11\/10\/2012<br \/>\nT\u00edtulo da Tese: <a title=\"Teses 2012 - conclu\u00eddas\" href=\"http:\/\/uenf.br\/posgraduacao\/producao-vegetal\/wp-content\/uploads\/sites\/10\/2014\/08\/Susana.pdf\">Desenvolvimento de um sistema de suporte a decis\u00e3o para monitoramento do uso e ocupa\u00e7\u00e3o do solo utilizando dados de sensoriamento remoto.<\/a><\/p>\n<p>&nbsp;<\/p>\n<hr \/>\n<p>&nbsp;<\/p>\n<p>&nbsp;<\/p>\n<p>Aluno: Maria Christina Junger Del\u00f4go Dardengo<br \/>\nOrientador: Prof. Elias Fernandes de Sousa<br \/>\nData de In\u00edcio: 03\/2009<br \/>\nData de Defesa de Tese: 29\/10\/2012<br \/>\nT\u00edtulo da Tese: <a title=\"Teses 2012 - conclu\u00eddas\" href=\"http:\/\/uenf.br\/posgraduacao\/producao-vegetal\/wp-content\/uploads\/sites\/10\/2014\/08\/Maria-Christina.pdf\">Crescimento, produtividade e consumo de \u00e1gua do cafeeiro conilon sob manejo irrigado e de sequeiro.<\/a><\/p>\n<hr \/>\n<p>Aluno: Paulo Robson Mansor<br \/>\nOrientador: Prof. Henrique Duarte Vieira<br \/>\nData de In\u00edcio: 03\/2009<br \/>\nData de Defesa de Tese: 05\/11\/2012<br \/>\nT\u00edtulo da Tese: <a title=\"Teses 2012 - conclu\u00eddas\" href=\"http:\/\/uenf.br\/posgraduacao\/producao-vegetal\/wp-content\/uploads\/sites\/10\/2014\/08\/Paulo-Mansor.pdf\">Estoques e fra\u00e7\u00f5es da mat\u00e9ria org\u00e2nica em diferentes sistemas de uso do solo.<\/a><\/p>\n<p>&nbsp;<\/p>\n<hr \/>\n<p>&nbsp;<\/p>\n<p>&nbsp;<\/p>\n<p>Aluno: Janio Gloria de Oliveira<br \/>\nOrientador: Prof. Geraldo de Amaral Gravina<br \/>\nData de In\u00edcio: 03\/2009<br \/>\nData de Defesa de Tese: 14\/11\/2012<br \/>\nT\u00edtulo da Tese: <a title=\"Teses 2012 - conclu\u00eddas\" href=\"http:\/\/uenf.br\/posgraduacao\/producao-vegetal\/wp-content\/uploads\/sites\/10\/2014\/08\/Janio.pdf\">Modelagem do impacto da cultura do caf\u00e9 sobre os estoques de carbono no solo no estado do Esp\u00edrito Santo.<\/a><\/p>\n<p>&nbsp;<\/p>\n<p>&nbsp;<\/p>\n<hr \/>\n<p>Aluno: Marco Antonio P\u00edccolo<br \/>\nOrientador: Prof. F\u00e1bio Cunha Coelho<br \/>\nData de In\u00edcio: 03\/2009<br \/>\nData de Defesa de Tese: 03\/12\/2012<br \/>\nT\u00edtulo da Tese: <a title=\"Teses 2012 - conclu\u00eddas\" href=\"http:\/\/uenf.br\/posgraduacao\/producao-vegetal\/wp-content\/uploads\/sites\/10\/2014\/08\/Marco-P%C3%ADccolo.pdf\">Forragem verde hidrop\u00f4nica de milho produzida em substratos org\u00e2nicos residuais utilizando \u00e1gua residu\u00e1ria de bovino.<\/a><\/p>\n<p>&nbsp;<\/p>\n<hr \/>\n<p>&nbsp;<\/p>\n<p>&nbsp;<\/p>\n<p>Aluno: Eros Est\u00eav\u00e3o de Moura<br \/>\nOrientador: Prof. Pedro Amorim Berbert<br \/>\nData de In\u00edcio: 03\/2010<br \/>\nData de Defesa de Tese: 04\/12\/2012<br \/>\nT\u00edtulo da Tese: <a title=\"Teses 2012 - conclu\u00eddas\" href=\"http:\/\/uenf.br\/posgraduacao\/producao-vegetal\/wp-content\/uploads\/sites\/10\/2014\/08\/Eros.pdf\">Proposta computacional para medi\u00e7\u00e3o on-line do teor de \u00e1gua de gr\u00e3os de sorgo.<\/a><\/p>\n<hr \/>\n<p>&nbsp;<\/p>\n<p>Aluno: Rafael Vargas Mesquita dos Santos<br \/>\nOrientador: Prof. Henrique Duarte Vieira<br \/>\nData de In\u00edcio: 03\/2010<br \/>\nData de Defesa de Tese: 06\/12\/2012<br \/>\nT\u00edtulo da Tese: <a title=\"Teses 2012 - conclu\u00eddas\" href=\"http:\/\/uenf.br\/posgraduacao\/producao-vegetal\/wp-content\/uploads\/sites\/10\/2014\/08\/Rafael-Santos.pdf\">Sistema de apoio \u00e0 decis\u00e3o para gest\u00e3o da p\u00f3s-colheita do caf\u00e9.<\/a><\/p>\n<hr \/>\n<p>&nbsp;<\/p>\n<p>Aluno: Marcos Antonio Sattler<br \/>\nOrientador: Prof\u00aa Deborah Guerra Barroso<br \/>\nData de In\u00edcio: 03\/2009<br \/>\nData de Defesa de Tese: 12\/12\/2012<br \/>\nT\u00edtulo da Tese: <a title=\"Teses 2012 - conclu\u00eddas\" href=\"http:\/\/uenf.br\/posgraduacao\/producao-vegetal\/wp-content\/uploads\/sites\/10\/2014\/08\/Marcos-Sattler.pdf\">Sustentabilidade de sistemas agroflorestais na regi\u00e3o do Capara\u00f3 &#8211; ES.<\/a><\/p>\n<p>&nbsp;<\/p>\n<hr \/>\n<p>Aluno: Jos\u00e9 Maria Dalcolmo<br \/>\nOrientador: Prof. Henrique Duarte Vieira<br \/>\nData de In\u00edcio: 03\/2009<br \/>\nData de Defesa de Tese: 17\/12\/2012<br \/>\nT\u00edtulo da Tese: <a title=\"Teses 2012 - conclu\u00eddas\" href=\"http:\/\/uenf.br\/posgraduacao\/producao-vegetal\/wp-content\/uploads\/sites\/10\/2014\/08\/Jos%C3%A9-Maria-Dalcolmo.pdf\">Biometria do crescimento de caf\u00e9 conilon ap\u00f3s poda programada de ciclo.<\/a><\/p>\n<p>&nbsp;<\/p>\n<hr \/>\n<p>&nbsp;<\/p>\n<p>Aluno: Sh\u00eania Santos Silva<br \/>\nOrientador: Profa. Ana Maria Matoso Viana-Bailez<br \/>\nData de In\u00edcio: 03\/2008<br \/>\nData de Defesa de Tese: 19\/12\/2012<br \/>\nT\u00edtulo da Tese: <a title=\"Teses 2012 - conclu\u00eddas\" href=\"http:\/\/uenf.br\/posgraduacao\/producao-vegetal\/wp-content\/uploads\/sites\/10\/2014\/08\/Sh%C3%AAnia.pdf\">Comportamento de territorialidade em <em>Acromyrmex subterraneus subterraneus<\/em> FOREL, 1893 (Hymenoptera: Formicidae).<\/a><\/p>\n<p>&nbsp;<\/p>\n<hr \/>\n<p>Aluno: Carolina Maria Pal\u00e1cios de Souza<br \/>\nOrientador: Prof. Nilton Rocha Leal<br \/>\nData de In\u00edcio: 03\/2008<br \/>\nData de Defesa de Tese: 19\/12\/2012<br \/>\nT\u00edtulo da Tese: <a title=\"Teses 2012 - conclu\u00eddas\" href=\"http:\/\/uenf.br\/posgraduacao\/producao-vegetal\/wp-content\/uploads\/sites\/10\/2014\/08\/Carolina-Maria.pdf\">An\u00e1lise dial\u00e9lica para caracteres quantitativos e qualitativos entre gen\u00f3tipos de feij\u00e3o-de-vagem (<em>Phaseolus vulgaris<\/em> L.) de porte determinado.<\/a><\/p>\n<p>&nbsp;<\/p>\n","protected":false},"excerpt":{"rendered":"<p>Aluno: Ramon Santos de Minas Orientador: Prof\u00aa Claudia de Melo Dolinski Data de In\u00edcio: 03\/2008 Data de Defesa de Tese:&#8230;<\/p>\n","protected":false},"author":21,"featured_media":0,"parent":186,"menu_order":2,"comment_status":"closed","ping_status":"open","template":"","meta":{"footnotes":""},"class_list":["post-192","page","type-page","status-publish","hentry"],"_links":{"self":[{"href":"https:\/\/uenf.br\/posgraduacao\/producao-vegetal\/wp-json\/wp\/v2\/pages\/192","targetHints":{"allow":["GET"]}}],"collection":[{"href":"https:\/\/uenf.br\/posgraduacao\/producao-vegetal\/wp-json\/wp\/v2\/pages"}],"about":[{"href":"https:\/\/uenf.br\/posgraduacao\/producao-vegetal\/wp-json\/wp\/v2\/types\/page"}],"author":[{"embeddable":true,"href":"https:\/\/uenf.br\/posgraduacao\/producao-vegetal\/wp-json\/wp\/v2\/users\/21"}],"replies":[{"embeddable":true,"href":"https:\/\/uenf.br\/posgraduacao\/producao-vegetal\/wp-json\/wp\/v2\/comments?post=192"}],"version-history":[{"count":0,"href":"https:\/\/uenf.br\/posgraduacao\/producao-vegetal\/wp-json\/wp\/v2\/pages\/192\/revisions"}],"up":[{"embeddable":true,"href":"https:\/\/uenf.br\/posgraduacao\/producao-vegetal\/wp-json\/wp\/v2\/pages\/186"}],"wp:attachment":[{"href":"https:\/\/uenf.br\/posgraduacao\/producao-vegetal\/wp-json\/wp\/v2\/media?parent=192"}],"curies":[{"name":"wp","href":"https:\/\/api.w.org\/{rel}","templated":true}]}}