{"id":196,"date":"2014-01-28T12:36:34","date_gmt":"2014-01-28T12:36:34","guid":{"rendered":"http:\/\/uenf.br\/pos-graduacao\/producao-vegetal\/?page_id=196"},"modified":"2017-10-23T12:09:03","modified_gmt":"2017-10-23T14:09:03","slug":"doutorado-conclusao-em-2011","status":"publish","type":"page","link":"https:\/\/uenf.br\/posgraduacao\/producao-vegetal\/teses-e-dissertacoes-concluidas\/doutorado\/doutorado-conclusao-em-2011\/","title":{"rendered":"Doutorado &#8211; conclus\u00e3o em 2011"},"content":{"rendered":"<p>Aluno: Leonardo Barros Dobbss<br \/>\nOrientador: Prof. Luciano Pasqualoto Canellas<br \/>\nData de In\u00edcio: 03\/2007<br \/>\nData de Defesa de Tese: 17\/01\/2011<br \/>\nT\u00edtulo da Tese: <a title=\"Teses 2011 - conclu\u00eddas\" href=\"http:\/\/uenf.br\/posgraduacao\/producao-vegetal\/wp-content\/uploads\/sites\/10\/2014\/09\/Leonardo-Dobbss.pdf\">Caracter\u00edsticas qu\u00edmicas e promo\u00e7\u00e3o do crescimento radicular de subst\u00e2ncias h\u00famicas.<\/a><\/p>\n<p>&nbsp;<\/p>\n<hr \/>\n<p>&nbsp;<\/p>\n<p>&nbsp;<\/p>\n<p>Aluno: Vanessa Quitete Ribeiro da Silva<br \/>\nOrientador: Prof. Rog\u00e9rio Figueiredo Daher<br \/>\nData de In\u00edcio: 03\/2009<br \/>\nData de Defesa de Tese: 14\/02\/2011<br \/>\nT\u00edtulo da Tese: <a title=\"Teses 2011 - conclu\u00eddas\" href=\"http:\/\/uenf.br\/posgraduacao\/producao-vegetal\/wp-content\/uploads\/sites\/10\/2014\/09\/Vanessa-Silva.pdf\">Dialelo parcial em capim-elefante: capacidade combinat\u00f3ria em caracteres morfoagron\u00f4micos e bromatol\u00f3gicos em Campos dos Goytacazes, RJ.<\/a><\/p>\n<p>&nbsp;<\/p>\n<hr \/>\n<p>&nbsp;<\/p>\n<p>&nbsp;<\/p>\n<p>Aluno: Welington Gonzaga do Vale<br \/>\nOrientador: Prof. Ricardo Ferreira Garcia<br \/>\nData de In\u00edcio: 03\/2007<br \/>\nData de Defesa de Tese: 16\/02\/2011<br \/>\nT\u00edtulo da Tese: <a title=\"Teses 2011 - conclu\u00eddas\" href=\"http:\/\/uenf.br\/posgraduacao\/producao-vegetal\/wp-content\/uploads\/sites\/10\/2014\/09\/Welington.pdf\">Desempenho operacional e energ\u00e9tico de um trator agr\u00edcola durante as opera\u00e7\u00f5es de ro\u00e7agem, ara\u00e7\u00e3o e semeadura. <\/a><\/p>\n<p>&nbsp;<\/p>\n<p>&nbsp;<\/p>\n<hr \/>\n<p>Aluno: Cl\u00e1udia Lopes Prins<br \/>\nOrientador: Prof. Silv\u00e9rio de Paiva Freitas<br \/>\nData de In\u00edcio: 03\/2007<br \/>\nData de Defesa de Tese: 17\/02\/2011<br \/>\nT\u00edtulo da Tese: <a title=\"Teses 2011 - conclu\u00eddas\" href=\"http:\/\/uenf.br\/posgraduacao\/producao-vegetal\/wp-content\/uploads\/sites\/10\/2014\/09\/Cl%C3%A1udia-Prins.pdf\">Composi\u00e7\u00e3o do \u00f3leo essencial e produ\u00e7\u00e3o de <em>Cymbopogon citratus<\/em> em resposta \u00e0 intensidade luminosa e aplica\u00e7\u00f5es de N6-benzilaminopurina. <\/a><\/p>\n<p>&nbsp;<\/p>\n<hr \/>\n<p>&nbsp;<\/p>\n<p>Aluno: Vicente Mussi Dias<br \/>\nOrientador: Prof. Silvaldo Felipe da Silveira<br \/>\nData de In\u00edcio: 03\/2006<br \/>\nData de Defesa de Tese: 21\/02\/2011<br \/>\nT\u00edtulo da Tese: <a title=\"Teses 2011 - conclu\u00eddas\" href=\"http:\/\/uenf.br\/posgraduacao\/producao-vegetal\/wp-content\/uploads\/sites\/10\/2014\/09\/Vicente-Dias.pdf\">Fitopatologia no estado do Rio de Janeiro: hist\u00f3rico, \u00edndice de doen\u00e7as de plantas e 15 anos de atividades da cl\u00ednica fitossanit\u00e1ria da UENF.<\/a><\/p>\n<hr \/>\n<p>&nbsp;<\/p>\n<p>Aluno: Eliane Souza Gomes Brito<br \/>\nOrientador: Prof. Richard Ian Samuels<br \/>\nData de In\u00edcio: 03\/2006<br \/>\nData de Defesa de Tese: 22\/02\/2011<br \/>\nT\u00edtulo da Tese: <a title=\"Teses 2011 - conclu\u00eddas\" href=\"http:\/\/uenf.br\/posgraduacao\/producao-vegetal\/wp-content\/uploads\/sites\/10\/2014\/09\/Eliane-Brito.pdf\">Avalia\u00e7\u00e3o de fungos entomopatog\u00eanicos para o controle da cochonilha-do-carmim <em>Dactylopius opuntiae<\/em> (Hemiptera: Dactylopiidae).<\/a><\/p>\n<p>&nbsp;<\/p>\n<hr \/>\n<p>&nbsp;<\/p>\n<p>Aluno: Luciana Ribeiro Coutinho de Oliveira Mansur<br \/>\nOrientador: Prof\u00aa Meire Lelis Leal Martins<br \/>\nData de In\u00edcio: 03\/2006<br \/>\nData de Defesa de Tese: 24\/02\/2011<br \/>\nT\u00edtulo da Tese: <a title=\"Teses 2011 - conclu\u00eddas\" href=\"http:\/\/uenf.br\/posgraduacao\/producao-vegetal\/wp-content\/uploads\/sites\/10\/2014\/09\/Luciana-Mansur.pdf\">Produ\u00e7\u00e3o de avicelases pelo termof\u00edlico <em>Bacillus<\/em> sp. SMIA-2.<\/a><\/p>\n<hr \/>\n<p>Aluno: Jalille Amim Alto\u00e9<br \/>\nOrientador: Prof\u00aa Cl\u00e1udia Sales Marinho<br \/>\nData de In\u00edcio: 03\/2007<br \/>\nData de Defesa de Tese: 25\/02\/2011<br \/>\nT\u00edtulo da Tese: <a title=\"Teses 2011 - conclu\u00eddas\" href=\"http:\/\/uenf.br\/posgraduacao\/producao-vegetal\/wp-content\/uploads\/sites\/10\/2014\/09\/Jalille.pdf\">Produtividade de minicepas, enraizamento de miniestacas e qualidade de mudas de goiabeira e ara\u00e7azeiros produzidas por miniestaquia.<\/a><\/p>\n<hr \/>\n<p>&nbsp;<\/p>\n<p>&nbsp;<\/p>\n<p>Aluno: Marcia Terezinha Ramos de Oliveira<br \/>\nOrientador: Prof. Pedro Amorim Berbert<br \/>\nData de In\u00edcio: 03\/2007<br \/>\nData de Defesa de Tese: 28\/02\/2011<br \/>\nT\u00edtulo da Tese: <a title=\"Teses 2011 - conclu\u00eddas\" href=\"http:\/\/uenf.br\/posgraduacao\/producao-vegetal\/wp-content\/uploads\/sites\/10\/2014\/09\/Marcia-Oliveira.pdf\">Secagem e qualidade do \u00f3leo essencial de <em>Pectis brevipedunculata<\/em> (Gardner) Sch. Bip.<\/a><\/p>\n<p>&nbsp;<\/p>\n<hr \/>\n<p>&nbsp;<\/p>\n<p>Aluno: Adriano Rodrigues de Paula<br \/>\nOrientador: Prof. Richard Ian Samuels<br \/>\nData de In\u00edcio: 03\/2007<br \/>\nData de Defesa de Tese: 21\/03\/2011<br \/>\nT\u00edtulo da Tese: <a title=\"Teses 2011 - conclu\u00eddas\" href=\"http:\/\/uenf.br\/posgraduacao\/producao-vegetal\/wp-content\/uploads\/sites\/10\/2014\/09\/Adriano.pdf\">A susceptibilidade de <em>Aedes aegypti<\/em> (Diptera: Culicidae) ao <em>Metarhizium anisopliae<\/em> \u00e9 modificada pelo inseticida Imidacloprid e estado nutricional.<\/a><\/p>\n<hr \/>\n<p>&nbsp;<\/p>\n<p>Aluno: Luiz Luciano Bellini<br \/>\nOrientador: Prof\u00aa Claudia de Melo Dolinski<br \/>\nData de In\u00edcio: 03\/2007<br \/>\nData de Defesa de Tese: 12\/04\/2011<br \/>\nT\u00edtulo da Tese: <a title=\"Teses 2011 - conclu\u00eddas\" href=\"http:\/\/uenf.br\/posgraduacao\/producao-vegetal\/wp-content\/uploads\/sites\/10\/2014\/09\/Luiz-Bellini.pdf\">Avalia\u00e7\u00e3o de Nemat\u00f3ides entomopatog\u00eanicos (Rhabditida: Steinernematidae e Heterohabditidae) para o controle de <em>Diatraea saccharalis<\/em> Fabr. e de fitonemat\u00f3ides em cana-de-a\u00e7\u00facar.<\/a><\/p>\n<hr \/>\n<p>&nbsp;<\/p>\n<p>Aluno: Haloysio Miguel de Siqueira<br \/>\nOrientador: Prof. Paulo Marcelo de Souza<br \/>\nData de In\u00edcio: 08\/2007<br \/>\nData de Defesa de Tese: 04\/05\/2011<br \/>\nT\u00edtulo da Tese: <a title=\"Teses 2011 - conclu\u00eddas\" href=\"http:\/\/uenf.br\/posgraduacao\/producao-vegetal\/wp-content\/uploads\/sites\/10\/2014\/09\/Haloysio.pdf\">Transi\u00e7\u00e3o agroecol\u00f3gica e sustentabilidade socioecon\u00f4mica dos agricultores familiares do territ\u00f3rio do Capara\u00f3-ES: o caso da cafeicultura.<\/a><\/p>\n<p>&nbsp;<\/p>\n<hr \/>\n<p>Aluno: F\u00e1bio Afonso Mazzei Moura de Assis Figueiredo<br \/>\nOrientador: Prof. Jos\u00e9 Geraldo de Ara\u00fajo Carneiro<br \/>\nData de In\u00edcio: 03\/2007<br \/>\nData de Defesa de Tese: 28\/04\/2011<br \/>\nT\u00edtulo da Tese: <a title=\"Teses 2011 - conclu\u00eddas\" href=\"http:\/\/uenf.br\/posgraduacao\/producao-vegetal\/wp-content\/uploads\/sites\/10\/2014\/09\/F%C3%A1bio-Afonso.pdf\">Caracter\u00edsticas morfofisiol\u00f3gicas de mudas clonais de eucalipto e suas implica\u00e7\u00f5es no padr\u00e3o de qualidade para plantio e crescimento no campo.<\/a><\/p>\n<p>&nbsp;<\/p>\n<hr \/>\n<p>&nbsp;<\/p>\n<p>&nbsp;<\/p>\n<p>Aluno: Vicente Martins Gomes<br \/>\nOrientador: Prof. Ricardo Moreira de Souza<br \/>\nData de In\u00edcio: 03\/2008<br \/>\nData de Defesa de Tese: 19\/12\/2011<br \/>\nT\u00edtulo da Tese: <a title=\"Teses 2011 - conclu\u00eddas\" href=\"http:\/\/uenf.br\/posgraduacao\/producao-vegetal\/wp-content\/uploads\/sites\/10\/2014\/09\/Vicente-Gomes.pdf\">Decl\u00ednio da goiabeira (<em>Psidium guajava<\/em> L.): Etiologia e caracteriza\u00e7\u00e3o da sua patog\u00eanese.<\/a><\/p>\n","protected":false},"excerpt":{"rendered":"<p>Aluno: Leonardo Barros Dobbss Orientador: Prof. Luciano Pasqualoto Canellas Data de In\u00edcio: 03\/2007 Data de Defesa de Tese: 17\/01\/2011 T\u00edtulo&#8230;<\/p>\n","protected":false},"author":21,"featured_media":0,"parent":186,"menu_order":3,"comment_status":"closed","ping_status":"open","template":"","meta":{"footnotes":""},"class_list":["post-196","page","type-page","status-publish","hentry"],"_links":{"self":[{"href":"https:\/\/uenf.br\/posgraduacao\/producao-vegetal\/wp-json\/wp\/v2\/pages\/196","targetHints":{"allow":["GET"]}}],"collection":[{"href":"https:\/\/uenf.br\/posgraduacao\/producao-vegetal\/wp-json\/wp\/v2\/pages"}],"about":[{"href":"https:\/\/uenf.br\/posgraduacao\/producao-vegetal\/wp-json\/wp\/v2\/types\/page"}],"author":[{"embeddable":true,"href":"https:\/\/uenf.br\/posgraduacao\/producao-vegetal\/wp-json\/wp\/v2\/users\/21"}],"replies":[{"embeddable":true,"href":"https:\/\/uenf.br\/posgraduacao\/producao-vegetal\/wp-json\/wp\/v2\/comments?post=196"}],"version-history":[{"count":0,"href":"https:\/\/uenf.br\/posgraduacao\/producao-vegetal\/wp-json\/wp\/v2\/pages\/196\/revisions"}],"up":[{"embeddable":true,"href":"https:\/\/uenf.br\/posgraduacao\/producao-vegetal\/wp-json\/wp\/v2\/pages\/186"}],"wp:attachment":[{"href":"https:\/\/uenf.br\/posgraduacao\/producao-vegetal\/wp-json\/wp\/v2\/media?parent=196"}],"curies":[{"name":"wp","href":"https:\/\/api.w.org\/{rel}","templated":true}]}}