{"id":199,"date":"2014-01-28T12:38:41","date_gmt":"2014-01-28T12:38:41","guid":{"rendered":"http:\/\/uenf.br\/pos-graduacao\/producao-vegetal\/?page_id=199"},"modified":"2017-10-23T12:10:29","modified_gmt":"2017-10-23T14:10:29","slug":"doutorado-conclusao-em-2010","status":"publish","type":"page","link":"https:\/\/uenf.br\/posgraduacao\/producao-vegetal\/teses-e-dissertacoes-concluidas\/doutorado\/doutorado-conclusao-em-2010\/","title":{"rendered":"Doutorado &#8211; conclus\u00e3o em 2010"},"content":{"rendered":"<p>Aluno: Vanuza da Silva Pereira Ney<br \/>\nOrientador: Prof. Niraldo Jos\u00e9 Ponciano<br \/>\nData de In\u00edcio: 03\/2005<br \/>\nData de Defesa de Tese: 04\/02\/2010<br \/>\nT\u00edtulo da Tese: <a title=\"Teses 2010 - conclu\u00eddas\" href=\"http:\/\/uenf.br\/posgraduacao\/producao-vegetal\/wp-content\/uploads\/sites\/10\/2014\/10\/Vanuza.pdf\">Atividades agr\u00edcolas e n\u00e3o-agr\u00edcolas no meio rural do Estado do Rio de Janeiro.<\/a><\/p>\n<p>&nbsp;<\/p>\n<hr \/>\n<p>&nbsp;<\/p>\n<p>&nbsp;<\/p>\n<p>Aluno: S\u00e1vio da Silva Berilli<br \/>\nOrientador: Prof. Almy Junior Cordeiro de Carvalho<br \/>\nData de In\u00edcio: 03\/2006<br \/>\nData de Defesa de Tese: 19\/02\/2010<br \/>\nT\u00edtulo da Tese: <a title=\"Teses 2010 - conclu\u00eddas\" href=\"http:\/\/uenf.br\/posgraduacao\/producao-vegetal\/wp-content\/uploads\/sites\/10\/2014\/10\/S%C3%A1vio.pdf\">Aclimata\u00e7\u00e3o de mudas micropropagadas e caracteriza\u00e7\u00e3o f\u00edsico-qu\u00edmica e sensorial de frutos de abacaxi.<\/a><\/p>\n<hr \/>\n<p>Aluno: S\u00edlvio de Jesus Freitas<br \/>\nOrientador: Prof. Almy Junior Cordeiro de Carvalho<br \/>\nData de In\u00edcio: 07\/2005<br \/>\nData de Defesa de Tese: 19\/02\/2010<br \/>\nT\u00edtulo da Tese: <a title=\"Teses 2010 - conclu\u00eddas\" href=\"http:\/\/uenf.br\/posgraduacao\/producao-vegetal\/wp-content\/uploads\/sites\/10\/2014\/10\/S%C3%ADlvio.pdf\">Brassinoster\u00f3ides e aduba\u00e7\u00e3o no desenvolvimento, crescimento e nutri\u00e7\u00e3o de mudas de abacaxizeiro.<\/a><a href=\"http:\/\/www.uenf.br\/Uenf\/Downloads\/PRODVEGETAL_3434_1282066094.pdf\"><br \/>\n<\/a><\/p>\n<hr \/>\n<p>Aluno: Ana Paula Guimar\u00e3es<br \/>\nOrientador: Prof. Arnoldo Rocha Fa\u00e7anha<br \/>\nData de In\u00edcio: 03\/2005<br \/>\nData de Defesa de Tese: 24\/02\/2010<br \/>\nT\u00edtulo da Tese: <a title=\"Teses 2010 - conclu\u00eddas\" href=\"http:\/\/uenf.br\/posgraduacao\/producao-vegetal\/wp-content\/uploads\/sites\/10\/2014\/09\/Ana-Paula-Guimar%C3%A3es.pdf\">Bases bioqu\u00edmicas do fracionamento isot\u00f3pico de 15N na fixa\u00e7\u00e3o biol\u00f3gica de nitrog\u00eanio e da efici\u00eancia energ\u00e9tica do processo em diferentes estirpes de bact\u00e9rias diazotr\u00f3ficas.<\/a><a href=\"http:\/\/www.uenf.br\/Uenf\/Downloads\/PRODVEGETAL_3434_1276693630.pdf\"><br \/>\n<\/a><\/p>\n<hr \/>\n<p>Aluno: Rejane Siqueira Bernardes<br \/>\nOrientador: Prof. Cl\u00e1udio Roberto Marciano<br \/>\nData de In\u00edcio: 03\/2005<br \/>\nData de Defesa de Tese: 24\/02\/2010<br \/>\nT\u00edtulo da Tese: <a title=\"Teses 2010 - conclu\u00eddas\" href=\"http:\/\/uenf.br\/posgraduacao\/producao-vegetal\/wp-content\/uploads\/sites\/10\/2014\/10\/Rejane.pdf\">Fun\u00e7\u00f5es de pedotransfer\u00eancia e qualidade f\u00edsica de tr\u00eas solos do Norte Fluminense para a cultura do coqueiro an\u00e3o.<\/a><a href=\"http:\/\/www.uenf.br\/Uenf\/Downloads\/PRODVEGETAL_3434_1274725555.pdf\"><br \/>\n<\/a><\/p>\n<hr \/>\n<p>Aluno: Renata Vianna Lima<br \/>\nOrientador: Prof. Almy Junior Cordeiro de Carvalho<br \/>\nData de In\u00edcio: 08\/2005<br \/>\nData de Defesa de Tese: 24\/02\/2010<br \/>\nT\u00edtulo da Tese: <a title=\"Teses 2010 - conclu\u00eddas\" href=\"http:\/\/uenf.br\/posgraduacao\/producao-vegetal\/wp-content\/uploads\/sites\/10\/2014\/10\/Renata-Lima.pdf\">Crescimento de mudas, qualidade de frutos, de sementes e de cascas de passifloras em fun\u00e7\u00e3o de aduba\u00e7\u00e3o mineral e org\u00e2nica.<\/a><a href=\"http:\/\/www.uenf.br\/Uenf\/Downloads\/PRODVEGETAL_3434_1282156224.pdf\"><br \/>\n<\/a><\/p>\n<hr \/>\n<p>Aluno: Marcela Campanharo<br \/>\nOrientador: Prof. Pedro Henrique Monnerat<br \/>\nData de In\u00edcio: 03\/2006<br \/>\nData de Defesa de Tese: 25\/02\/2010<br \/>\nT\u00edtulo da Tese: <a title=\"Teses 2010 - conclu\u00eddas\" href=\"http:\/\/uenf.br\/posgraduacao\/producao-vegetal\/wp-content\/uploads\/sites\/10\/2014\/09\/Marcela-Campanharo.pdf\">Resposta do feijoeiro \u00e0 aplica\u00e7\u00e3o de n\u00edquel.<\/a><\/p>\n<hr \/>\n<p>Aluno: Roberto Batista Marques J\u00fanior<br \/>\nOrientador: Prof. Luciano Pasqualoto Canellas<br \/>\nData de In\u00edcio: 03\/2006<br \/>\nData de Defesa de Tese: 25\/02\/2010<br \/>\nT\u00edtulo da Tese: <a title=\"Vegetal2012\" href=\"http:\/\/uenf.br\/posgraduacao\/producao-vegetal\/wp-content\/uploads\/sites\/10\/2014\/10\/Roberto-J%C3%BAnior.pdf\">Uso de \u00e1cidos h\u00famicos e bact\u00e9rias diazotr\u00f3ficas endof\u00edticas na produ\u00e7\u00e3o de milho e cana-de-a\u00e7\u00facar.<\/a><\/p>\n<hr \/>\n<p>Aluno: C\u00e1tia Regina Barbosa Eklund<br \/>\nOrientador: Prof. F\u00e1bio Cunha Coelho<br \/>\nData de In\u00edcio: 03\/2004<br \/>\nData de Defesa de Tese: 05\/03\/2010<br \/>\nT\u00edtulo da Tese: <a title=\"Teses 2010 - conclu\u00eddas\" href=\"http:\/\/uenf.br\/posgraduacao\/producao-vegetal\/wp-content\/uploads\/sites\/10\/2014\/09\/C%C3%A1tia-Eklund.pdf\">Produ\u00e7\u00e3o de fitomassa para cultivo de minimilho sob sistema de plantio direto.<\/a><\/p>\n<hr \/>\n<p>&nbsp;<\/p>\n<p>Aluno: Maria Kellen da Silva Mo\u00e7o<br \/>\nOrientador: Prof\u00aa Emanuela Forestieri da Gama-Rodrigues<br \/>\nData de In\u00edcio: 03\/2006<br \/>\nData de Defesa de Tese: 13\/05\/2010<br \/>\nT\u00edtulo da Tese: <a title=\"Teses 2010 - conclu\u00eddas\" href=\"http:\/\/uenf.br\/posgraduacao\/producao-vegetal\/wp-content\/uploads\/sites\/10\/2014\/09\/Maria-Kellen.pdf\">Atributos biol\u00f3gicos em solo e serapilheira sob sistemas agroflorestais de cacau e outras coberturas vegetais.<\/a><\/p>\n<p>&nbsp;<\/p>\n<hr \/>\n<p>&nbsp;<\/p>\n<p>Aluno: Elaine Rodrigues Figueiredo<br \/>\nOrientador: Prof. Ivo Jos\u00e9 Curcino Vieira<br \/>\nData de In\u00edcio: 08\/2005<br \/>\nData de Defesa de Tese: 23\/07\/2010<br \/>\nT\u00edtulo da Tese: <a title=\"Teses 2010 - conclu\u00eddas\" href=\"http:\/\/uenf.br\/posgraduacao\/producao-vegetal\/wp-content\/uploads\/sites\/10\/2014\/09\/Elaine-Figueiredo.pdf\">Estudo fitoqu\u00edmico e avalia\u00e7\u00e3o biol\u00f3gica dos extratos de <em>Trichilia casarettii<\/em> e <em>Trichilia silvatica<\/em> (Meliaceae).<\/a><a href=\"http:\/\/www.uenf.br\/Uenf\/Downloads\/PRODVEGETAL_3434_1299864643.pdf\"><br \/>\n<\/a><\/p>\n<p>&nbsp;<\/p>\n<hr \/>\n<p>Aluno: Herval Martinho Ferreira Paes<br \/>\nOrientador: Prof. Silv\u00e9rio de Paiva Freitas<br \/>\nData de In\u00edcio: 08\/2006<br \/>\nData de Defesa de Tese: 02\/09\/2010<br \/>\nT\u00edtulo da Tese: <a title=\"Teses 2010 - conclu\u00eddas\" href=\"http:\/\/uenf.br\/posgraduacao\/producao-vegetal\/wp-content\/uploads\/sites\/10\/2014\/09\/Herval.pdf\">Estudo fitossociol\u00f3gico e georreferenciamento na cultura de girassol em fun\u00e7\u00e3o de diferentes manejos.<\/a><\/p>\n<p>&nbsp;<\/p>\n<hr \/>\n<p>Aluno: H\u00e9lio J\u00fanior de Souza Crespo<br \/>\nOrientador: Prof. Paulo Marcelo de Souza<br \/>\nData de In\u00edcio: 08\/2006<br \/>\nData de Defesa de Tese: 12\/11\/2010<br \/>\nT\u00edtulo da Tese: <a title=\"Teses 2010 - conclu\u00eddas\" href=\"http:\/\/uenf.br\/posgraduacao\/producao-vegetal\/wp-content\/uploads\/sites\/10\/2014\/09\/H%C3%A9lio.pdf\">An\u00e1lise da distribui\u00e7\u00e3o regional do emprego na economia fluminense nos anos de 1987 a 2009.<\/a><a href=\"http:\/\/www.uenf.br\/Uenf\/Downloads\/PRODVEGETAL_3434_1297683421.pdf\"><br \/>\n<\/a><\/p>\n<p>&nbsp;<\/p>\n<hr \/>\n<p>&nbsp;<\/p>\n<p>Aluno: Cibelle Degel Barbosa<br \/>\nOrientador: Prof. Alexandre Pio Viana<br \/>\nData de In\u00edcio: 08\/2006<br \/>\nData de Defesa de Tese: 18\/11\/2010<br \/>\nT\u00edtulo da Tese: <a title=\"Teses 2010 - conclu\u00eddas\" href=\"http:\/\/uenf.br\/posgraduacao\/producao-vegetal\/wp-content\/uploads\/sites\/10\/2014\/09\/Cibelle.pdf\">Bioinform\u00e1tica e t\u00e9cnicas multivariadas na an\u00e1lise da diverg\u00eancia gen\u00e9tica em <em>Carica papaya<\/em> L.<\/a><\/p>\n<p>&nbsp;<\/p>\n<p>&nbsp;<\/p>\n<hr \/>\n<p>Aluno: Anderson Lopes Pe\u00e7anha<br \/>\nOrientador: Prof. Eliemar Campostrini<br \/>\nData de In\u00edcio: 03\/2007<br \/>\nData de Defesa de Tese: 01\/12\/2010<br \/>\nT\u00edtulo da Tese: <a title=\"Teses 2010 - conclu\u00eddas\" href=\"http:\/\/uenf.br\/posgraduacao\/producao-vegetal\/wp-content\/uploads\/sites\/10\/2014\/09\/Anderson.pdf\">Metabolismo fotossint\u00e9tico, crecimento e estado nutricional do mamoeiro (<em>Carica papaya<\/em> L.) em resposta a condutividade el\u00e9trica da solu\u00e7\u00e3o de cultivo.<\/a><\/p>\n<p>&nbsp;<\/p>\n<p>&nbsp;<\/p>\n<hr \/>\n<p>Aluno: Moema Mocaiber Peralva dos Santos<br \/>\nOrientador: Prof. Ivo Jos\u00e9 Curcino Vieira<br \/>\nData de In\u00edcio: 03\/2006<br \/>\nData de Defesa de Tese: 10\/12\/2010<br \/>\nT\u00edtulo da Tese: <a title=\"Teses 2010 - conclu\u00eddas\" href=\"http:\/\/uenf.br\/posgraduacao\/producao-vegetal\/wp-content\/uploads\/sites\/10\/2014\/09\/Moema.pdf\">Atividade antimicrobiana <em>in vitro<\/em> de extratos vegetais das esp\u00e9cies <em>Mangifera indica<\/em>, <em>Eugenia jambolana<\/em>, <em>Schinus terebinthifolius<\/em>, <em>Capsicum annuum<\/em>, e de an\u00e1logos sint\u00e9ticos da capsaicina, frente aos microrganismos da cavidade oral. <\/a><\/p>\n<p>&nbsp;<\/p>\n<hr \/>\n<p>Aluno: Omar Schmildt<br \/>\nOrientador: Prof. Eliemar Campostrini<br \/>\nData de In\u00edcio: 03\/2007<br \/>\nData de Defesa de Tese: 17\/12\/2010<br \/>\nT\u00edtulo da Tese: <a title=\"Teses 2010 - conclu\u00eddas\" href=\"http:\/\/uenf.br\/posgraduacao\/producao-vegetal\/wp-content\/uploads\/sites\/10\/2014\/10\/Omar.pdf\">Cultivo <em>in vitro<\/em> e estaquia dos mamoeiros Golden e UENF\/CALIMAN 01.<\/a><\/p>\n<p>&nbsp;<\/p>\n","protected":false},"excerpt":{"rendered":"<p>Aluno: Vanuza da Silva Pereira Ney Orientador: Prof. Niraldo Jos\u00e9 Ponciano Data de In\u00edcio: 03\/2005 Data de Defesa de Tese:&#8230;<\/p>\n","protected":false},"author":21,"featured_media":0,"parent":186,"menu_order":4,"comment_status":"closed","ping_status":"open","template":"","meta":{"footnotes":""},"class_list":["post-199","page","type-page","status-publish","hentry"],"_links":{"self":[{"href":"https:\/\/uenf.br\/posgraduacao\/producao-vegetal\/wp-json\/wp\/v2\/pages\/199","targetHints":{"allow":["GET"]}}],"collection":[{"href":"https:\/\/uenf.br\/posgraduacao\/producao-vegetal\/wp-json\/wp\/v2\/pages"}],"about":[{"href":"https:\/\/uenf.br\/posgraduacao\/producao-vegetal\/wp-json\/wp\/v2\/types\/page"}],"author":[{"embeddable":true,"href":"https:\/\/uenf.br\/posgraduacao\/producao-vegetal\/wp-json\/wp\/v2\/users\/21"}],"replies":[{"embeddable":true,"href":"https:\/\/uenf.br\/posgraduacao\/producao-vegetal\/wp-json\/wp\/v2\/comments?post=199"}],"version-history":[{"count":0,"href":"https:\/\/uenf.br\/posgraduacao\/producao-vegetal\/wp-json\/wp\/v2\/pages\/199\/revisions"}],"up":[{"embeddable":true,"href":"https:\/\/uenf.br\/posgraduacao\/producao-vegetal\/wp-json\/wp\/v2\/pages\/186"}],"wp:attachment":[{"href":"https:\/\/uenf.br\/posgraduacao\/producao-vegetal\/wp-json\/wp\/v2\/media?parent=199"}],"curies":[{"name":"wp","href":"https:\/\/api.w.org\/{rel}","templated":true}]}}