{"id":208,"date":"2014-01-28T13:05:16","date_gmt":"2014-01-28T13:05:16","guid":{"rendered":"http:\/\/uenf.br\/pos-graduacao\/producao-vegetal\/?page_id=208"},"modified":"2017-10-23T12:13:45","modified_gmt":"2017-10-23T14:13:45","slug":"doutorado-conclusao-em-2008","status":"publish","type":"page","link":"https:\/\/uenf.br\/posgraduacao\/producao-vegetal\/teses-e-dissertacoes-concluidas\/doutorado\/doutorado-conclusao-em-2008\/","title":{"rendered":"Doutorado &#8211; conclus\u00e3o em 2008"},"content":{"rendered":"<p>Aluno: Leandro Glaydson da Rocha Pinho<br \/>\nOrientador: Prof. Pedro Henrique Monnerat<br \/>\nData de In\u00edcio: 03\/2004<br \/>\nData de Defesa de Tese: 23\/01\/2008<br \/>\nT\u00edtulo da Tese: <a title=\"Teses 2008 - conclu\u00eddas\" href=\"http:\/\/uenf.br\/posgraduacao\/producao-vegetal\/wp-content\/uploads\/sites\/10\/2015\/05\/Leandro-Pinho.pdf\">Defici\u00eancia e formas de aplica\u00e7\u00e3o de boro em coqueiro an\u00e3o verde.<\/a><\/p>\n<p>&nbsp;<\/p>\n<hr \/>\n<p>&nbsp;<\/p>\n<p>Aluno: Dimmy Herllen Silveira Gomes Barbosa<br \/>\nOrientador: Prof. Henrique Duarte Vieira<br \/>\nData de In\u00edcio: 10\/2003<br \/>\nData de Defesa de Tese: 25\/02\/2008<br \/>\nT\u00edtulo da Tese: Manejo cultural, qu\u00edmico e gen\u00e9tico em \u00e1reas cafeeiras infestadas por Meloidogyne exigua na Regi\u00e3o Noroeste Fluminense.<\/p>\n<p>&nbsp;<\/p>\n<hr \/>\n<p>&nbsp;<\/p>\n<p>Aluno: Ernando Balbinot<br \/>\nOrientador: Prof. Jos\u00e9 Geraldo de Ara\u00fajo Carneiro<br \/>\nData de In\u00edcio: 03\/2004<br \/>\nData de Defesa de Tese: 28\/02\/2008<br \/>\nT\u00edtulo da Tese: <a title=\"Teses 2008 - conclu\u00eddas\" href=\"http:\/\/uenf.br\/posgraduacao\/producao-vegetal\/wp-content\/uploads\/sites\/10\/2015\/05\/Ernando.pdf\">Efeito de plantios puros e consorciados de <em>Eucalyptus tereticornis<\/em>, <em>Mimosa caesalpiniifolia<\/em> (Sabi\u00e1) e <em>M. pilulifera<\/em> (Bracatinga-de-arapoti) no crescimento inicial e caracter\u00edsticas qu\u00edmicas das plantas e do solo.<\/a><a href=\"http:\/\/www.uenf.br\/Uenf\/Downloads\/PRODVEGETAL_3434_1212781935.pdf\"><br \/>\n<\/a><\/p>\n<hr \/>\n<p>&nbsp;<\/p>\n<p>Aluno: M\u00e1rcio Takeshi Sugawara<br \/>\nOrientador: Prof. Elias Fernandes de Sousa<br \/>\nData de In\u00edcio: 03\/2004<br \/>\nData de Defesa de Tese: 05\/03\/2008<br \/>\nT\u00edtulo da Tese: <a title=\"Teses 2008 - conclu\u00eddas\" href=\"http:\/\/uenf.br\/posgraduacao\/producao-vegetal\/wp-content\/uploads\/sites\/10\/2015\/05\/M%C3%A1rcio-Sugawara.pdf\">Sistema automatizado para estima\u00e7\u00e3o da evapotranspira\u00e7\u00e3o de refer\u00eancia e do balan\u00e7o h\u00eddrico para Regi\u00e3o Norte Fluminense utilizando redes neurais artificiais (RNA&#8217;s). <\/a><\/p>\n<hr \/>\n<p>&nbsp;<\/p>\n<p>Aluno: Juan Pablo Molina Acevedo<br \/>\nOrientador: Prof. Ricardo Moreira de Souza<br \/>\nData de In\u00edcio: 03\/2004<br \/>\nData de Defesa de Tese: 13\/03\/2008<br \/>\nT\u00edtulo da Tese: Estudo das intera\u00e7\u00f5es entre o fitonemat\u00f3ide Meloidogyne mayaguensis (Tylenchida: Meloidoginidae) e nemat\u00f3ides entomopatog\u00eanicos (Rhabditida: Steinernematidae e Heterorhabditidae).<\/p>\n<p>&nbsp;<\/p>\n<hr \/>\n<p>&nbsp;<\/p>\n<p>Aluno: Romano Roberto Valicheski<br \/>\nOrientador: Prof. Cl\u00e1udio Roberto Marciano<br \/>\nData de In\u00edcio: 08\/2004<br \/>\nData de Defesa de Tese: 17\/03\/2008<br \/>\nT\u00edtulo da Tese: <a title=\"Teses 2008 - conclu\u00eddas\" href=\"http:\/\/uenf.br\/posgraduacao\/producao-vegetal\/wp-content\/uploads\/sites\/10\/2015\/05\/Romano.pdf\">Atributos qu\u00edmicos do solo, estado nutricional e desenvolvimento radicular do coqueiro an\u00e3o verde cultivado em duas classes de solos sob diferentes n\u00edveis de compacta\u00e7\u00e3o e umidade. <\/a><\/p>\n<hr \/>\n<p>&nbsp;<\/p>\n<p>Aluno: Fillipe Silveira Marini<br \/>\nOrientador: Prof\u00aa Cl\u00e1udia Sales Marinho<br \/>\nData de In\u00edcio: 03\/2004<br \/>\nData de Defesa de Tese: 24\/03\/2008<br \/>\nT\u00edtulo da Tese: <a title=\"Teses 2008 - conclu\u00eddas\" href=\"http:\/\/uenf.br\/posgraduacao\/producao-vegetal\/wp-content\/uploads\/sites\/10\/2015\/05\/Fillipe-Marini.pdf\">Fertilizantes alternativos no manejo da mexeriqueira &#8216;Rio&#8217; no sistema de cultivo org\u00e2nico. <\/a><\/p>\n<p>&nbsp;<\/p>\n<hr \/>\n<p>&nbsp;<\/p>\n<p>Aluno: Robson Celestino Meireles<br \/>\nOrientador: Prof. Roberto Ferreira da Silva<br \/>\nData de In\u00edcio: 03\/2004<br \/>\nData de Defesa de Tese: 28\/03\/2008<br \/>\nT\u00edtulo da Tese: <a title=\"Teses 2008 - conclu\u00eddas\" href=\"http:\/\/uenf.br\/posgraduacao\/producao-vegetal\/wp-content\/uploads\/sites\/10\/2015\/05\/Robson-Meireles.pdf\">Efeito da aduba\u00e7\u00e3o, irriga\u00e7\u00e3o, secagem e armazenamento na qualidade fisiol\u00f3gica das sementes de mamoeiro.<\/a><a href=\"http:\/\/www.uenf.br\/Uenf\/Downloads\/PRODVEGETAL_3434_1240928093.pdf\"><br \/>\n<\/a><\/p>\n<hr \/>\n<p>&nbsp;<\/p>\n<p>Aluno: Jader Galba Busato<br \/>\nOrientador: Prof. Luciano Pasqualoto Canellas<br \/>\nData de In\u00edcio: 03\/2004<br \/>\nData de Defesa de Tese: 08\/04\/2008<br \/>\nT\u00edtulo da Tese: <a title=\"Teses 2008 - conclu\u00eddas\" href=\"http:\/\/uenf.br\/posgraduacao\/producao-vegetal\/wp-content\/uploads\/sites\/10\/2015\/05\/Jader.pdf\">Qu\u00edmica do h\u00famus e fertilidade do solo ap\u00f3s adi\u00e7\u00e3o de adubos org\u00e2nicos.<\/a><\/p>\n<p>&nbsp;<\/p>\n<hr \/>\n<p>&nbsp;<\/p>\n<p>Aluno: Vin\u00edcius Siqueira Gazal e Silva<br \/>\nOrientador: Prof. Omar Eduardo Bailez<br \/>\nData de In\u00edcio: 03\/2004<br \/>\nData de Defesa de Tese: 29\/04\/2008<br \/>\nT\u00edtulo da Tese: <a title=\"Teses 2008 - conclu\u00eddas\" href=\"http:\/\/uenf.br\/posgraduacao\/producao-vegetal\/wp-content\/uploads\/sites\/10\/2015\/05\/Vin%C3%ADcius-Gazal.pdf\">Comportamento de forrageamento de <em>Nasutitermes corniger<\/em> (Motschulsky) (Isoptera: Termitidae) e sua ocorr\u00eancia em \u00e1reas urbanas.<\/a><\/p>\n<p>&nbsp;<\/p>\n<hr \/>\n<p>Aluno: Marcelo Gabetto e Silva<br \/>\nOrientador: Prof. Elias Fernandes de Sousa<br \/>\nData de In\u00edcio: 03\/2003<br \/>\nData de Defesa de Tese: 09\/05\/2008<br \/>\nT\u00edtulo da Tese: <a title=\"Teses 2008 - conclu\u00eddas\" href=\"http:\/\/uenf.br\/posgraduacao\/producao-vegetal\/wp-content\/uploads\/sites\/10\/2015\/05\/Marcelo-Gabetto.pdf\">Desenvolvimento de sensor de fluxo de seiva e de coeficiente indicador de estresse h\u00eddrico para plantas de cafeeiro ar\u00e1bica<\/a>.<a href=\"http:\/\/www.uenf.br\/Uenf\/Downloads\/PRODVEGETAL_3434_1217878730.pdf\"><br \/>\n<\/a><\/p>\n<hr \/>\n<p>&nbsp;<\/p>\n<p>Aluno: Eleodoro Eduardo Del Valle<br \/>\nOrientador: Prof. Ricardo Moreira de Souza<br \/>\nData de In\u00edcio: 08\/2004<br \/>\nData de Defesa de Tese: 12\/05\/2008<br \/>\nT\u00edtulo da Tese: <a title=\"Teses 2008 - conclu\u00eddas\" href=\"http:\/\/uenf.br\/posgraduacao\/producao-vegetal\/wp-content\/uploads\/sites\/10\/2015\/05\/Eleodoro.pdf\">Utiliza\u00e7\u00e3o de cad\u00e1veres de <em>Galleria mellonella<\/em> (Lepidoptera: Pyralidae) infectados por <em>Heterorhabditis baujardi<\/em> LPP7 no controle do gorgulho-da-goiaba <em>Conotrachelus psidii<\/em> (Coleoptera: Curculionidae)<\/a><a href=\"http:\/\/www.uenf.br\/Uenf\/Downloads\/PRODVEGETAL_3434_1212152061.pdf\">.<\/a><\/p>\n<p>&nbsp;<\/p>\n<hr \/>\n<p>&nbsp;<\/p>\n<p>Aluno: Jatinder Singh Multani<br \/>\nOrientador: Prof. Gilberto Soares Albuquerque<br \/>\nData de In\u00edcio: 05\/2003<br \/>\nData de Defesa de Tese: 30\/05\/2008<br \/>\nT\u00edtulo da Tese: <a title=\"Teses 2008 - conclu\u00eddas\" href=\"http:\/\/uenf.br\/posgraduacao\/producao-vegetal\/wp-content\/uploads\/sites\/10\/2015\/05\/Jatinder.pdf\">Diversidade e abund\u00e2ncia de crisop\u00eddeos (Neuroptera, Chrysopidae) e intera\u00e7\u00f5es com presas, parasit\u00f3ides e fatores abi\u00f3ticos em pomares de goiaba em Campos dos Goytacazes, RJ.<\/a><\/p>\n<p>&nbsp;<\/p>\n<p>&nbsp;<\/p>\n<hr \/>\n<p>&nbsp;<\/p>\n<p>Aluno: Robson Prucoli Posse<br \/>\nOrientador: Prof. Salassier Bernardo<br \/>\nData de In\u00edcio: 03\/2005<br \/>\nData de Defesa de Tese: 05\/06\/2008<br \/>\nT\u00edtulo da Tese: <a title=\"Teses 2008 - conclu\u00eddas\" href=\"http:\/\/uenf.br\/posgraduacao\/producao-vegetal\/wp-content\/uploads\/sites\/10\/2015\/05\/Robson-Prucoli.pdf\">Determina\u00e7\u00e3o dos coeficientes da cultura (kc), de produtividade (ky), da \u00e1rea foliar e efeito da l\u00e2mina de irriga\u00e7\u00e3o, do turno de rega e da aduba\u00e7\u00e3o pot\u00e1ssica na produtividade do mamoeiro nas regi\u00f5es Norte e Noroeste Fluminense.<\/a><\/p>\n<p>&nbsp;<\/p>\n<hr \/>\n<p>&nbsp;<\/p>\n<p>Aluno: S\u00edlvia Aparecida Martim<br \/>\nOrientador: Prof. Ricardo Enrique Bressan-Smith<br \/>\nData de In\u00edcio: 03\/2004<br \/>\nData de Defesa de Tese: 20\/06\/2008<br \/>\nT\u00edtulo da Tese: Ajustamento osm\u00f3tico e energ\u00e9tica celular em videiras Cabernet Sauvignon submetidas a estresse h\u00eddrico.<\/p>\n<hr \/>\n<p>&nbsp;<\/p>\n<p>&nbsp;<\/p>\n<p>Aluno: F\u00e1bio Luiz Partelli<br \/>\nOrientador: Prof. Henrique Duarte Vieira<br \/>\nData de In\u00edcio: 08\/2004<br \/>\nData de Defesa de Tese: 04\/07\/2008<br \/>\nT\u00edtulo da Tese: <a title=\"Teses 2008 - conclu\u00eddas\" href=\"http:\/\/uenf.br\/posgraduacao\/producao-vegetal\/wp-content\/uploads\/sites\/10\/2015\/05\/F%C3%A1bio-Luiz.pdf\">Aspectos microbiol\u00f3gicos, nutricionais, fisiol\u00f3gicos e bioqu\u00edmicos em cafeeiro.<\/a><\/p>\n<p>&nbsp;<\/p>\n<hr \/>\n<p>&nbsp;<\/p>\n<p>Aluno: Gleicia Miranda Paulino<br \/>\nOrientador: Prof\u00aa Deborah Guerra Barroso<br \/>\nData de In\u00edcio: 03\/2004<br \/>\nData de Defesa de Tese: 29\/07\/2008<br \/>\nT\u00edtulo da Tese: <a title=\"Teses 2008 - conclu\u00eddas\" href=\"http:\/\/uenf.br\/posgraduacao\/producao-vegetal\/wp-content\/uploads\/sites\/10\/2015\/05\/Gleicia.pdf\">Potencial de leguminosas para aduba\u00e7\u00e3o verde em cons\u00f3rcio com mangueira e gravioleira sob manejo org\u00e2nico.<\/a><a href=\"http:\/\/www.uenf.br\/Uenf\/Downloads\/PRODVEGETAL_3434_1235155277.pdf\"><br \/>\n<\/a><\/p>\n<p>&nbsp;<\/p>\n<hr \/>\n<p>&nbsp;<\/p>\n<p>Aluno: Robson Mendes de Paulo<br \/>\nOrientador: Prof. Paulo Marcelo de Souza<br \/>\nData de In\u00edcio: 10\/2003<br \/>\nData de Defesa de Tese: 25\/09\/2008<br \/>\nT\u00edtulo da Tese: <a title=\"Teses 2008 - conclu\u00eddas\" href=\"http:\/\/uenf.br\/posgraduacao\/producao-vegetal\/wp-content\/uploads\/sites\/10\/2015\/05\/Robson-Mendes.pdf\">An\u00e1lise do processo de ado\u00e7\u00e3o tecnol\u00f3gica na fruticultura desenvolvida em Munic\u00edpios das regi\u00f5es Norte e Noroeste Fluminense.<\/a><\/p>\n<p>&nbsp;<\/p>\n<hr \/>\n<p>&nbsp;<\/p>\n<p>Aluno: Renata Venturim Fontes<br \/>\nOrientador: Prof. Alexandre Pio Viana<br \/>\nData de In\u00edcio: 08\/2005<br \/>\nData de Defesa de Tese: 10\/10\/2008<br \/>\nT\u00edtulo da Tese: <a title=\"Teses 2008 - conclu\u00eddas\" href=\"http:\/\/uenf.br\/posgraduacao\/producao-vegetal\/wp-content\/uploads\/sites\/10\/2015\/05\/Renata-Venturim.pdf\">Resposta do h\u00edbrido UENF\/CALIMAN 01 a diferentes espa\u00e7amentos e n\u00edveis de aduba\u00e7\u00e3o.<\/a><\/p>\n<p>&nbsp;<\/p>\n<hr \/>\n<p>&nbsp;<\/p>\n<p>Aluno: Leandro Marelli de Souza<br \/>\nOrientador: Prof\u00aa Karla Silva Ferreira<br \/>\nData de In\u00edcio: 08\/2004<br \/>\nData de Defesa de Tese: 28\/11\/2008<br \/>\nT\u00edtulo da Tese: <a title=\"Teses 2008 - conclu\u00eddas\" href=\"http:\/\/uenf.br\/posgraduacao\/producao-vegetal\/wp-content\/uploads\/sites\/10\/2015\/05\/Leandro-Souza.pdf\">Qualidade e identidade das cacha\u00e7as produzidas na regi\u00e3o Norte Fluminense &#8211; RJ.<\/a><\/p>\n<p>&nbsp;<\/p>\n<hr \/>\n<p>&nbsp;<\/p>\n<p>Aluno: Vilma Bragas de Oliveira (Volume 1)<br \/>\nOrientador: Prof. Ivo Jos\u00e9 Curcino Vieira<br \/>\nData de In\u00edcio: 03\/2004<br \/>\nData de Defesa de Tese: 09\/12\/2008<br \/>\nT\u00edtulo da Tese: <a title=\"Teses 2008 - conclu\u00eddas\" href=\"http:\/\/uenf.br\/posgraduacao\/producao-vegetal\/wp-content\/uploads\/sites\/10\/2015\/05\/Vilma-volume-1.pdf\">Alcal\u00f3ides ind\u00f3licos de <em>Aspidosperma spruceanum<\/em> (Apocynaceae).<\/a><\/p>\n<p>&nbsp;<\/p>\n<hr \/>\n<p>Aluno: Vilma Bragas de Oliveira (Volume 2)<br \/>\nOrientador: Prof. Ivo Jos\u00e9 Curcino Vieira<br \/>\nData de In\u00edcio: 03\/2004<br \/>\nData de Defesa de Tese: 09\/12\/2008<br \/>\nT\u00edtulo da Tese: <a title=\"Teses 2008 - conclu\u00eddas\" href=\"http:\/\/uenf.br\/posgraduacao\/producao-vegetal\/wp-content\/uploads\/sites\/10\/2015\/05\/Vilam-volume-2.pdf\">Alcal\u00f3ides ind\u00f3licos de Aspidosperma spruceanum (Apocynaceae).<\/a><\/p>\n<hr \/>\n<p>&nbsp;<\/p>\n<p>&nbsp;<\/p>\n<p>Aluno: Thais Vianna Silva<br \/>\nOrientador: Prof. Jurandi Gon\u00e7alves de Oliveira<br \/>\nData de In\u00edcio: 03\/2004<br \/>\nData de Defesa de Tese: 18\/12\/2008<br \/>\nT\u00edtulo da Tese: <a title=\"Teses 2008 - conclu\u00eddas\" href=\"http:\/\/uenf.br\/posgraduacao\/producao-vegetal\/wp-content\/uploads\/sites\/10\/2015\/05\/Thais-Vianna.pdf\">Fisiologia do desenvolvimento dos frutos do maracujazeiro amarelo e maracujazeiro doce. <\/a><a href=\"http:\/\/www.uenf.br\/Uenf\/Downloads\/PRODVEGETAL_3434_1246285440.pdf\"><br \/>\n<\/a><\/p>\n","protected":false},"excerpt":{"rendered":"<p>Aluno: Leandro Glaydson da Rocha Pinho Orientador: Prof. Pedro Henrique Monnerat Data de In\u00edcio: 03\/2004 Data de Defesa de Tese:&#8230;<\/p>\n","protected":false},"author":21,"featured_media":0,"parent":186,"menu_order":6,"comment_status":"closed","ping_status":"open","template":"","meta":{"footnotes":""},"class_list":["post-208","page","type-page","status-publish","hentry"],"_links":{"self":[{"href":"https:\/\/uenf.br\/posgraduacao\/producao-vegetal\/wp-json\/wp\/v2\/pages\/208","targetHints":{"allow":["GET"]}}],"collection":[{"href":"https:\/\/uenf.br\/posgraduacao\/producao-vegetal\/wp-json\/wp\/v2\/pages"}],"about":[{"href":"https:\/\/uenf.br\/posgraduacao\/producao-vegetal\/wp-json\/wp\/v2\/types\/page"}],"author":[{"embeddable":true,"href":"https:\/\/uenf.br\/posgraduacao\/producao-vegetal\/wp-json\/wp\/v2\/users\/21"}],"replies":[{"embeddable":true,"href":"https:\/\/uenf.br\/posgraduacao\/producao-vegetal\/wp-json\/wp\/v2\/comments?post=208"}],"version-history":[{"count":0,"href":"https:\/\/uenf.br\/posgraduacao\/producao-vegetal\/wp-json\/wp\/v2\/pages\/208\/revisions"}],"up":[{"embeddable":true,"href":"https:\/\/uenf.br\/posgraduacao\/producao-vegetal\/wp-json\/wp\/v2\/pages\/186"}],"wp:attachment":[{"href":"https:\/\/uenf.br\/posgraduacao\/producao-vegetal\/wp-json\/wp\/v2\/media?parent=208"}],"curies":[{"name":"wp","href":"https:\/\/api.w.org\/{rel}","templated":true}]}}