{"id":2106,"date":"2012-08-29T13:30:59","date_gmt":"2012-08-29T16:30:59","guid":{"rendered":"http:\/\/uenf.br\/pos-graduacao\/producao-vegetal\/?page_id=2"},"modified":"2025-03-12T11:14:27","modified_gmt":"2025-03-12T14:14:27","slug":"apresentacao","status":"publish","type":"page","link":"https:\/\/uenf.br\/posgraduacao\/producao-vegetal\/","title":{"rendered":"Apresenta\u00e7\u00e3o"},"content":{"rendered":"<h1 style=\"text-align: center\"><span style=\"color: #0000ff\"><strong>O site do Programa de P\u00f3s-Gradua\u00e7\u00e3o em Produ\u00e7\u00e3o Vegetal est\u00e1 de cara nova<\/strong>: <strong><em><a href=\"https:\/\/pgpv.uenf.br\/\">Clique aqui.<\/a><\/em><\/strong><\/span><\/h1>\n<div>\n<p>&nbsp;<\/p>\n<\/div>\n<p>&nbsp;<\/p>\n<p><a href=\"https:\/\/pgpv.uenf.br\/\"><img loading=\"lazy\" decoding=\"async\" class=\"wp-image-3515 aligncenter\" src=\"http:\/\/uenf.br\/posgraduacao\/producao-vegetal\/wp-content\/uploads\/sites\/10\/2020\/10\/IMG-20190618-WA0073-300x133.jpg\" alt=\"\" width=\"533\" height=\"230\" \/><\/a><\/p>\n<hr \/>\n<p>&nbsp;<\/p>\n<p>&nbsp;<\/p>\n<p>&nbsp;<\/p>\n<p>&nbsp;<\/p>\n<p>&nbsp;<\/p>\n<p>&nbsp;<\/p>\n<p style=\"text-align: center\">Informa\u00e7\u00f5es<\/p>\n<p align=\"center\">Coordena\u00e7\u00e3o de P\u00f3s-Gradua\u00e7\u00e3o em Produ\u00e7\u00e3o Vegetal &#8211; UENF\/CCTA<br \/>\nAv. Alberto Lamego, 2000 &#8211; Horto, Campos dos Goytacazes, RJ 28013-602<br \/>\nTel: (22)2748-6019<br \/>\ne-mail: posgpveg@uenf.br<\/p>\n<p style=\"text-align: center\">Prof\u00aa Dr\u00aa Daniela Barros de Oliveira<br \/>\nCoordenadora<\/p>\n","protected":false},"excerpt":{"rendered":"<p>O site do Programa de P\u00f3s-Gradua\u00e7\u00e3o em Produ\u00e7\u00e3o Vegetal est\u00e1 de cara nova: Clique aqui. &nbsp; &nbsp; &nbsp; &nbsp; &nbsp;&#8230;<\/p>\n","protected":false},"author":20,"featured_media":0,"parent":0,"menu_order":1,"comment_status":"open","ping_status":"closed","template":"","meta":{"footnotes":""},"class_list":["post-2106","page","type-page","status-publish","hentry"],"_links":{"self":[{"href":"https:\/\/uenf.br\/posgraduacao\/producao-vegetal\/wp-json\/wp\/v2\/pages\/2106","targetHints":{"allow":["GET"]}}],"collection":[{"href":"https:\/\/uenf.br\/posgraduacao\/producao-vegetal\/wp-json\/wp\/v2\/pages"}],"about":[{"href":"https:\/\/uenf.br\/posgraduacao\/producao-vegetal\/wp-json\/wp\/v2\/types\/page"}],"author":[{"embeddable":true,"href":"https:\/\/uenf.br\/posgraduacao\/producao-vegetal\/wp-json\/wp\/v2\/users\/20"}],"replies":[{"embeddable":true,"href":"https:\/\/uenf.br\/posgraduacao\/producao-vegetal\/wp-json\/wp\/v2\/comments?post=2106"}],"version-history":[{"count":0,"href":"https:\/\/uenf.br\/posgraduacao\/producao-vegetal\/wp-json\/wp\/v2\/pages\/2106\/revisions"}],"wp:attachment":[{"href":"https:\/\/uenf.br\/posgraduacao\/producao-vegetal\/wp-json\/wp\/v2\/media?parent=2106"}],"curies":[{"name":"wp","href":"https:\/\/api.w.org\/{rel}","templated":true}]}}