{"id":211,"date":"2014-01-28T13:07:51","date_gmt":"2014-01-28T13:07:51","guid":{"rendered":"http:\/\/uenf.br\/pos-graduacao\/producao-vegetal\/?page_id=211"},"modified":"2017-11-17T14:29:24","modified_gmt":"2017-11-17T16:29:24","slug":"doutorado-conclusao-2007","status":"publish","type":"page","link":"https:\/\/uenf.br\/posgraduacao\/producao-vegetal\/teses-e-dissertacoes-concluidas\/doutorado\/doutorado-conclusao-2007\/","title":{"rendered":"Doutorado &#8211; conclus\u00e3o em 2007"},"content":{"rendered":"<p>Aluno: Raquel Vieira de Carvalho<br \/>\nOrientador: Prof\u00aa Meire L\u00e9lis Leal Martins<br \/>\nData de In\u00edcio: 03\/2003<br \/>\nData de Defesa de Tese: 15\/02\/2007<br \/>\nT\u00edtulo da Tese: <a href=\"http:\/\/uenf.br\/posgraduacao\/producao-vegetal\/wp-content\/uploads\/sites\/10\/2017\/11\/Raquel-Carvalho.pdf\">Produ\u00e7\u00e3o e caracteriza\u00e7\u00e3o de \uf061-amilase por <em>Bacillus<\/em> sp. SMIA-2 termof\u00edlico utilizando prote\u00ednas do soro de leite, e algumas aplica\u00e7\u00f5es da enzima. <\/a><\/p>\n<hr \/>\n<p>&nbsp;<\/p>\n<p>&nbsp;<\/p>\n<p>Aluno: Albanise Barbosa Marinho<br \/>\nOrientador: Prof. Salassier Bernardo<br \/>\nData de In\u00edcio: 03\/2003<br \/>\nData de Defesa de Tese: 27\/02\/2007<br \/>\nT\u00edtulo da Tese: <a href=\"http:\/\/uenf.br\/posgraduacao\/producao-vegetal\/wp-content\/uploads\/sites\/10\/2017\/11\/Albanise.pdf\">Respostas dos mamoeiros cultivar Golden e do h\u00edbrido UENF\/CALIMAN01 sob diferentes l\u00e2minas de irriga\u00e7\u00e3o e doses de pot\u00e1ssio. <\/a><\/p>\n<hr \/>\n<p>&nbsp;<\/p>\n<p>&nbsp;<\/p>\n<p>Aluno: Vanderlan de Oliveira Paul\u00facio<br \/>\nOrientador: Prof. Marco Antonio Martins<br \/>\nData de In\u00edcio: 03\/2003<br \/>\nData de Defesa de Tese: 27\/02\/2007<br \/>\nT\u00edtulo da Tese: <a href=\"http:\/\/uenf.br\/posgraduacao\/producao-vegetal\/wp-content\/uploads\/sites\/10\/2017\/11\/Vanderlan.pdf\">Qualidade qu\u00edmica e biol\u00f3gica de \u00e1rea degradada pela extra\u00e7\u00e3o de argila, revegetada com eucalipto e leguminosas inoculados com micorrizas. <\/a><\/p>\n<hr \/>\n<p>&nbsp;<\/p>\n<p>&nbsp;<\/p>\n<p>Aluno: Sidy Mactar Ndaw<br \/>\nOrientador: Prof\u00aa Emanuela Forestieri da Gama-Rodrigues<br \/>\nData de In\u00edcio: 03\/2003<br \/>\nData de Defesa de Tese: 12\/03\/2007<br \/>\nT\u00edtulo da Tese: <a href=\"http:\/\/uenf.br\/posgraduacao\/producao-vegetal\/wp-content\/uploads\/sites\/10\/2017\/11\/Sidy.pdf\">Atividade e funcionalidade das comunidades nitrificadoras, desnitrificadoras e fixadoras de nitrog\u00eanio em solos sob diferentes coberturas vegetais na Regi\u00e3o Norte do Estado do Rio de Janeiro.<\/a><\/p>\n<hr \/>\n<p>&nbsp;<\/p>\n<p>&nbsp;<\/p>\n<p>Aluno: Gabriela Neves Martins<br \/>\nOrientador: Prof. Roberto Ferreira da Silva<br \/>\nData de In\u00edcio: 03\/2003<br \/>\nData de Defesa de Tese: 22\/03\/2007<br \/>\nT\u00edtulo da Tese: <a href=\"http:\/\/uenf.br\/posgraduacao\/producao-vegetal\/wp-content\/uploads\/sites\/10\/2017\/11\/Gabriela-martins.pdf\">Qualidade de sementes de mam\u00e3o: determina\u00e7\u00f5es metodol\u00f3gicas e de componentes gen\u00e9ticos. <\/a><\/p>\n<hr \/>\n<p>&nbsp;<\/p>\n<p>&nbsp;<\/p>\n<p>Aluno: Fabr\u00edcio de Oliveira Reis<br \/>\nOrientador: Prof. Eliemar Campostrini<br \/>\nData de In\u00edcio: 03\/2003<br \/>\nData de Defesa de Tese: 27\/03\/2007<br \/>\nT\u00edtulo da Tese: <a href=\"http:\/\/uenf.br\/posgraduacao\/producao-vegetal\/wp-content\/uploads\/sites\/10\/2017\/11\/Fabr%C3%ADcio-Reis.pdf\">Microaspers\u00e3o sobre copa em mamoeiro &#8220;Golden&#8221;: um estudo relacionado \u00e0s trocas gasosas, \u00e0 efici\u00eancia fotoqu\u00edmica e ao fluxo de seiva xilem\u00e1tica. <\/a><\/p>\n<hr \/>\n<p>&nbsp;<\/p>\n<p>&nbsp;<\/p>\n<p>Aluno: Jos\u00e9 Carlos Mendon\u00e7a<br \/>\nOrientador: Prof. Elias Fernandes de Sousa<br \/>\nData de In\u00edcio: 03\/2003<br \/>\nData de Defesa de Tese: 29\/03\/2007<br \/>\nT\u00edtulo da Tese: <a href=\"http:\/\/uenf.br\/posgraduacao\/producao-vegetal\/wp-content\/uploads\/sites\/10\/2017\/11\/Jos%C3%A9-Carlos-Mendon%C3%A7a.pdf\">Estima\u00e7\u00e3o da evapotranspira\u00e7\u00e3o regional utilizando imagens digitais orbitais na Regi\u00e3o Norte Fluminense, RJ. <\/a><\/p>\n<hr \/>\n<p>&nbsp;<\/p>\n<p>&nbsp;<\/p>\n<p>Aluno: Tatiana Lima do Amaral<br \/>\nOrientador: Prof\u00aa Janie Mendes Jasmim<br \/>\nData de In\u00edcio: 03\/2003<br \/>\nData de Defesa de Tese: 02\/04\/2007<br \/>\nT\u00edtulo da Tese: <a href=\"http:\/\/uenf.br\/posgraduacao\/producao-vegetal\/wp-content\/uploads\/sites\/10\/2017\/11\/Tatiana-Amaral.pdf\">Substratos com fibra de coco e fungos micorr\u00edzicos no cultivo de brom\u00e9lias. <\/a><\/p>\n<hr \/>\n<p>&nbsp;<\/p>\n<p>&nbsp;<\/p>\n<p>Aluno: Paulo Henrique Arag\u00e3o Catunda<br \/>\nOrientador: Prof\u00aa Cl\u00e1udia Sales Marinho<br \/>\nData de In\u00edcio: 03\/2003<br \/>\nData de Defesa de Tese: 28\/05\/2007<br \/>\nT\u00edtulo da Tese:\u00a0<a href=\"http:\/\/uenf.br\/posgraduacao\/producao-vegetal\/wp-content\/uploads\/sites\/10\/2017\/11\/Paulo-Henrique-Arag%C3%A3o.pdf\">Brassinoster\u00f3ide e substratos: efeitos na aclimatiza\u00e7\u00e3o, crescimento e nos teores de nutrientes do abacaxizeiro.<\/a><\/p>\n<hr \/>\n<p>&nbsp;<\/p>\n<p>&nbsp;<\/p>\n<p>Aluno: Luiz Augusto Lopes Serrano<br \/>\nOrientador: Prof\u00aa Cl\u00e1udia Sales Marinho<br \/>\nData de In\u00edcio: 03\/2003<br \/>\nData de Defesa de Tese: 04\/06\/2007<br \/>\nT\u00edtulo da Tese: <a href=\"http:\/\/uenf.br\/posgraduacao\/producao-vegetal\/wp-content\/uploads\/sites\/10\/2017\/11\/Luiz-Augusto-Serrano.pdf\">Fenologia e produ\u00e7\u00e3o da goiabeira &#8216;Paluma&#8217; submetida a diferentes \u00e9pocas e intensidades de poda de frutifica\u00e7\u00e3o.<\/a><\/p>\n<hr \/>\n<p>Aluno: Juares Ogliari<br \/>\nOrientador: Prof. Silv\u00e9rio de Paiva Freitas<br \/>\nData de In\u00edcio: 03\/2003<br \/>\nData de Defesa de Tese: 05\/06\/2007<br \/>\nT\u00edtulo da Tese: <a href=\"http:\/\/uenf.br\/posgraduacao\/producao-vegetal\/wp-content\/uploads\/sites\/10\/2017\/11\/Juares.pdf\">Envolvimento do sistema prim\u00e1rio de transloca\u00e7\u00e3o de pr\u00f3tons na desintoxica\u00e7\u00e3o do herbicida mesotrione em plantas de milho.<\/a><\/p>\n<hr \/>\n<p>Aluno: Marlon Peres da Silva<br \/>\nOrientador: Prof\u00aa Rosana Rodrigues<br \/>\nData de In\u00edcio: 03\/2003<br \/>\nData de Defesa de Tese: 15\/06\/2007<br \/>\nT\u00edtulo da Tese: <a href=\"http:\/\/uenf.br\/posgraduacao\/producao-vegetal\/wp-content\/uploads\/sites\/10\/2017\/11\/Marlon-Peres.pdf\">Aspectos cl\u00e1ssicos e moleculares no melhoramento de piment\u00e3o visando \u00e0 resist\u00eancia \u00e0 mancha bacteriana.<\/a><\/p>\n<hr \/>\n<p>&nbsp;<\/p>\n<p>Aluno: Sidney S\u00e1ra Zanetti<br \/>\nOrientador: Prof. Elias Fernandes de Sousa<br \/>\nData de In\u00edcio: 03\/2003<br \/>\nData de Defesa de Tese: 22\/06\/2007<br \/>\nT\u00edtulo da Tese: <a href=\"http:\/\/uenf.br\/posgraduacao\/producao-vegetal\/wp-content\/uploads\/sites\/10\/2017\/11\/Sidney-Sara.pdf\">Modelagem hidrol\u00f3gica em microbacia hidrogr\u00e1fica da bacia do Rio Para\u00edba do Sul. <\/a><\/p>\n<hr \/>\n<p>&nbsp;<\/p>\n<p>&nbsp;<\/p>\n<p>Aluno: Luiz Eduardo de Campos Crespo<br \/>\nOrientador: Prof. Eliemar Campostrini<br \/>\nData de In\u00edcio: 08\/2002<br \/>\nData de Defesa de Tese: 31\/07\/2007<br \/>\nT\u00edtulo da Tese:\u00a0<a href=\"http:\/\/uenf.br\/posgraduacao\/producao-vegetal\/wp-content\/uploads\/sites\/10\/2017\/11\/Luiz-Eduardo-Crespo.pdf\">Cultivo <em>in vitro<\/em> de cana-de-a\u00e7\u00facar (<em>Saccharum<\/em> spp.) em ambientes que favorecem condi\u00e7\u00f5es heterotr\u00f3ficas e mixotr\u00f3ficas: um estudo relacionado \u00e0 fotoss\u00edntese, \u00e0 efici\u00eancia fotoqu\u00edmica e \u00e0s rela\u00e7\u00f5es h\u00eddricas.<\/a><\/p>\n<hr \/>\n<p>Aluno: Guilherme Bastos Lyra<br \/>\nOrientador: Prof. Niraldo Jos\u00e9 Ponciano<br \/>\nData de In\u00edcio: 10\/2003<br \/>\nData de Defesa de Tese: 06\/09\/2007<br \/>\nT\u00edtulo da Tese: <a href=\"http:\/\/uenf.br\/posgraduacao\/producao-vegetal\/wp-content\/uploads\/sites\/10\/2017\/11\/Guilherme-Lyra.pdf\">Estimativa dos n\u00edveis \u00f3timos econ\u00f4micos de irriga\u00e7\u00e3o e de aduba\u00e7\u00e3o nitrogenada nos mamoeiros (<em>Carica papaya<\/em> L.) cultivar Golden e do h\u00edbrido UENF Caliman 01.<\/a><\/p>\n<p>&nbsp;<\/p>\n<hr \/>\n<p>&nbsp;<\/p>\n<p>Aluno: Teresa Aparecida Soares de Freitas<br \/>\nOrientador: Prof\u00aa Deborah Guerra Barroso<br \/>\nData de In\u00edcio: 10\/2003<br \/>\nData de Defesa de Tese: 26\/10\/2007<br \/>\nT\u00edtulo da Tese:\u00a0<a href=\"http:\/\/uenf.br\/posgraduacao\/producao-vegetal\/wp-content\/uploads\/sites\/10\/2017\/11\/Teresa-aparecida.pdf\">Produ\u00e7\u00e3o de mudas de eucalipto em recipiente aberto e fechado.\u00a0<\/a><\/p>\n<hr \/>\n<p>&nbsp;<\/p>\n<p>Aluno: Lanamar de Almeida Carlos (volume 1)<br \/>\nOrientador: Prof. Ivo Jos\u00e9 Curcino Vieira<br \/>\nData de In\u00edcio: 03\/2002<br \/>\nData de Defesa de Tese: 30\/10\/2007<br \/>\nT\u00edtulo da Tese: <a href=\"http:\/\/uenf.br\/posgraduacao\/producao-vegetal\/wp-content\/uploads\/sites\/10\/2017\/11\/Lanamar.pdf\">Alcal\u00f3ides de <em>Rauvolfia grandiflora<\/em> e de <em>Rauvolfia mattfeldiana<\/em> (Apocynaceae).<\/a><\/p>\n<hr \/>\n<p>&nbsp;<\/p>\n<p>Aluno: Denise Dolores Oliveira Moreira<br \/>\nOrientador: Prof\u00aa Ana Maria Matoso Viana-Bailez<br \/>\nData de In\u00edcio: 10\/2003<br \/>\nData de Defesa de Tese: 08\/11\/2007<br \/>\nT\u00edtulo da Tese: <a href=\"http:\/\/uenf.br\/posgraduacao\/producao-vegetal\/wp-content\/uploads\/sites\/10\/2017\/11\/Denise-Dolores.pdf\">Trofalaxia oral entre oper\u00e1rias de <em>Acromyrmex subterraneus subterraneus<\/em> (Hymenoptera: Formicidae).<\/a><\/p>\n<p>&nbsp;<\/p>\n<hr \/>\n<p>&nbsp;<\/p>\n<p>Aluno: Joseane Oliveira da Silva<br \/>\nOrientador: Prof. Antonio Carlos da Gama-Rodrigues<br \/>\nData de In\u00edcio: 10\/2003<br \/>\nData de Defesa de Tese: 23\/11\/2007<br \/>\nT\u00edtulo da Tese: <a href=\"http:\/\/uenf.br\/posgraduacao\/producao-vegetal\/wp-content\/uploads\/sites\/10\/2017\/11\/Joseane.pdf\">Efici\u00eancia de utiliza\u00e7\u00e3o de f\u00f3sforo no cacaueiro (<em>Theobroma cacao<\/em> L.).<\/a><\/p>\n<hr \/>\n<p>&nbsp;<\/p>\n<p>Aluno: Andr\u00e9 Assis Pires<br \/>\nOrientador: Prof. Pedro Henrique Monnerat<br \/>\nData de In\u00edcio: 10\/2003<br \/>\nData de Defesa de Tese: 30\/11\/2007<br \/>\nT\u00edtulo da Tese: <a href=\"http:\/\/uenf.br\/posgraduacao\/producao-vegetal\/wp-content\/uploads\/sites\/10\/2017\/11\/Andr%C3%A9-Assis.pdf\">Aduba\u00e7\u00e3o alternativa do maracujazeiro amarelo na Regi\u00e3o Norte Fluminense.<\/a><\/p>\n","protected":false},"excerpt":{"rendered":"<p>Aluno: Raquel Vieira de Carvalho Orientador: Prof\u00aa Meire L\u00e9lis Leal Martins Data de In\u00edcio: 03\/2003 Data de Defesa de Tese:&#8230;<\/p>\n","protected":false},"author":21,"featured_media":0,"parent":186,"menu_order":7,"comment_status":"closed","ping_status":"open","template":"","meta":{"footnotes":""},"class_list":["post-211","page","type-page","status-publish","hentry"],"_links":{"self":[{"href":"https:\/\/uenf.br\/posgraduacao\/producao-vegetal\/wp-json\/wp\/v2\/pages\/211","targetHints":{"allow":["GET"]}}],"collection":[{"href":"https:\/\/uenf.br\/posgraduacao\/producao-vegetal\/wp-json\/wp\/v2\/pages"}],"about":[{"href":"https:\/\/uenf.br\/posgraduacao\/producao-vegetal\/wp-json\/wp\/v2\/types\/page"}],"author":[{"embeddable":true,"href":"https:\/\/uenf.br\/posgraduacao\/producao-vegetal\/wp-json\/wp\/v2\/users\/21"}],"replies":[{"embeddable":true,"href":"https:\/\/uenf.br\/posgraduacao\/producao-vegetal\/wp-json\/wp\/v2\/comments?post=211"}],"version-history":[{"count":0,"href":"https:\/\/uenf.br\/posgraduacao\/producao-vegetal\/wp-json\/wp\/v2\/pages\/211\/revisions"}],"up":[{"embeddable":true,"href":"https:\/\/uenf.br\/posgraduacao\/producao-vegetal\/wp-json\/wp\/v2\/pages\/186"}],"wp:attachment":[{"href":"https:\/\/uenf.br\/posgraduacao\/producao-vegetal\/wp-json\/wp\/v2\/media?parent=211"}],"curies":[{"name":"wp","href":"https:\/\/api.w.org\/{rel}","templated":true}]}}