{"id":215,"date":"2014-01-28T13:11:28","date_gmt":"2014-01-28T13:11:28","guid":{"rendered":"http:\/\/uenf.br\/pos-graduacao\/producao-vegetal\/?page_id=215"},"modified":"2017-12-11T10:49:55","modified_gmt":"2017-12-11T12:49:55","slug":"doutorado-conclusao-em-2006","status":"publish","type":"page","link":"https:\/\/uenf.br\/posgraduacao\/producao-vegetal\/teses-e-dissertacoes-concluidas\/doutorado\/doutorado-conclusao-em-2006\/","title":{"rendered":"Doutorado &#8211; conclus\u00e3o em 2006"},"content":{"rendered":"<p>Aluno: Maria Jos\u00e9 Mota Ramos<br \/>\nOrientador: Prof. Pedro Henrique Monnerat<br \/>\nData de In\u00edcio: 03\/2002<br \/>\nData de Defesa de Tese: 20\/01\/2006<br \/>\nT\u00edtulo da Tese: <a href=\"http:\/\/uenf.br\/posgraduacao\/producao-vegetal\/wp-content\/uploads\/sites\/10\/2017\/12\/Maria-Jos%C3%A9.pdf\">Caracteriza\u00e7\u00e3o de sintomas de defici\u00eancia de macronutrientes e de boro em abacaxizeiro cultivar imperial.<\/a><\/p>\n<hr \/>\n<p>Aluno: Marlon Vagner Valentim Martins<br \/>\nOrientador: Prof. Silvaldo Felipe da Silveira<br \/>\nData de In\u00edcio: 03\/2001<br \/>\nData de Defesa de Tese: 25\/01\/2006<br \/>\nT\u00edtulo da Tese: <a href=\"http:\/\/uenf.br\/posgraduacao\/producao-vegetal\/wp-content\/uploads\/sites\/10\/2017\/12\/Marlon-Vagner.pdf\">Danos a Produ\u00e7\u00e3o e controle qu\u00edmico da ferrugem (<em>Puccinia psidii<\/em>) na cultura da goiabeira.<\/a><\/p>\n<hr \/>\n<p>Aluno: Marta Simone Mendon\u00e7a Freitas<br \/>\nOrientador: Prof. Pedro Henrique Monnerat<br \/>\nData de In\u00edcio: 03\/2003<br \/>\nData de Defesa de Tese: 26\/01\/2006<br \/>\nT\u00edtulo da Tese: <a href=\"http:\/\/uenf.br\/posgraduacao\/producao-vegetal\/wp-content\/uploads\/sites\/10\/2017\/12\/Marta-Simone.pdf\">Flavon\u00f3ides e nutrientes minerais em folhas de maracujazeiro amarelo e defici\u00eancias de macronutrientes e boro em maracujazeiro doce.<\/a><\/p>\n<hr \/>\n<p>Aluno: Alexandre Gomes Fontes<br \/>\nOrientador: Prof. Antonio Carlos da Gama-Rodrigues<br \/>\nData de In\u00edcio: 08\/2001<br \/>\nData de Defesa de Tese: 15\/02\/2006<br \/>\nT\u00edtulo da Tese: <a href=\"http:\/\/uenf.br\/posgraduacao\/producao-vegetal\/wp-content\/uploads\/sites\/10\/2017\/11\/Alexandre-Fontes.pdf\">Ciclagem de nutrientes em sistemas agroflorestais de cacau no sul da Bahia. <\/a><\/p>\n<hr \/>\n<p>Aluno: Carlos Magno Magalh\u00e3es da Silva<br \/>\nOrientador: Prof. Silv\u00e9rio de Paiva Freitas<br \/>\nData de In\u00edcio: 03\/2002<br \/>\nData de Defesa de Tese: 20\/02\/2006<br \/>\nT\u00edtulo da Tese: <a href=\"http:\/\/uenf.br\/posgraduacao\/producao-vegetal\/wp-content\/uploads\/sites\/10\/2017\/11\/Carlos-Magno.pdf\">Exsuda\u00e7\u00e3o radicular de imazapyr e sua intera\u00e7\u00e3o com um an\u00e1logo de brassinoster\u00f3ide em mudas de eucalipto. <\/a><\/p>\n<hr \/>\n<p>Aluno: Luiz Fernando Ganassali de Oliveira J\u00fanior<br \/>\nOrientador: Prof. Ricardo Enrique Bressan-Smith<br \/>\nData de In\u00edcio: 03\/2002<br \/>\nData de Defesa de Tese: 21\/02\/2006<br \/>\nT\u00edtulo da Tese: Desenvolvimento e caracteriza\u00e7\u00e3o de variedades e h\u00edbridos de milho doce (SU1) realacionados\u00a0ao metabolismo de carboidratos.<\/p>\n<hr \/>\n<p>Aluno: Fl\u00e1vio Dessaune Tardin<br \/>\nOrientador: Prof. Messias Gonzaga Pereira<br \/>\nData de In\u00edcio: 03\/2001<br \/>\nData de Defesa de Tese: 23\/02\/2006<br \/>\nT\u00edtulo da Tese:\u00a0<a href=\"http:\/\/uenf.br\/posgraduacao\/producao-vegetal\/wp-content\/uploads\/sites\/10\/2017\/12\/Fl%C3%A1vio-Tardin.pdf\">Sele\u00e7\u00e3o recorrente rec\u00edproca, em fam\u00edlias de irm\u00e3os completos, monitorada por marcadores moleculares. <\/a><\/p>\n<hr \/>\n<p>Aluno: Andr\u00e9a Vita Reis Mendon\u00e7a<br \/>\nOrientador: Prof. Jos\u00e9 Geraldo de Ara\u00fajo Carneiro<br \/>\nData de In\u00edcio: 08\/2002<br \/>\nData de Defesa de Tese: 14\/03\/2006<br \/>\nT\u00edtulo da Tese: <a href=\"http:\/\/uenf.br\/posgraduacao\/producao-vegetal\/wp-content\/uploads\/sites\/10\/2017\/11\/Andr%C3%A9a-Vita.pdf\">Reabilita\u00e7\u00e3o de cavas de extra\u00e7\u00e3o de argila e toler\u00e2ncia de esp\u00e9cies florestais \u00e0 salinidade.<\/a><\/p>\n<hr \/>\n<p>Aluno: Elaine Manelli Riva<br \/>\nOrientador: Prof\u00aa Rosana Rodrigues<br \/>\nData de In\u00edcio: 08\/2002<br \/>\nData de Defesa de Tese: 31\/03\/2006<br \/>\nT\u00edtulo da Tese: <a href=\"http:\/\/uenf.br\/posgraduacao\/producao-vegetal\/wp-content\/uploads\/sites\/10\/2017\/11\/Elaine-manelli.pdf\">Uso dos m\u00e9todos geneal\u00f3gico e <em>single seed descent<\/em>\u00a0(SSD) para obten\u00e7\u00e3o de linhas de piment\u00e3o resistentes \u00e0 mancha bacteriana. <\/a><\/p>\n<hr \/>\n<p>Aluno: Francisco Filho da Silva<br \/>\nOrientador: Prof. Messias Gonzaga Pereira<br \/>\nData de In\u00edcio: 03\/2002<br \/>\nData de Defesa de Tese: 04\/04\/2006<br \/>\nT\u00edtulo da Tese: <a href=\"http:\/\/uenf.br\/posgraduacao\/producao-vegetal\/wp-content\/uploads\/sites\/10\/2017\/12\/Francisco-Filho.pdf\">Abordagem cl\u00e1ssica e molecular do melhoramento gen\u00e9tico do mamoeiro (<em>Carica papaya<\/em> L.).<\/a><\/p>\n<hr \/>\n<p>Aluno: Luciano Rodrigues Queiroz<br \/>\nOrientador: Prof. F\u00e1bio Cunha Coelho<br \/>\nData de In\u00edcio: 03\/2002<br \/>\nData de Defesa de Tese: 17\/04\/2006<br \/>\nT\u00edtulo da Tese:\u00a0<a href=\"http:\/\/uenf.br\/posgraduacao\/producao-vegetal\/wp-content\/uploads\/sites\/10\/2017\/12\/Luciano-Queiroz.pdf\">Leguminosas\u00a0como fonte de nitrog\u00eanio para a cultura do milho, em Campos dos Goytacazes \u2013 RJ.<\/a><\/p>\n<hr \/>\n<p>Aluno: Juliana Martins Ribeiro<br \/>\nOrientador: Prof. Silvio Lopes Teixeira<br \/>\nData de In\u00edcio: 03\/2004<br \/>\nData de Defesa de Tese: 19\/05\/2006<br \/>\nT\u00edtulo da Tese: <a href=\"http:\/\/uenf.br\/posgraduacao\/producao-vegetal\/wp-content\/uploads\/sites\/10\/2017\/12\/Juliana-Martins.pdf\">Compara\u00e7\u00e3o entre as t\u00e9cnicas de esteriliza\u00e7\u00e3o de meios de cultura de tecidos vegetais com hipoclorito de s\u00f3dio e por autoclavagem.<\/a><\/p>\n<hr \/>\n<p>Aluno: Gustavo Azevedo Campos<br \/>\nOrientador: Prof\u00aa Rosana Rodrigues<br \/>\nData de In\u00edcio: 03\/2002<br \/>\nData de Defesa de Tese: 27\/06\/2006<br \/>\nT\u00edtulo da Tese: <a href=\"http:\/\/uenf.br\/posgraduacao\/producao-vegetal\/wp-content\/uploads\/sites\/10\/2017\/12\/Gustavo-Azevedo.pdf\">Influ\u00eancia do descarte de descritores no manejo de banco de germoplasma de tomateiro (<em>Lycopersicon esculentum<\/em> Mill).<\/a><\/p>\n<hr \/>\n<p>Aluno: Jos\u00e9 Barbosa Duarte J\u00fanior<br \/>\nOrientador: Prof. F\u00e1bio Cunha Coelho<br \/>\nData de In\u00edcio: 08\/2002<br \/>\nData de Defesa de Tese: 28\/06\/2006<br \/>\nT\u00edtulo da Tese: <a href=\"http:\/\/uenf.br\/posgraduacao\/producao-vegetal\/wp-content\/uploads\/sites\/10\/2017\/12\/Jos%C3%A9-Barbosa.pdf\">Avalia\u00e7\u00e3o agron\u00f4mica da cana-de-a\u00e7\u00facar, milho e feij\u00e3o em sistema de plantio direto em compara\u00e7\u00e3o ao convencional em Campos dos Goytacazes &#8211; RJ.<\/a><\/p>\n<hr \/>\n<p>Aluno: Josil de Barros Carneiro J\u00fanior<br \/>\nOrientador: Prof. Silvaldo Felipe da Silveira<br \/>\nData de In\u00edcio: 08\/2001<br \/>\nData de Defesa de Tese: 13\/07\/2006<br \/>\nT\u00edtulo da Tese: <a href=\"http:\/\/uenf.br\/posgraduacao\/producao-vegetal\/wp-content\/uploads\/sites\/10\/2017\/12\/Josil.pdf\">Efeito do tratamento t\u00e9rmico e da inocula\u00e7\u00e3o de bact\u00e9rias endof\u00edticas no controle do raquitismo da soqueira da cana-de-a\u00e7\u00facar.<\/a><a href=\"http:\/\/www.uenf.br\/Uenf\/Downloads\/PRODVEGETAL_3434_1189459654.pdf\">\u00a0<\/a><\/p>\n<hr \/>\n<p>Aluno: Edson Alves de Lima<br \/>\nOrientador: Prof. F\u00e1bio Cunha Coelho<br \/>\nData de In\u00edcio: 08\/2002<br \/>\nData de Defesa de Tese: 20\/07\/2006<br \/>\nT\u00edtulo da Tese: <a href=\"http:\/\/uenf.br\/posgraduacao\/producao-vegetal\/wp-content\/uploads\/sites\/10\/2017\/11\/Edson.pdf\">Avalia\u00e7\u00e3o fitot\u00e9cnica e econ\u00f4mica de cultivares de soja em \u00e1reas de reforma de cana-de-a\u00e7\u00facar, na Regi\u00e3o Norte Fluminense.<\/a><\/p>\n<hr \/>\n<p>Aluno: Carolina Rocha da Silva<br \/>\nOrientador: Prof\u00aa Ana Maria Matoso Viana-Bailez<br \/>\nData de In\u00edcio: 08\/2001<br \/>\nData de Defesa de Tese: 20\/07\/2006<br \/>\nT\u00edtulo da Tese: <a href=\"http:\/\/uenf.br\/posgraduacao\/producao-vegetal\/wp-content\/uploads\/sites\/10\/2017\/11\/Carolina-Rocha.pdf\">Comportamento e comunica\u00e7\u00e3o qu\u00edmica da broca-da-mangueira (<em>Hypocryphalus mangiferae<\/em> Stebb 1914) (Coleoptera: Curculionidae-scolytinae).<\/a><a href=\"http:\/\/www.uenf.br\/Uenf\/Downloads\/PRODVEGETAL_3434_1189536736.pdf\">\u00a0<\/a><\/p>\n<hr \/>\n<p>Aluno: Patr\u00edcia Sobral Silva<br \/>\nOrientador: Prof. Gilberto Soares Albuquerque<br \/>\nData de In\u00edcio: 03\/2002<br \/>\nData de Defesa de Tese: 17\/08\/2006<br \/>\nT\u00edtulo da Tese: <a href=\"http:\/\/uenf.br\/posgraduacao\/producao-vegetal\/wp-content\/uploads\/sites\/10\/2017\/12\/Patr%C3%ADcia-Sobral.pdf\">Estudo comparativo da biologia e morfologia das esp\u00e9cies de <em>Chrysopodes<\/em> (Neuroptera, Chrysopidae) da Regi\u00e3o Norte Fluminense.<\/a><\/p>\n<hr \/>\n<p>Aluno: Marihus Alto\u00e9 Baldotto<br \/>\nOrientador: Prof. Ary Carlos Xavier Velloso<br \/>\nData de In\u00edcio: 03\/2003<br \/>\nData de Defesa de Tese: 28\/08\/2006<br \/>\nT\u00edtulo da Tese: <a href=\"http:\/\/uenf.br\/posgraduacao\/producao-vegetal\/wp-content\/uploads\/sites\/10\/2017\/12\/Marihus.pdf\">Propriedades Redox e grupos funcionais de \u00e1cidos h\u00famicos.\u00a0<\/a><\/p>\n<hr \/>\n<p><a href=\"http:\/\/www.uenf.br\/Uenf\/Downloads\/PRODVEGETAL_3434_1161290815.pdf\"><br \/>\n<\/a><\/p>\n<p>&nbsp;<\/p>\n<p>Aluno: Karina Pereira de Campos<br \/>\nOrientador: Prof\u00aa Telma Nair Santana Pereira<br \/>\nData de In\u00edcio: 03\/2002<br \/>\nData de Defesa de Tese: 26\/09\/2006<br \/>\nT\u00edtulo da Tese: <a href=\"http:\/\/uenf.br\/posgraduacao\/producao-vegetal\/wp-content\/uploads\/sites\/10\/2017\/12\/Karina-Pereira.pdf\">Obten\u00e7\u00e3o, caracteriza\u00e7\u00e3o molecular, morfol\u00f3gica e reprodutiva de h\u00edbridos\u00a0entre esp\u00e9cies\u00a0de <em>Capsicum<\/em>. <\/a><\/p>\n<hr \/>\n<p>Aluno: Val\u00e9ria Aparecida Vieira Queiroz<br \/>\nOrientador: Prof. Pedro Amorim Berbert<br \/>\nData de In\u00edcio: 03\/2004<br \/>\nData de Defesa de Tese: 10\/10\/2006<br \/>\nT\u00edtulo da Tese: <a href=\"http:\/\/uenf.br\/posgraduacao\/producao-vegetal\/wp-content\/uploads\/sites\/10\/2017\/12\/Val%C3%A9ria-Aparecida.pdf\">Qualidade de goiaba (<em>Psidium guajava<\/em> L.) submetida aos processos de desidrata\u00e7\u00e3o por imers\u00e3o-impregna\u00e7\u00e3o e secagem por convec\u00e7\u00e3o. <\/a><\/p>\n","protected":false},"excerpt":{"rendered":"<p>Aluno: Maria Jos\u00e9 Mota Ramos Orientador: Prof. Pedro Henrique Monnerat Data de In\u00edcio: 03\/2002 Data de Defesa de Tese: 20\/01\/2006&#8230;<\/p>\n","protected":false},"author":21,"featured_media":0,"parent":186,"menu_order":8,"comment_status":"closed","ping_status":"open","template":"","meta":{"footnotes":""},"class_list":["post-215","page","type-page","status-publish","hentry"],"_links":{"self":[{"href":"https:\/\/uenf.br\/posgraduacao\/producao-vegetal\/wp-json\/wp\/v2\/pages\/215","targetHints":{"allow":["GET"]}}],"collection":[{"href":"https:\/\/uenf.br\/posgraduacao\/producao-vegetal\/wp-json\/wp\/v2\/pages"}],"about":[{"href":"https:\/\/uenf.br\/posgraduacao\/producao-vegetal\/wp-json\/wp\/v2\/types\/page"}],"author":[{"embeddable":true,"href":"https:\/\/uenf.br\/posgraduacao\/producao-vegetal\/wp-json\/wp\/v2\/users\/21"}],"replies":[{"embeddable":true,"href":"https:\/\/uenf.br\/posgraduacao\/producao-vegetal\/wp-json\/wp\/v2\/comments?post=215"}],"version-history":[{"count":0,"href":"https:\/\/uenf.br\/posgraduacao\/producao-vegetal\/wp-json\/wp\/v2\/pages\/215\/revisions"}],"up":[{"embeddable":true,"href":"https:\/\/uenf.br\/posgraduacao\/producao-vegetal\/wp-json\/wp\/v2\/pages\/186"}],"wp:attachment":[{"href":"https:\/\/uenf.br\/posgraduacao\/producao-vegetal\/wp-json\/wp\/v2\/media?parent=215"}],"curies":[{"name":"wp","href":"https:\/\/api.w.org\/{rel}","templated":true}]}}