{"id":218,"date":"2014-01-28T13:16:51","date_gmt":"2014-01-28T13:16:51","guid":{"rendered":"http:\/\/uenf.br\/pos-graduacao\/producao-vegetal\/?page_id=218"},"modified":"2018-01-09T15:43:59","modified_gmt":"2018-01-09T17:43:59","slug":"doutorado-conclusao-em-2005","status":"publish","type":"page","link":"https:\/\/uenf.br\/posgraduacao\/producao-vegetal\/teses-e-dissertacoes-concluidas\/doutorado\/doutorado-conclusao-em-2005\/","title":{"rendered":"Doutorado &#8211; conclus\u00e3o em 2005"},"content":{"rendered":"<p>Aluno: Patr\u00edcia Soares Furno Fontes<br \/>\nOrientador: Prof. Almy J\u00fanior Cordeiro de Carvalho<br \/>\nData de In\u00edcio: 08\/2001<br \/>\nData de Defesa de Tese: 25\/01\/2005<br \/>\nT\u00edtulo da Tese: <a href=\"http:\/\/uenf.br\/posgraduacao\/producao-vegetal\/wp-content\/uploads\/sites\/10\/2018\/01\/Patr%C3%ADcia-Soares.pdf\">Efici\u00eancia da fertirriga\u00e7\u00e3o com nitrog\u00eanio\u00a0 e avalia\u00e7\u00e3o do estado nutricional do Maracujazeiro Amarelo utilizando o DRIS.<\/a><\/p>\n<hr \/>\n<p>Aluno: Ruim\u00e1rio In\u00e1cio Coelho<br \/>\nOrientador: Prof. Almy J\u00fanior Cordeiro de Carvalho<br \/>\nData de In\u00edcio: 03\/2001<br \/>\nData de Defesa de Tese: 07\/03\/2005<br \/>\nT\u00edtulo da Tese: Clonagem do abacaxizeiro a partir de coroas e sec\u00e7\u00f5es de caule tratadas com reguladores de crescimento e fertilizantes qu\u00edmicos.<\/p>\n<hr \/>\n<p>Aluno: Fabr\u00edcio Santana Santos<br \/>\nOrientador: Prof. Antonio Teixeira do Amaral J\u00fanior<br \/>\nData de In\u00edcio: 03\/2001<br \/>\nData de Defesa de Tese: 09\/03\/2005<br \/>\nT\u00edtulo da Tese: Sele\u00e7\u00e3o recorrente entre fam\u00edlias de meios-irm\u00e3os da popula\u00e7\u00e3o UNB-2U de milho pipoca (Zea mays L.).<\/p>\n<hr \/>\n<p>Aluno: Sheila Cristina Prucoli Posse<br \/>\nOrientador: Prof. Roberto Ferreira da Silva<br \/>\nData de In\u00edcio: 03\/2001<br \/>\nData de Defesa de Tese: 11\/03\/2005<br \/>\nT\u00edtulo da Tese: <a href=\"http:\/\/uenf.br\/posgraduacao\/producao-vegetal\/wp-content\/uploads\/sites\/10\/2018\/01\/Sheila-Cristina.pdf\">Produ\u00e7\u00e3o de mudas de mamoeiro: tratamento da semente, recipiente, substrato e condicionamento mec\u00e2nico.<\/a><\/p>\n<p>&nbsp;<\/p>\n<hr \/>\n<p>Aluno: Anderson Ramos de Oliveira<br \/>\nOrientador: Prof. Silv\u00e9rio de Paiva Freitas<br \/>\nData de In\u00edcio: 03\/2001<br \/>\nData de Defesa de Tese: 16\/03\/2005<br \/>\nT\u00edtulo da Tese: Levantamento fitossociol\u00f3gico e controle de capim-camalote (Rottboellia exaltata L.) na cultura da cana-de-a\u00e7\u00facar.<\/p>\n<hr \/>\n<p>Aluno: Ernany Santos Costa<br \/>\nOrientador: Prof. Ricardo Enrique Bressan-Smith<br \/>\nData de In\u00edcio: 03\/2001<br \/>\nData de Defesa de Tese: 18\/03\/2005<br \/>\nT\u00edtulo da Tese: Desempenho da fotoss\u00edntese e das bombas de Pr\u00f3tons em plantas de feij\u00e3o [Phaseolus vulgaris L. e Vigna unguiculata (L.) Walp.] submetidos \u00e0 alta temperatura.<\/p>\n<hr \/>\n<p>Aluno: Mina Karasawa<br \/>\nOrientador: Prof\u00aa Rosana Rodrigues<br \/>\nData de In\u00edcio: 03\/2001<br \/>\nData de Defesa de Tese: 18\/03\/2005<br \/>\nT\u00edtulo da Tese: Diverg\u00eancia gen\u00e9tica com base em caracteriza\u00e7\u00e3o morfoagron\u00f4mica e avalia\u00e7\u00e3o para resist\u00eancia \u00e0 mancha bacteriana em tomateiro.<\/p>\n<hr \/>\n<p>Aluno: Jolimar Antonio Schiavo<br \/>\nOrientador: Prof. Marco Antonio Martins<br \/>\nData de In\u00edcio: 03\/2001<br \/>\nData de Defesa de Tese: 21\/03\/2005<br \/>\nT\u00edtulo da Tese: <a href=\"http:\/\/uenf.br\/posgraduacao\/producao-vegetal\/wp-content\/uploads\/sites\/10\/2018\/01\/Jolimar.pdf\">Revegeta\u00e7\u00e3o de \u00e1reas degradadas pela extra\u00e7\u00e3o de argila, com esp\u00e9cies micorrizadas de <em>Acacia mangium<\/em>, <em>Sesbania virgata<\/em> e <em>Eucalyptus camaldulensis<\/em>.<\/a><\/p>\n<hr \/>\n<p>Aluno: Wellingta Cristina Almeida do Nascimento<br \/>\nOrientador: Prof\u00aa Meire L\u00e9lis Leal Martins<br \/>\nData de In\u00edcio: 03\/2001<br \/>\nData de Defesa de Tese: 23\/03\/2005<br \/>\nT\u00edtulo da Tese: <a href=\"http:\/\/uenf.br\/posgraduacao\/producao-vegetal\/wp-content\/uploads\/sites\/10\/2018\/01\/Wellingta-Cristina.pdf\">Estudos sobre a secre\u00e7\u00e3o de proteases por <em>Bacillus<\/em> sp. SMIA-2 e sua compatibilidade com detergentes comerciais.<\/a><\/p>\n<hr \/>\n<p>Aluno: D\u00e9borah Lucienne Ara\u00fajo Coracini<br \/>\nOrientador: Prof. Richard Ian Samuels<br \/>\nData de In\u00edcio: 03\/2000<br \/>\nData de Defesa de Tese: 29\/03\/2005<br \/>\nT\u00edtulo da Tese: Controle biol\u00f3gico de Tetranychus urticae Koch (Acari: Tetranychidae) e Polyphagotarsonemus latus Banks (Acari: Tarsonemidae) com os fungos entomopatog\u00eanicos Beauveria bassiana (Bals.) Vuill. e Metarhizium anisopliae (Metsch.) Sorok., na cultura do mam\u00e3o (Carica papaya L.).<\/p>\n<hr \/>\n<p>Aluno: Alessandro Coutinho Ramos<br \/>\nOrientador: Prof. Arnoldo Rocha Fa\u00e7anha<br \/>\nData de In\u00edcio: 08\/2001<br \/>\nData de Defesa de Tese: 23\/06\/2005<br \/>\nT\u00edtulo da Tese: Papel da din\u00e2mica do fluxo de pr\u00f3tons na sinaliza\u00e7\u00e3o das diferentes fases da intera\u00e7\u00e3o micorr\u00edzica arbuscular.<\/p>\n<hr \/>\n<p>Aluno: Paula Melo Martins<br \/>\nOrientador: Prof. Pedro Amorim Berbert<br \/>\nData de In\u00edcio: 03\/2001<br \/>\nData de Defesa de Tese: 27\/06\/2005<br \/>\nT\u00edtulo da Tese: Influ\u00eancia de par\u00e2metros de secagem e armazenamento sobre constituintes qu\u00edmicos de guaco (Mirania glomerata Spreng.) e da cal\u00eandula (Calendula officinalis L.).<\/p>\n<hr \/>\n<p>Aluno: Raul Castro Carriello Rosa<br \/>\nOrientador: Prof. Pedro Henrique Monnerat<br \/>\nData de In\u00edcio: 03\/2001<br \/>\nData de Defesa de Tese: 08\/08\/2005<br \/>\nT\u00edtulo da Tese: Boro e torta de filtro na aduba\u00e7\u00e3o do maracujazeiro amarelo.<\/p>\n<hr \/>\n<p>&nbsp;<\/p>\n<p>Aluno: Erneida Coelho de Ara\u00fajo<br \/>\nOrientador: Prof. Roberto Ferreira da Silva<br \/>\nData de In\u00edcio: 08\/2002<br \/>\nData de Defesa de Tese: 28\/10\/2005<br \/>\nT\u00edtulo da Tese: Estudos fisiol\u00f3gicos e micromorfol\u00f3gicos em sementes de maracuj\u00e1 amarelo em fun\u00e7\u00e3o do est\u00e1dio de matura\u00e7\u00e3o e do armazenamento dos frutos.<\/p>\n<hr \/>\n<p>Aluno: Ion\u00e1 Santos Ara\u00fajo<br \/>\nOrientador: Prof. Gon\u00e7alo Apolin\u00e1rio de Souza Filho<br \/>\nData de In\u00edcio: 03\/2002<br \/>\nData de Defesa de Tese: 11\/11\/2005<br \/>\nT\u00edtulo da Tese: Desenvolvimento e caracteriza\u00e7\u00e3o de marcadores microssat\u00e9lites e sua aplica\u00e7\u00e3o em estudo de diversidade gen\u00e9tica do cacaueiro (Theobroma cacao L.).<\/p>\n<hr \/>\n<p>Aluno: Alena Torres Netto<br \/>\nOrientador: Prof. Eliemar Campostrini<br \/>\nData de In\u00edcio: 08\/2001<br \/>\nData de Defesa de Tese: 08\/12\/2005<br \/>\nT\u00edtulo da Tese:\u00a0<a href=\"http:\/\/uenf.br\/posgraduacao\/producao-vegetal\/wp-content\/uploads\/sites\/10\/2018\/01\/Alena-Torres.pdf\">Atributos fisiol\u00f3gicos e rela\u00e7\u00f5es h\u00eddricas em gen\u00f3tipos de mamoeiro (<em>Carica papaya<\/em> L.) na fase juvenil.<\/a><a href=\"http:\/\/www.uenf.br\/Uenf\/Downloads\/PRODVEGETAL_3434_1151696957.pdf\"><br \/>\n<\/a><\/p>\n<hr \/>\n<p>Aluno: Rafael Gomes Dionello<br \/>\nOrientador: Prof. Pedro Amorim Berbert<br \/>\nData de In\u00edcio: 03\/2001<br \/>\nData de Defesa de Tese: 16\/12\/2005<br \/>\nT\u00edtulo da Tese: Desidrata\u00e7\u00e3o-impregna\u00e7\u00e3o por imers\u00e3o e secagem complementar por convec\u00e7\u00e3o de abacaxi (Ananas comosus (L.) Merrill).<\/p>\n<hr \/>\n<p>Aluno: Milton S\u00e9rgio Dornelles<br \/>\nOrientador: Prof. F\u00e1bio Cunha Coelho<br \/>\nData de In\u00edcio: 08\/2000<br \/>\nData de Defesa de Tese: 20\/12\/2005<br \/>\nT\u00edtulo da Tese: <a href=\"http:\/\/uenf.br\/posgraduacao\/producao-vegetal\/wp-content\/uploads\/sites\/10\/2018\/01\/Milton-Dornelles.pdf\">Avalia\u00e7\u00e3o do Estado nutricional e do controle da mancha angular em feijoeiro pulverizado com biofertilizantes l\u00edquidos.<\/a><\/p>\n","protected":false},"excerpt":{"rendered":"<p>Aluno: Patr\u00edcia Soares Furno Fontes Orientador: Prof. Almy J\u00fanior Cordeiro de Carvalho Data de In\u00edcio: 08\/2001 Data de Defesa de&#8230;<\/p>\n","protected":false},"author":21,"featured_media":0,"parent":186,"menu_order":9,"comment_status":"closed","ping_status":"open","template":"","meta":{"footnotes":""},"class_list":["post-218","page","type-page","status-publish","hentry"],"_links":{"self":[{"href":"https:\/\/uenf.br\/posgraduacao\/producao-vegetal\/wp-json\/wp\/v2\/pages\/218","targetHints":{"allow":["GET"]}}],"collection":[{"href":"https:\/\/uenf.br\/posgraduacao\/producao-vegetal\/wp-json\/wp\/v2\/pages"}],"about":[{"href":"https:\/\/uenf.br\/posgraduacao\/producao-vegetal\/wp-json\/wp\/v2\/types\/page"}],"author":[{"embeddable":true,"href":"https:\/\/uenf.br\/posgraduacao\/producao-vegetal\/wp-json\/wp\/v2\/users\/21"}],"replies":[{"embeddable":true,"href":"https:\/\/uenf.br\/posgraduacao\/producao-vegetal\/wp-json\/wp\/v2\/comments?post=218"}],"version-history":[{"count":0,"href":"https:\/\/uenf.br\/posgraduacao\/producao-vegetal\/wp-json\/wp\/v2\/pages\/218\/revisions"}],"up":[{"embeddable":true,"href":"https:\/\/uenf.br\/posgraduacao\/producao-vegetal\/wp-json\/wp\/v2\/pages\/186"}],"wp:attachment":[{"href":"https:\/\/uenf.br\/posgraduacao\/producao-vegetal\/wp-json\/wp\/v2\/media?parent=218"}],"curies":[{"name":"wp","href":"https:\/\/api.w.org\/{rel}","templated":true}]}}