{"id":221,"date":"2014-01-28T13:19:22","date_gmt":"2014-01-28T13:19:22","guid":{"rendered":"http:\/\/uenf.br\/pos-graduacao\/producao-vegetal\/?page_id=221"},"modified":"2018-01-11T15:13:05","modified_gmt":"2018-01-11T17:13:05","slug":"doutorado-conclusao-em-2004","status":"publish","type":"page","link":"https:\/\/uenf.br\/posgraduacao\/producao-vegetal\/teses-e-dissertacoes-concluidas\/doutorado\/doutorado-conclusao-em-2004\/","title":{"rendered":"Doutorado &#8211; conclus\u00e3o em 2004"},"content":{"rendered":"<div id=\"materiaPrincipal\">\n<p>Aluno: Edna Maria Mendes Aroucha<br \/>\nOrientador: Prof. Roberto Ferreira da Silva<br \/>\nData de In\u00edcio: 03\/2000<br \/>\nData de Defesa de Tese: 23\/01\/2004<br \/>\nT\u00edtulo da Tese: Influ\u00eancia do est\u00e1dio de matura\u00e7\u00e3o, armazenamento do fruto e osmocondicionamento na qualidade fisiol\u00f3gica das sementes de mam\u00e3o (Carica papaya L.).<\/p>\n<p>&nbsp;<\/p>\n<hr \/>\n<p>&nbsp;<\/p>\n<p>Aluno: Milton Erthal J\u00fanior<br \/>\nOrientador: Prof. Richard Ian Samuels<br \/>\nData de In\u00edcio: 08\/1999<br \/>\nData de Defesa de Tese: 27\/01\/2004<br \/>\nT\u00edtulo da Tese: <a href=\"http:\/\/uenf.br\/posgraduacao\/producao-vegetal\/wp-content\/uploads\/sites\/10\/2018\/01\/Milton-Erthal.pdf\">Enzimas digestivas presentes no intestino de formiga cortadeira <em>Acromyrmex subterraneus<\/em> Forel, 1893 (Hymenoptera: Formicidae) e no seu\u00a0fungo mutual\u00edstico.<\/a><a href=\"http:\/\/www.uenf.br\/Uenf\/Downloads\/PRODVEGETAL_3434_1151697198.pdf\"><br \/>\n<\/a><\/p>\n<p>&nbsp;<\/p>\n<hr \/>\n<p>&nbsp;<\/p>\n<p>Aluno: Romero Francisco Vieira Carneiro<br \/>\nOrientador: Prof. Marco Antonio Martins<br \/>\nData de In\u00edcio: 03\/2000<br \/>\nData de Defesa de Tese: 18\/02\/2004<br \/>\nT\u00edtulo da Tese: Potencial para a inocula\u00e7\u00e3o com fungos micorr\u00edzicos arbusculares em plantas forrageiras.<\/p>\n<p>&nbsp;<\/p>\n<hr \/>\n<p>&nbsp;<\/p>\n<p>Aluno: Maria Elvira de Rezende<br \/>\nOrientador: Prof\u00aa Janie Mendes Jasmim<br \/>\nData de In\u00edcio: 03\/1999<br \/>\nData de Defesa de Tese: 26\/02\/2004<br \/>\nT\u00edtulo da Tese: Crescimento, florescimento e \u00f3leos essenciais de Alpinia zerumbet, em fun\u00e7\u00e3o da aduba\u00e7\u00e3o org\u00e2nica e qu\u00edmica e do manejo de irriga\u00e7\u00e3o.<\/p>\n<p>&nbsp;<\/p>\n<hr \/>\n<p>Aluno: Juliana Carvalho Rodrigues<br \/>\nOrientador: Prof. Silv\u00e9rio de Paiva Freitas<br \/>\nData de In\u00edcio: 03\/2000<br \/>\nData de Defesa de Tese: 12\/03\/2004<br \/>\nT\u00edtulo da Tese: Efeito do manejo de plantas daninhas no cultivo de duas variedades de soja em sistema de plantio direto sobre palhada de milheto manejado com rolo-faca e herbicida dessecante, em Campos dos Goytacazes, RJ.<\/p>\n<hr \/>\n<p>Aluno: Marcos Luiz Rebou\u00e7as Bastiani<br \/>\nOrientador: Prof. F\u00e1bio Cunha Coelho<br \/>\nData de In\u00edcio: 08\/2000<br \/>\nData de Defesa de Tese: 26\/03\/2004<br \/>\nT\u00edtulo da Tese: A cultura do minimilho: manejo de plantas daninhas, doses de nitrog\u00eanio e f\u00f3sforo e popula\u00e7\u00f5es de plantas, no Norte Fluminense.<\/p>\n<hr \/>\n<p>Aluno: Luiz Carlos Santos Caetano<br \/>\nOrientador: Prof. Almy J\u00fanior Cordeiro de Carvalho<br \/>\nData de In\u00edcio: 08\/2001<br \/>\nData de Defesa de Tese: 17\/08\/2004<br \/>\nT\u00edtulo da Tese: <a href=\"http:\/\/uenf.br\/posgraduacao\/producao-vegetal\/wp-content\/uploads\/sites\/10\/2018\/01\/Luiz-Carlos-Caetano.pdf\">Sistemas de condu\u00e7\u00e3o, nutri\u00e7\u00e3o mineral e aduba\u00e7\u00e3o da figueira \u201croxo de Valinhos\u201d na regi\u00e3o Norte Fluminense.<\/a><a href=\"http:\/\/www.uenf.br\/Uenf\/Downloads\/PRODVEGETAL_3434_1151696770.pdf\"><br \/>\n<\/a><\/p>\n<\/div>\n","protected":false},"excerpt":{"rendered":"<p>Aluno: Edna Maria Mendes Aroucha Orientador: Prof. Roberto Ferreira da Silva Data de In\u00edcio: 03\/2000 Data de Defesa de Tese:&#8230;<\/p>\n","protected":false},"author":21,"featured_media":0,"parent":186,"menu_order":10,"comment_status":"closed","ping_status":"open","template":"","meta":{"footnotes":""},"class_list":["post-221","page","type-page","status-publish","hentry"],"_links":{"self":[{"href":"https:\/\/uenf.br\/posgraduacao\/producao-vegetal\/wp-json\/wp\/v2\/pages\/221","targetHints":{"allow":["GET"]}}],"collection":[{"href":"https:\/\/uenf.br\/posgraduacao\/producao-vegetal\/wp-json\/wp\/v2\/pages"}],"about":[{"href":"https:\/\/uenf.br\/posgraduacao\/producao-vegetal\/wp-json\/wp\/v2\/types\/page"}],"author":[{"embeddable":true,"href":"https:\/\/uenf.br\/posgraduacao\/producao-vegetal\/wp-json\/wp\/v2\/users\/21"}],"replies":[{"embeddable":true,"href":"https:\/\/uenf.br\/posgraduacao\/producao-vegetal\/wp-json\/wp\/v2\/comments?post=221"}],"version-history":[{"count":0,"href":"https:\/\/uenf.br\/posgraduacao\/producao-vegetal\/wp-json\/wp\/v2\/pages\/221\/revisions"}],"up":[{"embeddable":true,"href":"https:\/\/uenf.br\/posgraduacao\/producao-vegetal\/wp-json\/wp\/v2\/pages\/186"}],"wp:attachment":[{"href":"https:\/\/uenf.br\/posgraduacao\/producao-vegetal\/wp-json\/wp\/v2\/media?parent=221"}],"curies":[{"name":"wp","href":"https:\/\/api.w.org\/{rel}","templated":true}]}}