{"id":224,"date":"2014-01-28T13:27:29","date_gmt":"2014-01-28T13:27:29","guid":{"rendered":"http:\/\/uenf.br\/pos-graduacao\/producao-vegetal\/?page_id=224"},"modified":"2017-04-05T12:45:57","modified_gmt":"2017-04-05T15:45:57","slug":"doutorado-conclusao-em-2003","status":"publish","type":"page","link":"https:\/\/uenf.br\/posgraduacao\/producao-vegetal\/teses-e-dissertacoes-concluidas\/doutorado\/doutorado-conclusao-em-2003\/","title":{"rendered":"Doutorado &#8211; conclus\u00e3o em 2003"},"content":{"rendered":"<p>Aluno: M\u00e1skio Daros<br \/>\nOrientador: Prof. Ant\u00f4nio Teixeira do Amaral J\u00fanior<br \/>\nData de In\u00edcio: 03\/2000<br \/>\nData de Defesa de Tese: 27\/02\/2003<br \/>\nT\u00edtulo da Tese: Melhoramento de milho pipoca: sele\u00e7\u00e3o recorrente em fam\u00edlias de irm\u00e3os completos e prog\u00eanies S1.<\/p>\n<hr \/>\n<p>Aluno: Ad\u00e3o Valmir dos Santos<br \/>\nOrientador: Prof. Richard Ian Samuels<br \/>\nData de In\u00edcio: 08\/1998<br \/>\nData de Defesa de Tese: 27\/03\/2003<br \/>\nT\u00edtulo da Tese: Microrganismos associados a formiga sa\u00fava Atta sexdens rubropilosa Forel, 1908 (Hymenoptera: Formicidae) e seus efeitos sobre fungos entomopatog\u00eanicos: Uma nova \u00eanfase para estrat\u00e9gias de controle biol\u00f3gico.<\/p>\n<hr \/>\n<p>Aluno: Lu\u00eds Cl\u00e1udio Maranh\u00e3o Froufe<br \/>\nOrientador: Prof. Antonio Carlos da Gama-Rodrigues<br \/>\nData de In\u00edcio: 03\/1999<br \/>\nData de Defesa de Tese: 22\/04\/2003<br \/>\nT\u00edtulo da Tese: Decomposi\u00e7\u00e3o de folhas em plantios de eucalipto e pupunha e em um fragmento da Mata Atl\u00e2ntica, no Norte Fluminense.<\/p>\n<hr \/>\n<p>Aluno: Juan Manuel Anda Rocabado<br \/>\nOrientador: Prof. Silvaldo Felipe da Silveira<br \/>\nData de In\u00edcio: 08\/1998<br \/>\nData de Defesa de Tese: 24\/04\/2003<br \/>\nT\u00edtulo da Tese: Epidemiologia e patog\u00eanese da ferrugem-da-goiabeira, causada por Puccinia psidii, Winter.<\/p>\n<hr \/>\n<p>Aluno: Eduardo Augusto Barbosa Alves<br \/>\nOrientador: Prof. Pedro Henrique Monnerat<br \/>\nData de In\u00edcio: 03\/1999<br \/>\nData de Defesa de Tese: 30\/05\/2003<br \/>\nT\u00edtulo da Tese: Estabelecimento de faixas de teores adequados de nutrientes minerais em fruteiras no Norte Fluminense.<\/p>\n<hr \/>\n<p>Aluno: Maur\u00edcio Carvalho Ribeiro Gomes<br \/>\nOrientador: Prof. Salassier Bernardo<br \/>\nData de In\u00edcio: 03\/1999<br \/>\nData de Defesa de Tese: 11\/06\/2003<br \/>\nT\u00edtulo da Tese: Irriga\u00e7\u00e3o do cafeeiro (Coffea arabica L.) na regi\u00e3o Noroeste Fluminense: Produtividade, grau de matura\u00e7\u00e3o e trocas gasosas.<\/p>\n<hr \/>\n<p>Aluno: Adauto Zago Pralon<br \/>\nOrientador: Prof. Marco Antonio Martins<br \/>\nData de In\u00edcio: 03\/1999<br \/>\nData de Defesa de Tese: 15\/08\/2003<br \/>\nT\u00edtulo da Tese: Potencial da utiliza\u00e7\u00e3o de Res\u00edduos agro-industriais na produ\u00e7\u00e3o de inoculante de fungos micorr\u00edzicos arbusculares.<\/p>\n<hr \/>\n<p>Aluno: Gustavo Adolfo Schmidt Suarez<br \/>\nOrientador: Prof. Doracy Pessoa Ramos<br \/>\nData de In\u00edcio: 03\/1998<br \/>\nData de Defesa de Tese: 20\/08\/2003<br \/>\nT\u00edtulo da Tese: Minimiza\u00e7\u00e3o das restri\u00e7\u00f5es f\u00edsicas da camada adensada dos solos de tabuleiros e seus efeitos no desenvolvimento do sistema radicular de cana-de-a\u00e7\u00facar.<\/p>\n<hr \/>\n<p>Aluno: Rog\u00e9rio Figueiredo Daher<br \/>\nOrientador: Prof. Messias Gonzaga Pereira<br \/>\nData de In\u00edcio: 03\/2000<br \/>\nData de Defesa de Tese: 21\/08\/2003<br \/>\nT\u00edtulo da Tese: Cruzamentos dial\u00e9licos entre capim-elefante (Pennisetum purpureum Schum.) e milheto (Pennisetum glaucum L.) e suas rela\u00e7\u00f5es com a diverg\u00eancia gen\u00e9tica.<\/p>\n<hr \/>\n<p>Aluno: Sem\u00edramis Rabelo Ramalho Ramos<br \/>\nOrientador: Prof\u00aa Telma Nair Santana Pereira<br \/>\nData de In\u00edcio: 03\/1999<br \/>\nData de Defesa de Tese: 07\/10\/2003<br \/>\nT\u00edtulo da Tese: Diverg\u00eancia gen\u00e9tica baseada em marcadores moleculares AFLP e indica\u00e7\u00e3o de cole\u00e7\u00e3o nuclear de Cucurbita moschata para o Nordeste do Brasil.<\/p>\n<hr \/>\n<p>Aluno: Rozimar de Campos Pereira<br \/>\nOrientador: Prof. Jos\u00e9 Oscar Gomes de Lima<br \/>\nData de In\u00edcio: 03\/1999<br \/>\nData de Defesa de Tese: 28\/11\/2003<br \/>\nT\u00edtulo da Tese: Desenvolvimento de nova tecnologia de captura massal da broca-do-caf\u00e9, Hypothenemus hampei (Ferrari) (Coleoptera: Scolytidae).<\/p>\n<hr \/>\n<p>Aluno: Carlos Alberto Tu\u00e3o Gava<br \/>\nOrientador: Prof. Richard Ian Samuels<br \/>\nData de In\u00edcio: 08\/1999<br \/>\nData de Defesa de Tese: 11\/12\/2003<br \/>\nT\u00edtulo da Tese: Isolamento e caracteriza\u00e7\u00e3o de compostos bioativos produzidos por isolados de fungos Entomopatog\u00eanicos.<\/p>\n","protected":false},"excerpt":{"rendered":"<p>Aluno: M\u00e1skio Daros Orientador: Prof. Ant\u00f4nio Teixeira do Amaral J\u00fanior Data de In\u00edcio: 03\/2000 Data de Defesa de Tese: 27\/02\/2003&#8230;<\/p>\n","protected":false},"author":21,"featured_media":0,"parent":186,"menu_order":11,"comment_status":"closed","ping_status":"open","template":"","meta":{"footnotes":""},"class_list":["post-224","page","type-page","status-publish","hentry"],"_links":{"self":[{"href":"https:\/\/uenf.br\/posgraduacao\/producao-vegetal\/wp-json\/wp\/v2\/pages\/224","targetHints":{"allow":["GET"]}}],"collection":[{"href":"https:\/\/uenf.br\/posgraduacao\/producao-vegetal\/wp-json\/wp\/v2\/pages"}],"about":[{"href":"https:\/\/uenf.br\/posgraduacao\/producao-vegetal\/wp-json\/wp\/v2\/types\/page"}],"author":[{"embeddable":true,"href":"https:\/\/uenf.br\/posgraduacao\/producao-vegetal\/wp-json\/wp\/v2\/users\/21"}],"replies":[{"embeddable":true,"href":"https:\/\/uenf.br\/posgraduacao\/producao-vegetal\/wp-json\/wp\/v2\/comments?post=224"}],"version-history":[{"count":0,"href":"https:\/\/uenf.br\/posgraduacao\/producao-vegetal\/wp-json\/wp\/v2\/pages\/224\/revisions"}],"up":[{"embeddable":true,"href":"https:\/\/uenf.br\/posgraduacao\/producao-vegetal\/wp-json\/wp\/v2\/pages\/186"}],"wp:attachment":[{"href":"https:\/\/uenf.br\/posgraduacao\/producao-vegetal\/wp-json\/wp\/v2\/media?parent=224"}],"curies":[{"name":"wp","href":"https:\/\/api.w.org\/{rel}","templated":true}]}}